{"id":193,"date":"2015-05-12T06:12:19","date_gmt":"2015-05-12T04:12:19","guid":{"rendered":"https:\/\/artech-consulting.de\/?page_id=193"},"modified":"2025-10-21T12:51:58","modified_gmt":"2025-10-21T10:51:58","slug":"soziale-projekte","status":"publish","type":"page","link":"https:\/\/artech-consulting.de\/en\/unternehmen\/soziale-projekte\/","title":{"rendered":"Social Projects"},"content":{"rendered":"<p><\/p>\n<p style=\"text-align: justify;\">As a multicultural company with employees from more than ten nations, ARTECH Consulting GmbH is constantly reminded of the personal struggles its employees endured in their countries of origin. Whether natural disasters like tsunamis and earthquakes or civil wars &#8211; the list of catastrophes is long. Therefore, it is a matter of course for ARTECH Consulting GmbH to get involved socially and help people in need &#8211; regardless of their origin, religion or culture.<\/p>\n<p style=\"text-align: justify;\">It does not matter where and in what form the support is needed. By donating locally in the crisis regions or supporting displaced persons seeking refugee in Germany, those of us with diverse migration and life stories want to show our graditede for the peaceful lives we enjoy in Germany by offering something back in the form of various social projects while sending a positive social message!<\/p>\n<p style=\"text-align: justify;\">Find out about our projects!<\/p>\n<p><\/p>","protected":false},"excerpt":{"rendered":"<p>It is a matter of course for ARTECH Consulting GmbH to get involved socially and to help people in need.<\/p>\n","protected":false},"author":1,"featured_media":4069,"parent":4008,"menu_order":0,"comment_status":"closed","ping_status":"closed","template":"","meta":{"footnotes":""},"yoast_head":"<!-- This site is optimized with the Yoast SEO plugin v23.5 - https:\/\/yoast.com\/wordpress\/plugins\/seo\/ -->\n<title>Social Projects -<\/title>\n<meta name=\"description\" content=\"ngo+children education+social help\" \/>\n<meta name=\"robots\" content=\"index, follow, max-snippet:-1, max-image-preview:large, max-video-preview:-1\" \/>\n<link rel=\"canonical\" href=\"https:\/\/artech-consulting.de\/unternehmen\/soziale-projekte\/\" \/>\n<meta property=\"og:locale\" content=\"en_US\" \/>\n<meta property=\"og:type\" content=\"article\" \/>\n<meta property=\"og:title\" content=\"GCA - German Charity Association\" \/>\n<meta property=\"og:description\" content=\"GCA ist eine gemeinn\u00fctzige Organisation, die sich das Ziel gesetzt hat, Menschen in Krisenregionen durch Entwicklungsprojekte nachhaltig zu helfen. Besonderes Anliegen ist unterhalb der Armutsgrenze lebenden Kindern eine Zukunftsperspektive zu bieten.\" \/>\n<meta property=\"og:url\" content=\"https:\/\/artech-consulting.de\/unternehmen\/soziale-projekte\/\" \/>\n<meta property=\"article:publisher\" content=\"https:\/\/www.facebook.com\/ARTECH-Consulting-GmbH-367676580239744\/\" \/>\n<meta property=\"article:modified_time\" content=\"2025-10-21T10:51:58+00:00\" \/>\n<meta property=\"og:image\" content=\"https:\/\/artech-consulting.de\/wp-content\/uploads\/2018\/11\/Fotolia_144923319_M.jpg\" \/>\n\t<meta property=\"og:image:width\" content=\"1687\" \/>\n\t<meta property=\"og:image:height\" content=\"1126\" \/>\n\t<meta property=\"og:image:type\" content=\"image\/jpeg\" \/>\n<meta name=\"twitter:card\" content=\"summary_large_image\" \/>\n<meta name=\"twitter:label1\" content=\"Est. reading time\" \/>\n\t<meta name=\"twitter:data1\" content=\"2 minutes\" \/>\n<script type=\"application\/ld+json\" class=\"yoast-schema-graph\">{\"@context\":\"https:\/\/schema.org\",\"@graph\":[{\"@type\":\"WebPage\",\"@id\":\"https:\/\/artech-consulting.de\/unternehmen\/soziale-projekte\/\",\"url\":\"https:\/\/artech-consulting.de\/unternehmen\/soziale-projekte\/\",\"name\":\"Social Projects -\",\"isPartOf\":{\"@id\":\"https:\/\/artech-consulting.de\/#website\"},\"primaryImageOfPage\":{\"@id\":\"https:\/\/artech-consulting.de\/unternehmen\/soziale-projekte\/#primaryimage\"},\"image\":{\"@id\":\"https:\/\/artech-consulting.de\/unternehmen\/soziale-projekte\/#primaryimage\"},\"thumbnailUrl\":\"https:\/\/artech-consulting.de\/wp-content\/uploads\/2018\/11\/Fotolia_144923319_M.jpg\",\"datePublished\":\"2015-05-12T04:12:19+00:00\",\"dateModified\":\"2025-10-21T10:51:58+00:00\",\"description\":\"{:de}F\u00fcr ARTECH Consulting ist es eine Selbstverst\u00e4ndlichkeit, sich sozial zu engagieren. Informieren Sie sich \u00fcber unsere Projekte!{:en}ngo+children education+social help{:}\",\"breadcrumb\":{\"@id\":\"https:\/\/artech-consulting.de\/unternehmen\/soziale-projekte\/#breadcrumb\"},\"inLanguage\":\"en-US\",\"potentialAction\":[{\"@type\":\"ReadAction\",\"target\":[\"https:\/\/artech-consulting.de\/unternehmen\/soziale-projekte\/\"]}]},{\"@type\":\"ImageObject\",\"inLanguage\":\"en-US\",\"@id\":\"https:\/\/artech-consulting.de\/unternehmen\/soziale-projekte\/#primaryimage\",\"url\":\"https:\/\/artech-consulting.de\/wp-content\/uploads\/2018\/11\/Fotolia_144923319_M.jpg\",\"contentUrl\":\"https:\/\/artech-consulting.de\/wp-content\/uploads\/2018\/11\/Fotolia_144923319_M.jpg\",\"width\":1687,\"height\":1126},{\"@type\":\"BreadcrumbList\",\"@id\":\"https:\/\/artech-consulting.de\/unternehmen\/soziale-projekte\/#breadcrumb\",\"itemListElement\":[{\"@type\":\"ListItem\",\"position\":1,\"name\":\"Home\",\"item\":\"https:\/\/artech-consulting.de\/\"},{\"@type\":\"ListItem\",\"position\":2,\"name\":\"Unternehmen\",\"item\":\"https:\/\/artech-consulting.de\/unternehmen\/\"},{\"@type\":\"ListItem\",\"position\":3,\"name\":\"Soziale Projekte\"}]},{\"@type\":\"WebSite\",\"@id\":\"https:\/\/artech-consulting.de\/#website\",\"url\":\"https:\/\/artech-consulting.de\/\",\"name\":\"\",\"description\":\"\",\"publisher\":{\"@id\":\"https:\/\/artech-consulting.de\/#organization\"},\"potentialAction\":[{\"@type\":\"SearchAction\",\"target\":{\"@type\":\"EntryPoint\",\"urlTemplate\":\"https:\/\/artech-consulting.de\/?s={search_term_string}\"},\"query-input\":{\"@type\":\"PropertyValueSpecification\",\"valueRequired\":true,\"valueName\":\"search_term_string\"}}],\"inLanguage\":\"en-US\"},{\"@type\":\"Organization\",\"@id\":\"https:\/\/artech-consulting.de\/#organization\",\"name\":\"Artecch Consulting\",\"url\":\"https:\/\/artech-consulting.de\/\",\"logo\":{\"@type\":\"ImageObject\",\"inLanguage\":\"en-US\",\"@id\":\"https:\/\/artech-consulting.de\/#\/schema\/logo\/image\/\",\"url\":\"https:\/\/artech-consulting.de\/wp-content\/uploads\/2015\/06\/cropped-ARTech_Logo_rgb_600frei.png\",\"contentUrl\":\"https:\/\/artech-consulting.de\/wp-content\/uploads\/2015\/06\/cropped-ARTech_Logo_rgb_600frei.png\",\"width\":6805,\"height\":1554,\"caption\":\"Artecch Consulting\"},\"image\":{\"@id\":\"https:\/\/artech-consulting.de\/#\/schema\/logo\/image\/\"},\"sameAs\":[\"https:\/\/www.facebook.com\/ARTECH-Consulting-GmbH-367676580239744\/\",\"https:\/\/www.linkedin.com\/company\/artech-consulting-gmbh?report_success=8jyhy2niUpAFvknlZbso8OXCShshmpUnzp3NjIJ2m7yhSVK6-d3cj9EZShsc4o_DdpkqGOtZmrfmVAwicnuvayqF\"]}]}<\/script>\n<!-- \/ Yoast SEO plugin. -->","yoast_head_json":{"title":"Social Projects -","description":"ngo+children education+social help","robots":{"index":"index","follow":"follow","max-snippet":"max-snippet:-1","max-image-preview":"max-image-preview:large","max-video-preview":"max-video-preview:-1"},"canonical":"https:\/\/artech-consulting.de\/unternehmen\/soziale-projekte\/","og_locale":"en_US","og_type":"article","og_title":"GCA - German Charity Association","og_description":"GCA ist eine gemeinn\u00fctzige Organisation, die sich das Ziel gesetzt hat, Menschen in Krisenregionen durch Entwicklungsprojekte nachhaltig zu helfen. Besonderes Anliegen ist unterhalb der Armutsgrenze lebenden Kindern eine Zukunftsperspektive zu bieten.","og_url":"https:\/\/artech-consulting.de\/unternehmen\/soziale-projekte\/","article_publisher":"https:\/\/www.facebook.com\/ARTECH-Consulting-GmbH-367676580239744\/","article_modified_time":"2025-10-21T10:51:58+00:00","og_image":[{"width":1687,"height":1126,"url":"https:\/\/artech-consulting.de\/wp-content\/uploads\/2018\/11\/Fotolia_144923319_M.jpg","type":"image\/jpeg"}],"twitter_card":"summary_large_image","twitter_misc":{"Est. reading time":"2 minutes"},"schema":{"@context":"https:\/\/schema.org","@graph":[{"@type":"WebPage","@id":"https:\/\/artech-consulting.de\/unternehmen\/soziale-projekte\/","url":"https:\/\/artech-consulting.de\/unternehmen\/soziale-projekte\/","name":"Social Projects -","isPartOf":{"@id":"https:\/\/artech-consulting.de\/#website"},"primaryImageOfPage":{"@id":"https:\/\/artech-consulting.de\/unternehmen\/soziale-projekte\/#primaryimage"},"image":{"@id":"https:\/\/artech-consulting.de\/unternehmen\/soziale-projekte\/#primaryimage"},"thumbnailUrl":"https:\/\/artech-consulting.de\/wp-content\/uploads\/2018\/11\/Fotolia_144923319_M.jpg","datePublished":"2015-05-12T04:12:19+00:00","dateModified":"2025-10-21T10:51:58+00:00","description":"{:de}F\u00fcr ARTECH Consulting ist es eine Selbstverst\u00e4ndlichkeit, sich sozial zu engagieren. Informieren Sie sich \u00fcber unsere Projekte!{:en}ngo+children education+social help{:}","breadcrumb":{"@id":"https:\/\/artech-consulting.de\/unternehmen\/soziale-projekte\/#breadcrumb"},"inLanguage":"en-US","potentialAction":[{"@type":"ReadAction","target":["https:\/\/artech-consulting.de\/unternehmen\/soziale-projekte\/"]}]},{"@type":"ImageObject","inLanguage":"en-US","@id":"https:\/\/artech-consulting.de\/unternehmen\/soziale-projekte\/#primaryimage","url":"https:\/\/artech-consulting.de\/wp-content\/uploads\/2018\/11\/Fotolia_144923319_M.jpg","contentUrl":"https:\/\/artech-consulting.de\/wp-content\/uploads\/2018\/11\/Fotolia_144923319_M.jpg","width":1687,"height":1126},{"@type":"BreadcrumbList","@id":"https:\/\/artech-consulting.de\/unternehmen\/soziale-projekte\/#breadcrumb","itemListElement":[{"@type":"ListItem","position":1,"name":"Home","item":"https:\/\/artech-consulting.de\/"},{"@type":"ListItem","position":2,"name":"Unternehmen","item":"https:\/\/artech-consulting.de\/unternehmen\/"},{"@type":"ListItem","position":3,"name":"Soziale Projekte"}]},{"@type":"WebSite","@id":"https:\/\/artech-consulting.de\/#website","url":"https:\/\/artech-consulting.de\/","name":"","description":"","publisher":{"@id":"https:\/\/artech-consulting.de\/#organization"},"potentialAction":[{"@type":"SearchAction","target":{"@type":"EntryPoint","urlTemplate":"https:\/\/artech-consulting.de\/?s={search_term_string}"},"query-input":{"@type":"PropertyValueSpecification","valueRequired":true,"valueName":"search_term_string"}}],"inLanguage":"en-US"},{"@type":"Organization","@id":"https:\/\/artech-consulting.de\/#organization","name":"Artecch Consulting","url":"https:\/\/artech-consulting.de\/","logo":{"@type":"ImageObject","inLanguage":"en-US","@id":"https:\/\/artech-consulting.de\/#\/schema\/logo\/image\/","url":"https:\/\/artech-consulting.de\/wp-content\/uploads\/2015\/06\/cropped-ARTech_Logo_rgb_600frei.png","contentUrl":"https:\/\/artech-consulting.de\/wp-content\/uploads\/2015\/06\/cropped-ARTech_Logo_rgb_600frei.png","width":6805,"height":1554,"caption":"Artecch Consulting"},"image":{"@id":"https:\/\/artech-consulting.de\/#\/schema\/logo\/image\/"},"sameAs":["https:\/\/www.facebook.com\/ARTECH-Consulting-GmbH-367676580239744\/","https:\/\/www.linkedin.com\/company\/artech-consulting-gmbh?report_success=8jyhy2niUpAFvknlZbso8OXCShshmpUnzp3NjIJ2m7yhSVK6-d3cj9EZShsc4o_DdpkqGOtZmrfmVAwicnuvayqF"]}]}},"_links":{"self":[{"href":"https:\/\/artech-consulting.de\/en\/wp-json\/wp\/v2\/pages\/193"}],"collection":[{"href":"https:\/\/artech-consulting.de\/en\/wp-json\/wp\/v2\/pages"}],"about":[{"href":"https:\/\/artech-consulting.de\/en\/wp-json\/wp\/v2\/types\/page"}],"author":[{"embeddable":true,"href":"https:\/\/artech-consulting.de\/en\/wp-json\/wp\/v2\/users\/1"}],"replies":[{"embeddable":true,"href":"https:\/\/artech-consulting.de\/en\/wp-json\/wp\/v2\/comments?post=193"}],"version-history":[{"count":31,"href":"https:\/\/artech-consulting.de\/en\/wp-json\/wp\/v2\/pages\/193\/revisions"}],"predecessor-version":[{"id":6676,"href":"https:\/\/artech-consulting.de\/en\/wp-json\/wp\/v2\/pages\/193\/revisions\/6676"}],"up":[{"embeddable":true,"href":"https:\/\/artech-consulting.de\/en\/wp-json\/wp\/v2\/pages\/4008"}],"wp:featuredmedia":[{"embeddable":true,"href":"https:\/\/artech-consulting.de\/en\/wp-json\/wp\/v2\/media\/4069"}],"wp:attachment":[{"href":"https:\/\/artech-consulting.de\/en\/wp-json\/wp\/v2\/media?parent=193"}],"curies":[{"name":"wp","href":"https:\/\/api.w.org\/{rel}","templated":true}]}}