{"id":195,"date":"2015-05-12T06:12:51","date_gmt":"2015-05-12T04:12:51","guid":{"rendered":"https:\/\/artech-consulting.de\/?page_id=195"},"modified":"2025-12-18T12:59:27","modified_gmt":"2025-12-18T11:59:27","slug":"lowenzahn","status":"publish","type":"page","link":"https:\/\/artech-consulting.de\/en\/unternehmen\/lowenzahn\/","title":{"rendered":"Our Concept"},"content":{"rendered":"<p><\/p>\n<p style=\"text-align: justify;\">At ARTECH Consulting GmbH, the dandelion symbolizes development and knowledge. A single seed \u2013 the parachute \u2013 sprouts into a plant which then expands through a snowball effect. The individual plants adapt remarkably well to their environment and spread even in difficult locations.<\/p>\n<p style=\"text-align: justify;\">The dandelion symbolizes our employees, who support you during peak demand periods and ongoing project work. They pass on their knowledge and experience to you \u2013 like a seed from which something new can grow. Thanks to their international background, our employees adapt quickly to a wide variety of situations and are committed to always delivering the best possible quality.<\/p>\n<p><\/p>","protected":false},"excerpt":{"rendered":"<p>Dandelion stands for development and knowledge at ARTECH Consulting.<\/p>\n","protected":false},"author":1,"featured_media":4755,"parent":4008,"menu_order":0,"comment_status":"closed","ping_status":"closed","template":"","meta":{"footnotes":""},"yoast_head":"<!-- This site is optimized with the Yoast SEO plugin v23.5 - https:\/\/yoast.com\/wordpress\/plugins\/seo\/ -->\n<title>Our Concept -<\/title>\n<meta name=\"description\" content=\"L\u00f6wenzahn - Artech Consulting\" \/>\n<meta name=\"robots\" content=\"index, follow, max-snippet:-1, max-image-preview:large, max-video-preview:-1\" \/>\n<link rel=\"canonical\" href=\"https:\/\/artech-consulting.de\/unternehmen\/lowenzahn\/\" \/>\n<meta property=\"og:locale\" content=\"en_US\" \/>\n<meta property=\"og:type\" content=\"article\" \/>\n<meta property=\"og:title\" content=\"Our Concept -\" \/>\n<meta property=\"og:description\" content=\"{:de}Der L\u00f6wenzahn steht bei ARTECH Consulting f\u00fcr die Entwicklung und das Wissen.{:en}L\u00f6wenzahn - Artech Consulting{:}\" \/>\n<meta property=\"og:url\" content=\"https:\/\/artech-consulting.de\/unternehmen\/lowenzahn\/\" \/>\n<meta property=\"article:publisher\" content=\"https:\/\/www.facebook.com\/ARTECH-Consulting-GmbH-367676580239744\/\" \/>\n<meta property=\"article:modified_time\" content=\"2025-12-18T11:59:27+00:00\" \/>\n<meta property=\"og:image\" content=\"https:\/\/artech-consulting.de\/wp-content\/uploads\/2019\/01\/Fotolia_139834472_M.jpg\" \/>\n\t<meta property=\"og:image:width\" content=\"1884\" \/>\n\t<meta property=\"og:image:height\" content=\"1008\" \/>\n\t<meta property=\"og:image:type\" content=\"image\/jpeg\" \/>\n<meta name=\"twitter:card\" content=\"summary_large_image\" \/>\n<meta name=\"twitter:label1\" content=\"Est. reading time\" \/>\n\t<meta name=\"twitter:data1\" content=\"2 minutes\" \/>\n<script type=\"application\/ld+json\" class=\"yoast-schema-graph\">{\"@context\":\"https:\/\/schema.org\",\"@graph\":[{\"@type\":\"WebPage\",\"@id\":\"https:\/\/artech-consulting.de\/unternehmen\/lowenzahn\/\",\"url\":\"https:\/\/artech-consulting.de\/unternehmen\/lowenzahn\/\",\"name\":\"Our Concept -\",\"isPartOf\":{\"@id\":\"https:\/\/artech-consulting.de\/#website\"},\"primaryImageOfPage\":{\"@id\":\"https:\/\/artech-consulting.de\/unternehmen\/lowenzahn\/#primaryimage\"},\"image\":{\"@id\":\"https:\/\/artech-consulting.de\/unternehmen\/lowenzahn\/#primaryimage\"},\"thumbnailUrl\":\"https:\/\/artech-consulting.de\/wp-content\/uploads\/2019\/01\/Fotolia_139834472_M.jpg\",\"datePublished\":\"2015-05-12T04:12:51+00:00\",\"dateModified\":\"2025-12-18T11:59:27+00:00\",\"description\":\"{:de}Der L\u00f6wenzahn steht bei ARTECH Consulting f\u00fcr die Entwicklung und das Wissen.{:en}L\u00f6wenzahn - Artech Consulting{:}\",\"breadcrumb\":{\"@id\":\"https:\/\/artech-consulting.de\/unternehmen\/lowenzahn\/#breadcrumb\"},\"inLanguage\":\"en-US\",\"potentialAction\":[{\"@type\":\"ReadAction\",\"target\":[\"https:\/\/artech-consulting.de\/unternehmen\/lowenzahn\/\"]}]},{\"@type\":\"ImageObject\",\"inLanguage\":\"en-US\",\"@id\":\"https:\/\/artech-consulting.de\/unternehmen\/lowenzahn\/#primaryimage\",\"url\":\"https:\/\/artech-consulting.de\/wp-content\/uploads\/2019\/01\/Fotolia_139834472_M.jpg\",\"contentUrl\":\"https:\/\/artech-consulting.de\/wp-content\/uploads\/2019\/01\/Fotolia_139834472_M.jpg\",\"width\":1884,\"height\":1008},{\"@type\":\"BreadcrumbList\",\"@id\":\"https:\/\/artech-consulting.de\/unternehmen\/lowenzahn\/#breadcrumb\",\"itemListElement\":[{\"@type\":\"ListItem\",\"position\":1,\"name\":\"Home\",\"item\":\"https:\/\/artech-consulting.de\/\"},{\"@type\":\"ListItem\",\"position\":2,\"name\":\"Unternehmen\",\"item\":\"https:\/\/artech-consulting.de\/unternehmen\/\"},{\"@type\":\"ListItem\",\"position\":3,\"name\":\"L\u00f6wenzahn\"}]},{\"@type\":\"WebSite\",\"@id\":\"https:\/\/artech-consulting.de\/#website\",\"url\":\"https:\/\/artech-consulting.de\/\",\"name\":\"\",\"description\":\"\",\"publisher\":{\"@id\":\"https:\/\/artech-consulting.de\/#organization\"},\"potentialAction\":[{\"@type\":\"SearchAction\",\"target\":{\"@type\":\"EntryPoint\",\"urlTemplate\":\"https:\/\/artech-consulting.de\/?s={search_term_string}\"},\"query-input\":{\"@type\":\"PropertyValueSpecification\",\"valueRequired\":true,\"valueName\":\"search_term_string\"}}],\"inLanguage\":\"en-US\"},{\"@type\":\"Organization\",\"@id\":\"https:\/\/artech-consulting.de\/#organization\",\"name\":\"Artecch Consulting\",\"url\":\"https:\/\/artech-consulting.de\/\",\"logo\":{\"@type\":\"ImageObject\",\"inLanguage\":\"en-US\",\"@id\":\"https:\/\/artech-consulting.de\/#\/schema\/logo\/image\/\",\"url\":\"https:\/\/artech-consulting.de\/wp-content\/uploads\/2015\/06\/cropped-ARTech_Logo_rgb_600frei.png\",\"contentUrl\":\"https:\/\/artech-consulting.de\/wp-content\/uploads\/2015\/06\/cropped-ARTech_Logo_rgb_600frei.png\",\"width\":6805,\"height\":1554,\"caption\":\"Artecch Consulting\"},\"image\":{\"@id\":\"https:\/\/artech-consulting.de\/#\/schema\/logo\/image\/\"},\"sameAs\":[\"https:\/\/www.facebook.com\/ARTECH-Consulting-GmbH-367676580239744\/\",\"https:\/\/www.linkedin.com\/company\/artech-consulting-gmbh?report_success=8jyhy2niUpAFvknlZbso8OXCShshmpUnzp3NjIJ2m7yhSVK6-d3cj9EZShsc4o_DdpkqGOtZmrfmVAwicnuvayqF\"]}]}<\/script>\n<!-- \/ Yoast SEO plugin. -->","yoast_head_json":{"title":"Our Concept -","description":"L\u00f6wenzahn - Artech Consulting","robots":{"index":"index","follow":"follow","max-snippet":"max-snippet:-1","max-image-preview":"max-image-preview:large","max-video-preview":"max-video-preview:-1"},"canonical":"https:\/\/artech-consulting.de\/unternehmen\/lowenzahn\/","og_locale":"en_US","og_type":"article","og_title":"Our Concept -","og_description":"{:de}Der L\u00f6wenzahn steht bei ARTECH Consulting f\u00fcr die Entwicklung und das Wissen.{:en}L\u00f6wenzahn - Artech Consulting{:}","og_url":"https:\/\/artech-consulting.de\/unternehmen\/lowenzahn\/","article_publisher":"https:\/\/www.facebook.com\/ARTECH-Consulting-GmbH-367676580239744\/","article_modified_time":"2025-12-18T11:59:27+00:00","og_image":[{"width":1884,"height":1008,"url":"https:\/\/artech-consulting.de\/wp-content\/uploads\/2019\/01\/Fotolia_139834472_M.jpg","type":"image\/jpeg"}],"twitter_card":"summary_large_image","twitter_misc":{"Est. reading time":"2 minutes"},"schema":{"@context":"https:\/\/schema.org","@graph":[{"@type":"WebPage","@id":"https:\/\/artech-consulting.de\/unternehmen\/lowenzahn\/","url":"https:\/\/artech-consulting.de\/unternehmen\/lowenzahn\/","name":"Our Concept -","isPartOf":{"@id":"https:\/\/artech-consulting.de\/#website"},"primaryImageOfPage":{"@id":"https:\/\/artech-consulting.de\/unternehmen\/lowenzahn\/#primaryimage"},"image":{"@id":"https:\/\/artech-consulting.de\/unternehmen\/lowenzahn\/#primaryimage"},"thumbnailUrl":"https:\/\/artech-consulting.de\/wp-content\/uploads\/2019\/01\/Fotolia_139834472_M.jpg","datePublished":"2015-05-12T04:12:51+00:00","dateModified":"2025-12-18T11:59:27+00:00","description":"{:de}Der L\u00f6wenzahn steht bei ARTECH Consulting f\u00fcr die Entwicklung und das Wissen.{:en}L\u00f6wenzahn - Artech Consulting{:}","breadcrumb":{"@id":"https:\/\/artech-consulting.de\/unternehmen\/lowenzahn\/#breadcrumb"},"inLanguage":"en-US","potentialAction":[{"@type":"ReadAction","target":["https:\/\/artech-consulting.de\/unternehmen\/lowenzahn\/"]}]},{"@type":"ImageObject","inLanguage":"en-US","@id":"https:\/\/artech-consulting.de\/unternehmen\/lowenzahn\/#primaryimage","url":"https:\/\/artech-consulting.de\/wp-content\/uploads\/2019\/01\/Fotolia_139834472_M.jpg","contentUrl":"https:\/\/artech-consulting.de\/wp-content\/uploads\/2019\/01\/Fotolia_139834472_M.jpg","width":1884,"height":1008},{"@type":"BreadcrumbList","@id":"https:\/\/artech-consulting.de\/unternehmen\/lowenzahn\/#breadcrumb","itemListElement":[{"@type":"ListItem","position":1,"name":"Home","item":"https:\/\/artech-consulting.de\/"},{"@type":"ListItem","position":2,"name":"Unternehmen","item":"https:\/\/artech-consulting.de\/unternehmen\/"},{"@type":"ListItem","position":3,"name":"L\u00f6wenzahn"}]},{"@type":"WebSite","@id":"https:\/\/artech-consulting.de\/#website","url":"https:\/\/artech-consulting.de\/","name":"","description":"","publisher":{"@id":"https:\/\/artech-consulting.de\/#organization"},"potentialAction":[{"@type":"SearchAction","target":{"@type":"EntryPoint","urlTemplate":"https:\/\/artech-consulting.de\/?s={search_term_string}"},"query-input":{"@type":"PropertyValueSpecification","valueRequired":true,"valueName":"search_term_string"}}],"inLanguage":"en-US"},{"@type":"Organization","@id":"https:\/\/artech-consulting.de\/#organization","name":"Artecch Consulting","url":"https:\/\/artech-consulting.de\/","logo":{"@type":"ImageObject","inLanguage":"en-US","@id":"https:\/\/artech-consulting.de\/#\/schema\/logo\/image\/","url":"https:\/\/artech-consulting.de\/wp-content\/uploads\/2015\/06\/cropped-ARTech_Logo_rgb_600frei.png","contentUrl":"https:\/\/artech-consulting.de\/wp-content\/uploads\/2015\/06\/cropped-ARTech_Logo_rgb_600frei.png","width":6805,"height":1554,"caption":"Artecch Consulting"},"image":{"@id":"https:\/\/artech-consulting.de\/#\/schema\/logo\/image\/"},"sameAs":["https:\/\/www.facebook.com\/ARTECH-Consulting-GmbH-367676580239744\/","https:\/\/www.linkedin.com\/company\/artech-consulting-gmbh?report_success=8jyhy2niUpAFvknlZbso8OXCShshmpUnzp3NjIJ2m7yhSVK6-d3cj9EZShsc4o_DdpkqGOtZmrfmVAwicnuvayqF"]}]}},"_links":{"self":[{"href":"https:\/\/artech-consulting.de\/en\/wp-json\/wp\/v2\/pages\/195"}],"collection":[{"href":"https:\/\/artech-consulting.de\/en\/wp-json\/wp\/v2\/pages"}],"about":[{"href":"https:\/\/artech-consulting.de\/en\/wp-json\/wp\/v2\/types\/page"}],"author":[{"embeddable":true,"href":"https:\/\/artech-consulting.de\/en\/wp-json\/wp\/v2\/users\/1"}],"replies":[{"embeddable":true,"href":"https:\/\/artech-consulting.de\/en\/wp-json\/wp\/v2\/comments?post=195"}],"version-history":[{"count":54,"href":"https:\/\/artech-consulting.de\/en\/wp-json\/wp\/v2\/pages\/195\/revisions"}],"predecessor-version":[{"id":6742,"href":"https:\/\/artech-consulting.de\/en\/wp-json\/wp\/v2\/pages\/195\/revisions\/6742"}],"up":[{"embeddable":true,"href":"https:\/\/artech-consulting.de\/en\/wp-json\/wp\/v2\/pages\/4008"}],"wp:featuredmedia":[{"embeddable":true,"href":"https:\/\/artech-consulting.de\/en\/wp-json\/wp\/v2\/media\/4755"}],"wp:attachment":[{"href":"https:\/\/artech-consulting.de\/en\/wp-json\/wp\/v2\/media?parent=195"}],"curies":[{"name":"wp","href":"https:\/\/api.w.org\/{rel}","templated":true}]}}