{"id":2128,"date":"2016-11-29T11:36:51","date_gmt":"2016-11-29T10:36:51","guid":{"rendered":"https:\/\/artech-consulting.de\/?page_id=2128"},"modified":"2018-11-23T14:30:36","modified_gmt":"2018-11-23T13:30:36","slug":"unterschied-cae-von-cad","status":"publish","type":"page","link":"https:\/\/artech-consulting.de\/en\/aktuelles\/wussten-sie-schon-2\/unterschied-cae-von-cad\/","title":{"rendered":"Difference between CAE and CAD"},"content":{"rendered":"<p><strong>Was unterscheidet CAE von CAD?<\/strong><br \/>\n<\/p>\n<p style=\"text-align: justify;\">In der heutigen Zeit ist ein Arbeiten ohne rechnerunterst\u00fctztes Konstruieren in Bereichen der Technik wie Bauingenieurwesen oder Maschinenbau undenkbar. Deshalb bietet ARTECH Consulting verschiedene Schulungen oder Beratungen f\u00fcr die g\u00e4ngigen CAD- bzw. CAE-Systeme an.<\/p>\n<p><\/p>\n<p style=\"text-align: justify;\">Dabei werfen Unternehmen aus dem Ingenieurwesen diese beiden Begriffe gerne in einen Topf. CAD bedeutet \u201aComputer Aided Design\u2018 und CAE steht f\u00fcr \u201aComputer Aided Engineering\u2018. Das hei\u00dft aber nicht, dass die Endungen \u201aDesign\u2018 und \u201aEngineering\u2018 der einzige Unterschied sind und mit Engineering lediglich eine Erg\u00e4nzung des CAD-Systems gemeint ist. CAE ist viel mehr als nur ein erweitertes Berechnungsprogramm beim Konstruieren eines Produkts. Das CAE-System erm\u00f6glicht dem Nutzer nach Fertigstellung eines Modells nachtr\u00e4gliche \u00c4nderungen oder visuelle Kontrollm\u00f6glichkeiten von Eingabedaten und Berechnungsergebnissen ohne gro\u00dfen Zeitaufwand vorzunehmen. F\u00fcr einen Gro\u00dfteil der Firmen ist dieser Faktor der Zeiteinsparung unverzichtbar und macht das CAE-System zu einem wichtigen Bestandteil in der virtuellen Produktentwicklung.<\/p>\n<p><\/p>","protected":false},"excerpt":{"rendered":"<p>Was unterscheidet CAE von CAD? In der heutigen Zeit ist ein Arbeiten ohne rechnerunterst\u00fctztes Konstruieren in Bereichen der Technik wie Bauingenieurwesen oder Maschinenbau undenkbar. Deshalb bietet ARTECH Consulting verschiedene Schulungen oder Beratungen f\u00fcr die g\u00e4ngigen CAD- bzw. CAE-Systeme an. Dabei <a href=\"https:\/\/artech-consulting.de\/en\/aktuelles\/wussten-sie-schon-2\/unterschied-cae-von-cad\/\" class=\"read-more\">Read More<\/a><\/p>\n","protected":false},"author":1,"featured_media":0,"parent":4507,"menu_order":0,"comment_status":"closed","ping_status":"closed","template":"","meta":{"footnotes":""},"yoast_head":"<!-- This site is optimized with the Yoast SEO plugin v23.5 - https:\/\/yoast.com\/wordpress\/plugins\/seo\/ -->\n<title>Difference between CAE and CAD -<\/title>\n<meta name=\"description\" content=\"ARTECH Consulting bietet verschiedene Schulungen oder Beratungen f\u00fcr die g\u00e4ngigen CAD- bzw. CAE-Systeme an. Was unterscheidet CAE von CAD?\" \/>\n<meta name=\"robots\" content=\"index, follow, max-snippet:-1, max-image-preview:large, max-video-preview:-1\" \/>\n<link rel=\"canonical\" href=\"https:\/\/artech-consulting.de\/aktuelles\/wussten-sie-schon-2\/unterschied-cae-von-cad\/\" \/>\n<meta property=\"og:locale\" content=\"en_US\" \/>\n<meta property=\"og:type\" content=\"article\" \/>\n<meta property=\"og:title\" content=\"Was unterscheidet CAE von CAD?\" \/>\n<meta property=\"og:description\" content=\"ARTECH Consulting bietet verschiedene Schulungen oder Beratungen f\u00fcr die g\u00e4ngigen CAD- bzw. CAE-Systeme an. CAD bedeutet \u201aComputer Aided Design\u2018 und CAE steht f\u00fcr \u201aComputer Aided Engineering\u2018. Trotzdem werden diese beiden Begriffe gerne in einen Topf geworfen. Das hei\u00dft aber nicht, dass die Endungen \u201aDesign\u2018 und \u201aEngineering\u2018 der einzige Unterschied sind und mit Engineering lediglich eine Erg\u00e4nzung des CAD-Systems gemeint ist.\" \/>\n<meta property=\"og:url\" content=\"https:\/\/artech-consulting.de\/aktuelles\/wussten-sie-schon-2\/unterschied-cae-von-cad\/\" \/>\n<meta property=\"article:publisher\" content=\"https:\/\/www.facebook.com\/ARTECH-Consulting-GmbH-367676580239744\/\" \/>\n<meta property=\"article:modified_time\" content=\"2018-11-23T13:30:36+00:00\" \/>\n<meta name=\"twitter:card\" content=\"summary_large_image\" \/>\n<meta name=\"twitter:label1\" content=\"Est. reading time\" \/>\n\t<meta name=\"twitter:data1\" content=\"2 minutes\" \/>\n<script type=\"application\/ld+json\" class=\"yoast-schema-graph\">{\"@context\":\"https:\/\/schema.org\",\"@graph\":[{\"@type\":\"WebPage\",\"@id\":\"https:\/\/artech-consulting.de\/aktuelles\/wussten-sie-schon-2\/unterschied-cae-von-cad\/\",\"url\":\"https:\/\/artech-consulting.de\/aktuelles\/wussten-sie-schon-2\/unterschied-cae-von-cad\/\",\"name\":\"Difference between CAE and CAD -\",\"isPartOf\":{\"@id\":\"https:\/\/artech-consulting.de\/#website\"},\"datePublished\":\"2016-11-29T10:36:51+00:00\",\"dateModified\":\"2018-11-23T13:30:36+00:00\",\"description\":\"ARTECH Consulting bietet verschiedene Schulungen oder Beratungen f\u00fcr die g\u00e4ngigen CAD- bzw. CAE-Systeme an. Was unterscheidet CAE von CAD?\",\"breadcrumb\":{\"@id\":\"https:\/\/artech-consulting.de\/aktuelles\/wussten-sie-schon-2\/unterschied-cae-von-cad\/#breadcrumb\"},\"inLanguage\":\"en-US\",\"potentialAction\":[{\"@type\":\"ReadAction\",\"target\":[\"https:\/\/artech-consulting.de\/aktuelles\/wussten-sie-schon-2\/unterschied-cae-von-cad\/\"]}]},{\"@type\":\"BreadcrumbList\",\"@id\":\"https:\/\/artech-consulting.de\/aktuelles\/wussten-sie-schon-2\/unterschied-cae-von-cad\/#breadcrumb\",\"itemListElement\":[{\"@type\":\"ListItem\",\"position\":1,\"name\":\"Home\",\"item\":\"https:\/\/artech-consulting.de\/\"},{\"@type\":\"ListItem\",\"position\":2,\"name\":\"Aktuelles\",\"item\":\"https:\/\/artech-consulting.de\/aktuelles\/\"},{\"@type\":\"ListItem\",\"position\":3,\"name\":\"Wissen &#038; Impulse\",\"item\":\"https:\/\/artech-consulting.de\/aktuelles\/wussten-sie-schon-2\/\"},{\"@type\":\"ListItem\",\"position\":4,\"name\":\"Unterschied CAE von CAD\"}]},{\"@type\":\"WebSite\",\"@id\":\"https:\/\/artech-consulting.de\/#website\",\"url\":\"https:\/\/artech-consulting.de\/\",\"name\":\"\",\"description\":\"\",\"publisher\":{\"@id\":\"https:\/\/artech-consulting.de\/#organization\"},\"potentialAction\":[{\"@type\":\"SearchAction\",\"target\":{\"@type\":\"EntryPoint\",\"urlTemplate\":\"https:\/\/artech-consulting.de\/?s={search_term_string}\"},\"query-input\":{\"@type\":\"PropertyValueSpecification\",\"valueRequired\":true,\"valueName\":\"search_term_string\"}}],\"inLanguage\":\"en-US\"},{\"@type\":\"Organization\",\"@id\":\"https:\/\/artech-consulting.de\/#organization\",\"name\":\"Artecch Consulting\",\"url\":\"https:\/\/artech-consulting.de\/\",\"logo\":{\"@type\":\"ImageObject\",\"inLanguage\":\"en-US\",\"@id\":\"https:\/\/artech-consulting.de\/#\/schema\/logo\/image\/\",\"url\":\"https:\/\/artech-consulting.de\/wp-content\/uploads\/2015\/06\/cropped-ARTech_Logo_rgb_600frei.png\",\"contentUrl\":\"https:\/\/artech-consulting.de\/wp-content\/uploads\/2015\/06\/cropped-ARTech_Logo_rgb_600frei.png\",\"width\":6805,\"height\":1554,\"caption\":\"Artecch Consulting\"},\"image\":{\"@id\":\"https:\/\/artech-consulting.de\/#\/schema\/logo\/image\/\"},\"sameAs\":[\"https:\/\/www.facebook.com\/ARTECH-Consulting-GmbH-367676580239744\/\",\"https:\/\/www.linkedin.com\/company\/artech-consulting-gmbh?report_success=8jyhy2niUpAFvknlZbso8OXCShshmpUnzp3NjIJ2m7yhSVK6-d3cj9EZShsc4o_DdpkqGOtZmrfmVAwicnuvayqF\"]}]}<\/script>\n<!-- \/ Yoast SEO plugin. -->","yoast_head_json":{"title":"Difference between CAE and CAD -","description":"ARTECH Consulting bietet verschiedene Schulungen oder Beratungen f\u00fcr die g\u00e4ngigen CAD- bzw. CAE-Systeme an. Was unterscheidet CAE von CAD?","robots":{"index":"index","follow":"follow","max-snippet":"max-snippet:-1","max-image-preview":"max-image-preview:large","max-video-preview":"max-video-preview:-1"},"canonical":"https:\/\/artech-consulting.de\/aktuelles\/wussten-sie-schon-2\/unterschied-cae-von-cad\/","og_locale":"en_US","og_type":"article","og_title":"Was unterscheidet CAE von CAD?","og_description":"ARTECH Consulting bietet verschiedene Schulungen oder Beratungen f\u00fcr die g\u00e4ngigen CAD- bzw. CAE-Systeme an. CAD bedeutet \u201aComputer Aided Design\u2018 und CAE steht f\u00fcr \u201aComputer Aided Engineering\u2018. Trotzdem werden diese beiden Begriffe gerne in einen Topf geworfen. Das hei\u00dft aber nicht, dass die Endungen \u201aDesign\u2018 und \u201aEngineering\u2018 der einzige Unterschied sind und mit Engineering lediglich eine Erg\u00e4nzung des CAD-Systems gemeint ist.","og_url":"https:\/\/artech-consulting.de\/aktuelles\/wussten-sie-schon-2\/unterschied-cae-von-cad\/","article_publisher":"https:\/\/www.facebook.com\/ARTECH-Consulting-GmbH-367676580239744\/","article_modified_time":"2018-11-23T13:30:36+00:00","twitter_card":"summary_large_image","twitter_misc":{"Est. reading time":"2 minutes"},"schema":{"@context":"https:\/\/schema.org","@graph":[{"@type":"WebPage","@id":"https:\/\/artech-consulting.de\/aktuelles\/wussten-sie-schon-2\/unterschied-cae-von-cad\/","url":"https:\/\/artech-consulting.de\/aktuelles\/wussten-sie-schon-2\/unterschied-cae-von-cad\/","name":"Difference between CAE and CAD -","isPartOf":{"@id":"https:\/\/artech-consulting.de\/#website"},"datePublished":"2016-11-29T10:36:51+00:00","dateModified":"2018-11-23T13:30:36+00:00","description":"ARTECH Consulting bietet verschiedene Schulungen oder Beratungen f\u00fcr die g\u00e4ngigen CAD- bzw. CAE-Systeme an. Was unterscheidet CAE von CAD?","breadcrumb":{"@id":"https:\/\/artech-consulting.de\/aktuelles\/wussten-sie-schon-2\/unterschied-cae-von-cad\/#breadcrumb"},"inLanguage":"en-US","potentialAction":[{"@type":"ReadAction","target":["https:\/\/artech-consulting.de\/aktuelles\/wussten-sie-schon-2\/unterschied-cae-von-cad\/"]}]},{"@type":"BreadcrumbList","@id":"https:\/\/artech-consulting.de\/aktuelles\/wussten-sie-schon-2\/unterschied-cae-von-cad\/#breadcrumb","itemListElement":[{"@type":"ListItem","position":1,"name":"Home","item":"https:\/\/artech-consulting.de\/"},{"@type":"ListItem","position":2,"name":"Aktuelles","item":"https:\/\/artech-consulting.de\/aktuelles\/"},{"@type":"ListItem","position":3,"name":"Wissen &#038; Impulse","item":"https:\/\/artech-consulting.de\/aktuelles\/wussten-sie-schon-2\/"},{"@type":"ListItem","position":4,"name":"Unterschied CAE von CAD"}]},{"@type":"WebSite","@id":"https:\/\/artech-consulting.de\/#website","url":"https:\/\/artech-consulting.de\/","name":"","description":"","publisher":{"@id":"https:\/\/artech-consulting.de\/#organization"},"potentialAction":[{"@type":"SearchAction","target":{"@type":"EntryPoint","urlTemplate":"https:\/\/artech-consulting.de\/?s={search_term_string}"},"query-input":{"@type":"PropertyValueSpecification","valueRequired":true,"valueName":"search_term_string"}}],"inLanguage":"en-US"},{"@type":"Organization","@id":"https:\/\/artech-consulting.de\/#organization","name":"Artecch Consulting","url":"https:\/\/artech-consulting.de\/","logo":{"@type":"ImageObject","inLanguage":"en-US","@id":"https:\/\/artech-consulting.de\/#\/schema\/logo\/image\/","url":"https:\/\/artech-consulting.de\/wp-content\/uploads\/2015\/06\/cropped-ARTech_Logo_rgb_600frei.png","contentUrl":"https:\/\/artech-consulting.de\/wp-content\/uploads\/2015\/06\/cropped-ARTech_Logo_rgb_600frei.png","width":6805,"height":1554,"caption":"Artecch Consulting"},"image":{"@id":"https:\/\/artech-consulting.de\/#\/schema\/logo\/image\/"},"sameAs":["https:\/\/www.facebook.com\/ARTECH-Consulting-GmbH-367676580239744\/","https:\/\/www.linkedin.com\/company\/artech-consulting-gmbh?report_success=8jyhy2niUpAFvknlZbso8OXCShshmpUnzp3NjIJ2m7yhSVK6-d3cj9EZShsc4o_DdpkqGOtZmrfmVAwicnuvayqF"]}]}},"_links":{"self":[{"href":"https:\/\/artech-consulting.de\/en\/wp-json\/wp\/v2\/pages\/2128"}],"collection":[{"href":"https:\/\/artech-consulting.de\/en\/wp-json\/wp\/v2\/pages"}],"about":[{"href":"https:\/\/artech-consulting.de\/en\/wp-json\/wp\/v2\/types\/page"}],"author":[{"embeddable":true,"href":"https:\/\/artech-consulting.de\/en\/wp-json\/wp\/v2\/users\/1"}],"replies":[{"embeddable":true,"href":"https:\/\/artech-consulting.de\/en\/wp-json\/wp\/v2\/comments?post=2128"}],"version-history":[{"count":10,"href":"https:\/\/artech-consulting.de\/en\/wp-json\/wp\/v2\/pages\/2128\/revisions"}],"predecessor-version":[{"id":4560,"href":"https:\/\/artech-consulting.de\/en\/wp-json\/wp\/v2\/pages\/2128\/revisions\/4560"}],"up":[{"embeddable":true,"href":"https:\/\/artech-consulting.de\/en\/wp-json\/wp\/v2\/pages\/4507"}],"wp:attachment":[{"href":"https:\/\/artech-consulting.de\/en\/wp-json\/wp\/v2\/media?parent=2128"}],"curies":[{"name":"wp","href":"https:\/\/api.w.org\/{rel}","templated":true}]}}