{"id":2135,"date":"2016-11-29T11:44:44","date_gmt":"2016-11-29T10:44:44","guid":{"rendered":"https:\/\/artech-consulting.de\/?page_id=2135"},"modified":"2018-11-23T14:27:18","modified_gmt":"2018-11-23T13:27:18","slug":"catia-geschichte","status":"publish","type":"page","link":"https:\/\/artech-consulting.de\/en\/aktuelles\/wussten-sie-schon-2\/catia-geschichte\/","title":{"rendered":"History of CATIA"},"content":{"rendered":"<p><\/p>\n<p style=\"text-align: justify;\"><strong>CATIA \u2013 \u00dcber die Flugindustrie den Ingenieursmarkt erobert<\/strong><\/p>\n<p><\/br><\/p>\n<p style=\"text-align: justify;\">CATIA verdankt seine Entstehung dem franz\u00f6sischem Flugzeughersteller Avions Marcel Dassault \u2013 heute als Dassault Aviation bekannt. Bei der Entwicklung des Alpha Jets wurde Ende der 60er Jahre erstmals eine Konstruktions-Software eingesetzt. Innerhalb eines weiteren Jahrzehnts arbeitete Dassaults nach dem Erwerb von Lizenzen f\u00fcr CAD-Anwendungen an einem Grafikprogramm, das dreidimensionales Konstruieren erm\u00f6glichte und erschuf auf diese Weise im Jahr 1981 CATIA.<\/p>\n<p><\/br><\/p>\n<p style=\"text-align: justify;\">Durch die st\u00e4ndigen Erweiterungen der 3D-Funktionen und Kooperationen mit Marktf\u00fchrern wie IBM auf Marketingebene etablierte sich CATIA in den Folgejahren in der Technikwelt und wurde ab Mitte der 80er Jahre zur weltweit f\u00fchrenden Anwendung in der Automobilentwicklung sowie f\u00fcr die Luft- und Raumfahrt. Die konsequente Weiterentwicklung der Software und die regelm\u00e4\u00dfige Ver\u00f6ffentlichung neuer Versionen mit aktuellsten Technologien in den 80ern machte das Programm unabh\u00e4ngiger von anderen Anwendungen und Nutzer konnten unter anderem exakte Modellierungen oder Berechnungen am komplett digital dargestellten Objekt vornehmen. Seitdem 1999 mit CATIA V5 eine vollst\u00e4ndig neu entwickelte Version auf dem Markt erschien und f\u00fcr marktf\u00fchrende Betriebssysteme wie Windows optimiert wurde, ist die CAD-Anwendung bis heute eines der meist eingesetzten Programme bei der virtuellen Produktentwicklung.<\/p>\n<p><\/p>","protected":false},"excerpt":{"rendered":"<p>CATIA \u2013 \u00dcber die Flugindustrie den Ingenieursmarkt erobert CATIA verdankt seine Entstehung dem franz\u00f6sischem Flugzeughersteller Avions Marcel Dassault \u2013 heute als Dassault Aviation bekannt. Bei der Entwicklung des Alpha Jets wurde Ende der 60er Jahre erstmals eine Konstruktions-Software eingesetzt. Innerhalb <a href=\"https:\/\/artech-consulting.de\/en\/aktuelles\/wussten-sie-schon-2\/catia-geschichte\/\" class=\"read-more\">Read More<\/a><\/p>\n","protected":false},"author":1,"featured_media":0,"parent":4507,"menu_order":0,"comment_status":"closed","ping_status":"closed","template":"","meta":{"footnotes":""},"yoast_head":"<!-- This site is optimized with the Yoast SEO plugin v23.5 - https:\/\/yoast.com\/wordpress\/plugins\/seo\/ -->\n<title>History of CATIA -<\/title>\n<meta name=\"description\" content=\"Firmen wie IBM oder Siemens waren in den 60er Jahren Wegbereiter f\u00fcr die unternehmerische Anwendung von Software-Programmen. Davon profitierte auch CATIA.\" \/>\n<meta name=\"robots\" content=\"index, follow, max-snippet:-1, max-image-preview:large, max-video-preview:-1\" \/>\n<link rel=\"canonical\" href=\"https:\/\/artech-consulting.de\/aktuelles\/wussten-sie-schon-2\/catia-geschichte\/\" \/>\n<meta property=\"og:locale\" content=\"en_US\" \/>\n<meta property=\"og:type\" content=\"article\" \/>\n<meta property=\"og:title\" content=\"CATIA \u2013 \u00dcber die Flugindustrie den Ingenieursmarkt erobert\" \/>\n<meta property=\"og:description\" content=\"Die 60er Jahre gelten als die Geburtsstunde der modernen Computertechnologie. Firmen wie IBM oder Siemens revolutionierten die IT-Welt und waren Wegbereiter f\u00fcr die unternehmerische Anwendung von Software-Programmen. Davon profitierte auch CATIA und entwickelte sich fortan zur weltweit f\u00fchrenden Anwendung in der Automobilentwicklung sowie f\u00fcr die Luft- und Raumfahrt.\" \/>\n<meta property=\"og:url\" content=\"https:\/\/artech-consulting.de\/aktuelles\/wussten-sie-schon-2\/catia-geschichte\/\" \/>\n<meta property=\"article:publisher\" content=\"https:\/\/www.facebook.com\/ARTECH-Consulting-GmbH-367676580239744\/\" \/>\n<meta property=\"article:modified_time\" content=\"2018-11-23T13:27:18+00:00\" \/>\n<meta name=\"twitter:card\" content=\"summary_large_image\" \/>\n<meta name=\"twitter:label1\" content=\"Est. reading time\" \/>\n\t<meta name=\"twitter:data1\" content=\"2 minutes\" \/>\n<script type=\"application\/ld+json\" class=\"yoast-schema-graph\">{\"@context\":\"https:\/\/schema.org\",\"@graph\":[{\"@type\":\"WebPage\",\"@id\":\"https:\/\/artech-consulting.de\/aktuelles\/wussten-sie-schon-2\/catia-geschichte\/\",\"url\":\"https:\/\/artech-consulting.de\/aktuelles\/wussten-sie-schon-2\/catia-geschichte\/\",\"name\":\"History of CATIA -\",\"isPartOf\":{\"@id\":\"https:\/\/artech-consulting.de\/#website\"},\"datePublished\":\"2016-11-29T10:44:44+00:00\",\"dateModified\":\"2018-11-23T13:27:18+00:00\",\"description\":\"Firmen wie IBM oder Siemens waren in den 60er Jahren Wegbereiter f\u00fcr die unternehmerische Anwendung von Software-Programmen. Davon profitierte auch CATIA.\",\"breadcrumb\":{\"@id\":\"https:\/\/artech-consulting.de\/aktuelles\/wussten-sie-schon-2\/catia-geschichte\/#breadcrumb\"},\"inLanguage\":\"en-US\",\"potentialAction\":[{\"@type\":\"ReadAction\",\"target\":[\"https:\/\/artech-consulting.de\/aktuelles\/wussten-sie-schon-2\/catia-geschichte\/\"]}]},{\"@type\":\"BreadcrumbList\",\"@id\":\"https:\/\/artech-consulting.de\/aktuelles\/wussten-sie-schon-2\/catia-geschichte\/#breadcrumb\",\"itemListElement\":[{\"@type\":\"ListItem\",\"position\":1,\"name\":\"Home\",\"item\":\"https:\/\/artech-consulting.de\/\"},{\"@type\":\"ListItem\",\"position\":2,\"name\":\"Aktuelles\",\"item\":\"https:\/\/artech-consulting.de\/aktuelles\/\"},{\"@type\":\"ListItem\",\"position\":3,\"name\":\"Wissen &#038; Impulse\",\"item\":\"https:\/\/artech-consulting.de\/aktuelles\/wussten-sie-schon-2\/\"},{\"@type\":\"ListItem\",\"position\":4,\"name\":\"CATIA Geschichte\"}]},{\"@type\":\"WebSite\",\"@id\":\"https:\/\/artech-consulting.de\/#website\",\"url\":\"https:\/\/artech-consulting.de\/\",\"name\":\"\",\"description\":\"\",\"publisher\":{\"@id\":\"https:\/\/artech-consulting.de\/#organization\"},\"potentialAction\":[{\"@type\":\"SearchAction\",\"target\":{\"@type\":\"EntryPoint\",\"urlTemplate\":\"https:\/\/artech-consulting.de\/?s={search_term_string}\"},\"query-input\":{\"@type\":\"PropertyValueSpecification\",\"valueRequired\":true,\"valueName\":\"search_term_string\"}}],\"inLanguage\":\"en-US\"},{\"@type\":\"Organization\",\"@id\":\"https:\/\/artech-consulting.de\/#organization\",\"name\":\"Artecch Consulting\",\"url\":\"https:\/\/artech-consulting.de\/\",\"logo\":{\"@type\":\"ImageObject\",\"inLanguage\":\"en-US\",\"@id\":\"https:\/\/artech-consulting.de\/#\/schema\/logo\/image\/\",\"url\":\"https:\/\/artech-consulting.de\/wp-content\/uploads\/2015\/06\/cropped-ARTech_Logo_rgb_600frei.png\",\"contentUrl\":\"https:\/\/artech-consulting.de\/wp-content\/uploads\/2015\/06\/cropped-ARTech_Logo_rgb_600frei.png\",\"width\":6805,\"height\":1554,\"caption\":\"Artecch Consulting\"},\"image\":{\"@id\":\"https:\/\/artech-consulting.de\/#\/schema\/logo\/image\/\"},\"sameAs\":[\"https:\/\/www.facebook.com\/ARTECH-Consulting-GmbH-367676580239744\/\",\"https:\/\/www.linkedin.com\/company\/artech-consulting-gmbh?report_success=8jyhy2niUpAFvknlZbso8OXCShshmpUnzp3NjIJ2m7yhSVK6-d3cj9EZShsc4o_DdpkqGOtZmrfmVAwicnuvayqF\"]}]}<\/script>\n<!-- \/ Yoast SEO plugin. -->","yoast_head_json":{"title":"History of CATIA -","description":"Firmen wie IBM oder Siemens waren in den 60er Jahren Wegbereiter f\u00fcr die unternehmerische Anwendung von Software-Programmen. Davon profitierte auch CATIA.","robots":{"index":"index","follow":"follow","max-snippet":"max-snippet:-1","max-image-preview":"max-image-preview:large","max-video-preview":"max-video-preview:-1"},"canonical":"https:\/\/artech-consulting.de\/aktuelles\/wussten-sie-schon-2\/catia-geschichte\/","og_locale":"en_US","og_type":"article","og_title":"CATIA \u2013 \u00dcber die Flugindustrie den Ingenieursmarkt erobert","og_description":"Die 60er Jahre gelten als die Geburtsstunde der modernen Computertechnologie. Firmen wie IBM oder Siemens revolutionierten die IT-Welt und waren Wegbereiter f\u00fcr die unternehmerische Anwendung von Software-Programmen. Davon profitierte auch CATIA und entwickelte sich fortan zur weltweit f\u00fchrenden Anwendung in der Automobilentwicklung sowie f\u00fcr die Luft- und Raumfahrt.","og_url":"https:\/\/artech-consulting.de\/aktuelles\/wussten-sie-schon-2\/catia-geschichte\/","article_publisher":"https:\/\/www.facebook.com\/ARTECH-Consulting-GmbH-367676580239744\/","article_modified_time":"2018-11-23T13:27:18+00:00","twitter_card":"summary_large_image","twitter_misc":{"Est. reading time":"2 minutes"},"schema":{"@context":"https:\/\/schema.org","@graph":[{"@type":"WebPage","@id":"https:\/\/artech-consulting.de\/aktuelles\/wussten-sie-schon-2\/catia-geschichte\/","url":"https:\/\/artech-consulting.de\/aktuelles\/wussten-sie-schon-2\/catia-geschichte\/","name":"History of CATIA -","isPartOf":{"@id":"https:\/\/artech-consulting.de\/#website"},"datePublished":"2016-11-29T10:44:44+00:00","dateModified":"2018-11-23T13:27:18+00:00","description":"Firmen wie IBM oder Siemens waren in den 60er Jahren Wegbereiter f\u00fcr die unternehmerische Anwendung von Software-Programmen. Davon profitierte auch CATIA.","breadcrumb":{"@id":"https:\/\/artech-consulting.de\/aktuelles\/wussten-sie-schon-2\/catia-geschichte\/#breadcrumb"},"inLanguage":"en-US","potentialAction":[{"@type":"ReadAction","target":["https:\/\/artech-consulting.de\/aktuelles\/wussten-sie-schon-2\/catia-geschichte\/"]}]},{"@type":"BreadcrumbList","@id":"https:\/\/artech-consulting.de\/aktuelles\/wussten-sie-schon-2\/catia-geschichte\/#breadcrumb","itemListElement":[{"@type":"ListItem","position":1,"name":"Home","item":"https:\/\/artech-consulting.de\/"},{"@type":"ListItem","position":2,"name":"Aktuelles","item":"https:\/\/artech-consulting.de\/aktuelles\/"},{"@type":"ListItem","position":3,"name":"Wissen &#038; Impulse","item":"https:\/\/artech-consulting.de\/aktuelles\/wussten-sie-schon-2\/"},{"@type":"ListItem","position":4,"name":"CATIA Geschichte"}]},{"@type":"WebSite","@id":"https:\/\/artech-consulting.de\/#website","url":"https:\/\/artech-consulting.de\/","name":"","description":"","publisher":{"@id":"https:\/\/artech-consulting.de\/#organization"},"potentialAction":[{"@type":"SearchAction","target":{"@type":"EntryPoint","urlTemplate":"https:\/\/artech-consulting.de\/?s={search_term_string}"},"query-input":{"@type":"PropertyValueSpecification","valueRequired":true,"valueName":"search_term_string"}}],"inLanguage":"en-US"},{"@type":"Organization","@id":"https:\/\/artech-consulting.de\/#organization","name":"Artecch Consulting","url":"https:\/\/artech-consulting.de\/","logo":{"@type":"ImageObject","inLanguage":"en-US","@id":"https:\/\/artech-consulting.de\/#\/schema\/logo\/image\/","url":"https:\/\/artech-consulting.de\/wp-content\/uploads\/2015\/06\/cropped-ARTech_Logo_rgb_600frei.png","contentUrl":"https:\/\/artech-consulting.de\/wp-content\/uploads\/2015\/06\/cropped-ARTech_Logo_rgb_600frei.png","width":6805,"height":1554,"caption":"Artecch Consulting"},"image":{"@id":"https:\/\/artech-consulting.de\/#\/schema\/logo\/image\/"},"sameAs":["https:\/\/www.facebook.com\/ARTECH-Consulting-GmbH-367676580239744\/","https:\/\/www.linkedin.com\/company\/artech-consulting-gmbh?report_success=8jyhy2niUpAFvknlZbso8OXCShshmpUnzp3NjIJ2m7yhSVK6-d3cj9EZShsc4o_DdpkqGOtZmrfmVAwicnuvayqF"]}]}},"_links":{"self":[{"href":"https:\/\/artech-consulting.de\/en\/wp-json\/wp\/v2\/pages\/2135"}],"collection":[{"href":"https:\/\/artech-consulting.de\/en\/wp-json\/wp\/v2\/pages"}],"about":[{"href":"https:\/\/artech-consulting.de\/en\/wp-json\/wp\/v2\/types\/page"}],"author":[{"embeddable":true,"href":"https:\/\/artech-consulting.de\/en\/wp-json\/wp\/v2\/users\/1"}],"replies":[{"embeddable":true,"href":"https:\/\/artech-consulting.de\/en\/wp-json\/wp\/v2\/comments?post=2135"}],"version-history":[{"count":24,"href":"https:\/\/artech-consulting.de\/en\/wp-json\/wp\/v2\/pages\/2135\/revisions"}],"predecessor-version":[{"id":4559,"href":"https:\/\/artech-consulting.de\/en\/wp-json\/wp\/v2\/pages\/2135\/revisions\/4559"}],"up":[{"embeddable":true,"href":"https:\/\/artech-consulting.de\/en\/wp-json\/wp\/v2\/pages\/4507"}],"wp:attachment":[{"href":"https:\/\/artech-consulting.de\/en\/wp-json\/wp\/v2\/media?parent=2135"}],"curies":[{"name":"wp","href":"https:\/\/api.w.org\/{rel}","templated":true}]}}