{"id":2445,"date":"2017-01-02T10:13:57","date_gmt":"2017-01-02T09:13:57","guid":{"rendered":"https:\/\/artech-consulting.de\/?page_id=2445"},"modified":"2018-11-26T12:55:55","modified_gmt":"2018-11-26T11:55:55","slug":"cad-geschichte","status":"publish","type":"page","link":"https:\/\/artech-consulting.de\/en\/aktuelles\/wussten-sie-schon-2\/cad-geschichte\/","title":{"rendered":"CAD-Geschichte"},"content":{"rendered":"<p><strong>Von der Bleistiftskizze zur 3D-Simulation<\/strong><\/p>\n<p>Die Bezeichnung CAD hatte ihren Ursprung Mitte des 20. Jahrhunderts bei der Entwicklung eines Programmiersystems f\u00fcr rechnerunterst\u00fctztes programmieren. Die ersten Schritte zur professionellen Konstruktions-Software wurden in den 60ern an technischen Hochschulen und in der Flugzeugindustrie gemacht. Erste Skizzen wurden auf Computern mit Gro\u00dfrechnen angefertigt und einzelne Flugzeughersteller begannen mit der Vermarktung von CAD-Anwendungen auf dem Weltmarkt.<br \/>\nDurch die zunehmende Einf\u00fchrung von Personal Computern in Firmenb\u00fcros und immer besser optimierten Software-Programmen in den 80ern erlebte CAD letztlich einen regelrechten Boom in der Technikindustrie \u2013 die Geburtsstunde der 3D-Simulation. Unternehmen hatten nun die M\u00f6glichkeit ihre Produkte virtuell als dreidimensionale K\u00f6rper darzustellen und anhand von Simulationen \u00c4nderungen vorzunehmen. Ab dem Jahrtausendwechsel verdr\u00e4ngten 3D-Modelle zunehmend das klassische Zeichnen und sind heutzutage f\u00fcr Ingenieure bei der Erstellung von Produkten eine unverzichtbare Komponente.<\/p>","protected":false},"excerpt":{"rendered":"<p>Von der Bleistiftskizze zur 3D-Simulation Die Bezeichnung CAD hatte ihren Ursprung Mitte des 20. Jahrhunderts bei der Entwicklung eines Programmiersystems f\u00fcr rechnerunterst\u00fctztes programmieren. Die ersten Schritte zur professionellen Konstruktions-Software wurden in den 60ern an technischen Hochschulen und in der Flugzeugindustrie <a href=\"https:\/\/artech-consulting.de\/en\/aktuelles\/wussten-sie-schon-2\/cad-geschichte\/\" class=\"read-more\">Read More<\/a><\/p>\n","protected":false},"author":1,"featured_media":0,"parent":4507,"menu_order":0,"comment_status":"closed","ping_status":"closed","template":"","meta":{"footnotes":""},"yoast_head":"<!-- This site is optimized with the Yoast SEO plugin v23.5 - https:\/\/yoast.com\/wordpress\/plugins\/seo\/ -->\n<title>CAD-Geschichte -<\/title>\n<meta name=\"description\" content=\"Die Bezeichnung CAD hatte ihren Ursprung Mitte des 20. Jahrhunderts bei der Entwicklung eines Programmiersystems.\" \/>\n<meta name=\"robots\" content=\"index, follow, max-snippet:-1, max-image-preview:large, max-video-preview:-1\" \/>\n<link rel=\"canonical\" href=\"https:\/\/artech-consulting.de\/aktuelles\/wussten-sie-schon-2\/cad-geschichte\/\" \/>\n<meta property=\"og:locale\" content=\"en_US\" \/>\n<meta property=\"og:type\" content=\"article\" \/>\n<meta property=\"og:title\" content=\"Von der Bleistiftskizze zur 3D-Simulation\" \/>\n<meta property=\"og:description\" content=\"Die Bezeichnung CAD hatte ihren Ursprung Mitte des 20. Jahrhunderts bei der Entwicklung eines Programmiersystems. Die ersten Schritte zur professionellen Konstruktions-Software wurden in den 60ern an Hochschulen und in der Flugzeugindustrie gemacht.\" \/>\n<meta property=\"og:url\" content=\"https:\/\/artech-consulting.de\/aktuelles\/wussten-sie-schon-2\/cad-geschichte\/\" \/>\n<meta property=\"article:publisher\" content=\"https:\/\/www.facebook.com\/ARTECH-Consulting-GmbH-367676580239744\/\" \/>\n<meta property=\"article:modified_time\" content=\"2018-11-26T11:55:55+00:00\" \/>\n<meta name=\"twitter:card\" content=\"summary_large_image\" \/>\n<meta name=\"twitter:label1\" content=\"Est. reading time\" \/>\n\t<meta name=\"twitter:data1\" content=\"1 minute\" \/>\n<script type=\"application\/ld+json\" class=\"yoast-schema-graph\">{\"@context\":\"https:\/\/schema.org\",\"@graph\":[{\"@type\":\"WebPage\",\"@id\":\"https:\/\/artech-consulting.de\/aktuelles\/wussten-sie-schon-2\/cad-geschichte\/\",\"url\":\"https:\/\/artech-consulting.de\/aktuelles\/wussten-sie-schon-2\/cad-geschichte\/\",\"name\":\"CAD-Geschichte -\",\"isPartOf\":{\"@id\":\"https:\/\/artech-consulting.de\/#website\"},\"datePublished\":\"2017-01-02T09:13:57+00:00\",\"dateModified\":\"2018-11-26T11:55:55+00:00\",\"description\":\"{:de}Die Bezeichnung CAD hatte ihren Ursprung Mitte des 20. Jahrhunderts bei der Entwicklung eines Programmiersystems.{:}{:en}Die Bezeichnung CAD hatte ihren Ursprung Mitte des 20. Jahrhunderts bei der Entwicklung eines Programmiersystems.{:}\",\"breadcrumb\":{\"@id\":\"https:\/\/artech-consulting.de\/aktuelles\/wussten-sie-schon-2\/cad-geschichte\/#breadcrumb\"},\"inLanguage\":\"en-US\",\"potentialAction\":[{\"@type\":\"ReadAction\",\"target\":[\"https:\/\/artech-consulting.de\/aktuelles\/wussten-sie-schon-2\/cad-geschichte\/\"]}]},{\"@type\":\"BreadcrumbList\",\"@id\":\"https:\/\/artech-consulting.de\/aktuelles\/wussten-sie-schon-2\/cad-geschichte\/#breadcrumb\",\"itemListElement\":[{\"@type\":\"ListItem\",\"position\":1,\"name\":\"Home\",\"item\":\"https:\/\/artech-consulting.de\/\"},{\"@type\":\"ListItem\",\"position\":2,\"name\":\"Aktuelles\",\"item\":\"https:\/\/artech-consulting.de\/aktuelles\/\"},{\"@type\":\"ListItem\",\"position\":3,\"name\":\"Wissen &#038; Impulse\",\"item\":\"https:\/\/artech-consulting.de\/aktuelles\/wussten-sie-schon-2\/\"},{\"@type\":\"ListItem\",\"position\":4,\"name\":\"CAD-Geschichte\"}]},{\"@type\":\"WebSite\",\"@id\":\"https:\/\/artech-consulting.de\/#website\",\"url\":\"https:\/\/artech-consulting.de\/\",\"name\":\"\",\"description\":\"\",\"publisher\":{\"@id\":\"https:\/\/artech-consulting.de\/#organization\"},\"potentialAction\":[{\"@type\":\"SearchAction\",\"target\":{\"@type\":\"EntryPoint\",\"urlTemplate\":\"https:\/\/artech-consulting.de\/?s={search_term_string}\"},\"query-input\":{\"@type\":\"PropertyValueSpecification\",\"valueRequired\":true,\"valueName\":\"search_term_string\"}}],\"inLanguage\":\"en-US\"},{\"@type\":\"Organization\",\"@id\":\"https:\/\/artech-consulting.de\/#organization\",\"name\":\"Artecch Consulting\",\"url\":\"https:\/\/artech-consulting.de\/\",\"logo\":{\"@type\":\"ImageObject\",\"inLanguage\":\"en-US\",\"@id\":\"https:\/\/artech-consulting.de\/#\/schema\/logo\/image\/\",\"url\":\"https:\/\/artech-consulting.de\/wp-content\/uploads\/2015\/06\/cropped-ARTech_Logo_rgb_600frei.png\",\"contentUrl\":\"https:\/\/artech-consulting.de\/wp-content\/uploads\/2015\/06\/cropped-ARTech_Logo_rgb_600frei.png\",\"width\":6805,\"height\":1554,\"caption\":\"Artecch Consulting\"},\"image\":{\"@id\":\"https:\/\/artech-consulting.de\/#\/schema\/logo\/image\/\"},\"sameAs\":[\"https:\/\/www.facebook.com\/ARTECH-Consulting-GmbH-367676580239744\/\",\"https:\/\/www.linkedin.com\/company\/artech-consulting-gmbh?report_success=8jyhy2niUpAFvknlZbso8OXCShshmpUnzp3NjIJ2m7yhSVK6-d3cj9EZShsc4o_DdpkqGOtZmrfmVAwicnuvayqF\"]}]}<\/script>\n<!-- \/ Yoast SEO plugin. -->","yoast_head_json":{"title":"CAD-Geschichte -","description":"Die Bezeichnung CAD hatte ihren Ursprung Mitte des 20. Jahrhunderts bei der Entwicklung eines Programmiersystems.","robots":{"index":"index","follow":"follow","max-snippet":"max-snippet:-1","max-image-preview":"max-image-preview:large","max-video-preview":"max-video-preview:-1"},"canonical":"https:\/\/artech-consulting.de\/aktuelles\/wussten-sie-schon-2\/cad-geschichte\/","og_locale":"en_US","og_type":"article","og_title":"Von der Bleistiftskizze zur 3D-Simulation","og_description":"Die Bezeichnung CAD hatte ihren Ursprung Mitte des 20. Jahrhunderts bei der Entwicklung eines Programmiersystems. Die ersten Schritte zur professionellen Konstruktions-Software wurden in den 60ern an Hochschulen und in der Flugzeugindustrie gemacht.","og_url":"https:\/\/artech-consulting.de\/aktuelles\/wussten-sie-schon-2\/cad-geschichte\/","article_publisher":"https:\/\/www.facebook.com\/ARTECH-Consulting-GmbH-367676580239744\/","article_modified_time":"2018-11-26T11:55:55+00:00","twitter_card":"summary_large_image","twitter_misc":{"Est. reading time":"1 minute"},"schema":{"@context":"https:\/\/schema.org","@graph":[{"@type":"WebPage","@id":"https:\/\/artech-consulting.de\/aktuelles\/wussten-sie-schon-2\/cad-geschichte\/","url":"https:\/\/artech-consulting.de\/aktuelles\/wussten-sie-schon-2\/cad-geschichte\/","name":"CAD-Geschichte -","isPartOf":{"@id":"https:\/\/artech-consulting.de\/#website"},"datePublished":"2017-01-02T09:13:57+00:00","dateModified":"2018-11-26T11:55:55+00:00","description":"{:de}Die Bezeichnung CAD hatte ihren Ursprung Mitte des 20. Jahrhunderts bei der Entwicklung eines Programmiersystems.{:}{:en}Die Bezeichnung CAD hatte ihren Ursprung Mitte des 20. Jahrhunderts bei der Entwicklung eines Programmiersystems.{:}","breadcrumb":{"@id":"https:\/\/artech-consulting.de\/aktuelles\/wussten-sie-schon-2\/cad-geschichte\/#breadcrumb"},"inLanguage":"en-US","potentialAction":[{"@type":"ReadAction","target":["https:\/\/artech-consulting.de\/aktuelles\/wussten-sie-schon-2\/cad-geschichte\/"]}]},{"@type":"BreadcrumbList","@id":"https:\/\/artech-consulting.de\/aktuelles\/wussten-sie-schon-2\/cad-geschichte\/#breadcrumb","itemListElement":[{"@type":"ListItem","position":1,"name":"Home","item":"https:\/\/artech-consulting.de\/"},{"@type":"ListItem","position":2,"name":"Aktuelles","item":"https:\/\/artech-consulting.de\/aktuelles\/"},{"@type":"ListItem","position":3,"name":"Wissen &#038; Impulse","item":"https:\/\/artech-consulting.de\/aktuelles\/wussten-sie-schon-2\/"},{"@type":"ListItem","position":4,"name":"CAD-Geschichte"}]},{"@type":"WebSite","@id":"https:\/\/artech-consulting.de\/#website","url":"https:\/\/artech-consulting.de\/","name":"","description":"","publisher":{"@id":"https:\/\/artech-consulting.de\/#organization"},"potentialAction":[{"@type":"SearchAction","target":{"@type":"EntryPoint","urlTemplate":"https:\/\/artech-consulting.de\/?s={search_term_string}"},"query-input":{"@type":"PropertyValueSpecification","valueRequired":true,"valueName":"search_term_string"}}],"inLanguage":"en-US"},{"@type":"Organization","@id":"https:\/\/artech-consulting.de\/#organization","name":"Artecch Consulting","url":"https:\/\/artech-consulting.de\/","logo":{"@type":"ImageObject","inLanguage":"en-US","@id":"https:\/\/artech-consulting.de\/#\/schema\/logo\/image\/","url":"https:\/\/artech-consulting.de\/wp-content\/uploads\/2015\/06\/cropped-ARTech_Logo_rgb_600frei.png","contentUrl":"https:\/\/artech-consulting.de\/wp-content\/uploads\/2015\/06\/cropped-ARTech_Logo_rgb_600frei.png","width":6805,"height":1554,"caption":"Artecch Consulting"},"image":{"@id":"https:\/\/artech-consulting.de\/#\/schema\/logo\/image\/"},"sameAs":["https:\/\/www.facebook.com\/ARTECH-Consulting-GmbH-367676580239744\/","https:\/\/www.linkedin.com\/company\/artech-consulting-gmbh?report_success=8jyhy2niUpAFvknlZbso8OXCShshmpUnzp3NjIJ2m7yhSVK6-d3cj9EZShsc4o_DdpkqGOtZmrfmVAwicnuvayqF"]}]}},"_links":{"self":[{"href":"https:\/\/artech-consulting.de\/en\/wp-json\/wp\/v2\/pages\/2445"}],"collection":[{"href":"https:\/\/artech-consulting.de\/en\/wp-json\/wp\/v2\/pages"}],"about":[{"href":"https:\/\/artech-consulting.de\/en\/wp-json\/wp\/v2\/types\/page"}],"author":[{"embeddable":true,"href":"https:\/\/artech-consulting.de\/en\/wp-json\/wp\/v2\/users\/1"}],"replies":[{"embeddable":true,"href":"https:\/\/artech-consulting.de\/en\/wp-json\/wp\/v2\/comments?post=2445"}],"version-history":[{"count":10,"href":"https:\/\/artech-consulting.de\/en\/wp-json\/wp\/v2\/pages\/2445\/revisions"}],"predecessor-version":[{"id":3752,"href":"https:\/\/artech-consulting.de\/en\/wp-json\/wp\/v2\/pages\/2445\/revisions\/3752"}],"up":[{"embeddable":true,"href":"https:\/\/artech-consulting.de\/en\/wp-json\/wp\/v2\/pages\/4507"}],"wp:attachment":[{"href":"https:\/\/artech-consulting.de\/en\/wp-json\/wp\/v2\/media?parent=2445"}],"curies":[{"name":"wp","href":"https:\/\/api.w.org\/{rel}","templated":true}]}}