{"id":2453,"date":"2017-01-05T09:51:55","date_gmt":"2017-01-05T08:51:55","guid":{"rendered":"https:\/\/artech-consulting.de\/?page_id=2453"},"modified":"2018-11-23T14:27:36","modified_gmt":"2018-11-23T13:27:36","slug":"ces-2018","status":"publish","type":"page","link":"https:\/\/artech-consulting.de\/en\/aktuelles\/ces-2018\/","title":{"rendered":"CES 2017"},"content":{"rendered":"<p><strong>CES 2017 \u2013 Autobauer zeigen auf der IT-Messe ihre innovativen Technologien<\/strong><\/p>\n<p>Die International Consumer Electronics Show (CES) findet jedes Jahr Anfang Januar in Las Vegas statt und geh\u00f6rt zu der weltweit gr\u00f6\u00dften Elektronikmesse. Einlass zur CES erhalten nur geladene G\u00e4ste wie Branchen-Fachleute, Journalisten und Sparten-Insider.<\/p>\n<p>Die Messe bietet Einblicke in die Neuheiten mit Zukunftspotenzial und ist auch f\u00fcr viele Autobauer zum Pflichttermin geworden. So tummeln sich neben IT-Riesen wie Sony oder Samsung inzwischen vermehrt gro\u00dfe Automobilkonzerne wie Mercedes und BMW w\u00e4hrend der vier Tage in der W\u00fcste von Nevada und pr\u00e4sentieren ihre neuesten Technologien. Ob schwebende Boxen, Hightech-TV oder selbstfahrende Autos \u2013 auf der CES findet das Technikherz alles was es begehrt.<\/p>\n<p>So pr\u00e4sentiert unter anderem BMW sein Hologramm zur Ger\u00e4testeuerung. Mit dem Bedienkonzept \u201aHolo Active Touch\u2019 k\u00f6nnen Fahrer auf einem dreidimensionalen Bild unterschiedliche Funktionen steuern ohne dabei einen Knopf zu ber\u00fchren. Bosch tritt mit neuen Apps zur Vernetzung von Haushaltsger\u00e4ten sowie Werkzeugen hervor und \u00fcberrascht dabei vor allem Ingenieure. Die neue App soll Werkzeuge personalisieren, individuell konfigurieren und diese Einstellungen f\u00fcr k\u00fcnftige Arbeiten speichern k\u00f6nnen.<\/p>\n<p>Auf der Agenda f\u00fcr 2017 stehen vor allem autonomes Fahren und alternative Antriebe ganz oben auf der Liste. Als erste gro\u00dfe Technikmesse im neuen Jahr gilt die CES als erster Indikator daf\u00fcr, wohin sich die IT-Welt im Laufe des Jahres entwickeln k\u00f6nnte.<\/p>\n<p><a href=\"http:\/\/www.ces.tech\/\">http:\/\/www.ces.tech\/<\/a><\/p>","protected":false},"excerpt":{"rendered":"<p>CES 2017 \u2013 Autobauer zeigen auf der IT-Messe ihre innovativen Technologien Die International Consumer Electronics Show (CES) findet jedes Jahr Anfang Januar in Las Vegas statt und geh\u00f6rt zu der weltweit gr\u00f6\u00dften Elektronikmesse. Einlass zur CES erhalten nur geladene G\u00e4ste <a href=\"https:\/\/artech-consulting.de\/en\/aktuelles\/ces-2018\/\" class=\"read-more\">Read More<\/a><\/p>\n","protected":false},"author":1,"featured_media":0,"parent":4290,"menu_order":0,"comment_status":"closed","ping_status":"closed","template":"","meta":{"footnotes":""},"yoast_head":"<!-- This site is optimized with the Yoast SEO plugin v23.5 - https:\/\/yoast.com\/wordpress\/plugins\/seo\/ -->\n<title>CES 2017 -<\/title>\n<meta name=\"description\" content=\"Die CES findet jedes Jahr in Las Vegas statt und bietet als weltweit gr\u00f6\u00dfte Elektronikmesse Einblicke in technologische Neuheiten mit Zukunftspotenzial.\" \/>\n<meta name=\"robots\" content=\"index, follow, max-snippet:-1, max-image-preview:large, max-video-preview:-1\" \/>\n<link rel=\"canonical\" href=\"https:\/\/artech-consulting.de\/aktuelles\/ces-2018\/\" \/>\n<meta property=\"og:locale\" content=\"en_US\" \/>\n<meta property=\"og:type\" content=\"article\" \/>\n<meta property=\"og:title\" content=\"CES 2018 \u2013 Autobauer zeigen auf der IT-Messe ihre innovativen Technologien\" \/>\n<meta property=\"og:description\" content=\"Die International Consumer Electronics Show (CES) findet jedes Jahr Anfang Januar in Las Vegas statt und bietet als weltweit gr\u00f6\u00dfte Elektronikmesse Einblicke in die technologischen Neuheiten mit Zukunftspotenzial.\" \/>\n<meta property=\"og:url\" content=\"https:\/\/artech-consulting.de\/aktuelles\/ces-2018\/\" \/>\n<meta property=\"article:publisher\" content=\"https:\/\/www.facebook.com\/ARTECH-Consulting-GmbH-367676580239744\/\" \/>\n<meta property=\"article:modified_time\" content=\"2018-11-23T13:27:36+00:00\" \/>\n<meta name=\"twitter:card\" content=\"summary_large_image\" \/>\n<meta name=\"twitter:label1\" content=\"Est. reading time\" \/>\n\t<meta name=\"twitter:data1\" content=\"2 minutes\" \/>\n<script type=\"application\/ld+json\" class=\"yoast-schema-graph\">{\"@context\":\"https:\/\/schema.org\",\"@graph\":[{\"@type\":\"WebPage\",\"@id\":\"https:\/\/artech-consulting.de\/aktuelles\/ces-2018\/\",\"url\":\"https:\/\/artech-consulting.de\/aktuelles\/ces-2018\/\",\"name\":\"CES 2017 -\",\"isPartOf\":{\"@id\":\"https:\/\/artech-consulting.de\/#website\"},\"datePublished\":\"2017-01-05T08:51:55+00:00\",\"dateModified\":\"2018-11-23T13:27:36+00:00\",\"description\":\"{:de}Die International Consumer Electronics Show (CES) findet jedes Jahr Anfang Januar in Las Vegas statt und bietet als weltweit gr\u00f6\u00dfte Elektronikmesse Einblicke in die technologischen Neuheiten mit Zukunftspotenzial.{:}{:en}Die CES findet jedes Jahr in Las Vegas statt und bietet als weltweit gr\u00f6\u00dfte Elektronikmesse Einblicke in technologische Neuheiten mit Zukunftspotenzial.{:}\",\"breadcrumb\":{\"@id\":\"https:\/\/artech-consulting.de\/aktuelles\/ces-2018\/#breadcrumb\"},\"inLanguage\":\"en-US\",\"potentialAction\":[{\"@type\":\"ReadAction\",\"target\":[\"https:\/\/artech-consulting.de\/aktuelles\/ces-2018\/\"]}]},{\"@type\":\"BreadcrumbList\",\"@id\":\"https:\/\/artech-consulting.de\/aktuelles\/ces-2018\/#breadcrumb\",\"itemListElement\":[{\"@type\":\"ListItem\",\"position\":1,\"name\":\"Home\",\"item\":\"https:\/\/artech-consulting.de\/\"},{\"@type\":\"ListItem\",\"position\":2,\"name\":\"Aktuelles\",\"item\":\"https:\/\/artech-consulting.de\/aktuelles\/\"},{\"@type\":\"ListItem\",\"position\":3,\"name\":\"CES 2018\"}]},{\"@type\":\"WebSite\",\"@id\":\"https:\/\/artech-consulting.de\/#website\",\"url\":\"https:\/\/artech-consulting.de\/\",\"name\":\"\",\"description\":\"\",\"publisher\":{\"@id\":\"https:\/\/artech-consulting.de\/#organization\"},\"potentialAction\":[{\"@type\":\"SearchAction\",\"target\":{\"@type\":\"EntryPoint\",\"urlTemplate\":\"https:\/\/artech-consulting.de\/?s={search_term_string}\"},\"query-input\":{\"@type\":\"PropertyValueSpecification\",\"valueRequired\":true,\"valueName\":\"search_term_string\"}}],\"inLanguage\":\"en-US\"},{\"@type\":\"Organization\",\"@id\":\"https:\/\/artech-consulting.de\/#organization\",\"name\":\"Artecch Consulting\",\"url\":\"https:\/\/artech-consulting.de\/\",\"logo\":{\"@type\":\"ImageObject\",\"inLanguage\":\"en-US\",\"@id\":\"https:\/\/artech-consulting.de\/#\/schema\/logo\/image\/\",\"url\":\"https:\/\/artech-consulting.de\/wp-content\/uploads\/2015\/06\/cropped-ARTech_Logo_rgb_600frei.png\",\"contentUrl\":\"https:\/\/artech-consulting.de\/wp-content\/uploads\/2015\/06\/cropped-ARTech_Logo_rgb_600frei.png\",\"width\":6805,\"height\":1554,\"caption\":\"Artecch Consulting\"},\"image\":{\"@id\":\"https:\/\/artech-consulting.de\/#\/schema\/logo\/image\/\"},\"sameAs\":[\"https:\/\/www.facebook.com\/ARTECH-Consulting-GmbH-367676580239744\/\",\"https:\/\/www.linkedin.com\/company\/artech-consulting-gmbh?report_success=8jyhy2niUpAFvknlZbso8OXCShshmpUnzp3NjIJ2m7yhSVK6-d3cj9EZShsc4o_DdpkqGOtZmrfmVAwicnuvayqF\"]}]}<\/script>\n<!-- \/ Yoast SEO plugin. -->","yoast_head_json":{"title":"CES 2017 -","description":"Die CES findet jedes Jahr in Las Vegas statt und bietet als weltweit gr\u00f6\u00dfte Elektronikmesse Einblicke in technologische Neuheiten mit Zukunftspotenzial.","robots":{"index":"index","follow":"follow","max-snippet":"max-snippet:-1","max-image-preview":"max-image-preview:large","max-video-preview":"max-video-preview:-1"},"canonical":"https:\/\/artech-consulting.de\/aktuelles\/ces-2018\/","og_locale":"en_US","og_type":"article","og_title":"CES 2018 \u2013 Autobauer zeigen auf der IT-Messe ihre innovativen Technologien","og_description":"Die International Consumer Electronics Show (CES) findet jedes Jahr Anfang Januar in Las Vegas statt und bietet als weltweit gr\u00f6\u00dfte Elektronikmesse Einblicke in die technologischen Neuheiten mit Zukunftspotenzial.","og_url":"https:\/\/artech-consulting.de\/aktuelles\/ces-2018\/","article_publisher":"https:\/\/www.facebook.com\/ARTECH-Consulting-GmbH-367676580239744\/","article_modified_time":"2018-11-23T13:27:36+00:00","twitter_card":"summary_large_image","twitter_misc":{"Est. reading time":"2 minutes"},"schema":{"@context":"https:\/\/schema.org","@graph":[{"@type":"WebPage","@id":"https:\/\/artech-consulting.de\/aktuelles\/ces-2018\/","url":"https:\/\/artech-consulting.de\/aktuelles\/ces-2018\/","name":"CES 2017 -","isPartOf":{"@id":"https:\/\/artech-consulting.de\/#website"},"datePublished":"2017-01-05T08:51:55+00:00","dateModified":"2018-11-23T13:27:36+00:00","description":"{:de}Die International Consumer Electronics Show (CES) findet jedes Jahr Anfang Januar in Las Vegas statt und bietet als weltweit gr\u00f6\u00dfte Elektronikmesse Einblicke in die technologischen Neuheiten mit Zukunftspotenzial.{:}{:en}Die CES findet jedes Jahr in Las Vegas statt und bietet als weltweit gr\u00f6\u00dfte Elektronikmesse Einblicke in technologische Neuheiten mit Zukunftspotenzial.{:}","breadcrumb":{"@id":"https:\/\/artech-consulting.de\/aktuelles\/ces-2018\/#breadcrumb"},"inLanguage":"en-US","potentialAction":[{"@type":"ReadAction","target":["https:\/\/artech-consulting.de\/aktuelles\/ces-2018\/"]}]},{"@type":"BreadcrumbList","@id":"https:\/\/artech-consulting.de\/aktuelles\/ces-2018\/#breadcrumb","itemListElement":[{"@type":"ListItem","position":1,"name":"Home","item":"https:\/\/artech-consulting.de\/"},{"@type":"ListItem","position":2,"name":"Aktuelles","item":"https:\/\/artech-consulting.de\/aktuelles\/"},{"@type":"ListItem","position":3,"name":"CES 2018"}]},{"@type":"WebSite","@id":"https:\/\/artech-consulting.de\/#website","url":"https:\/\/artech-consulting.de\/","name":"","description":"","publisher":{"@id":"https:\/\/artech-consulting.de\/#organization"},"potentialAction":[{"@type":"SearchAction","target":{"@type":"EntryPoint","urlTemplate":"https:\/\/artech-consulting.de\/?s={search_term_string}"},"query-input":{"@type":"PropertyValueSpecification","valueRequired":true,"valueName":"search_term_string"}}],"inLanguage":"en-US"},{"@type":"Organization","@id":"https:\/\/artech-consulting.de\/#organization","name":"Artecch Consulting","url":"https:\/\/artech-consulting.de\/","logo":{"@type":"ImageObject","inLanguage":"en-US","@id":"https:\/\/artech-consulting.de\/#\/schema\/logo\/image\/","url":"https:\/\/artech-consulting.de\/wp-content\/uploads\/2015\/06\/cropped-ARTech_Logo_rgb_600frei.png","contentUrl":"https:\/\/artech-consulting.de\/wp-content\/uploads\/2015\/06\/cropped-ARTech_Logo_rgb_600frei.png","width":6805,"height":1554,"caption":"Artecch Consulting"},"image":{"@id":"https:\/\/artech-consulting.de\/#\/schema\/logo\/image\/"},"sameAs":["https:\/\/www.facebook.com\/ARTECH-Consulting-GmbH-367676580239744\/","https:\/\/www.linkedin.com\/company\/artech-consulting-gmbh?report_success=8jyhy2niUpAFvknlZbso8OXCShshmpUnzp3NjIJ2m7yhSVK6-d3cj9EZShsc4o_DdpkqGOtZmrfmVAwicnuvayqF"]}]}},"_links":{"self":[{"href":"https:\/\/artech-consulting.de\/en\/wp-json\/wp\/v2\/pages\/2453"}],"collection":[{"href":"https:\/\/artech-consulting.de\/en\/wp-json\/wp\/v2\/pages"}],"about":[{"href":"https:\/\/artech-consulting.de\/en\/wp-json\/wp\/v2\/types\/page"}],"author":[{"embeddable":true,"href":"https:\/\/artech-consulting.de\/en\/wp-json\/wp\/v2\/users\/1"}],"replies":[{"embeddable":true,"href":"https:\/\/artech-consulting.de\/en\/wp-json\/wp\/v2\/comments?post=2453"}],"version-history":[{"count":9,"href":"https:\/\/artech-consulting.de\/en\/wp-json\/wp\/v2\/pages\/2453\/revisions"}],"predecessor-version":[{"id":3165,"href":"https:\/\/artech-consulting.de\/en\/wp-json\/wp\/v2\/pages\/2453\/revisions\/3165"}],"up":[{"embeddable":true,"href":"https:\/\/artech-consulting.de\/en\/wp-json\/wp\/v2\/pages\/4290"}],"wp:attachment":[{"href":"https:\/\/artech-consulting.de\/en\/wp-json\/wp\/v2\/media?parent=2453"}],"curies":[{"name":"wp","href":"https:\/\/api.w.org\/{rel}","templated":true}]}}