{"id":2473,"date":"2017-01-09T09:33:05","date_gmt":"2017-01-09T08:33:05","guid":{"rendered":"https:\/\/artech-consulting.de\/?page_id=2473"},"modified":"2018-11-26T12:53:54","modified_gmt":"2018-11-26T11:53:54","slug":"plm-geschichte","status":"publish","type":"page","link":"https:\/\/artech-consulting.de\/en\/aktuelles\/wussten-sie-schon-2\/plm-geschichte\/","title":{"rendered":"PLM &#8211; Geschichte"},"content":{"rendered":"<p><strong>Aus einer Idee wird ein Datengenie<\/strong><\/p>\n<p>Aus einem Programm f\u00fcr Produktdatenmanagement entstanden, entwickelte sich das \u201aProduct Lifecycle Management\u2018 zu einer bedeutenden Software f\u00fcr die Produktentwicklung. Seine Entstehung hat PLM dem verst\u00e4rkten Verlangen vieler Unternehmen nach einem Programm mit elektronischen Verwaltungssystemen zu verdanken. Ein bestimmter Gr\u00fcndungsvater ist historisch schwer auszumachen, allerdings suchten zu Beginn der 90er Jahre viele Firmen h\u00e4nderingend nach einer Anwendung, mit der sie die Entwicklungsphasen der Produkte verk\u00fcrzen konnten.<\/p>\n<p>Dabei ist PLM als eine Art Weiterentwicklung eines Konzeptes und Verkn\u00fcpfung bereits existierender Technologien zu verstehen. Aufgrund des zunehmenden Einsatzes von Programmen f\u00fcr die Konstruktion und der damit zusammenh\u00e4ngenden erforderlichen Integration von technischen Produktdaten etablierte sich dieses Konzept Ende des 20. Jahrhundert allm\u00e4hlich auf dem IT-Markt. Am Ende stand mit PLM ein fertiges System, das den Unternehmen die Verwaltung und Steuerung der Produktlebenszyklen erm\u00f6glichte.<\/p>","protected":false},"excerpt":{"rendered":"<p>Aus einer Idee wird ein Datengenie Aus einem Programm f\u00fcr Produktdatenmanagement entstanden, entwickelte sich das \u201aProduct Lifecycle Management\u2018 zu einer bedeutenden Software f\u00fcr die Produktentwicklung. Seine Entstehung hat PLM dem verst\u00e4rkten Verlangen vieler Unternehmen nach einem Programm mit elektronischen Verwaltungssystemen <a href=\"https:\/\/artech-consulting.de\/en\/aktuelles\/wussten-sie-schon-2\/plm-geschichte\/\" class=\"read-more\">Read More<\/a><\/p>\n","protected":false},"author":1,"featured_media":0,"parent":4507,"menu_order":0,"comment_status":"closed","ping_status":"closed","template":"","meta":{"footnotes":""},"yoast_head":"<!-- This site is optimized with the Yoast SEO plugin v23.5 - https:\/\/yoast.com\/wordpress\/plugins\/seo\/ -->\n<title>PLM - Geschichte -<\/title>\n<meta name=\"description\" content=\"Aus einem Programm f\u00fcr Produktdatenmanagement entstanden, entwickelte sich das PLM zu einer bedeutenden Software f\u00fcr die Produktentwicklung.\" \/>\n<meta name=\"robots\" content=\"index, follow, max-snippet:-1, max-image-preview:large, max-video-preview:-1\" \/>\n<link rel=\"canonical\" href=\"https:\/\/artech-consulting.de\/aktuelles\/wussten-sie-schon-2\/plm-geschichte\/\" \/>\n<meta property=\"og:locale\" content=\"en_US\" \/>\n<meta property=\"og:type\" content=\"article\" \/>\n<meta property=\"og:title\" content=\"Aus einer Idee wird ein Datengenie\" \/>\n<meta property=\"og:description\" content=\"Aus einem Programm f\u00fcr Produktdatenmanagement entstanden, entwickelte sich das \u201aProduct Lifecycle Management\u2018 zu einer bedeutenden Software f\u00fcr die Produktentwicklung. Der stetig wachsende Wunsch nach elektronischen Verwaltungssystemen etablierte in den 90ern PLM auf dem IT-Markt.\" \/>\n<meta property=\"og:url\" content=\"https:\/\/artech-consulting.de\/aktuelles\/wussten-sie-schon-2\/plm-geschichte\/\" \/>\n<meta property=\"article:publisher\" content=\"https:\/\/www.facebook.com\/ARTECH-Consulting-GmbH-367676580239744\/\" \/>\n<meta property=\"article:modified_time\" content=\"2018-11-26T11:53:54+00:00\" \/>\n<meta property=\"og:image\" content=\"https:\/\/artech-consulting.de\/wp-content\/uploads\/2017\/01\/Folie1-300x288.jpg\" \/>\n<meta name=\"twitter:card\" content=\"summary_large_image\" \/>\n<meta name=\"twitter:label1\" content=\"Est. reading time\" \/>\n\t<meta name=\"twitter:data1\" content=\"1 minute\" \/>\n<script type=\"application\/ld+json\" class=\"yoast-schema-graph\">{\"@context\":\"https:\/\/schema.org\",\"@graph\":[{\"@type\":\"WebPage\",\"@id\":\"https:\/\/artech-consulting.de\/aktuelles\/wussten-sie-schon-2\/plm-geschichte\/\",\"url\":\"https:\/\/artech-consulting.de\/aktuelles\/wussten-sie-schon-2\/plm-geschichte\/\",\"name\":\"PLM - Geschichte -\",\"isPartOf\":{\"@id\":\"https:\/\/artech-consulting.de\/#website\"},\"primaryImageOfPage\":{\"@id\":\"https:\/\/artech-consulting.de\/aktuelles\/wussten-sie-schon-2\/plm-geschichte\/#primaryimage\"},\"image\":{\"@id\":\"https:\/\/artech-consulting.de\/aktuelles\/wussten-sie-schon-2\/plm-geschichte\/#primaryimage\"},\"thumbnailUrl\":\"https:\/\/artech-consulting.de\/wp-content\/uploads\/2017\/01\/Folie1-300x288.jpg\",\"datePublished\":\"2017-01-09T08:33:05+00:00\",\"dateModified\":\"2018-11-26T11:53:54+00:00\",\"description\":\"Aus einem Programm f\u00fcr Produktdatenmanagement entstanden, entwickelte sich das PLM zu einer bedeutenden Software f\u00fcr die Produktentwicklung.\",\"breadcrumb\":{\"@id\":\"https:\/\/artech-consulting.de\/aktuelles\/wussten-sie-schon-2\/plm-geschichte\/#breadcrumb\"},\"inLanguage\":\"en-US\",\"potentialAction\":[{\"@type\":\"ReadAction\",\"target\":[\"https:\/\/artech-consulting.de\/aktuelles\/wussten-sie-schon-2\/plm-geschichte\/\"]}]},{\"@type\":\"ImageObject\",\"inLanguage\":\"en-US\",\"@id\":\"https:\/\/artech-consulting.de\/aktuelles\/wussten-sie-schon-2\/plm-geschichte\/#primaryimage\",\"url\":\"https:\/\/artech-consulting.de\/wp-content\/uploads\/2017\/01\/Folie1-300x288.jpg\",\"contentUrl\":\"https:\/\/artech-consulting.de\/wp-content\/uploads\/2017\/01\/Folie1-300x288.jpg\"},{\"@type\":\"BreadcrumbList\",\"@id\":\"https:\/\/artech-consulting.de\/aktuelles\/wussten-sie-schon-2\/plm-geschichte\/#breadcrumb\",\"itemListElement\":[{\"@type\":\"ListItem\",\"position\":1,\"name\":\"Home\",\"item\":\"https:\/\/artech-consulting.de\/\"},{\"@type\":\"ListItem\",\"position\":2,\"name\":\"Aktuelles\",\"item\":\"https:\/\/artech-consulting.de\/aktuelles\/\"},{\"@type\":\"ListItem\",\"position\":3,\"name\":\"Wissen &#038; Impulse\",\"item\":\"https:\/\/artech-consulting.de\/aktuelles\/wussten-sie-schon-2\/\"},{\"@type\":\"ListItem\",\"position\":4,\"name\":\"PLM &#8211; Geschichte\"}]},{\"@type\":\"WebSite\",\"@id\":\"https:\/\/artech-consulting.de\/#website\",\"url\":\"https:\/\/artech-consulting.de\/\",\"name\":\"\",\"description\":\"\",\"publisher\":{\"@id\":\"https:\/\/artech-consulting.de\/#organization\"},\"potentialAction\":[{\"@type\":\"SearchAction\",\"target\":{\"@type\":\"EntryPoint\",\"urlTemplate\":\"https:\/\/artech-consulting.de\/?s={search_term_string}\"},\"query-input\":{\"@type\":\"PropertyValueSpecification\",\"valueRequired\":true,\"valueName\":\"search_term_string\"}}],\"inLanguage\":\"en-US\"},{\"@type\":\"Organization\",\"@id\":\"https:\/\/artech-consulting.de\/#organization\",\"name\":\"Artecch Consulting\",\"url\":\"https:\/\/artech-consulting.de\/\",\"logo\":{\"@type\":\"ImageObject\",\"inLanguage\":\"en-US\",\"@id\":\"https:\/\/artech-consulting.de\/#\/schema\/logo\/image\/\",\"url\":\"https:\/\/artech-consulting.de\/wp-content\/uploads\/2015\/06\/cropped-ARTech_Logo_rgb_600frei.png\",\"contentUrl\":\"https:\/\/artech-consulting.de\/wp-content\/uploads\/2015\/06\/cropped-ARTech_Logo_rgb_600frei.png\",\"width\":6805,\"height\":1554,\"caption\":\"Artecch Consulting\"},\"image\":{\"@id\":\"https:\/\/artech-consulting.de\/#\/schema\/logo\/image\/\"},\"sameAs\":[\"https:\/\/www.facebook.com\/ARTECH-Consulting-GmbH-367676580239744\/\",\"https:\/\/www.linkedin.com\/company\/artech-consulting-gmbh?report_success=8jyhy2niUpAFvknlZbso8OXCShshmpUnzp3NjIJ2m7yhSVK6-d3cj9EZShsc4o_DdpkqGOtZmrfmVAwicnuvayqF\"]}]}<\/script>\n<!-- \/ Yoast SEO plugin. -->","yoast_head_json":{"title":"PLM - Geschichte -","description":"Aus einem Programm f\u00fcr Produktdatenmanagement entstanden, entwickelte sich das PLM zu einer bedeutenden Software f\u00fcr die Produktentwicklung.","robots":{"index":"index","follow":"follow","max-snippet":"max-snippet:-1","max-image-preview":"max-image-preview:large","max-video-preview":"max-video-preview:-1"},"canonical":"https:\/\/artech-consulting.de\/aktuelles\/wussten-sie-schon-2\/plm-geschichte\/","og_locale":"en_US","og_type":"article","og_title":"Aus einer Idee wird ein Datengenie","og_description":"Aus einem Programm f\u00fcr Produktdatenmanagement entstanden, entwickelte sich das \u201aProduct Lifecycle Management\u2018 zu einer bedeutenden Software f\u00fcr die Produktentwicklung. Der stetig wachsende Wunsch nach elektronischen Verwaltungssystemen etablierte in den 90ern PLM auf dem IT-Markt.","og_url":"https:\/\/artech-consulting.de\/aktuelles\/wussten-sie-schon-2\/plm-geschichte\/","article_publisher":"https:\/\/www.facebook.com\/ARTECH-Consulting-GmbH-367676580239744\/","article_modified_time":"2018-11-26T11:53:54+00:00","og_image":[{"url":"https:\/\/artech-consulting.de\/wp-content\/uploads\/2017\/01\/Folie1-300x288.jpg"}],"twitter_card":"summary_large_image","twitter_misc":{"Est. reading time":"1 minute"},"schema":{"@context":"https:\/\/schema.org","@graph":[{"@type":"WebPage","@id":"https:\/\/artech-consulting.de\/aktuelles\/wussten-sie-schon-2\/plm-geschichte\/","url":"https:\/\/artech-consulting.de\/aktuelles\/wussten-sie-schon-2\/plm-geschichte\/","name":"PLM - Geschichte -","isPartOf":{"@id":"https:\/\/artech-consulting.de\/#website"},"primaryImageOfPage":{"@id":"https:\/\/artech-consulting.de\/aktuelles\/wussten-sie-schon-2\/plm-geschichte\/#primaryimage"},"image":{"@id":"https:\/\/artech-consulting.de\/aktuelles\/wussten-sie-schon-2\/plm-geschichte\/#primaryimage"},"thumbnailUrl":"https:\/\/artech-consulting.de\/wp-content\/uploads\/2017\/01\/Folie1-300x288.jpg","datePublished":"2017-01-09T08:33:05+00:00","dateModified":"2018-11-26T11:53:54+00:00","description":"Aus einem Programm f\u00fcr Produktdatenmanagement entstanden, entwickelte sich das PLM zu einer bedeutenden Software f\u00fcr die Produktentwicklung.","breadcrumb":{"@id":"https:\/\/artech-consulting.de\/aktuelles\/wussten-sie-schon-2\/plm-geschichte\/#breadcrumb"},"inLanguage":"en-US","potentialAction":[{"@type":"ReadAction","target":["https:\/\/artech-consulting.de\/aktuelles\/wussten-sie-schon-2\/plm-geschichte\/"]}]},{"@type":"ImageObject","inLanguage":"en-US","@id":"https:\/\/artech-consulting.de\/aktuelles\/wussten-sie-schon-2\/plm-geschichte\/#primaryimage","url":"https:\/\/artech-consulting.de\/wp-content\/uploads\/2017\/01\/Folie1-300x288.jpg","contentUrl":"https:\/\/artech-consulting.de\/wp-content\/uploads\/2017\/01\/Folie1-300x288.jpg"},{"@type":"BreadcrumbList","@id":"https:\/\/artech-consulting.de\/aktuelles\/wussten-sie-schon-2\/plm-geschichte\/#breadcrumb","itemListElement":[{"@type":"ListItem","position":1,"name":"Home","item":"https:\/\/artech-consulting.de\/"},{"@type":"ListItem","position":2,"name":"Aktuelles","item":"https:\/\/artech-consulting.de\/aktuelles\/"},{"@type":"ListItem","position":3,"name":"Wissen &#038; Impulse","item":"https:\/\/artech-consulting.de\/aktuelles\/wussten-sie-schon-2\/"},{"@type":"ListItem","position":4,"name":"PLM &#8211; Geschichte"}]},{"@type":"WebSite","@id":"https:\/\/artech-consulting.de\/#website","url":"https:\/\/artech-consulting.de\/","name":"","description":"","publisher":{"@id":"https:\/\/artech-consulting.de\/#organization"},"potentialAction":[{"@type":"SearchAction","target":{"@type":"EntryPoint","urlTemplate":"https:\/\/artech-consulting.de\/?s={search_term_string}"},"query-input":{"@type":"PropertyValueSpecification","valueRequired":true,"valueName":"search_term_string"}}],"inLanguage":"en-US"},{"@type":"Organization","@id":"https:\/\/artech-consulting.de\/#organization","name":"Artecch Consulting","url":"https:\/\/artech-consulting.de\/","logo":{"@type":"ImageObject","inLanguage":"en-US","@id":"https:\/\/artech-consulting.de\/#\/schema\/logo\/image\/","url":"https:\/\/artech-consulting.de\/wp-content\/uploads\/2015\/06\/cropped-ARTech_Logo_rgb_600frei.png","contentUrl":"https:\/\/artech-consulting.de\/wp-content\/uploads\/2015\/06\/cropped-ARTech_Logo_rgb_600frei.png","width":6805,"height":1554,"caption":"Artecch Consulting"},"image":{"@id":"https:\/\/artech-consulting.de\/#\/schema\/logo\/image\/"},"sameAs":["https:\/\/www.facebook.com\/ARTECH-Consulting-GmbH-367676580239744\/","https:\/\/www.linkedin.com\/company\/artech-consulting-gmbh?report_success=8jyhy2niUpAFvknlZbso8OXCShshmpUnzp3NjIJ2m7yhSVK6-d3cj9EZShsc4o_DdpkqGOtZmrfmVAwicnuvayqF"]}]}},"_links":{"self":[{"href":"https:\/\/artech-consulting.de\/en\/wp-json\/wp\/v2\/pages\/2473"}],"collection":[{"href":"https:\/\/artech-consulting.de\/en\/wp-json\/wp\/v2\/pages"}],"about":[{"href":"https:\/\/artech-consulting.de\/en\/wp-json\/wp\/v2\/types\/page"}],"author":[{"embeddable":true,"href":"https:\/\/artech-consulting.de\/en\/wp-json\/wp\/v2\/users\/1"}],"replies":[{"embeddable":true,"href":"https:\/\/artech-consulting.de\/en\/wp-json\/wp\/v2\/comments?post=2473"}],"version-history":[{"count":12,"href":"https:\/\/artech-consulting.de\/en\/wp-json\/wp\/v2\/pages\/2473\/revisions"}],"predecessor-version":[{"id":3756,"href":"https:\/\/artech-consulting.de\/en\/wp-json\/wp\/v2\/pages\/2473\/revisions\/3756"}],"up":[{"embeddable":true,"href":"https:\/\/artech-consulting.de\/en\/wp-json\/wp\/v2\/pages\/4507"}],"wp:attachment":[{"href":"https:\/\/artech-consulting.de\/en\/wp-json\/wp\/v2\/media?parent=2473"}],"curies":[{"name":"wp","href":"https:\/\/api.w.org\/{rel}","templated":true}]}}