{"id":2491,"date":"2017-01-11T12:05:37","date_gmt":"2017-01-11T11:05:37","guid":{"rendered":"https:\/\/artech-consulting.de\/?page_id=2491"},"modified":"2018-11-26T12:53:01","modified_gmt":"2018-11-26T11:53:01","slug":"catia-info","status":"publish","type":"page","link":"https:\/\/artech-consulting.de\/en\/aktuelles\/wussten-sie-schon-2\/catia-info\/","title":{"rendered":"CATIA &#8211; Info"},"content":{"rendered":"<p><strong>Vom Prototyp zum innovativen Produkt<\/strong><\/p>\n<p>CATIA ist eine CAD-Anwendung der Firma Dassault Systems und bedeutet \u201aComputer Aided Three-Dimensional Interactive Application\u2018. Die St\u00e4rken der Software liegen vor allem im Bereich der dreidimensionalen Produktentwicklung, die von zweidimensionalen Zeichnungen abgeleitet werden. Den vielen Unternehmen aus den unterschiedlichsten Ingenieursbranchen erm\u00f6glicht CATIA ein auf den Bed\u00fcrfnissen des Kunden optimiertes, innovatives Produkt.<\/p>\n<p>Mit Hilfe verschiedener Funktionen werden die unterschiedlichsten L\u00f6sungen fr\u00fchzeitig erkannt und in einem Programm vereint. Nutzer k\u00f6nnen \u00fcber die jeweiligen Module sowie Aufgabenbereiche wie Drafting, Part Design oder Assembly Design ein Modell erstellen und die einzeln konstruierten Bauelemente zu einem Gesamtprodukt verkn\u00fcpfen. Berechnungen am virtuellen K\u00f6rper werden vorgenommen und Feinheiten mit der 3D-Simulation abgestimmt. Dabei passt sich CATIA an das individuelle Benutzerprofil an und am Ende des Arbeitsprozesses steht ein, mit geringem Zeitaufwand, konstruiertes hochwertiges Produkt.<\/p>","protected":false},"excerpt":{"rendered":"<p>Vom Prototyp zum innovativen Produkt CATIA ist eine CAD-Anwendung der Firma Dassault Systems und bedeutet \u201aComputer Aided Three-Dimensional Interactive Application\u2018. Die St\u00e4rken der Software liegen vor allem im Bereich der dreidimensionalen Produktentwicklung, die von zweidimensionalen Zeichnungen abgeleitet werden. Den vielen <a href=\"https:\/\/artech-consulting.de\/en\/aktuelles\/wussten-sie-schon-2\/catia-info\/\" class=\"read-more\">Read More<\/a><\/p>\n","protected":false},"author":1,"featured_media":0,"parent":4507,"menu_order":0,"comment_status":"closed","ping_status":"closed","template":"","meta":{"footnotes":""},"yoast_head":"<!-- This site is optimized with the Yoast SEO plugin v23.5 - https:\/\/yoast.com\/wordpress\/plugins\/seo\/ -->\n<title>CATIA - Info -<\/title>\n<meta name=\"description\" content=\"CATIA geh\u00f6rt zu den weltweit f\u00fchrenden CAD-Systemen und \u00fcberzeugt besonders beim dreidimensionalen Konstruieren eines Modells.\" \/>\n<meta name=\"robots\" content=\"index, follow, max-snippet:-1, max-image-preview:large, max-video-preview:-1\" \/>\n<link rel=\"canonical\" href=\"https:\/\/artech-consulting.de\/aktuelles\/wussten-sie-schon-2\/catia-info\/\" \/>\n<meta property=\"og:locale\" content=\"en_US\" \/>\n<meta property=\"og:type\" content=\"article\" \/>\n<meta property=\"og:title\" content=\"Vom Prototyp zum innovativen Produkt\" \/>\n<meta property=\"og:description\" content=\"CATIA geh\u00f6rt zu den weltweit f\u00fchrenden CAD-Systemen und \u00fcberzeugt besonders beim dreidimensionalen Konstruieren eines Modells. Damit Anwender aus einem Prototypen ein verkaufsf\u00e4higes Produkt entwickeln, bietet ARTECH Consulting qualitative Trainings f\u00fcr CATIA an und zeigt Firmen die M\u00f6glichkeiten der Software auf.\" \/>\n<meta property=\"og:url\" content=\"https:\/\/artech-consulting.de\/aktuelles\/wussten-sie-schon-2\/catia-info\/\" \/>\n<meta property=\"article:publisher\" content=\"https:\/\/www.facebook.com\/ARTECH-Consulting-GmbH-367676580239744\/\" \/>\n<meta property=\"article:modified_time\" content=\"2018-11-26T11:53:01+00:00\" \/>\n<meta name=\"twitter:card\" content=\"summary_large_image\" \/>\n<meta name=\"twitter:label1\" content=\"Est. reading time\" \/>\n\t<meta name=\"twitter:data1\" content=\"1 minute\" \/>\n<script type=\"application\/ld+json\" class=\"yoast-schema-graph\">{\"@context\":\"https:\/\/schema.org\",\"@graph\":[{\"@type\":\"WebPage\",\"@id\":\"https:\/\/artech-consulting.de\/aktuelles\/wussten-sie-schon-2\/catia-info\/\",\"url\":\"https:\/\/artech-consulting.de\/aktuelles\/wussten-sie-schon-2\/catia-info\/\",\"name\":\"CATIA - Info -\",\"isPartOf\":{\"@id\":\"https:\/\/artech-consulting.de\/#website\"},\"datePublished\":\"2017-01-11T11:05:37+00:00\",\"dateModified\":\"2018-11-26T11:53:01+00:00\",\"description\":\"CATIA geh\u00f6rt zu den weltweit f\u00fchrenden CAD-Systemen und \u00fcberzeugt besonders beim dreidimensionalen Konstruieren eines Modells.\",\"breadcrumb\":{\"@id\":\"https:\/\/artech-consulting.de\/aktuelles\/wussten-sie-schon-2\/catia-info\/#breadcrumb\"},\"inLanguage\":\"en-US\",\"potentialAction\":[{\"@type\":\"ReadAction\",\"target\":[\"https:\/\/artech-consulting.de\/aktuelles\/wussten-sie-schon-2\/catia-info\/\"]}]},{\"@type\":\"BreadcrumbList\",\"@id\":\"https:\/\/artech-consulting.de\/aktuelles\/wussten-sie-schon-2\/catia-info\/#breadcrumb\",\"itemListElement\":[{\"@type\":\"ListItem\",\"position\":1,\"name\":\"Home\",\"item\":\"https:\/\/artech-consulting.de\/\"},{\"@type\":\"ListItem\",\"position\":2,\"name\":\"Aktuelles\",\"item\":\"https:\/\/artech-consulting.de\/aktuelles\/\"},{\"@type\":\"ListItem\",\"position\":3,\"name\":\"Wissen &#038; Impulse\",\"item\":\"https:\/\/artech-consulting.de\/aktuelles\/wussten-sie-schon-2\/\"},{\"@type\":\"ListItem\",\"position\":4,\"name\":\"CATIA &#8211; Info\"}]},{\"@type\":\"WebSite\",\"@id\":\"https:\/\/artech-consulting.de\/#website\",\"url\":\"https:\/\/artech-consulting.de\/\",\"name\":\"\",\"description\":\"\",\"publisher\":{\"@id\":\"https:\/\/artech-consulting.de\/#organization\"},\"potentialAction\":[{\"@type\":\"SearchAction\",\"target\":{\"@type\":\"EntryPoint\",\"urlTemplate\":\"https:\/\/artech-consulting.de\/?s={search_term_string}\"},\"query-input\":{\"@type\":\"PropertyValueSpecification\",\"valueRequired\":true,\"valueName\":\"search_term_string\"}}],\"inLanguage\":\"en-US\"},{\"@type\":\"Organization\",\"@id\":\"https:\/\/artech-consulting.de\/#organization\",\"name\":\"Artecch Consulting\",\"url\":\"https:\/\/artech-consulting.de\/\",\"logo\":{\"@type\":\"ImageObject\",\"inLanguage\":\"en-US\",\"@id\":\"https:\/\/artech-consulting.de\/#\/schema\/logo\/image\/\",\"url\":\"https:\/\/artech-consulting.de\/wp-content\/uploads\/2015\/06\/cropped-ARTech_Logo_rgb_600frei.png\",\"contentUrl\":\"https:\/\/artech-consulting.de\/wp-content\/uploads\/2015\/06\/cropped-ARTech_Logo_rgb_600frei.png\",\"width\":6805,\"height\":1554,\"caption\":\"Artecch Consulting\"},\"image\":{\"@id\":\"https:\/\/artech-consulting.de\/#\/schema\/logo\/image\/\"},\"sameAs\":[\"https:\/\/www.facebook.com\/ARTECH-Consulting-GmbH-367676580239744\/\",\"https:\/\/www.linkedin.com\/company\/artech-consulting-gmbh?report_success=8jyhy2niUpAFvknlZbso8OXCShshmpUnzp3NjIJ2m7yhSVK6-d3cj9EZShsc4o_DdpkqGOtZmrfmVAwicnuvayqF\"]}]}<\/script>\n<!-- \/ Yoast SEO plugin. -->","yoast_head_json":{"title":"CATIA - Info -","description":"CATIA geh\u00f6rt zu den weltweit f\u00fchrenden CAD-Systemen und \u00fcberzeugt besonders beim dreidimensionalen Konstruieren eines Modells.","robots":{"index":"index","follow":"follow","max-snippet":"max-snippet:-1","max-image-preview":"max-image-preview:large","max-video-preview":"max-video-preview:-1"},"canonical":"https:\/\/artech-consulting.de\/aktuelles\/wussten-sie-schon-2\/catia-info\/","og_locale":"en_US","og_type":"article","og_title":"Vom Prototyp zum innovativen Produkt","og_description":"CATIA geh\u00f6rt zu den weltweit f\u00fchrenden CAD-Systemen und \u00fcberzeugt besonders beim dreidimensionalen Konstruieren eines Modells. Damit Anwender aus einem Prototypen ein verkaufsf\u00e4higes Produkt entwickeln, bietet ARTECH Consulting qualitative Trainings f\u00fcr CATIA an und zeigt Firmen die M\u00f6glichkeiten der Software auf.","og_url":"https:\/\/artech-consulting.de\/aktuelles\/wussten-sie-schon-2\/catia-info\/","article_publisher":"https:\/\/www.facebook.com\/ARTECH-Consulting-GmbH-367676580239744\/","article_modified_time":"2018-11-26T11:53:01+00:00","twitter_card":"summary_large_image","twitter_misc":{"Est. reading time":"1 minute"},"schema":{"@context":"https:\/\/schema.org","@graph":[{"@type":"WebPage","@id":"https:\/\/artech-consulting.de\/aktuelles\/wussten-sie-schon-2\/catia-info\/","url":"https:\/\/artech-consulting.de\/aktuelles\/wussten-sie-schon-2\/catia-info\/","name":"CATIA - Info -","isPartOf":{"@id":"https:\/\/artech-consulting.de\/#website"},"datePublished":"2017-01-11T11:05:37+00:00","dateModified":"2018-11-26T11:53:01+00:00","description":"CATIA geh\u00f6rt zu den weltweit f\u00fchrenden CAD-Systemen und \u00fcberzeugt besonders beim dreidimensionalen Konstruieren eines Modells.","breadcrumb":{"@id":"https:\/\/artech-consulting.de\/aktuelles\/wussten-sie-schon-2\/catia-info\/#breadcrumb"},"inLanguage":"en-US","potentialAction":[{"@type":"ReadAction","target":["https:\/\/artech-consulting.de\/aktuelles\/wussten-sie-schon-2\/catia-info\/"]}]},{"@type":"BreadcrumbList","@id":"https:\/\/artech-consulting.de\/aktuelles\/wussten-sie-schon-2\/catia-info\/#breadcrumb","itemListElement":[{"@type":"ListItem","position":1,"name":"Home","item":"https:\/\/artech-consulting.de\/"},{"@type":"ListItem","position":2,"name":"Aktuelles","item":"https:\/\/artech-consulting.de\/aktuelles\/"},{"@type":"ListItem","position":3,"name":"Wissen &#038; Impulse","item":"https:\/\/artech-consulting.de\/aktuelles\/wussten-sie-schon-2\/"},{"@type":"ListItem","position":4,"name":"CATIA &#8211; Info"}]},{"@type":"WebSite","@id":"https:\/\/artech-consulting.de\/#website","url":"https:\/\/artech-consulting.de\/","name":"","description":"","publisher":{"@id":"https:\/\/artech-consulting.de\/#organization"},"potentialAction":[{"@type":"SearchAction","target":{"@type":"EntryPoint","urlTemplate":"https:\/\/artech-consulting.de\/?s={search_term_string}"},"query-input":{"@type":"PropertyValueSpecification","valueRequired":true,"valueName":"search_term_string"}}],"inLanguage":"en-US"},{"@type":"Organization","@id":"https:\/\/artech-consulting.de\/#organization","name":"Artecch Consulting","url":"https:\/\/artech-consulting.de\/","logo":{"@type":"ImageObject","inLanguage":"en-US","@id":"https:\/\/artech-consulting.de\/#\/schema\/logo\/image\/","url":"https:\/\/artech-consulting.de\/wp-content\/uploads\/2015\/06\/cropped-ARTech_Logo_rgb_600frei.png","contentUrl":"https:\/\/artech-consulting.de\/wp-content\/uploads\/2015\/06\/cropped-ARTech_Logo_rgb_600frei.png","width":6805,"height":1554,"caption":"Artecch Consulting"},"image":{"@id":"https:\/\/artech-consulting.de\/#\/schema\/logo\/image\/"},"sameAs":["https:\/\/www.facebook.com\/ARTECH-Consulting-GmbH-367676580239744\/","https:\/\/www.linkedin.com\/company\/artech-consulting-gmbh?report_success=8jyhy2niUpAFvknlZbso8OXCShshmpUnzp3NjIJ2m7yhSVK6-d3cj9EZShsc4o_DdpkqGOtZmrfmVAwicnuvayqF"]}]}},"_links":{"self":[{"href":"https:\/\/artech-consulting.de\/en\/wp-json\/wp\/v2\/pages\/2491"}],"collection":[{"href":"https:\/\/artech-consulting.de\/en\/wp-json\/wp\/v2\/pages"}],"about":[{"href":"https:\/\/artech-consulting.de\/en\/wp-json\/wp\/v2\/types\/page"}],"author":[{"embeddable":true,"href":"https:\/\/artech-consulting.de\/en\/wp-json\/wp\/v2\/users\/1"}],"replies":[{"embeddable":true,"href":"https:\/\/artech-consulting.de\/en\/wp-json\/wp\/v2\/comments?post=2491"}],"version-history":[{"count":7,"href":"https:\/\/artech-consulting.de\/en\/wp-json\/wp\/v2\/pages\/2491\/revisions"}],"predecessor-version":[{"id":3753,"href":"https:\/\/artech-consulting.de\/en\/wp-json\/wp\/v2\/pages\/2491\/revisions\/3753"}],"up":[{"embeddable":true,"href":"https:\/\/artech-consulting.de\/en\/wp-json\/wp\/v2\/pages\/4507"}],"wp:attachment":[{"href":"https:\/\/artech-consulting.de\/en\/wp-json\/wp\/v2\/media?parent=2491"}],"curies":[{"name":"wp","href":"https:\/\/api.w.org\/{rel}","templated":true}]}}