{"id":2500,"date":"2017-01-13T11:31:48","date_gmt":"2017-01-13T10:31:48","guid":{"rendered":"https:\/\/artech-consulting.de\/?page_id=2500"},"modified":"2018-11-26T12:52:16","modified_gmt":"2018-11-26T11:52:16","slug":"siemens-nx-info","status":"publish","type":"page","link":"https:\/\/artech-consulting.de\/en\/aktuelles\/wussten-sie-schon-2\/siemens-nx-info\/","title":{"rendered":"Siemens NX &#8211; Info"},"content":{"rendered":"<p><strong>Schnell, effizient und flexibel dank NX<\/strong><br \/>\n&nbsp;<br \/>\nNX ist eine PLM-Software aus dem Hause Siemens. Von Unigraphics Solutions entwickelt und von Siemens \u00fcbernommen, weiterentwickelt sowie vermarktet, erm\u00f6glicht die Software den Nutzern schnelle und flexible L\u00f6sungen bei der Produktentwicklung.<br \/>\n&nbsp;<br \/>\nAls interaktives System mit Tools f\u00fcr CAD, CAM oder CAE wird das Programm unter anderem in den Bereichen Fahrzeugbau, Industriedesign und mechanischen Simulationen eingesetzt. Auf diese Weise k\u00f6nnen Anwender Projekte mit komplexen Modellen, einzelnen Simulationsfunktionen oder Bauteilefertigungsl\u00f6sungen flexibel bearbeiten. Am Ende der Entwicklungsphase steht ein qualitativ hochwertiges Produkt, das mit wenig Zeitaufwand effizient hergestellt wurde und f\u00fcr die Markteinf\u00fchrung bereit ist.<br \/>\n&nbsp;<br \/>\nAuf dem Markt selbst erlangt die PLM-Software seit einiger Zeit, vor allem in der Automobilindustrie, einen h\u00f6heren Stellenwert, nachdem 2015 der schw\u00e4bische Automobilhersteller Daimler AG von CATIA auf Siemens NX umgestiegen ist.<\/p>","protected":false},"excerpt":{"rendered":"<p>Schnell, effizient und flexibel dank NX &nbsp; NX ist eine PLM-Software aus dem Hause Siemens. Von Unigraphics Solutions entwickelt und von Siemens \u00fcbernommen, weiterentwickelt sowie vermarktet, erm\u00f6glicht die Software den Nutzern schnelle und flexible L\u00f6sungen bei der Produktentwicklung. &nbsp; Als <a href=\"https:\/\/artech-consulting.de\/en\/aktuelles\/wussten-sie-schon-2\/siemens-nx-info\/\" class=\"read-more\">Read More<\/a><\/p>\n","protected":false},"author":1,"featured_media":0,"parent":4507,"menu_order":0,"comment_status":"closed","ping_status":"closed","template":"","meta":{"footnotes":""},"yoast_head":"<!-- This site is optimized with the Yoast SEO plugin v23.5 - https:\/\/yoast.com\/wordpress\/plugins\/seo\/ -->\n<title>Siemens NX - Info -<\/title>\n<meta name=\"description\" content=\"Umfassende Produktentwicklungsl\u00f6sungen f\u00fcr komplexe Projekte sind mit der PLM-Software Siemens NX aus dem Hause Siemens kein Problem.\" \/>\n<meta name=\"robots\" content=\"index, follow, max-snippet:-1, max-image-preview:large, max-video-preview:-1\" \/>\n<link rel=\"canonical\" href=\"https:\/\/artech-consulting.de\/aktuelles\/wussten-sie-schon-2\/siemens-nx-info\/\" \/>\n<meta property=\"og:locale\" content=\"en_US\" \/>\n<meta property=\"og:type\" content=\"article\" \/>\n<meta property=\"og:title\" content=\"Schnell, effizient und flexibel dank NX\" \/>\n<meta property=\"og:description\" content=\"Umfassende Produktentwicklungsl\u00f6sungen f\u00fcr komplexe Projekte sind mit der PLM-Software NX aus dem Hause Siemens kein Problem. Als interaktive Konstruktionssoftware erm\u00f6glicht NX schnelle und effiziente L\u00f6sungen bei den verschiedensten Aufgaben.\" \/>\n<meta property=\"og:url\" content=\"https:\/\/artech-consulting.de\/aktuelles\/wussten-sie-schon-2\/siemens-nx-info\/\" \/>\n<meta property=\"article:publisher\" content=\"https:\/\/www.facebook.com\/ARTECH-Consulting-GmbH-367676580239744\/\" \/>\n<meta property=\"article:modified_time\" content=\"2018-11-26T11:52:16+00:00\" \/>\n<meta name=\"twitter:card\" content=\"summary_large_image\" \/>\n<meta name=\"twitter:label1\" content=\"Est. reading time\" \/>\n\t<meta name=\"twitter:data1\" content=\"1 minute\" \/>\n<script type=\"application\/ld+json\" class=\"yoast-schema-graph\">{\"@context\":\"https:\/\/schema.org\",\"@graph\":[{\"@type\":\"WebPage\",\"@id\":\"https:\/\/artech-consulting.de\/aktuelles\/wussten-sie-schon-2\/siemens-nx-info\/\",\"url\":\"https:\/\/artech-consulting.de\/aktuelles\/wussten-sie-schon-2\/siemens-nx-info\/\",\"name\":\"Siemens NX - Info -\",\"isPartOf\":{\"@id\":\"https:\/\/artech-consulting.de\/#website\"},\"datePublished\":\"2017-01-13T10:31:48+00:00\",\"dateModified\":\"2018-11-26T11:52:16+00:00\",\"description\":\"Umfassende Produktentwicklungsl\u00f6sungen f\u00fcr komplexe Projekte sind mit der PLM-Software Siemens NX aus dem Hause Siemens kein Problem.\",\"breadcrumb\":{\"@id\":\"https:\/\/artech-consulting.de\/aktuelles\/wussten-sie-schon-2\/siemens-nx-info\/#breadcrumb\"},\"inLanguage\":\"en-US\",\"potentialAction\":[{\"@type\":\"ReadAction\",\"target\":[\"https:\/\/artech-consulting.de\/aktuelles\/wussten-sie-schon-2\/siemens-nx-info\/\"]}]},{\"@type\":\"BreadcrumbList\",\"@id\":\"https:\/\/artech-consulting.de\/aktuelles\/wussten-sie-schon-2\/siemens-nx-info\/#breadcrumb\",\"itemListElement\":[{\"@type\":\"ListItem\",\"position\":1,\"name\":\"Home\",\"item\":\"https:\/\/artech-consulting.de\/\"},{\"@type\":\"ListItem\",\"position\":2,\"name\":\"Aktuelles\",\"item\":\"https:\/\/artech-consulting.de\/aktuelles\/\"},{\"@type\":\"ListItem\",\"position\":3,\"name\":\"Wissen &#038; Impulse\",\"item\":\"https:\/\/artech-consulting.de\/aktuelles\/wussten-sie-schon-2\/\"},{\"@type\":\"ListItem\",\"position\":4,\"name\":\"Siemens NX &#8211; Info\"}]},{\"@type\":\"WebSite\",\"@id\":\"https:\/\/artech-consulting.de\/#website\",\"url\":\"https:\/\/artech-consulting.de\/\",\"name\":\"\",\"description\":\"\",\"publisher\":{\"@id\":\"https:\/\/artech-consulting.de\/#organization\"},\"potentialAction\":[{\"@type\":\"SearchAction\",\"target\":{\"@type\":\"EntryPoint\",\"urlTemplate\":\"https:\/\/artech-consulting.de\/?s={search_term_string}\"},\"query-input\":{\"@type\":\"PropertyValueSpecification\",\"valueRequired\":true,\"valueName\":\"search_term_string\"}}],\"inLanguage\":\"en-US\"},{\"@type\":\"Organization\",\"@id\":\"https:\/\/artech-consulting.de\/#organization\",\"name\":\"Artecch Consulting\",\"url\":\"https:\/\/artech-consulting.de\/\",\"logo\":{\"@type\":\"ImageObject\",\"inLanguage\":\"en-US\",\"@id\":\"https:\/\/artech-consulting.de\/#\/schema\/logo\/image\/\",\"url\":\"https:\/\/artech-consulting.de\/wp-content\/uploads\/2015\/06\/cropped-ARTech_Logo_rgb_600frei.png\",\"contentUrl\":\"https:\/\/artech-consulting.de\/wp-content\/uploads\/2015\/06\/cropped-ARTech_Logo_rgb_600frei.png\",\"width\":6805,\"height\":1554,\"caption\":\"Artecch Consulting\"},\"image\":{\"@id\":\"https:\/\/artech-consulting.de\/#\/schema\/logo\/image\/\"},\"sameAs\":[\"https:\/\/www.facebook.com\/ARTECH-Consulting-GmbH-367676580239744\/\",\"https:\/\/www.linkedin.com\/company\/artech-consulting-gmbh?report_success=8jyhy2niUpAFvknlZbso8OXCShshmpUnzp3NjIJ2m7yhSVK6-d3cj9EZShsc4o_DdpkqGOtZmrfmVAwicnuvayqF\"]}]}<\/script>\n<!-- \/ Yoast SEO plugin. -->","yoast_head_json":{"title":"Siemens NX - Info -","description":"Umfassende Produktentwicklungsl\u00f6sungen f\u00fcr komplexe Projekte sind mit der PLM-Software Siemens NX aus dem Hause Siemens kein Problem.","robots":{"index":"index","follow":"follow","max-snippet":"max-snippet:-1","max-image-preview":"max-image-preview:large","max-video-preview":"max-video-preview:-1"},"canonical":"https:\/\/artech-consulting.de\/aktuelles\/wussten-sie-schon-2\/siemens-nx-info\/","og_locale":"en_US","og_type":"article","og_title":"Schnell, effizient und flexibel dank NX","og_description":"Umfassende Produktentwicklungsl\u00f6sungen f\u00fcr komplexe Projekte sind mit der PLM-Software NX aus dem Hause Siemens kein Problem. Als interaktive Konstruktionssoftware erm\u00f6glicht NX schnelle und effiziente L\u00f6sungen bei den verschiedensten Aufgaben.","og_url":"https:\/\/artech-consulting.de\/aktuelles\/wussten-sie-schon-2\/siemens-nx-info\/","article_publisher":"https:\/\/www.facebook.com\/ARTECH-Consulting-GmbH-367676580239744\/","article_modified_time":"2018-11-26T11:52:16+00:00","twitter_card":"summary_large_image","twitter_misc":{"Est. reading time":"1 minute"},"schema":{"@context":"https:\/\/schema.org","@graph":[{"@type":"WebPage","@id":"https:\/\/artech-consulting.de\/aktuelles\/wussten-sie-schon-2\/siemens-nx-info\/","url":"https:\/\/artech-consulting.de\/aktuelles\/wussten-sie-schon-2\/siemens-nx-info\/","name":"Siemens NX - Info -","isPartOf":{"@id":"https:\/\/artech-consulting.de\/#website"},"datePublished":"2017-01-13T10:31:48+00:00","dateModified":"2018-11-26T11:52:16+00:00","description":"Umfassende Produktentwicklungsl\u00f6sungen f\u00fcr komplexe Projekte sind mit der PLM-Software Siemens NX aus dem Hause Siemens kein Problem.","breadcrumb":{"@id":"https:\/\/artech-consulting.de\/aktuelles\/wussten-sie-schon-2\/siemens-nx-info\/#breadcrumb"},"inLanguage":"en-US","potentialAction":[{"@type":"ReadAction","target":["https:\/\/artech-consulting.de\/aktuelles\/wussten-sie-schon-2\/siemens-nx-info\/"]}]},{"@type":"BreadcrumbList","@id":"https:\/\/artech-consulting.de\/aktuelles\/wussten-sie-schon-2\/siemens-nx-info\/#breadcrumb","itemListElement":[{"@type":"ListItem","position":1,"name":"Home","item":"https:\/\/artech-consulting.de\/"},{"@type":"ListItem","position":2,"name":"Aktuelles","item":"https:\/\/artech-consulting.de\/aktuelles\/"},{"@type":"ListItem","position":3,"name":"Wissen &#038; Impulse","item":"https:\/\/artech-consulting.de\/aktuelles\/wussten-sie-schon-2\/"},{"@type":"ListItem","position":4,"name":"Siemens NX &#8211; Info"}]},{"@type":"WebSite","@id":"https:\/\/artech-consulting.de\/#website","url":"https:\/\/artech-consulting.de\/","name":"","description":"","publisher":{"@id":"https:\/\/artech-consulting.de\/#organization"},"potentialAction":[{"@type":"SearchAction","target":{"@type":"EntryPoint","urlTemplate":"https:\/\/artech-consulting.de\/?s={search_term_string}"},"query-input":{"@type":"PropertyValueSpecification","valueRequired":true,"valueName":"search_term_string"}}],"inLanguage":"en-US"},{"@type":"Organization","@id":"https:\/\/artech-consulting.de\/#organization","name":"Artecch Consulting","url":"https:\/\/artech-consulting.de\/","logo":{"@type":"ImageObject","inLanguage":"en-US","@id":"https:\/\/artech-consulting.de\/#\/schema\/logo\/image\/","url":"https:\/\/artech-consulting.de\/wp-content\/uploads\/2015\/06\/cropped-ARTech_Logo_rgb_600frei.png","contentUrl":"https:\/\/artech-consulting.de\/wp-content\/uploads\/2015\/06\/cropped-ARTech_Logo_rgb_600frei.png","width":6805,"height":1554,"caption":"Artecch Consulting"},"image":{"@id":"https:\/\/artech-consulting.de\/#\/schema\/logo\/image\/"},"sameAs":["https:\/\/www.facebook.com\/ARTECH-Consulting-GmbH-367676580239744\/","https:\/\/www.linkedin.com\/company\/artech-consulting-gmbh?report_success=8jyhy2niUpAFvknlZbso8OXCShshmpUnzp3NjIJ2m7yhSVK6-d3cj9EZShsc4o_DdpkqGOtZmrfmVAwicnuvayqF"]}]}},"_links":{"self":[{"href":"https:\/\/artech-consulting.de\/en\/wp-json\/wp\/v2\/pages\/2500"}],"collection":[{"href":"https:\/\/artech-consulting.de\/en\/wp-json\/wp\/v2\/pages"}],"about":[{"href":"https:\/\/artech-consulting.de\/en\/wp-json\/wp\/v2\/types\/page"}],"author":[{"embeddable":true,"href":"https:\/\/artech-consulting.de\/en\/wp-json\/wp\/v2\/users\/1"}],"replies":[{"embeddable":true,"href":"https:\/\/artech-consulting.de\/en\/wp-json\/wp\/v2\/comments?post=2500"}],"version-history":[{"count":5,"href":"https:\/\/artech-consulting.de\/en\/wp-json\/wp\/v2\/pages\/2500\/revisions"}],"predecessor-version":[{"id":3760,"href":"https:\/\/artech-consulting.de\/en\/wp-json\/wp\/v2\/pages\/2500\/revisions\/3760"}],"up":[{"embeddable":true,"href":"https:\/\/artech-consulting.de\/en\/wp-json\/wp\/v2\/pages\/4507"}],"wp:attachment":[{"href":"https:\/\/artech-consulting.de\/en\/wp-json\/wp\/v2\/media?parent=2500"}],"curies":[{"name":"wp","href":"https:\/\/api.w.org\/{rel}","templated":true}]}}