{"id":2506,"date":"2017-02-01T09:27:37","date_gmt":"2017-02-01T08:27:37","guid":{"rendered":"https:\/\/artech-consulting.de\/?page_id=2506"},"modified":"2018-11-26T12:51:45","modified_gmt":"2018-11-26T11:51:45","slug":"ptc-creo-info","status":"publish","type":"page","link":"https:\/\/artech-consulting.de\/en\/aktuelles\/wussten-sie-schon-2\/ptc-creo-info\/","title":{"rendered":"PTC Creo &#8211; Info"},"content":{"rendered":"<p><strong>Parametrische Konstruktion mit Ptc Creo<\/strong><br \/>\n&nbsp;<br \/>\nPtc Creo ist eine parametrische Produktentwicklungsl\u00f6sung, um f\u00fcr den jeweiligen Kunden das ideale Produkt zu konstruieren. Von der Idee bis zum virtuellen Prototypen bietet die Software verschiedene CAD-L\u00f6sungen an.<br \/>\n&nbsp;<br \/>\nOb 2D-CAD oder 3D-CAD, Anwender k\u00f6nnen ihre Projekte nach Belieben sowohl parametrisch als auch direkt visualisieren, modellieren und analysieren. In einem beschleunigten Produktentwicklungsprozess werden digitale Modelle in hoher Qualit\u00e4t effizient erstellt. Auf diese Weise werden pr\u00e4zise \u00c4nderungen an den jeweiligen Bauteilen vorgenommen und dank der automatischen Aktualisierung aller anderen Bauteile entsteht kein gro\u00dfer Zeitverlust im Produktionsprozess.<\/p>","protected":false},"excerpt":{"rendered":"<p>Parametrische Konstruktion mit Ptc Creo &nbsp; Ptc Creo ist eine parametrische Produktentwicklungsl\u00f6sung, um f\u00fcr den jeweiligen Kunden das ideale Produkt zu konstruieren. Von der Idee bis zum virtuellen Prototypen bietet die Software verschiedene CAD-L\u00f6sungen an. &nbsp; Ob 2D-CAD oder 3D-CAD, <a href=\"https:\/\/artech-consulting.de\/en\/aktuelles\/wussten-sie-schon-2\/ptc-creo-info\/\" class=\"read-more\">Read More<\/a><\/p>\n","protected":false},"author":1,"featured_media":0,"parent":4507,"menu_order":0,"comment_status":"closed","ping_status":"closed","template":"","meta":{"footnotes":""},"yoast_head":"<!-- This site is optimized with the Yoast SEO plugin v23.5 - https:\/\/yoast.com\/wordpress\/plugins\/seo\/ -->\n<title>PTC Creo - Info -<\/title>\n<meta name=\"description\" content=\"Als 3D-Produktkonstruktionstoolset bietet Ptc Creo Ingenieuren ideale L\u00f6sungen f\u00fcr einen schnellen Produktentwicklungsprozess an.\" \/>\n<meta name=\"robots\" content=\"index, follow, max-snippet:-1, max-image-preview:large, max-video-preview:-1\" \/>\n<link rel=\"canonical\" href=\"https:\/\/artech-consulting.de\/aktuelles\/wussten-sie-schon-2\/ptc-creo-info\/\" \/>\n<meta property=\"og:locale\" content=\"en_US\" \/>\n<meta property=\"og:type\" content=\"article\" \/>\n<meta property=\"og:title\" content=\"Parametrische Konstruktion mit Ptc Creo\" \/>\n<meta property=\"og:description\" content=\"Als 3D-Produktkonstruktionstoolset bietet Ptc Creo Ingenieuren ideale L\u00f6sungen f\u00fcr einen schnellen Produktentwicklungsprozess an. Ob in 2D- oder 3D-CAD \u2013 mit dieser Software k\u00f6nnen Projekte sowohl parametrisch als auch direkt in Angriff genommen werden.\" \/>\n<meta property=\"og:url\" content=\"https:\/\/artech-consulting.de\/aktuelles\/wussten-sie-schon-2\/ptc-creo-info\/\" \/>\n<meta property=\"article:publisher\" content=\"https:\/\/www.facebook.com\/ARTECH-Consulting-GmbH-367676580239744\/\" \/>\n<meta property=\"article:modified_time\" content=\"2018-11-26T11:51:45+00:00\" \/>\n<meta name=\"twitter:card\" content=\"summary_large_image\" \/>\n<meta name=\"twitter:label1\" content=\"Est. reading time\" \/>\n\t<meta name=\"twitter:data1\" content=\"1 minute\" \/>\n<script type=\"application\/ld+json\" class=\"yoast-schema-graph\">{\"@context\":\"https:\/\/schema.org\",\"@graph\":[{\"@type\":\"WebPage\",\"@id\":\"https:\/\/artech-consulting.de\/aktuelles\/wussten-sie-schon-2\/ptc-creo-info\/\",\"url\":\"https:\/\/artech-consulting.de\/aktuelles\/wussten-sie-schon-2\/ptc-creo-info\/\",\"name\":\"PTC Creo - Info -\",\"isPartOf\":{\"@id\":\"https:\/\/artech-consulting.de\/#website\"},\"datePublished\":\"2017-02-01T08:27:37+00:00\",\"dateModified\":\"2018-11-26T11:51:45+00:00\",\"description\":\"Als 3D-Produktkonstruktionstoolset bietet Ptc Creo Ingenieuren ideale L\u00f6sungen f\u00fcr einen schnellen Produktentwicklungsprozess an.\",\"breadcrumb\":{\"@id\":\"https:\/\/artech-consulting.de\/aktuelles\/wussten-sie-schon-2\/ptc-creo-info\/#breadcrumb\"},\"inLanguage\":\"en-US\",\"potentialAction\":[{\"@type\":\"ReadAction\",\"target\":[\"https:\/\/artech-consulting.de\/aktuelles\/wussten-sie-schon-2\/ptc-creo-info\/\"]}]},{\"@type\":\"BreadcrumbList\",\"@id\":\"https:\/\/artech-consulting.de\/aktuelles\/wussten-sie-schon-2\/ptc-creo-info\/#breadcrumb\",\"itemListElement\":[{\"@type\":\"ListItem\",\"position\":1,\"name\":\"Home\",\"item\":\"https:\/\/artech-consulting.de\/\"},{\"@type\":\"ListItem\",\"position\":2,\"name\":\"Aktuelles\",\"item\":\"https:\/\/artech-consulting.de\/aktuelles\/\"},{\"@type\":\"ListItem\",\"position\":3,\"name\":\"Wissen &#038; Impulse\",\"item\":\"https:\/\/artech-consulting.de\/aktuelles\/wussten-sie-schon-2\/\"},{\"@type\":\"ListItem\",\"position\":4,\"name\":\"PTC Creo &#8211; Info\"}]},{\"@type\":\"WebSite\",\"@id\":\"https:\/\/artech-consulting.de\/#website\",\"url\":\"https:\/\/artech-consulting.de\/\",\"name\":\"\",\"description\":\"\",\"publisher\":{\"@id\":\"https:\/\/artech-consulting.de\/#organization\"},\"potentialAction\":[{\"@type\":\"SearchAction\",\"target\":{\"@type\":\"EntryPoint\",\"urlTemplate\":\"https:\/\/artech-consulting.de\/?s={search_term_string}\"},\"query-input\":{\"@type\":\"PropertyValueSpecification\",\"valueRequired\":true,\"valueName\":\"search_term_string\"}}],\"inLanguage\":\"en-US\"},{\"@type\":\"Organization\",\"@id\":\"https:\/\/artech-consulting.de\/#organization\",\"name\":\"Artecch Consulting\",\"url\":\"https:\/\/artech-consulting.de\/\",\"logo\":{\"@type\":\"ImageObject\",\"inLanguage\":\"en-US\",\"@id\":\"https:\/\/artech-consulting.de\/#\/schema\/logo\/image\/\",\"url\":\"https:\/\/artech-consulting.de\/wp-content\/uploads\/2015\/06\/cropped-ARTech_Logo_rgb_600frei.png\",\"contentUrl\":\"https:\/\/artech-consulting.de\/wp-content\/uploads\/2015\/06\/cropped-ARTech_Logo_rgb_600frei.png\",\"width\":6805,\"height\":1554,\"caption\":\"Artecch Consulting\"},\"image\":{\"@id\":\"https:\/\/artech-consulting.de\/#\/schema\/logo\/image\/\"},\"sameAs\":[\"https:\/\/www.facebook.com\/ARTECH-Consulting-GmbH-367676580239744\/\",\"https:\/\/www.linkedin.com\/company\/artech-consulting-gmbh?report_success=8jyhy2niUpAFvknlZbso8OXCShshmpUnzp3NjIJ2m7yhSVK6-d3cj9EZShsc4o_DdpkqGOtZmrfmVAwicnuvayqF\"]}]}<\/script>\n<!-- \/ Yoast SEO plugin. -->","yoast_head_json":{"title":"PTC Creo - Info -","description":"Als 3D-Produktkonstruktionstoolset bietet Ptc Creo Ingenieuren ideale L\u00f6sungen f\u00fcr einen schnellen Produktentwicklungsprozess an.","robots":{"index":"index","follow":"follow","max-snippet":"max-snippet:-1","max-image-preview":"max-image-preview:large","max-video-preview":"max-video-preview:-1"},"canonical":"https:\/\/artech-consulting.de\/aktuelles\/wussten-sie-schon-2\/ptc-creo-info\/","og_locale":"en_US","og_type":"article","og_title":"Parametrische Konstruktion mit Ptc Creo","og_description":"Als 3D-Produktkonstruktionstoolset bietet Ptc Creo Ingenieuren ideale L\u00f6sungen f\u00fcr einen schnellen Produktentwicklungsprozess an. Ob in 2D- oder 3D-CAD \u2013 mit dieser Software k\u00f6nnen Projekte sowohl parametrisch als auch direkt in Angriff genommen werden.","og_url":"https:\/\/artech-consulting.de\/aktuelles\/wussten-sie-schon-2\/ptc-creo-info\/","article_publisher":"https:\/\/www.facebook.com\/ARTECH-Consulting-GmbH-367676580239744\/","article_modified_time":"2018-11-26T11:51:45+00:00","twitter_card":"summary_large_image","twitter_misc":{"Est. reading time":"1 minute"},"schema":{"@context":"https:\/\/schema.org","@graph":[{"@type":"WebPage","@id":"https:\/\/artech-consulting.de\/aktuelles\/wussten-sie-schon-2\/ptc-creo-info\/","url":"https:\/\/artech-consulting.de\/aktuelles\/wussten-sie-schon-2\/ptc-creo-info\/","name":"PTC Creo - Info -","isPartOf":{"@id":"https:\/\/artech-consulting.de\/#website"},"datePublished":"2017-02-01T08:27:37+00:00","dateModified":"2018-11-26T11:51:45+00:00","description":"Als 3D-Produktkonstruktionstoolset bietet Ptc Creo Ingenieuren ideale L\u00f6sungen f\u00fcr einen schnellen Produktentwicklungsprozess an.","breadcrumb":{"@id":"https:\/\/artech-consulting.de\/aktuelles\/wussten-sie-schon-2\/ptc-creo-info\/#breadcrumb"},"inLanguage":"en-US","potentialAction":[{"@type":"ReadAction","target":["https:\/\/artech-consulting.de\/aktuelles\/wussten-sie-schon-2\/ptc-creo-info\/"]}]},{"@type":"BreadcrumbList","@id":"https:\/\/artech-consulting.de\/aktuelles\/wussten-sie-schon-2\/ptc-creo-info\/#breadcrumb","itemListElement":[{"@type":"ListItem","position":1,"name":"Home","item":"https:\/\/artech-consulting.de\/"},{"@type":"ListItem","position":2,"name":"Aktuelles","item":"https:\/\/artech-consulting.de\/aktuelles\/"},{"@type":"ListItem","position":3,"name":"Wissen &#038; Impulse","item":"https:\/\/artech-consulting.de\/aktuelles\/wussten-sie-schon-2\/"},{"@type":"ListItem","position":4,"name":"PTC Creo &#8211; Info"}]},{"@type":"WebSite","@id":"https:\/\/artech-consulting.de\/#website","url":"https:\/\/artech-consulting.de\/","name":"","description":"","publisher":{"@id":"https:\/\/artech-consulting.de\/#organization"},"potentialAction":[{"@type":"SearchAction","target":{"@type":"EntryPoint","urlTemplate":"https:\/\/artech-consulting.de\/?s={search_term_string}"},"query-input":{"@type":"PropertyValueSpecification","valueRequired":true,"valueName":"search_term_string"}}],"inLanguage":"en-US"},{"@type":"Organization","@id":"https:\/\/artech-consulting.de\/#organization","name":"Artecch Consulting","url":"https:\/\/artech-consulting.de\/","logo":{"@type":"ImageObject","inLanguage":"en-US","@id":"https:\/\/artech-consulting.de\/#\/schema\/logo\/image\/","url":"https:\/\/artech-consulting.de\/wp-content\/uploads\/2015\/06\/cropped-ARTech_Logo_rgb_600frei.png","contentUrl":"https:\/\/artech-consulting.de\/wp-content\/uploads\/2015\/06\/cropped-ARTech_Logo_rgb_600frei.png","width":6805,"height":1554,"caption":"Artecch Consulting"},"image":{"@id":"https:\/\/artech-consulting.de\/#\/schema\/logo\/image\/"},"sameAs":["https:\/\/www.facebook.com\/ARTECH-Consulting-GmbH-367676580239744\/","https:\/\/www.linkedin.com\/company\/artech-consulting-gmbh?report_success=8jyhy2niUpAFvknlZbso8OXCShshmpUnzp3NjIJ2m7yhSVK6-d3cj9EZShsc4o_DdpkqGOtZmrfmVAwicnuvayqF"]}]}},"_links":{"self":[{"href":"https:\/\/artech-consulting.de\/en\/wp-json\/wp\/v2\/pages\/2506"}],"collection":[{"href":"https:\/\/artech-consulting.de\/en\/wp-json\/wp\/v2\/pages"}],"about":[{"href":"https:\/\/artech-consulting.de\/en\/wp-json\/wp\/v2\/types\/page"}],"author":[{"embeddable":true,"href":"https:\/\/artech-consulting.de\/en\/wp-json\/wp\/v2\/users\/1"}],"replies":[{"embeddable":true,"href":"https:\/\/artech-consulting.de\/en\/wp-json\/wp\/v2\/comments?post=2506"}],"version-history":[{"count":5,"href":"https:\/\/artech-consulting.de\/en\/wp-json\/wp\/v2\/pages\/2506\/revisions"}],"predecessor-version":[{"id":3758,"href":"https:\/\/artech-consulting.de\/en\/wp-json\/wp\/v2\/pages\/2506\/revisions\/3758"}],"up":[{"embeddable":true,"href":"https:\/\/artech-consulting.de\/en\/wp-json\/wp\/v2\/pages\/4507"}],"wp:attachment":[{"href":"https:\/\/artech-consulting.de\/en\/wp-json\/wp\/v2\/media?parent=2506"}],"curies":[{"name":"wp","href":"https:\/\/api.w.org\/{rel}","templated":true}]}}