{"id":2514,"date":"2017-02-02T12:15:43","date_gmt":"2017-02-02T11:15:43","guid":{"rendered":"https:\/\/artech-consulting.de\/?page_id=2514"},"modified":"2018-11-26T12:49:32","modified_gmt":"2018-11-26T11:49:32","slug":"ptc-creo-geschichte","status":"publish","type":"page","link":"https:\/\/artech-consulting.de\/en\/aktuelles\/wussten-sie-schon-2\/ptc-creo-geschichte\/","title":{"rendered":"Ptc Creo \u2013 Geschichte"},"content":{"rendered":"<p><strong>Dank Auszeichnungen und starken Partnern an die Spitze<\/strong><br \/>\n&nbsp;<br \/>\n1985 wurde die Technologiefirma \u201aParametric Technology Corporation\u2018 mit Hauptsitz im US-Bundesstaat Massachusetts von Samuel Petrovich Geisberg gegr\u00fcndet. Seitdem bietet PTC seinen weltweiten Kunden aus der Fertigindustrie Produktentwicklungsl\u00f6sungen f\u00fcr die jeweiligen Bed\u00fcrfnisse an und erzielt j\u00e4hrlich Ums\u00e4tze in Milliardenh\u00f6he.<br \/>\n&nbsp;<br \/>\nBis dahin musste das Unternehmen allerdings viele Meilensteine zur\u00fccklegen. So wurde drei Jahre nach der Gr\u00fcndung mit Creos Vorg\u00e4nger Ptc Pro\/ENGINEER die erste parametrische, assoziative und KE-basierte Software zur Modellierung von Volumenk\u00f6rpern vermarktet und erhielt kurze Zeit sp\u00e4ter im Jahr 1992 die Auszeichnung \u201aTechnology of the Year\u2018. Mit Caterpillar als weltgr\u00f6\u00dfter Hersteller von Baumaschinen und dem legend\u00e4ren Schwermaschinenhersteller John Deere waren bereits im ersten Firmenjahrzent die ersten dicken Fische aus der Fertigungsindustrie an Land gezogen worden. Die Ernennung zum weltweit f\u00fchrenden Anbieter von CAD\/CAM\/CAE-Software im Jahre 1996 durch Daratech \u00fcberraschte daher keinen mehr.<br \/>\n&nbsp;<br \/>\nDurch Einf\u00fchrungen neuer Programme wie PTC Windchill, das PTC zum ersten Anbieter von Internet-basierten L\u00f6sungen f\u00fcr das \u201aProduct Lifecycle Management\u2018 (PLM) machte, Firmen\u00fcbernahmen sowie die Erweiterung des Kundenstammes auf mehr als 35.000 etablierte sich PTC in den Folgejahren an der Spitze. Seit dem Kauf der IoT-Technologie-Plattform ThingWorx 2014 und der wenige Jahre zuvor abgeschlossenen strategischen Partnerschaft mit dem IT-Riesen IBM, gilt PTC endg\u00fcltig als Major Player im kommenden Zeitalter des Internets der Dinge.<\/p>","protected":false},"excerpt":{"rendered":"<p>Dank Auszeichnungen und starken Partnern an die Spitze &nbsp; 1985 wurde die Technologiefirma \u201aParametric Technology Corporation\u2018 mit Hauptsitz im US-Bundesstaat Massachusetts von Samuel Petrovich Geisberg gegr\u00fcndet. Seitdem bietet PTC seinen weltweiten Kunden aus der Fertigindustrie Produktentwicklungsl\u00f6sungen f\u00fcr die jeweiligen Bed\u00fcrfnisse <a href=\"https:\/\/artech-consulting.de\/en\/aktuelles\/wussten-sie-schon-2\/ptc-creo-geschichte\/\" class=\"read-more\">Read More<\/a><\/p>\n","protected":false},"author":1,"featured_media":0,"parent":4507,"menu_order":0,"comment_status":"closed","ping_status":"closed","template":"","meta":{"footnotes":""},"yoast_head":"<!-- This site is optimized with the Yoast SEO plugin v23.5 - https:\/\/yoast.com\/wordpress\/plugins\/seo\/ -->\n<title>Ptc Creo \u2013 Geschichte -<\/title>\n<meta name=\"description\" content=\"1985 als kleines Unternehmen f\u00fcr Produktentwicklungsl\u00f6sungen gegr\u00fcndet, setzte sich PTC durch gezielte Vermarktungsstrategien am Markt fest.\" \/>\n<meta name=\"robots\" content=\"index, follow, max-snippet:-1, max-image-preview:large, max-video-preview:-1\" \/>\n<link rel=\"canonical\" href=\"https:\/\/artech-consulting.de\/aktuelles\/wussten-sie-schon-2\/ptc-creo-geschichte\/\" \/>\n<meta property=\"og:locale\" content=\"en_US\" \/>\n<meta property=\"og:type\" content=\"article\" \/>\n<meta property=\"og:title\" content=\"Dank Auszeichnungen und starken Partnern an die Spitze\" \/>\n<meta property=\"og:description\" content=\"1985 als kleines Unternehmen f\u00fcr Produktentwicklungsl\u00f6sungen im US-Bundesstaat Massachusetts gegr\u00fcndet, setzte sich die Technologiefirma \u201aParametric Technology Corporation\u2018 dank starken Partnern aus der Fertigindustrie und der IT-Welt sowie durch gezielte Vermarktungsstrategien am Markt fest.\" \/>\n<meta property=\"og:url\" content=\"https:\/\/artech-consulting.de\/aktuelles\/wussten-sie-schon-2\/ptc-creo-geschichte\/\" \/>\n<meta property=\"article:publisher\" content=\"https:\/\/www.facebook.com\/ARTECH-Consulting-GmbH-367676580239744\/\" \/>\n<meta property=\"article:modified_time\" content=\"2018-11-26T11:49:32+00:00\" \/>\n<meta name=\"twitter:card\" content=\"summary_large_image\" \/>\n<meta name=\"twitter:label1\" content=\"Est. reading time\" \/>\n\t<meta name=\"twitter:data1\" content=\"2 minutes\" \/>\n<script type=\"application\/ld+json\" class=\"yoast-schema-graph\">{\"@context\":\"https:\/\/schema.org\",\"@graph\":[{\"@type\":\"WebPage\",\"@id\":\"https:\/\/artech-consulting.de\/aktuelles\/wussten-sie-schon-2\/ptc-creo-geschichte\/\",\"url\":\"https:\/\/artech-consulting.de\/aktuelles\/wussten-sie-schon-2\/ptc-creo-geschichte\/\",\"name\":\"Ptc Creo \u2013 Geschichte -\",\"isPartOf\":{\"@id\":\"https:\/\/artech-consulting.de\/#website\"},\"datePublished\":\"2017-02-02T11:15:43+00:00\",\"dateModified\":\"2018-11-26T11:49:32+00:00\",\"description\":\"1985 als kleines Unternehmen f\u00fcr Produktentwicklungsl\u00f6sungen gegr\u00fcndet, setzte sich PTC durch gezielte Vermarktungsstrategien am Markt fest.\",\"breadcrumb\":{\"@id\":\"https:\/\/artech-consulting.de\/aktuelles\/wussten-sie-schon-2\/ptc-creo-geschichte\/#breadcrumb\"},\"inLanguage\":\"en-US\",\"potentialAction\":[{\"@type\":\"ReadAction\",\"target\":[\"https:\/\/artech-consulting.de\/aktuelles\/wussten-sie-schon-2\/ptc-creo-geschichte\/\"]}]},{\"@type\":\"BreadcrumbList\",\"@id\":\"https:\/\/artech-consulting.de\/aktuelles\/wussten-sie-schon-2\/ptc-creo-geschichte\/#breadcrumb\",\"itemListElement\":[{\"@type\":\"ListItem\",\"position\":1,\"name\":\"Home\",\"item\":\"https:\/\/artech-consulting.de\/\"},{\"@type\":\"ListItem\",\"position\":2,\"name\":\"Aktuelles\",\"item\":\"https:\/\/artech-consulting.de\/aktuelles\/\"},{\"@type\":\"ListItem\",\"position\":3,\"name\":\"Wissen &#038; Impulse\",\"item\":\"https:\/\/artech-consulting.de\/aktuelles\/wussten-sie-schon-2\/\"},{\"@type\":\"ListItem\",\"position\":4,\"name\":\"Ptc Creo \u2013 Geschichte\"}]},{\"@type\":\"WebSite\",\"@id\":\"https:\/\/artech-consulting.de\/#website\",\"url\":\"https:\/\/artech-consulting.de\/\",\"name\":\"\",\"description\":\"\",\"publisher\":{\"@id\":\"https:\/\/artech-consulting.de\/#organization\"},\"potentialAction\":[{\"@type\":\"SearchAction\",\"target\":{\"@type\":\"EntryPoint\",\"urlTemplate\":\"https:\/\/artech-consulting.de\/?s={search_term_string}\"},\"query-input\":{\"@type\":\"PropertyValueSpecification\",\"valueRequired\":true,\"valueName\":\"search_term_string\"}}],\"inLanguage\":\"en-US\"},{\"@type\":\"Organization\",\"@id\":\"https:\/\/artech-consulting.de\/#organization\",\"name\":\"Artecch Consulting\",\"url\":\"https:\/\/artech-consulting.de\/\",\"logo\":{\"@type\":\"ImageObject\",\"inLanguage\":\"en-US\",\"@id\":\"https:\/\/artech-consulting.de\/#\/schema\/logo\/image\/\",\"url\":\"https:\/\/artech-consulting.de\/wp-content\/uploads\/2015\/06\/cropped-ARTech_Logo_rgb_600frei.png\",\"contentUrl\":\"https:\/\/artech-consulting.de\/wp-content\/uploads\/2015\/06\/cropped-ARTech_Logo_rgb_600frei.png\",\"width\":6805,\"height\":1554,\"caption\":\"Artecch Consulting\"},\"image\":{\"@id\":\"https:\/\/artech-consulting.de\/#\/schema\/logo\/image\/\"},\"sameAs\":[\"https:\/\/www.facebook.com\/ARTECH-Consulting-GmbH-367676580239744\/\",\"https:\/\/www.linkedin.com\/company\/artech-consulting-gmbh?report_success=8jyhy2niUpAFvknlZbso8OXCShshmpUnzp3NjIJ2m7yhSVK6-d3cj9EZShsc4o_DdpkqGOtZmrfmVAwicnuvayqF\"]}]}<\/script>\n<!-- \/ Yoast SEO plugin. -->","yoast_head_json":{"title":"Ptc Creo \u2013 Geschichte -","description":"1985 als kleines Unternehmen f\u00fcr Produktentwicklungsl\u00f6sungen gegr\u00fcndet, setzte sich PTC durch gezielte Vermarktungsstrategien am Markt fest.","robots":{"index":"index","follow":"follow","max-snippet":"max-snippet:-1","max-image-preview":"max-image-preview:large","max-video-preview":"max-video-preview:-1"},"canonical":"https:\/\/artech-consulting.de\/aktuelles\/wussten-sie-schon-2\/ptc-creo-geschichte\/","og_locale":"en_US","og_type":"article","og_title":"Dank Auszeichnungen und starken Partnern an die Spitze","og_description":"1985 als kleines Unternehmen f\u00fcr Produktentwicklungsl\u00f6sungen im US-Bundesstaat Massachusetts gegr\u00fcndet, setzte sich die Technologiefirma \u201aParametric Technology Corporation\u2018 dank starken Partnern aus der Fertigindustrie und der IT-Welt sowie durch gezielte Vermarktungsstrategien am Markt fest.","og_url":"https:\/\/artech-consulting.de\/aktuelles\/wussten-sie-schon-2\/ptc-creo-geschichte\/","article_publisher":"https:\/\/www.facebook.com\/ARTECH-Consulting-GmbH-367676580239744\/","article_modified_time":"2018-11-26T11:49:32+00:00","twitter_card":"summary_large_image","twitter_misc":{"Est. reading time":"2 minutes"},"schema":{"@context":"https:\/\/schema.org","@graph":[{"@type":"WebPage","@id":"https:\/\/artech-consulting.de\/aktuelles\/wussten-sie-schon-2\/ptc-creo-geschichte\/","url":"https:\/\/artech-consulting.de\/aktuelles\/wussten-sie-schon-2\/ptc-creo-geschichte\/","name":"Ptc Creo \u2013 Geschichte -","isPartOf":{"@id":"https:\/\/artech-consulting.de\/#website"},"datePublished":"2017-02-02T11:15:43+00:00","dateModified":"2018-11-26T11:49:32+00:00","description":"1985 als kleines Unternehmen f\u00fcr Produktentwicklungsl\u00f6sungen gegr\u00fcndet, setzte sich PTC durch gezielte Vermarktungsstrategien am Markt fest.","breadcrumb":{"@id":"https:\/\/artech-consulting.de\/aktuelles\/wussten-sie-schon-2\/ptc-creo-geschichte\/#breadcrumb"},"inLanguage":"en-US","potentialAction":[{"@type":"ReadAction","target":["https:\/\/artech-consulting.de\/aktuelles\/wussten-sie-schon-2\/ptc-creo-geschichte\/"]}]},{"@type":"BreadcrumbList","@id":"https:\/\/artech-consulting.de\/aktuelles\/wussten-sie-schon-2\/ptc-creo-geschichte\/#breadcrumb","itemListElement":[{"@type":"ListItem","position":1,"name":"Home","item":"https:\/\/artech-consulting.de\/"},{"@type":"ListItem","position":2,"name":"Aktuelles","item":"https:\/\/artech-consulting.de\/aktuelles\/"},{"@type":"ListItem","position":3,"name":"Wissen &#038; Impulse","item":"https:\/\/artech-consulting.de\/aktuelles\/wussten-sie-schon-2\/"},{"@type":"ListItem","position":4,"name":"Ptc Creo \u2013 Geschichte"}]},{"@type":"WebSite","@id":"https:\/\/artech-consulting.de\/#website","url":"https:\/\/artech-consulting.de\/","name":"","description":"","publisher":{"@id":"https:\/\/artech-consulting.de\/#organization"},"potentialAction":[{"@type":"SearchAction","target":{"@type":"EntryPoint","urlTemplate":"https:\/\/artech-consulting.de\/?s={search_term_string}"},"query-input":{"@type":"PropertyValueSpecification","valueRequired":true,"valueName":"search_term_string"}}],"inLanguage":"en-US"},{"@type":"Organization","@id":"https:\/\/artech-consulting.de\/#organization","name":"Artecch Consulting","url":"https:\/\/artech-consulting.de\/","logo":{"@type":"ImageObject","inLanguage":"en-US","@id":"https:\/\/artech-consulting.de\/#\/schema\/logo\/image\/","url":"https:\/\/artech-consulting.de\/wp-content\/uploads\/2015\/06\/cropped-ARTech_Logo_rgb_600frei.png","contentUrl":"https:\/\/artech-consulting.de\/wp-content\/uploads\/2015\/06\/cropped-ARTech_Logo_rgb_600frei.png","width":6805,"height":1554,"caption":"Artecch Consulting"},"image":{"@id":"https:\/\/artech-consulting.de\/#\/schema\/logo\/image\/"},"sameAs":["https:\/\/www.facebook.com\/ARTECH-Consulting-GmbH-367676580239744\/","https:\/\/www.linkedin.com\/company\/artech-consulting-gmbh?report_success=8jyhy2niUpAFvknlZbso8OXCShshmpUnzp3NjIJ2m7yhSVK6-d3cj9EZShsc4o_DdpkqGOtZmrfmVAwicnuvayqF"]}]}},"_links":{"self":[{"href":"https:\/\/artech-consulting.de\/en\/wp-json\/wp\/v2\/pages\/2514"}],"collection":[{"href":"https:\/\/artech-consulting.de\/en\/wp-json\/wp\/v2\/pages"}],"about":[{"href":"https:\/\/artech-consulting.de\/en\/wp-json\/wp\/v2\/types\/page"}],"author":[{"embeddable":true,"href":"https:\/\/artech-consulting.de\/en\/wp-json\/wp\/v2\/users\/1"}],"replies":[{"embeddable":true,"href":"https:\/\/artech-consulting.de\/en\/wp-json\/wp\/v2\/comments?post=2514"}],"version-history":[{"count":5,"href":"https:\/\/artech-consulting.de\/en\/wp-json\/wp\/v2\/pages\/2514\/revisions"}],"predecessor-version":[{"id":3759,"href":"https:\/\/artech-consulting.de\/en\/wp-json\/wp\/v2\/pages\/2514\/revisions\/3759"}],"up":[{"embeddable":true,"href":"https:\/\/artech-consulting.de\/en\/wp-json\/wp\/v2\/pages\/4507"}],"wp:attachment":[{"href":"https:\/\/artech-consulting.de\/en\/wp-json\/wp\/v2\/media?parent=2514"}],"curies":[{"name":"wp","href":"https:\/\/api.w.org\/{rel}","templated":true}]}}