{"id":2523,"date":"2017-02-03T11:10:10","date_gmt":"2017-02-03T10:10:10","guid":{"rendered":"https:\/\/artech-consulting.de\/?page_id=2523"},"modified":"2018-11-26T12:48:55","modified_gmt":"2018-11-26T11:48:55","slug":"autocad-info","status":"publish","type":"page","link":"https:\/\/artech-consulting.de\/en\/aktuelles\/wussten-sie-schon-2\/autocad-info\/","title":{"rendered":"AutoCad \u2013 Info"},"content":{"rendered":"<p><strong>AutoCAD \u2013 Professioneller 2D-Zeicheneditor mit 3D-Funktionen<\/strong><br \/>\n&nbsp;<br \/>\nAutoCAD ist \u2013 wie der Name verr\u00e4t \u2013 eine CAD-Konstruktionssoftware aus dem Hause Autodesk. Die St\u00e4rken des Programms im Bereich Design und Konstruktion kommen Millionen Anwendern zugute. Ob 3D-Freiformen oder Dokumentationsfunktionen, mit AutoCAD k\u00f6nnen Unternehmen ihren individuellen Anforderungen gerecht werden.<br \/>\n&nbsp;<br \/>\nDie Software aus der Produktpalette von Autodesk wird trotz 3D-Tools \u00fcberwiegend als professioneller 2D-Zeicheneditor verwendet. Es erm\u00f6glicht die Bereitstellung von detaillierten Bauausf\u00fchrungspl\u00e4nen, die dreidimensionale Modellierung von Objekten und die visuelle Darstellung. Auf unterschiedlichen Plattformen wie PC\u2019s oder Mobilger\u00e4ten k\u00f6nnen Ingenieure die angefertigten Zeichnungen bearbeiten sowie kommentieren. Mit Hilfe dieser vielf\u00e4ltigen Zugriffsm\u00f6glichkeiten wird die Arbeitszeit durch k\u00fcrzere sowie schnellere Reaktionszeit verringert und auf diese Weise Kosten eingespart.<br \/>\n&nbsp;<br \/>\nAutoCAD ist dar\u00fcber hinaus oft mit weiteren Softwareprogrammen verkn\u00fcpft, die mit vorgegebenen Objekten wie Linien, Polylinien, Kreisen und B\u00f6gen zur effizienteren Erstellung von technischen Zeichnungen dienen. Heutzutage wird AutoCAD mit insgesamt mehr als drei Millionen verkauften Lizenzen weltweit von Ingenieuren, Designern sowie Architekten aus den Gebieten Bauwesen, Maschinenbau oder Elektrotechnik zur Planung und Realisierung von Projekten eingesetzt.<\/p>","protected":false},"excerpt":{"rendered":"<p>AutoCAD \u2013 Professioneller 2D-Zeicheneditor mit 3D-Funktionen &nbsp; AutoCAD ist \u2013 wie der Name verr\u00e4t \u2013 eine CAD-Konstruktionssoftware aus dem Hause Autodesk. Die St\u00e4rken des Programms im Bereich Design und Konstruktion kommen Millionen Anwendern zugute. Ob 3D-Freiformen oder Dokumentationsfunktionen, mit AutoCAD <a href=\"https:\/\/artech-consulting.de\/en\/aktuelles\/wussten-sie-schon-2\/autocad-info\/\" class=\"read-more\">Read More<\/a><\/p>\n","protected":false},"author":1,"featured_media":0,"parent":4507,"menu_order":0,"comment_status":"closed","ping_status":"closed","template":"","meta":{"footnotes":""},"yoast_head":"<!-- This site is optimized with the Yoast SEO plugin v23.5 - https:\/\/yoast.com\/wordpress\/plugins\/seo\/ -->\n<title>AutoCad \u2013 Info -<\/title>\n<meta name=\"description\" content=\"AutoCAD ist eine CAD-Konstruktionssoftware aus dem Hause Autodesk mit der Unternehmen ihren individuellen Konstruktionsanforderungen gerecht werden k\u00f6nnen.\" \/>\n<meta name=\"robots\" content=\"index, follow, max-snippet:-1, max-image-preview:large, max-video-preview:-1\" \/>\n<link rel=\"canonical\" href=\"https:\/\/artech-consulting.de\/aktuelles\/wussten-sie-schon-2\/autocad-info\/\" \/>\n<meta property=\"og:locale\" content=\"en_US\" \/>\n<meta property=\"og:type\" content=\"article\" \/>\n<meta property=\"og:title\" content=\"AutoCad \u2013 Info -\" \/>\n<meta property=\"og:description\" content=\"AutoCAD ist eine CAD-Konstruktionssoftware aus dem Hause Autodesk mit der Unternehmen ihren individuellen Konstruktionsanforderungen gerecht werden k\u00f6nnen.\" \/>\n<meta property=\"og:url\" content=\"https:\/\/artech-consulting.de\/aktuelles\/wussten-sie-schon-2\/autocad-info\/\" \/>\n<meta property=\"article:publisher\" content=\"https:\/\/www.facebook.com\/ARTECH-Consulting-GmbH-367676580239744\/\" \/>\n<meta property=\"article:modified_time\" content=\"2018-11-26T11:48:55+00:00\" \/>\n<meta name=\"twitter:card\" content=\"summary_large_image\" \/>\n<meta name=\"twitter:label1\" content=\"Est. reading time\" \/>\n\t<meta name=\"twitter:data1\" content=\"2 minutes\" \/>\n<script type=\"application\/ld+json\" class=\"yoast-schema-graph\">{\"@context\":\"https:\/\/schema.org\",\"@graph\":[{\"@type\":\"WebPage\",\"@id\":\"https:\/\/artech-consulting.de\/aktuelles\/wussten-sie-schon-2\/autocad-info\/\",\"url\":\"https:\/\/artech-consulting.de\/aktuelles\/wussten-sie-schon-2\/autocad-info\/\",\"name\":\"AutoCad \u2013 Info -\",\"isPartOf\":{\"@id\":\"https:\/\/artech-consulting.de\/#website\"},\"datePublished\":\"2017-02-03T10:10:10+00:00\",\"dateModified\":\"2018-11-26T11:48:55+00:00\",\"description\":\"AutoCAD ist eine CAD-Konstruktionssoftware aus dem Hause Autodesk mit der Unternehmen ihren individuellen Konstruktionsanforderungen gerecht werden k\u00f6nnen.\",\"breadcrumb\":{\"@id\":\"https:\/\/artech-consulting.de\/aktuelles\/wussten-sie-schon-2\/autocad-info\/#breadcrumb\"},\"inLanguage\":\"en-US\",\"potentialAction\":[{\"@type\":\"ReadAction\",\"target\":[\"https:\/\/artech-consulting.de\/aktuelles\/wussten-sie-schon-2\/autocad-info\/\"]}]},{\"@type\":\"BreadcrumbList\",\"@id\":\"https:\/\/artech-consulting.de\/aktuelles\/wussten-sie-schon-2\/autocad-info\/#breadcrumb\",\"itemListElement\":[{\"@type\":\"ListItem\",\"position\":1,\"name\":\"Home\",\"item\":\"https:\/\/artech-consulting.de\/\"},{\"@type\":\"ListItem\",\"position\":2,\"name\":\"Aktuelles\",\"item\":\"https:\/\/artech-consulting.de\/aktuelles\/\"},{\"@type\":\"ListItem\",\"position\":3,\"name\":\"Wissen &#038; Impulse\",\"item\":\"https:\/\/artech-consulting.de\/aktuelles\/wussten-sie-schon-2\/\"},{\"@type\":\"ListItem\",\"position\":4,\"name\":\"AutoCAD \u2013 Info\"}]},{\"@type\":\"WebSite\",\"@id\":\"https:\/\/artech-consulting.de\/#website\",\"url\":\"https:\/\/artech-consulting.de\/\",\"name\":\"\",\"description\":\"\",\"publisher\":{\"@id\":\"https:\/\/artech-consulting.de\/#organization\"},\"potentialAction\":[{\"@type\":\"SearchAction\",\"target\":{\"@type\":\"EntryPoint\",\"urlTemplate\":\"https:\/\/artech-consulting.de\/?s={search_term_string}\"},\"query-input\":{\"@type\":\"PropertyValueSpecification\",\"valueRequired\":true,\"valueName\":\"search_term_string\"}}],\"inLanguage\":\"en-US\"},{\"@type\":\"Organization\",\"@id\":\"https:\/\/artech-consulting.de\/#organization\",\"name\":\"Artecch Consulting\",\"url\":\"https:\/\/artech-consulting.de\/\",\"logo\":{\"@type\":\"ImageObject\",\"inLanguage\":\"en-US\",\"@id\":\"https:\/\/artech-consulting.de\/#\/schema\/logo\/image\/\",\"url\":\"https:\/\/artech-consulting.de\/wp-content\/uploads\/2015\/06\/cropped-ARTech_Logo_rgb_600frei.png\",\"contentUrl\":\"https:\/\/artech-consulting.de\/wp-content\/uploads\/2015\/06\/cropped-ARTech_Logo_rgb_600frei.png\",\"width\":6805,\"height\":1554,\"caption\":\"Artecch Consulting\"},\"image\":{\"@id\":\"https:\/\/artech-consulting.de\/#\/schema\/logo\/image\/\"},\"sameAs\":[\"https:\/\/www.facebook.com\/ARTECH-Consulting-GmbH-367676580239744\/\",\"https:\/\/www.linkedin.com\/company\/artech-consulting-gmbh?report_success=8jyhy2niUpAFvknlZbso8OXCShshmpUnzp3NjIJ2m7yhSVK6-d3cj9EZShsc4o_DdpkqGOtZmrfmVAwicnuvayqF\"]}]}<\/script>\n<!-- \/ Yoast SEO plugin. -->","yoast_head_json":{"title":"AutoCad \u2013 Info -","description":"AutoCAD ist eine CAD-Konstruktionssoftware aus dem Hause Autodesk mit der Unternehmen ihren individuellen Konstruktionsanforderungen gerecht werden k\u00f6nnen.","robots":{"index":"index","follow":"follow","max-snippet":"max-snippet:-1","max-image-preview":"max-image-preview:large","max-video-preview":"max-video-preview:-1"},"canonical":"https:\/\/artech-consulting.de\/aktuelles\/wussten-sie-schon-2\/autocad-info\/","og_locale":"en_US","og_type":"article","og_title":"AutoCad \u2013 Info -","og_description":"AutoCAD ist eine CAD-Konstruktionssoftware aus dem Hause Autodesk mit der Unternehmen ihren individuellen Konstruktionsanforderungen gerecht werden k\u00f6nnen.","og_url":"https:\/\/artech-consulting.de\/aktuelles\/wussten-sie-schon-2\/autocad-info\/","article_publisher":"https:\/\/www.facebook.com\/ARTECH-Consulting-GmbH-367676580239744\/","article_modified_time":"2018-11-26T11:48:55+00:00","twitter_card":"summary_large_image","twitter_misc":{"Est. reading time":"2 minutes"},"schema":{"@context":"https:\/\/schema.org","@graph":[{"@type":"WebPage","@id":"https:\/\/artech-consulting.de\/aktuelles\/wussten-sie-schon-2\/autocad-info\/","url":"https:\/\/artech-consulting.de\/aktuelles\/wussten-sie-schon-2\/autocad-info\/","name":"AutoCad \u2013 Info -","isPartOf":{"@id":"https:\/\/artech-consulting.de\/#website"},"datePublished":"2017-02-03T10:10:10+00:00","dateModified":"2018-11-26T11:48:55+00:00","description":"AutoCAD ist eine CAD-Konstruktionssoftware aus dem Hause Autodesk mit der Unternehmen ihren individuellen Konstruktionsanforderungen gerecht werden k\u00f6nnen.","breadcrumb":{"@id":"https:\/\/artech-consulting.de\/aktuelles\/wussten-sie-schon-2\/autocad-info\/#breadcrumb"},"inLanguage":"en-US","potentialAction":[{"@type":"ReadAction","target":["https:\/\/artech-consulting.de\/aktuelles\/wussten-sie-schon-2\/autocad-info\/"]}]},{"@type":"BreadcrumbList","@id":"https:\/\/artech-consulting.de\/aktuelles\/wussten-sie-schon-2\/autocad-info\/#breadcrumb","itemListElement":[{"@type":"ListItem","position":1,"name":"Home","item":"https:\/\/artech-consulting.de\/"},{"@type":"ListItem","position":2,"name":"Aktuelles","item":"https:\/\/artech-consulting.de\/aktuelles\/"},{"@type":"ListItem","position":3,"name":"Wissen &#038; Impulse","item":"https:\/\/artech-consulting.de\/aktuelles\/wussten-sie-schon-2\/"},{"@type":"ListItem","position":4,"name":"AutoCAD \u2013 Info"}]},{"@type":"WebSite","@id":"https:\/\/artech-consulting.de\/#website","url":"https:\/\/artech-consulting.de\/","name":"","description":"","publisher":{"@id":"https:\/\/artech-consulting.de\/#organization"},"potentialAction":[{"@type":"SearchAction","target":{"@type":"EntryPoint","urlTemplate":"https:\/\/artech-consulting.de\/?s={search_term_string}"},"query-input":{"@type":"PropertyValueSpecification","valueRequired":true,"valueName":"search_term_string"}}],"inLanguage":"en-US"},{"@type":"Organization","@id":"https:\/\/artech-consulting.de\/#organization","name":"Artecch Consulting","url":"https:\/\/artech-consulting.de\/","logo":{"@type":"ImageObject","inLanguage":"en-US","@id":"https:\/\/artech-consulting.de\/#\/schema\/logo\/image\/","url":"https:\/\/artech-consulting.de\/wp-content\/uploads\/2015\/06\/cropped-ARTech_Logo_rgb_600frei.png","contentUrl":"https:\/\/artech-consulting.de\/wp-content\/uploads\/2015\/06\/cropped-ARTech_Logo_rgb_600frei.png","width":6805,"height":1554,"caption":"Artecch Consulting"},"image":{"@id":"https:\/\/artech-consulting.de\/#\/schema\/logo\/image\/"},"sameAs":["https:\/\/www.facebook.com\/ARTECH-Consulting-GmbH-367676580239744\/","https:\/\/www.linkedin.com\/company\/artech-consulting-gmbh?report_success=8jyhy2niUpAFvknlZbso8OXCShshmpUnzp3NjIJ2m7yhSVK6-d3cj9EZShsc4o_DdpkqGOtZmrfmVAwicnuvayqF"]}]}},"_links":{"self":[{"href":"https:\/\/artech-consulting.de\/en\/wp-json\/wp\/v2\/pages\/2523"}],"collection":[{"href":"https:\/\/artech-consulting.de\/en\/wp-json\/wp\/v2\/pages"}],"about":[{"href":"https:\/\/artech-consulting.de\/en\/wp-json\/wp\/v2\/types\/page"}],"author":[{"embeddable":true,"href":"https:\/\/artech-consulting.de\/en\/wp-json\/wp\/v2\/users\/1"}],"replies":[{"embeddable":true,"href":"https:\/\/artech-consulting.de\/en\/wp-json\/wp\/v2\/comments?post=2523"}],"version-history":[{"count":6,"href":"https:\/\/artech-consulting.de\/en\/wp-json\/wp\/v2\/pages\/2523\/revisions"}],"predecessor-version":[{"id":3748,"href":"https:\/\/artech-consulting.de\/en\/wp-json\/wp\/v2\/pages\/2523\/revisions\/3748"}],"up":[{"embeddable":true,"href":"https:\/\/artech-consulting.de\/en\/wp-json\/wp\/v2\/pages\/4507"}],"wp:attachment":[{"href":"https:\/\/artech-consulting.de\/en\/wp-json\/wp\/v2\/media?parent=2523"}],"curies":[{"name":"wp","href":"https:\/\/api.w.org\/{rel}","templated":true}]}}