{"id":2528,"date":"2017-02-07T10:31:49","date_gmt":"2017-02-07T09:31:49","guid":{"rendered":"https:\/\/artech-consulting.de\/?page_id=2528"},"modified":"2018-11-26T12:45:03","modified_gmt":"2018-11-26T11:45:03","slug":"tipps-fuer-schulung-und-consulting","status":"publish","type":"page","link":"https:\/\/artech-consulting.de\/en\/aktuelles\/wussten-sie-schon-2\/tipps-fuer-schulung-und-consulting\/","title":{"rendered":"Tipps f\u00fcr Schulung und Consulting"},"content":{"rendered":"<p><strong>Tipps f\u00fcr Schulung und Consulting<\/strong><br \/>\n&nbsp;<br \/>\nIn Zeiten des technischen Fortschritts und der zunehmenden Digitalisierung der Arbeitswelt fallen klassische Elemente verst\u00e4rkt weg. Auch auf dem Gebiet der Fachkr\u00e4fte-Trainings verdr\u00e4ngt das E-Learning zunehmend das klassische Seminar. Allerdings gibt es immer noch gen\u00fcgend komplexe Inhalte, die lediglich von erfahrenen Dozenten vermittelt werden k\u00f6nnen. Deshalb bietet ARTECH Consulting als Beratungsunternehmen neben E-Learning auch Schulungen f\u00fcr Konstruktionssoftware an. Der Fokus der Angebotspallette liegt dabei auf CAD- und PLM-Systemen. Um die erforderlichen Inhalte an die Kursteilnehmer effizient zu vermitteln, muss ein anwendungs- sowie systembezogenes Training stimmig konzipiert werden und der Trainer viele fachliche wie didaktische Aspekte beachten.<br \/>\n&nbsp;<br \/>\nEs reicht nicht aus, ein Experte im Gebiet Konstruktionssoftware zu sein, um Schulungen erfolgreich durchzuf\u00fchren. Es kommt immer auf eine gesunde Mischung zwischen Fachwissen und didaktischen F\u00e4higkeiten an. Im Folgenden haben wir Ihnen einige wertvolle Tipps zusammengestellt, wie eine Schulung sowohl f\u00fcr den Trainer als auch f\u00fcr die Kursteilnehmer effektiv gestaltet werden kann und dabei noch Spa\u00df macht:<br \/>\n&nbsp;<br \/>\n<strong><em>Lerninhalte leicht verst\u00e4ndlich vermitteln<\/em><\/strong><br \/>\nDie Informationen m\u00fcssen f\u00fcr die Kursteilnehmer gedanklich nachvollziehbar, lebendig und verst\u00e4ndlich aufbereitet werden. IT-Trainer sollten darauf achten, komplexe IT-Sachverhalte h\u00e4ppchenweise und in einer einfachen Sprache darzustellen. Dabei sind Dolmetscher-Qualit\u00e4ten gefragt &#8211; Trainer m\u00fcssen die IT-Sprache ein St\u00fcck weit in die Alltagssprache \u00fcbersetzen.<br \/>\n&nbsp;<br \/>\n<strong><em>Didaktische F\u00e4higkeiten einbringen<\/em><\/strong><br \/>\nBei komplexen Softwareprogrammen sind besondere didaktische F\u00e4higkeiten erforderlich, um Lerninhalte effizient und nachhaltig zu vermitteln. Dabei sollte eine gesunde Mischung zwischen didaktisch-methodisch als auch sozial kompetent und ein ad\u00e4quates Ma\u00df an Fachvokabular eingesetzt werden, um die Teilnehmer von Beginn abzuholen und nicht zu \u00fcberfordern.<br \/>\n&nbsp;<br \/>\n<strong><em>Strukturierter Ablauf<\/em><\/strong><br \/>\nEin gut durchdachter Seminarplan ist das A und O f\u00fcr einen erfolgreich gestalteten Kurs. Wann wird welcher Inhalt geplant und auf welche Weise sowie mit welchen Hilfsmitteln sollen die Lerninhalte vorgestellt werden? Ein Trainingsplan als \u201aDrehbuch\u2018 ist dabei die perfekte St\u00fctze f\u00fcr einen zeitlich strukturierten Ablauf und fungiert als roter Faden. Deshalb unser Tipp: F\u00fchren Sie nie ein Training ohne Trainingsplan durch und bauen Sie alle zwei Stunden Pausen ein!<br \/>\n&nbsp;<br \/>\n<strong><em>Abwechslungen einbringen<\/em><\/strong><br \/>\nBei vielen Trainings ist der Beamer zur Visualisierung der Inhalte unverzichtbar. Allerdings darf die Schulung dadurch nicht in einem Monolog enden. Das Wechseln des Mediums sowie das Eingehen auf Themenw\u00fcnsche der Teilnehmer macht den Kurs abwechslungsreich und bindet die Anwesenden aktiv ins Geschehen ein. Dieser regelm\u00e4\u00dfige Wechsel zwischen Informationsaufnahme (Trainerinput), F\u00f6rderung der Informationsverarbeitung (Einsatz von kognitionsf\u00f6rdernden Formen) und Wissenssicherung bzw. Transfer (z.B. \u00fcber \u00dcbungen, Einzel-\/ Gruppenarbeitsformen, Simulationen etc.) ist f\u00fcr eine erfolgreiche Kursgestaltung sehr wichtig und st\u00e4rkt die Aufnahmekapazit\u00e4ten der einzelnen Teilnehmer.<\/p>","protected":false},"excerpt":{"rendered":"<p>Tipps f\u00fcr Schulung und Consulting &nbsp; In Zeiten des technischen Fortschritts und der zunehmenden Digitalisierung der Arbeitswelt fallen klassische Elemente verst\u00e4rkt weg. Auch auf dem Gebiet der Fachkr\u00e4fte-Trainings verdr\u00e4ngt das E-Learning zunehmend das klassische Seminar. Allerdings gibt es immer noch <a href=\"https:\/\/artech-consulting.de\/en\/aktuelles\/wussten-sie-schon-2\/tipps-fuer-schulung-und-consulting\/\" class=\"read-more\">Read More<\/a><\/p>\n","protected":false},"author":1,"featured_media":0,"parent":4507,"menu_order":0,"comment_status":"closed","ping_status":"closed","template":"","meta":{"footnotes":""},"yoast_head":"<!-- This site is optimized with the Yoast SEO plugin v23.5 - https:\/\/yoast.com\/wordpress\/plugins\/seo\/ -->\n<title>Tipps f\u00fcr Schulung und Consulting -<\/title>\n<meta name=\"description\" content=\"ARTECH Consulting bietet neben E-Learning auch Schulungen f\u00fcr Konstruktionssoftware an. Erfahren Sie hier Tipps, worauf es beim Training ankommt.\" \/>\n<meta name=\"robots\" content=\"index, follow, max-snippet:-1, max-image-preview:large, max-video-preview:-1\" \/>\n<link rel=\"canonical\" href=\"https:\/\/artech-consulting.de\/aktuelles\/wussten-sie-schon-2\/tipps-fuer-schulung-und-consulting\/\" \/>\n<meta property=\"og:locale\" content=\"en_US\" \/>\n<meta property=\"og:type\" content=\"article\" \/>\n<meta property=\"og:title\" content=\"Tipps f\u00fcr Schulung und Consulting\" \/>\n<meta property=\"og:description\" content=\"ARTECH Consulting bietet als Beratungsunternehmen neben E-Learning auch Schulungen f\u00fcr Konstruktionssoftware an. Um die erforderlichen Inhalte an die Kursteilnehmer effizient zu vermitteln, muss ein anwendungs- sowie systembezogenes Training stimmig konzipiert werden und der Trainer viele fachliche wie didaktische Aspekte beachten. lesen Sie hier, worauf es beim Training ankommt.\" \/>\n<meta property=\"og:url\" content=\"https:\/\/artech-consulting.de\/aktuelles\/wussten-sie-schon-2\/tipps-fuer-schulung-und-consulting\/\" \/>\n<meta property=\"article:publisher\" content=\"https:\/\/www.facebook.com\/ARTECH-Consulting-GmbH-367676580239744\/\" \/>\n<meta property=\"article:modified_time\" content=\"2018-11-26T11:45:03+00:00\" \/>\n<meta name=\"twitter:card\" content=\"summary_large_image\" \/>\n<meta name=\"twitter:label1\" content=\"Est. reading time\" \/>\n\t<meta name=\"twitter:data1\" content=\"4 minutes\" \/>\n<script type=\"application\/ld+json\" class=\"yoast-schema-graph\">{\"@context\":\"https:\/\/schema.org\",\"@graph\":[{\"@type\":\"WebPage\",\"@id\":\"https:\/\/artech-consulting.de\/aktuelles\/wussten-sie-schon-2\/tipps-fuer-schulung-und-consulting\/\",\"url\":\"https:\/\/artech-consulting.de\/aktuelles\/wussten-sie-schon-2\/tipps-fuer-schulung-und-consulting\/\",\"name\":\"Tipps f\u00fcr Schulung und Consulting -\",\"isPartOf\":{\"@id\":\"https:\/\/artech-consulting.de\/#website\"},\"datePublished\":\"2017-02-07T09:31:49+00:00\",\"dateModified\":\"2018-11-26T11:45:03+00:00\",\"description\":\"ARTECH Consulting bietet neben E-Learning auch Schulungen f\u00fcr Konstruktionssoftware an. Erfahren Sie hier Tipps, worauf es beim Training ankommt.\",\"breadcrumb\":{\"@id\":\"https:\/\/artech-consulting.de\/aktuelles\/wussten-sie-schon-2\/tipps-fuer-schulung-und-consulting\/#breadcrumb\"},\"inLanguage\":\"en-US\",\"potentialAction\":[{\"@type\":\"ReadAction\",\"target\":[\"https:\/\/artech-consulting.de\/aktuelles\/wussten-sie-schon-2\/tipps-fuer-schulung-und-consulting\/\"]}]},{\"@type\":\"BreadcrumbList\",\"@id\":\"https:\/\/artech-consulting.de\/aktuelles\/wussten-sie-schon-2\/tipps-fuer-schulung-und-consulting\/#breadcrumb\",\"itemListElement\":[{\"@type\":\"ListItem\",\"position\":1,\"name\":\"Home\",\"item\":\"https:\/\/artech-consulting.de\/\"},{\"@type\":\"ListItem\",\"position\":2,\"name\":\"Aktuelles\",\"item\":\"https:\/\/artech-consulting.de\/aktuelles\/\"},{\"@type\":\"ListItem\",\"position\":3,\"name\":\"Wissen &#038; Impulse\",\"item\":\"https:\/\/artech-consulting.de\/aktuelles\/wussten-sie-schon-2\/\"},{\"@type\":\"ListItem\",\"position\":4,\"name\":\"Tipps f\u00fcr Schulung und Consulting\"}]},{\"@type\":\"WebSite\",\"@id\":\"https:\/\/artech-consulting.de\/#website\",\"url\":\"https:\/\/artech-consulting.de\/\",\"name\":\"\",\"description\":\"\",\"publisher\":{\"@id\":\"https:\/\/artech-consulting.de\/#organization\"},\"potentialAction\":[{\"@type\":\"SearchAction\",\"target\":{\"@type\":\"EntryPoint\",\"urlTemplate\":\"https:\/\/artech-consulting.de\/?s={search_term_string}\"},\"query-input\":{\"@type\":\"PropertyValueSpecification\",\"valueRequired\":true,\"valueName\":\"search_term_string\"}}],\"inLanguage\":\"en-US\"},{\"@type\":\"Organization\",\"@id\":\"https:\/\/artech-consulting.de\/#organization\",\"name\":\"Artecch Consulting\",\"url\":\"https:\/\/artech-consulting.de\/\",\"logo\":{\"@type\":\"ImageObject\",\"inLanguage\":\"en-US\",\"@id\":\"https:\/\/artech-consulting.de\/#\/schema\/logo\/image\/\",\"url\":\"https:\/\/artech-consulting.de\/wp-content\/uploads\/2015\/06\/cropped-ARTech_Logo_rgb_600frei.png\",\"contentUrl\":\"https:\/\/artech-consulting.de\/wp-content\/uploads\/2015\/06\/cropped-ARTech_Logo_rgb_600frei.png\",\"width\":6805,\"height\":1554,\"caption\":\"Artecch Consulting\"},\"image\":{\"@id\":\"https:\/\/artech-consulting.de\/#\/schema\/logo\/image\/\"},\"sameAs\":[\"https:\/\/www.facebook.com\/ARTECH-Consulting-GmbH-367676580239744\/\",\"https:\/\/www.linkedin.com\/company\/artech-consulting-gmbh?report_success=8jyhy2niUpAFvknlZbso8OXCShshmpUnzp3NjIJ2m7yhSVK6-d3cj9EZShsc4o_DdpkqGOtZmrfmVAwicnuvayqF\"]}]}<\/script>\n<!-- \/ Yoast SEO plugin. -->","yoast_head_json":{"title":"Tipps f\u00fcr Schulung und Consulting -","description":"ARTECH Consulting bietet neben E-Learning auch Schulungen f\u00fcr Konstruktionssoftware an. Erfahren Sie hier Tipps, worauf es beim Training ankommt.","robots":{"index":"index","follow":"follow","max-snippet":"max-snippet:-1","max-image-preview":"max-image-preview:large","max-video-preview":"max-video-preview:-1"},"canonical":"https:\/\/artech-consulting.de\/aktuelles\/wussten-sie-schon-2\/tipps-fuer-schulung-und-consulting\/","og_locale":"en_US","og_type":"article","og_title":"Tipps f\u00fcr Schulung und Consulting","og_description":"ARTECH Consulting bietet als Beratungsunternehmen neben E-Learning auch Schulungen f\u00fcr Konstruktionssoftware an. Um die erforderlichen Inhalte an die Kursteilnehmer effizient zu vermitteln, muss ein anwendungs- sowie systembezogenes Training stimmig konzipiert werden und der Trainer viele fachliche wie didaktische Aspekte beachten. lesen Sie hier, worauf es beim Training ankommt.","og_url":"https:\/\/artech-consulting.de\/aktuelles\/wussten-sie-schon-2\/tipps-fuer-schulung-und-consulting\/","article_publisher":"https:\/\/www.facebook.com\/ARTECH-Consulting-GmbH-367676580239744\/","article_modified_time":"2018-11-26T11:45:03+00:00","twitter_card":"summary_large_image","twitter_misc":{"Est. reading time":"4 minutes"},"schema":{"@context":"https:\/\/schema.org","@graph":[{"@type":"WebPage","@id":"https:\/\/artech-consulting.de\/aktuelles\/wussten-sie-schon-2\/tipps-fuer-schulung-und-consulting\/","url":"https:\/\/artech-consulting.de\/aktuelles\/wussten-sie-schon-2\/tipps-fuer-schulung-und-consulting\/","name":"Tipps f\u00fcr Schulung und Consulting -","isPartOf":{"@id":"https:\/\/artech-consulting.de\/#website"},"datePublished":"2017-02-07T09:31:49+00:00","dateModified":"2018-11-26T11:45:03+00:00","description":"ARTECH Consulting bietet neben E-Learning auch Schulungen f\u00fcr Konstruktionssoftware an. Erfahren Sie hier Tipps, worauf es beim Training ankommt.","breadcrumb":{"@id":"https:\/\/artech-consulting.de\/aktuelles\/wussten-sie-schon-2\/tipps-fuer-schulung-und-consulting\/#breadcrumb"},"inLanguage":"en-US","potentialAction":[{"@type":"ReadAction","target":["https:\/\/artech-consulting.de\/aktuelles\/wussten-sie-schon-2\/tipps-fuer-schulung-und-consulting\/"]}]},{"@type":"BreadcrumbList","@id":"https:\/\/artech-consulting.de\/aktuelles\/wussten-sie-schon-2\/tipps-fuer-schulung-und-consulting\/#breadcrumb","itemListElement":[{"@type":"ListItem","position":1,"name":"Home","item":"https:\/\/artech-consulting.de\/"},{"@type":"ListItem","position":2,"name":"Aktuelles","item":"https:\/\/artech-consulting.de\/aktuelles\/"},{"@type":"ListItem","position":3,"name":"Wissen &#038; Impulse","item":"https:\/\/artech-consulting.de\/aktuelles\/wussten-sie-schon-2\/"},{"@type":"ListItem","position":4,"name":"Tipps f\u00fcr Schulung und Consulting"}]},{"@type":"WebSite","@id":"https:\/\/artech-consulting.de\/#website","url":"https:\/\/artech-consulting.de\/","name":"","description":"","publisher":{"@id":"https:\/\/artech-consulting.de\/#organization"},"potentialAction":[{"@type":"SearchAction","target":{"@type":"EntryPoint","urlTemplate":"https:\/\/artech-consulting.de\/?s={search_term_string}"},"query-input":{"@type":"PropertyValueSpecification","valueRequired":true,"valueName":"search_term_string"}}],"inLanguage":"en-US"},{"@type":"Organization","@id":"https:\/\/artech-consulting.de\/#organization","name":"Artecch Consulting","url":"https:\/\/artech-consulting.de\/","logo":{"@type":"ImageObject","inLanguage":"en-US","@id":"https:\/\/artech-consulting.de\/#\/schema\/logo\/image\/","url":"https:\/\/artech-consulting.de\/wp-content\/uploads\/2015\/06\/cropped-ARTech_Logo_rgb_600frei.png","contentUrl":"https:\/\/artech-consulting.de\/wp-content\/uploads\/2015\/06\/cropped-ARTech_Logo_rgb_600frei.png","width":6805,"height":1554,"caption":"Artecch Consulting"},"image":{"@id":"https:\/\/artech-consulting.de\/#\/schema\/logo\/image\/"},"sameAs":["https:\/\/www.facebook.com\/ARTECH-Consulting-GmbH-367676580239744\/","https:\/\/www.linkedin.com\/company\/artech-consulting-gmbh?report_success=8jyhy2niUpAFvknlZbso8OXCShshmpUnzp3NjIJ2m7yhSVK6-d3cj9EZShsc4o_DdpkqGOtZmrfmVAwicnuvayqF"]}]}},"_links":{"self":[{"href":"https:\/\/artech-consulting.de\/en\/wp-json\/wp\/v2\/pages\/2528"}],"collection":[{"href":"https:\/\/artech-consulting.de\/en\/wp-json\/wp\/v2\/pages"}],"about":[{"href":"https:\/\/artech-consulting.de\/en\/wp-json\/wp\/v2\/types\/page"}],"author":[{"embeddable":true,"href":"https:\/\/artech-consulting.de\/en\/wp-json\/wp\/v2\/users\/1"}],"replies":[{"embeddable":true,"href":"https:\/\/artech-consulting.de\/en\/wp-json\/wp\/v2\/comments?post=2528"}],"version-history":[{"count":5,"href":"https:\/\/artech-consulting.de\/en\/wp-json\/wp\/v2\/pages\/2528\/revisions"}],"predecessor-version":[{"id":3763,"href":"https:\/\/artech-consulting.de\/en\/wp-json\/wp\/v2\/pages\/2528\/revisions\/3763"}],"up":[{"embeddable":true,"href":"https:\/\/artech-consulting.de\/en\/wp-json\/wp\/v2\/pages\/4507"}],"wp:attachment":[{"href":"https:\/\/artech-consulting.de\/en\/wp-json\/wp\/v2\/media?parent=2528"}],"curies":[{"name":"wp","href":"https:\/\/api.w.org\/{rel}","templated":true}]}}