{"id":2539,"date":"2017-02-09T12:08:07","date_gmt":"2017-02-09T11:08:07","guid":{"rendered":"https:\/\/artech-consulting.de\/?page_id=2539"},"modified":"2018-11-26T12:48:19","modified_gmt":"2018-11-26T11:48:19","slug":"teamcenter-info","status":"publish","type":"page","link":"https:\/\/artech-consulting.de\/en\/aktuelles\/wussten-sie-schon-2\/teamcenter-info\/","title":{"rendered":"Teamcenter \u2013 Info"},"content":{"rendered":"<p><strong>Teamcenter \u2013 Im globalen Team das Produkt optimieren<\/strong><br \/>\n&nbsp;<br \/>\nTeamcenter ist ein unternehmensweites PLM-System von Siemens, das Firmen im harterk\u00e4mpften Weltmarkt erm\u00f6glicht, wichtige Produktdaten w\u00e4hrend der Lebenszyklen zu beobachten und bei Bedarf \u00c4nderungen vorzunehmen. Auf diese Weise werden die verschiedenen Prozessabl\u00e4ufe optimiert und die Qualit\u00e4t gesteigert.<br \/>\n&nbsp;<br \/>\nDas PLM-System Teamcenter ist eine der weltweit am h\u00e4ufigsten eingesetzten Software und \u00f6ffnet Anwendern viele T\u00fcren bei Arbeitsprozessen. Durch die Verkn\u00fcpfung, der an der Entwicklung und Fertigung global beteiligten Ingenieursteams sowie Lieferanten, k\u00f6nnen jederzeit gemeinsam schnelle Entscheidungen \u00fcber bestimmte Funktionsprozesse getroffen und somit Zeit sowie Kosten eingespart werden.<br \/>\n&nbsp;<br \/>\nVor allem unkomplizierte CAD-Integrationen erweitern das Portfolio des Programms und machen das gemeinsame Arbeiten unabh\u00e4ngig von der Herkunft jeweiliger CAD-Daten. Davon profitieren besonders Engineering-Teams, die trotz unterschiedlicher CAD-Systeme so gemeinsam an einem Projekt arbeiten k\u00f6nnen. Teamcenter als Programmpaket bietet Unternehmen mit seinen zahlreichen Funktionen und Integrationen viele M\u00f6glichkeiten, um die individuellen Anforderungen zu erf\u00fcllen.<\/p>","protected":false},"excerpt":{"rendered":"<p>Teamcenter \u2013 Im globalen Team das Produkt optimieren &nbsp; Teamcenter ist ein unternehmensweites PLM-System von Siemens, das Firmen im harterk\u00e4mpften Weltmarkt erm\u00f6glicht, wichtige Produktdaten w\u00e4hrend der Lebenszyklen zu beobachten und bei Bedarf \u00c4nderungen vorzunehmen. Auf diese Weise werden die verschiedenen <a href=\"https:\/\/artech-consulting.de\/en\/aktuelles\/wussten-sie-schon-2\/teamcenter-info\/\" class=\"read-more\">Read More<\/a><\/p>\n","protected":false},"author":1,"featured_media":0,"parent":4507,"menu_order":0,"comment_status":"closed","ping_status":"closed","template":"","meta":{"footnotes":""},"yoast_head":"<!-- This site is optimized with the Yoast SEO plugin v23.5 - https:\/\/yoast.com\/wordpress\/plugins\/seo\/ -->\n<title>Teamcenter \u2013 Info -<\/title>\n<meta name=\"description\" content=\"Um als Unternehmen immer den \u00dcberblick \u00fcber die wichtigsten Daten der Lebenszyklen des Produkts zu behalten, helfen PLM-Systeme wie Teamcenter.\" \/>\n<meta name=\"robots\" content=\"index, follow, max-snippet:-1, max-image-preview:large, max-video-preview:-1\" \/>\n<link rel=\"canonical\" href=\"https:\/\/artech-consulting.de\/aktuelles\/wussten-sie-schon-2\/teamcenter-info\/\" \/>\n<meta property=\"og:locale\" content=\"en_US\" \/>\n<meta property=\"og:type\" content=\"article\" \/>\n<meta property=\"og:title\" content=\"Teamcenter \u2013 Im globalen Team das Produkt optimieren\" \/>\n<meta property=\"og:description\" content=\"Ein Produkt durchl\u00e4uft von der Konstruktion \u00fcber die Markteinf\u00fchrung bis zur Entsorgung mehrere Lebenszyklen. Um als Unternehmen immer den \u00dcberblick \u00fcber die wichtigsten Daten des Produkts zu erhalten, helfen PLM-Systeme wie Teamcenter.\" \/>\n<meta property=\"og:url\" content=\"https:\/\/artech-consulting.de\/aktuelles\/wussten-sie-schon-2\/teamcenter-info\/\" \/>\n<meta property=\"article:publisher\" content=\"https:\/\/www.facebook.com\/ARTECH-Consulting-GmbH-367676580239744\/\" \/>\n<meta property=\"article:modified_time\" content=\"2018-11-26T11:48:19+00:00\" \/>\n<meta name=\"twitter:card\" content=\"summary_large_image\" \/>\n<meta name=\"twitter:label1\" content=\"Est. reading time\" \/>\n\t<meta name=\"twitter:data1\" content=\"2 minutes\" \/>\n<script type=\"application\/ld+json\" class=\"yoast-schema-graph\">{\"@context\":\"https:\/\/schema.org\",\"@graph\":[{\"@type\":\"WebPage\",\"@id\":\"https:\/\/artech-consulting.de\/aktuelles\/wussten-sie-schon-2\/teamcenter-info\/\",\"url\":\"https:\/\/artech-consulting.de\/aktuelles\/wussten-sie-schon-2\/teamcenter-info\/\",\"name\":\"Teamcenter \u2013 Info -\",\"isPartOf\":{\"@id\":\"https:\/\/artech-consulting.de\/#website\"},\"datePublished\":\"2017-02-09T11:08:07+00:00\",\"dateModified\":\"2018-11-26T11:48:19+00:00\",\"description\":\"Um als Unternehmen immer den \u00dcberblick \u00fcber die wichtigsten Daten der Lebenszyklen des Produkts zu behalten, helfen PLM-Systeme wie Teamcenter.\",\"breadcrumb\":{\"@id\":\"https:\/\/artech-consulting.de\/aktuelles\/wussten-sie-schon-2\/teamcenter-info\/#breadcrumb\"},\"inLanguage\":\"en-US\",\"potentialAction\":[{\"@type\":\"ReadAction\",\"target\":[\"https:\/\/artech-consulting.de\/aktuelles\/wussten-sie-schon-2\/teamcenter-info\/\"]}]},{\"@type\":\"BreadcrumbList\",\"@id\":\"https:\/\/artech-consulting.de\/aktuelles\/wussten-sie-schon-2\/teamcenter-info\/#breadcrumb\",\"itemListElement\":[{\"@type\":\"ListItem\",\"position\":1,\"name\":\"Home\",\"item\":\"https:\/\/artech-consulting.de\/\"},{\"@type\":\"ListItem\",\"position\":2,\"name\":\"Aktuelles\",\"item\":\"https:\/\/artech-consulting.de\/aktuelles\/\"},{\"@type\":\"ListItem\",\"position\":3,\"name\":\"Wissen &#038; Impulse\",\"item\":\"https:\/\/artech-consulting.de\/aktuelles\/wussten-sie-schon-2\/\"},{\"@type\":\"ListItem\",\"position\":4,\"name\":\"Teamcenter \u2013 Info\"}]},{\"@type\":\"WebSite\",\"@id\":\"https:\/\/artech-consulting.de\/#website\",\"url\":\"https:\/\/artech-consulting.de\/\",\"name\":\"\",\"description\":\"\",\"publisher\":{\"@id\":\"https:\/\/artech-consulting.de\/#organization\"},\"potentialAction\":[{\"@type\":\"SearchAction\",\"target\":{\"@type\":\"EntryPoint\",\"urlTemplate\":\"https:\/\/artech-consulting.de\/?s={search_term_string}\"},\"query-input\":{\"@type\":\"PropertyValueSpecification\",\"valueRequired\":true,\"valueName\":\"search_term_string\"}}],\"inLanguage\":\"en-US\"},{\"@type\":\"Organization\",\"@id\":\"https:\/\/artech-consulting.de\/#organization\",\"name\":\"Artecch Consulting\",\"url\":\"https:\/\/artech-consulting.de\/\",\"logo\":{\"@type\":\"ImageObject\",\"inLanguage\":\"en-US\",\"@id\":\"https:\/\/artech-consulting.de\/#\/schema\/logo\/image\/\",\"url\":\"https:\/\/artech-consulting.de\/wp-content\/uploads\/2015\/06\/cropped-ARTech_Logo_rgb_600frei.png\",\"contentUrl\":\"https:\/\/artech-consulting.de\/wp-content\/uploads\/2015\/06\/cropped-ARTech_Logo_rgb_600frei.png\",\"width\":6805,\"height\":1554,\"caption\":\"Artecch Consulting\"},\"image\":{\"@id\":\"https:\/\/artech-consulting.de\/#\/schema\/logo\/image\/\"},\"sameAs\":[\"https:\/\/www.facebook.com\/ARTECH-Consulting-GmbH-367676580239744\/\",\"https:\/\/www.linkedin.com\/company\/artech-consulting-gmbh?report_success=8jyhy2niUpAFvknlZbso8OXCShshmpUnzp3NjIJ2m7yhSVK6-d3cj9EZShsc4o_DdpkqGOtZmrfmVAwicnuvayqF\"]}]}<\/script>\n<!-- \/ Yoast SEO plugin. -->","yoast_head_json":{"title":"Teamcenter \u2013 Info -","description":"Um als Unternehmen immer den \u00dcberblick \u00fcber die wichtigsten Daten der Lebenszyklen des Produkts zu behalten, helfen PLM-Systeme wie Teamcenter.","robots":{"index":"index","follow":"follow","max-snippet":"max-snippet:-1","max-image-preview":"max-image-preview:large","max-video-preview":"max-video-preview:-1"},"canonical":"https:\/\/artech-consulting.de\/aktuelles\/wussten-sie-schon-2\/teamcenter-info\/","og_locale":"en_US","og_type":"article","og_title":"Teamcenter \u2013 Im globalen Team das Produkt optimieren","og_description":"Ein Produkt durchl\u00e4uft von der Konstruktion \u00fcber die Markteinf\u00fchrung bis zur Entsorgung mehrere Lebenszyklen. Um als Unternehmen immer den \u00dcberblick \u00fcber die wichtigsten Daten des Produkts zu erhalten, helfen PLM-Systeme wie Teamcenter.","og_url":"https:\/\/artech-consulting.de\/aktuelles\/wussten-sie-schon-2\/teamcenter-info\/","article_publisher":"https:\/\/www.facebook.com\/ARTECH-Consulting-GmbH-367676580239744\/","article_modified_time":"2018-11-26T11:48:19+00:00","twitter_card":"summary_large_image","twitter_misc":{"Est. reading time":"2 minutes"},"schema":{"@context":"https:\/\/schema.org","@graph":[{"@type":"WebPage","@id":"https:\/\/artech-consulting.de\/aktuelles\/wussten-sie-schon-2\/teamcenter-info\/","url":"https:\/\/artech-consulting.de\/aktuelles\/wussten-sie-schon-2\/teamcenter-info\/","name":"Teamcenter \u2013 Info -","isPartOf":{"@id":"https:\/\/artech-consulting.de\/#website"},"datePublished":"2017-02-09T11:08:07+00:00","dateModified":"2018-11-26T11:48:19+00:00","description":"Um als Unternehmen immer den \u00dcberblick \u00fcber die wichtigsten Daten der Lebenszyklen des Produkts zu behalten, helfen PLM-Systeme wie Teamcenter.","breadcrumb":{"@id":"https:\/\/artech-consulting.de\/aktuelles\/wussten-sie-schon-2\/teamcenter-info\/#breadcrumb"},"inLanguage":"en-US","potentialAction":[{"@type":"ReadAction","target":["https:\/\/artech-consulting.de\/aktuelles\/wussten-sie-schon-2\/teamcenter-info\/"]}]},{"@type":"BreadcrumbList","@id":"https:\/\/artech-consulting.de\/aktuelles\/wussten-sie-schon-2\/teamcenter-info\/#breadcrumb","itemListElement":[{"@type":"ListItem","position":1,"name":"Home","item":"https:\/\/artech-consulting.de\/"},{"@type":"ListItem","position":2,"name":"Aktuelles","item":"https:\/\/artech-consulting.de\/aktuelles\/"},{"@type":"ListItem","position":3,"name":"Wissen &#038; Impulse","item":"https:\/\/artech-consulting.de\/aktuelles\/wussten-sie-schon-2\/"},{"@type":"ListItem","position":4,"name":"Teamcenter \u2013 Info"}]},{"@type":"WebSite","@id":"https:\/\/artech-consulting.de\/#website","url":"https:\/\/artech-consulting.de\/","name":"","description":"","publisher":{"@id":"https:\/\/artech-consulting.de\/#organization"},"potentialAction":[{"@type":"SearchAction","target":{"@type":"EntryPoint","urlTemplate":"https:\/\/artech-consulting.de\/?s={search_term_string}"},"query-input":{"@type":"PropertyValueSpecification","valueRequired":true,"valueName":"search_term_string"}}],"inLanguage":"en-US"},{"@type":"Organization","@id":"https:\/\/artech-consulting.de\/#organization","name":"Artecch Consulting","url":"https:\/\/artech-consulting.de\/","logo":{"@type":"ImageObject","inLanguage":"en-US","@id":"https:\/\/artech-consulting.de\/#\/schema\/logo\/image\/","url":"https:\/\/artech-consulting.de\/wp-content\/uploads\/2015\/06\/cropped-ARTech_Logo_rgb_600frei.png","contentUrl":"https:\/\/artech-consulting.de\/wp-content\/uploads\/2015\/06\/cropped-ARTech_Logo_rgb_600frei.png","width":6805,"height":1554,"caption":"Artecch Consulting"},"image":{"@id":"https:\/\/artech-consulting.de\/#\/schema\/logo\/image\/"},"sameAs":["https:\/\/www.facebook.com\/ARTECH-Consulting-GmbH-367676580239744\/","https:\/\/www.linkedin.com\/company\/artech-consulting-gmbh?report_success=8jyhy2niUpAFvknlZbso8OXCShshmpUnzp3NjIJ2m7yhSVK6-d3cj9EZShsc4o_DdpkqGOtZmrfmVAwicnuvayqF"]}]}},"_links":{"self":[{"href":"https:\/\/artech-consulting.de\/en\/wp-json\/wp\/v2\/pages\/2539"}],"collection":[{"href":"https:\/\/artech-consulting.de\/en\/wp-json\/wp\/v2\/pages"}],"about":[{"href":"https:\/\/artech-consulting.de\/en\/wp-json\/wp\/v2\/types\/page"}],"author":[{"embeddable":true,"href":"https:\/\/artech-consulting.de\/en\/wp-json\/wp\/v2\/users\/1"}],"replies":[{"embeddable":true,"href":"https:\/\/artech-consulting.de\/en\/wp-json\/wp\/v2\/comments?post=2539"}],"version-history":[{"count":6,"href":"https:\/\/artech-consulting.de\/en\/wp-json\/wp\/v2\/pages\/2539\/revisions"}],"predecessor-version":[{"id":3762,"href":"https:\/\/artech-consulting.de\/en\/wp-json\/wp\/v2\/pages\/2539\/revisions\/3762"}],"up":[{"embeddable":true,"href":"https:\/\/artech-consulting.de\/en\/wp-json\/wp\/v2\/pages\/4507"}],"wp:attachment":[{"href":"https:\/\/artech-consulting.de\/en\/wp-json\/wp\/v2\/media?parent=2539"}],"curies":[{"name":"wp","href":"https:\/\/api.w.org\/{rel}","templated":true}]}}