{"id":2546,"date":"2017-02-10T10:16:22","date_gmt":"2017-02-10T09:16:22","guid":{"rendered":"https:\/\/artech-consulting.de\/?page_id=2546"},"modified":"2018-11-26T12:47:35","modified_gmt":"2018-11-26T11:47:35","slug":"teamcenter-geschichte","status":"publish","type":"page","link":"https:\/\/artech-consulting.de\/en\/aktuelles\/wussten-sie-schon-2\/teamcenter-geschichte\/","title":{"rendered":"Teamcenter \u2013 Geschichte"},"content":{"rendered":"<p><strong>Vom Kleinunternehmen gegr\u00fcndet und vom Konzernriesen gro\u00df gemacht<\/strong><br \/>\n&nbsp;<br \/>\nDie PLM-Software Teamcenter von Siemens ist heutzutage eine der weltweit am h\u00e4ufigsten eingesetzten PLM-L\u00f6sungen auf dem IT-Markt. Doch bevor die Anwendung zu den Marktf\u00fchrern aufschloss, durchlebte Siemens mit seinem Produkt viele neue Technologien und Erweiterungen bis letztendlich Ingenieurteams und Lieferanten weltweit mit Teamcenter gemeinsam an einem Projekt arbeiten konnten.<br \/>\n&nbsp;<br \/>\nDer Ursprung von Teamcenter liegt im Jahr 1963 als im kalifornischen Torrance United Computing gegr\u00fcndet wurde. Im Laufe der Jahre entwickelte das Unternehmen eines der ersten CAM-Produkte f\u00fcr Endkunden und etablierte sich allm\u00e4hlich auf dem IT-Markt. Nach der \u00dcbernahme durch das Luftfahrtunternehmen McDonnell Douglas wurden mehrere CAD-\/CAM-Abteilungen wie unter anderem Unigraphics ins Leben gerufen. Als erstes Hard- und Softwarepaket f\u00fcr Entw\u00fcrfe von Modellen in 3D-Darstellung wurde letztendlich 1980 Unigraphics zum Verkauf freigegeben. Dies war auch der Startschuss f\u00fcr Teamcenter. In den 80er Jahren zun\u00e4chst als Verwaltung f\u00fcr CAD-Dateien verwendet, wurde die Software dank neuer Technologien stetig weiterentwickelt. Ab Ende der 90er Jahre folgte eine grundlegende Verfeinerung der Produktpalette von Teamcenter, welche im darauffolgenden Jahrzehnt die Umstrukturierung mehrerer Versionen zur Folge hatte. Mit der Aktualisierung \u00e4lterer Versionen sowie der Integration innovativer Technologien konnte die Software optimiert und den wachsenden Bed\u00fcrfnissen der Kunden angepasst werden.<br \/>\n&nbsp;<br \/>\nNach der \u00dcbernahme 2007 von Unigraphics durch den Konzernriesen Siemens und der Umbenennung in \u201aSiemens PLM Software Inc.\u2018 konnte den Kunden Hardware, Software und Unterst\u00fctzung f\u00fcr die Digitale Fabrik aus einer Hand angeboten werden. Auf diese Weise setzte sich Teamcenter als weltweit am h\u00e4ufigsten eingesetzte PLM-Software am IT-Markt fest und ist nicht mehr aus den K\u00f6pfen von Ingenieuren sowie Lieferanten wegzudenken.<\/p>","protected":false},"excerpt":{"rendered":"<p>Vom Kleinunternehmen gegr\u00fcndet und vom Konzernriesen gro\u00df gemacht &nbsp; Die PLM-Software Teamcenter von Siemens ist heutzutage eine der weltweit am h\u00e4ufigsten eingesetzten PLM-L\u00f6sungen auf dem IT-Markt. Doch bevor die Anwendung zu den Marktf\u00fchrern aufschloss, durchlebte Siemens mit seinem Produkt viele <a href=\"https:\/\/artech-consulting.de\/en\/aktuelles\/wussten-sie-schon-2\/teamcenter-geschichte\/\" class=\"read-more\">Read More<\/a><\/p>\n","protected":false},"author":1,"featured_media":0,"parent":4507,"menu_order":0,"comment_status":"closed","ping_status":"closed","template":"","meta":{"footnotes":""},"yoast_head":"<!-- This site is optimized with the Yoast SEO plugin v23.5 - https:\/\/yoast.com\/wordpress\/plugins\/seo\/ -->\n<title>Teamcenter \u2013 Geschichte -<\/title>\n<meta name=\"description\" content=\"1963 gegr\u00fcndet und 2007 von Siemens \u00fcbernommen, ist Teamcenter nicht mehr aus den K\u00f6pfen von Ingenieuren sowie Lieferanten wegzudenken.\" \/>\n<meta name=\"robots\" content=\"index, follow, max-snippet:-1, max-image-preview:large, max-video-preview:-1\" \/>\n<link rel=\"canonical\" href=\"https:\/\/artech-consulting.de\/aktuelles\/wussten-sie-schon-2\/teamcenter-geschichte\/\" \/>\n<meta property=\"og:locale\" content=\"en_US\" \/>\n<meta property=\"og:type\" content=\"article\" \/>\n<meta property=\"og:title\" content=\"Vom Kleinunternehmen gegr\u00fcndet und vom Konzernriesen gro\u00df gemacht\" \/>\n<meta property=\"og:description\" content=\"Teamcenter geh\u00f6rt zu den weltweit am h\u00e4ufigsten eingesetzten PLM-L\u00f6sungen. 1963 von einem kalifornischen Unternehmen gegr\u00fcndet und 2007 vom Konzernriesen Siemens \u00fcbernommen, ist die Software nicht mehr aus den K\u00f6pfen von Ingenieuren sowie Lieferanten wegzudenken.\" \/>\n<meta property=\"og:url\" content=\"https:\/\/artech-consulting.de\/aktuelles\/wussten-sie-schon-2\/teamcenter-geschichte\/\" \/>\n<meta property=\"article:publisher\" content=\"https:\/\/www.facebook.com\/ARTECH-Consulting-GmbH-367676580239744\/\" \/>\n<meta property=\"article:modified_time\" content=\"2018-11-26T11:47:35+00:00\" \/>\n<meta name=\"twitter:card\" content=\"summary_large_image\" \/>\n<meta name=\"twitter:label1\" content=\"Est. reading time\" \/>\n\t<meta name=\"twitter:data1\" content=\"3 minutes\" \/>\n<script type=\"application\/ld+json\" class=\"yoast-schema-graph\">{\"@context\":\"https:\/\/schema.org\",\"@graph\":[{\"@type\":\"WebPage\",\"@id\":\"https:\/\/artech-consulting.de\/aktuelles\/wussten-sie-schon-2\/teamcenter-geschichte\/\",\"url\":\"https:\/\/artech-consulting.de\/aktuelles\/wussten-sie-schon-2\/teamcenter-geschichte\/\",\"name\":\"Teamcenter \u2013 Geschichte -\",\"isPartOf\":{\"@id\":\"https:\/\/artech-consulting.de\/#website\"},\"datePublished\":\"2017-02-10T09:16:22+00:00\",\"dateModified\":\"2018-11-26T11:47:35+00:00\",\"description\":\"1963 gegr\u00fcndet und 2007 von Siemens \u00fcbernommen, ist Teamcenter nicht mehr aus den K\u00f6pfen von Ingenieuren sowie Lieferanten wegzudenken.\",\"breadcrumb\":{\"@id\":\"https:\/\/artech-consulting.de\/aktuelles\/wussten-sie-schon-2\/teamcenter-geschichte\/#breadcrumb\"},\"inLanguage\":\"en-US\",\"potentialAction\":[{\"@type\":\"ReadAction\",\"target\":[\"https:\/\/artech-consulting.de\/aktuelles\/wussten-sie-schon-2\/teamcenter-geschichte\/\"]}]},{\"@type\":\"BreadcrumbList\",\"@id\":\"https:\/\/artech-consulting.de\/aktuelles\/wussten-sie-schon-2\/teamcenter-geschichte\/#breadcrumb\",\"itemListElement\":[{\"@type\":\"ListItem\",\"position\":1,\"name\":\"Home\",\"item\":\"https:\/\/artech-consulting.de\/\"},{\"@type\":\"ListItem\",\"position\":2,\"name\":\"Aktuelles\",\"item\":\"https:\/\/artech-consulting.de\/aktuelles\/\"},{\"@type\":\"ListItem\",\"position\":3,\"name\":\"Wissen &#038; Impulse\",\"item\":\"https:\/\/artech-consulting.de\/aktuelles\/wussten-sie-schon-2\/\"},{\"@type\":\"ListItem\",\"position\":4,\"name\":\"Teamcenter \u2013 Geschichte\"}]},{\"@type\":\"WebSite\",\"@id\":\"https:\/\/artech-consulting.de\/#website\",\"url\":\"https:\/\/artech-consulting.de\/\",\"name\":\"\",\"description\":\"\",\"publisher\":{\"@id\":\"https:\/\/artech-consulting.de\/#organization\"},\"potentialAction\":[{\"@type\":\"SearchAction\",\"target\":{\"@type\":\"EntryPoint\",\"urlTemplate\":\"https:\/\/artech-consulting.de\/?s={search_term_string}\"},\"query-input\":{\"@type\":\"PropertyValueSpecification\",\"valueRequired\":true,\"valueName\":\"search_term_string\"}}],\"inLanguage\":\"en-US\"},{\"@type\":\"Organization\",\"@id\":\"https:\/\/artech-consulting.de\/#organization\",\"name\":\"Artecch Consulting\",\"url\":\"https:\/\/artech-consulting.de\/\",\"logo\":{\"@type\":\"ImageObject\",\"inLanguage\":\"en-US\",\"@id\":\"https:\/\/artech-consulting.de\/#\/schema\/logo\/image\/\",\"url\":\"https:\/\/artech-consulting.de\/wp-content\/uploads\/2015\/06\/cropped-ARTech_Logo_rgb_600frei.png\",\"contentUrl\":\"https:\/\/artech-consulting.de\/wp-content\/uploads\/2015\/06\/cropped-ARTech_Logo_rgb_600frei.png\",\"width\":6805,\"height\":1554,\"caption\":\"Artecch Consulting\"},\"image\":{\"@id\":\"https:\/\/artech-consulting.de\/#\/schema\/logo\/image\/\"},\"sameAs\":[\"https:\/\/www.facebook.com\/ARTECH-Consulting-GmbH-367676580239744\/\",\"https:\/\/www.linkedin.com\/company\/artech-consulting-gmbh?report_success=8jyhy2niUpAFvknlZbso8OXCShshmpUnzp3NjIJ2m7yhSVK6-d3cj9EZShsc4o_DdpkqGOtZmrfmVAwicnuvayqF\"]}]}<\/script>\n<!-- \/ Yoast SEO plugin. -->","yoast_head_json":{"title":"Teamcenter \u2013 Geschichte -","description":"1963 gegr\u00fcndet und 2007 von Siemens \u00fcbernommen, ist Teamcenter nicht mehr aus den K\u00f6pfen von Ingenieuren sowie Lieferanten wegzudenken.","robots":{"index":"index","follow":"follow","max-snippet":"max-snippet:-1","max-image-preview":"max-image-preview:large","max-video-preview":"max-video-preview:-1"},"canonical":"https:\/\/artech-consulting.de\/aktuelles\/wussten-sie-schon-2\/teamcenter-geschichte\/","og_locale":"en_US","og_type":"article","og_title":"Vom Kleinunternehmen gegr\u00fcndet und vom Konzernriesen gro\u00df gemacht","og_description":"Teamcenter geh\u00f6rt zu den weltweit am h\u00e4ufigsten eingesetzten PLM-L\u00f6sungen. 1963 von einem kalifornischen Unternehmen gegr\u00fcndet und 2007 vom Konzernriesen Siemens \u00fcbernommen, ist die Software nicht mehr aus den K\u00f6pfen von Ingenieuren sowie Lieferanten wegzudenken.","og_url":"https:\/\/artech-consulting.de\/aktuelles\/wussten-sie-schon-2\/teamcenter-geschichte\/","article_publisher":"https:\/\/www.facebook.com\/ARTECH-Consulting-GmbH-367676580239744\/","article_modified_time":"2018-11-26T11:47:35+00:00","twitter_card":"summary_large_image","twitter_misc":{"Est. reading time":"3 minutes"},"schema":{"@context":"https:\/\/schema.org","@graph":[{"@type":"WebPage","@id":"https:\/\/artech-consulting.de\/aktuelles\/wussten-sie-schon-2\/teamcenter-geschichte\/","url":"https:\/\/artech-consulting.de\/aktuelles\/wussten-sie-schon-2\/teamcenter-geschichte\/","name":"Teamcenter \u2013 Geschichte -","isPartOf":{"@id":"https:\/\/artech-consulting.de\/#website"},"datePublished":"2017-02-10T09:16:22+00:00","dateModified":"2018-11-26T11:47:35+00:00","description":"1963 gegr\u00fcndet und 2007 von Siemens \u00fcbernommen, ist Teamcenter nicht mehr aus den K\u00f6pfen von Ingenieuren sowie Lieferanten wegzudenken.","breadcrumb":{"@id":"https:\/\/artech-consulting.de\/aktuelles\/wussten-sie-schon-2\/teamcenter-geschichte\/#breadcrumb"},"inLanguage":"en-US","potentialAction":[{"@type":"ReadAction","target":["https:\/\/artech-consulting.de\/aktuelles\/wussten-sie-schon-2\/teamcenter-geschichte\/"]}]},{"@type":"BreadcrumbList","@id":"https:\/\/artech-consulting.de\/aktuelles\/wussten-sie-schon-2\/teamcenter-geschichte\/#breadcrumb","itemListElement":[{"@type":"ListItem","position":1,"name":"Home","item":"https:\/\/artech-consulting.de\/"},{"@type":"ListItem","position":2,"name":"Aktuelles","item":"https:\/\/artech-consulting.de\/aktuelles\/"},{"@type":"ListItem","position":3,"name":"Wissen &#038; Impulse","item":"https:\/\/artech-consulting.de\/aktuelles\/wussten-sie-schon-2\/"},{"@type":"ListItem","position":4,"name":"Teamcenter \u2013 Geschichte"}]},{"@type":"WebSite","@id":"https:\/\/artech-consulting.de\/#website","url":"https:\/\/artech-consulting.de\/","name":"","description":"","publisher":{"@id":"https:\/\/artech-consulting.de\/#organization"},"potentialAction":[{"@type":"SearchAction","target":{"@type":"EntryPoint","urlTemplate":"https:\/\/artech-consulting.de\/?s={search_term_string}"},"query-input":{"@type":"PropertyValueSpecification","valueRequired":true,"valueName":"search_term_string"}}],"inLanguage":"en-US"},{"@type":"Organization","@id":"https:\/\/artech-consulting.de\/#organization","name":"Artecch Consulting","url":"https:\/\/artech-consulting.de\/","logo":{"@type":"ImageObject","inLanguage":"en-US","@id":"https:\/\/artech-consulting.de\/#\/schema\/logo\/image\/","url":"https:\/\/artech-consulting.de\/wp-content\/uploads\/2015\/06\/cropped-ARTech_Logo_rgb_600frei.png","contentUrl":"https:\/\/artech-consulting.de\/wp-content\/uploads\/2015\/06\/cropped-ARTech_Logo_rgb_600frei.png","width":6805,"height":1554,"caption":"Artecch Consulting"},"image":{"@id":"https:\/\/artech-consulting.de\/#\/schema\/logo\/image\/"},"sameAs":["https:\/\/www.facebook.com\/ARTECH-Consulting-GmbH-367676580239744\/","https:\/\/www.linkedin.com\/company\/artech-consulting-gmbh?report_success=8jyhy2niUpAFvknlZbso8OXCShshmpUnzp3NjIJ2m7yhSVK6-d3cj9EZShsc4o_DdpkqGOtZmrfmVAwicnuvayqF"]}]}},"_links":{"self":[{"href":"https:\/\/artech-consulting.de\/en\/wp-json\/wp\/v2\/pages\/2546"}],"collection":[{"href":"https:\/\/artech-consulting.de\/en\/wp-json\/wp\/v2\/pages"}],"about":[{"href":"https:\/\/artech-consulting.de\/en\/wp-json\/wp\/v2\/types\/page"}],"author":[{"embeddable":true,"href":"https:\/\/artech-consulting.de\/en\/wp-json\/wp\/v2\/users\/1"}],"replies":[{"embeddable":true,"href":"https:\/\/artech-consulting.de\/en\/wp-json\/wp\/v2\/comments?post=2546"}],"version-history":[{"count":5,"href":"https:\/\/artech-consulting.de\/en\/wp-json\/wp\/v2\/pages\/2546\/revisions"}],"predecessor-version":[{"id":3761,"href":"https:\/\/artech-consulting.de\/en\/wp-json\/wp\/v2\/pages\/2546\/revisions\/3761"}],"up":[{"embeddable":true,"href":"https:\/\/artech-consulting.de\/en\/wp-json\/wp\/v2\/pages\/4507"}],"wp:attachment":[{"href":"https:\/\/artech-consulting.de\/en\/wp-json\/wp\/v2\/media?parent=2546"}],"curies":[{"name":"wp","href":"https:\/\/api.w.org\/{rel}","templated":true}]}}