{"id":2552,"date":"2017-02-13T12:33:53","date_gmt":"2017-02-13T11:33:53","guid":{"rendered":"https:\/\/artech-consulting.de\/?page_id=2552"},"modified":"2018-11-26T12:47:00","modified_gmt":"2018-11-26T11:47:00","slug":"inventor-info","status":"publish","type":"page","link":"https:\/\/artech-consulting.de\/en\/aktuelles\/wussten-sie-schon-2\/inventor-info\/","title":{"rendered":"INVENTOR \u2013 Info"},"content":{"rendered":"<p><strong>Professionelle Modellierung und Simulation mit Inventor<\/strong><br \/>\n&nbsp;<br \/>\nInventor ist eine 3D-CAD-Software der Firma Autodesk und bietet Konstrukteuren umfangreiche Funktionen zur Produkterstellung. Mit Hilfe virtueller 3D-Modelle kann das jeweilige Produkt unter realistischen Bedingungen gepr\u00fcft und veranschaulicht werden. S\u00e4mtliche Modellierschritte k\u00f6nnen einzeln und als Baugruppe gespeichert sowie gezielt bearbeitet werden. Auf diese Weise entsteht in k\u00fcrzester Zeit ein innovatives Produkt f\u00fcr den Markt.<br \/>\n&nbsp;<br \/>\nDie Software erm\u00f6glicht dem Anwender 3D-Modelle mit 2D-Normbauteilen und -Werkzeugen zu verkn\u00fcpfen sowie mechanische Detaillierungsaufgaben zu automatisieren. Die unterschiedlichen Funktionen und Erweiterungen schaffen somit einen angenehmen Workflow f\u00fcr alle Aufgabenbereiche. Konzeption, Planung und Kontrolle werden dank Inventor unter einen Hut gebracht.<\/p>","protected":false},"excerpt":{"rendered":"<p>Professionelle Modellierung und Simulation mit Inventor &nbsp; Inventor ist eine 3D-CAD-Software der Firma Autodesk und bietet Konstrukteuren umfangreiche Funktionen zur Produkterstellung. Mit Hilfe virtueller 3D-Modelle kann das jeweilige Produkt unter realistischen Bedingungen gepr\u00fcft und veranschaulicht werden. S\u00e4mtliche Modellierschritte k\u00f6nnen einzeln <a href=\"https:\/\/artech-consulting.de\/en\/aktuelles\/wussten-sie-schon-2\/inventor-info\/\" class=\"read-more\">Read More<\/a><\/p>\n","protected":false},"author":1,"featured_media":0,"parent":4507,"menu_order":0,"comment_status":"closed","ping_status":"closed","template":"","meta":{"footnotes":""},"yoast_head":"<!-- This site is optimized with the Yoast SEO plugin v23.5 - https:\/\/yoast.com\/wordpress\/plugins\/seo\/ -->\n<title>INVENTOR \u2013 Info -<\/title>\n<meta name=\"description\" content=\"Mit Inventor als 3D-CAD-Software f\u00fcr Modellierung und Simulation k\u00f6nnen Anwender das passende Produkt f\u00fcr den jeweiligen Markt in 3D konstruieren.\" \/>\n<meta name=\"robots\" content=\"index, follow, max-snippet:-1, max-image-preview:large, max-video-preview:-1\" \/>\n<link rel=\"canonical\" href=\"https:\/\/artech-consulting.de\/aktuelles\/wussten-sie-schon-2\/inventor-info\/\" \/>\n<meta property=\"og:locale\" content=\"en_US\" \/>\n<meta property=\"og:type\" content=\"article\" \/>\n<meta property=\"og:title\" content=\"Professionelle Modellierung und Simulation mit Inventor\" \/>\n<meta property=\"og:description\" content=\"Mit Inventor als 3D-CAD-Software f\u00fcr Modellierung und Simulation k\u00f6nnen Anwender dank zahlreicher Tools das passende Produkt f\u00fcr den jeweiligen Markt in 3D konstruieren.\" \/>\n<meta property=\"og:url\" content=\"https:\/\/artech-consulting.de\/aktuelles\/wussten-sie-schon-2\/inventor-info\/\" \/>\n<meta property=\"article:publisher\" content=\"https:\/\/www.facebook.com\/ARTECH-Consulting-GmbH-367676580239744\/\" \/>\n<meta property=\"article:modified_time\" content=\"2018-11-26T11:47:00+00:00\" \/>\n<meta name=\"twitter:card\" content=\"summary_large_image\" \/>\n<meta name=\"twitter:label1\" content=\"Est. reading time\" \/>\n\t<meta name=\"twitter:data1\" content=\"1 minute\" \/>\n<script type=\"application\/ld+json\" class=\"yoast-schema-graph\">{\"@context\":\"https:\/\/schema.org\",\"@graph\":[{\"@type\":\"WebPage\",\"@id\":\"https:\/\/artech-consulting.de\/aktuelles\/wussten-sie-schon-2\/inventor-info\/\",\"url\":\"https:\/\/artech-consulting.de\/aktuelles\/wussten-sie-schon-2\/inventor-info\/\",\"name\":\"INVENTOR \u2013 Info -\",\"isPartOf\":{\"@id\":\"https:\/\/artech-consulting.de\/#website\"},\"datePublished\":\"2017-02-13T11:33:53+00:00\",\"dateModified\":\"2018-11-26T11:47:00+00:00\",\"description\":\"Mit Inventor als 3D-CAD-Software f\u00fcr Modellierung und Simulation k\u00f6nnen Anwender das passende Produkt f\u00fcr den jeweiligen Markt in 3D konstruieren.\",\"breadcrumb\":{\"@id\":\"https:\/\/artech-consulting.de\/aktuelles\/wussten-sie-schon-2\/inventor-info\/#breadcrumb\"},\"inLanguage\":\"en-US\",\"potentialAction\":[{\"@type\":\"ReadAction\",\"target\":[\"https:\/\/artech-consulting.de\/aktuelles\/wussten-sie-schon-2\/inventor-info\/\"]}]},{\"@type\":\"BreadcrumbList\",\"@id\":\"https:\/\/artech-consulting.de\/aktuelles\/wussten-sie-schon-2\/inventor-info\/#breadcrumb\",\"itemListElement\":[{\"@type\":\"ListItem\",\"position\":1,\"name\":\"Home\",\"item\":\"https:\/\/artech-consulting.de\/\"},{\"@type\":\"ListItem\",\"position\":2,\"name\":\"Aktuelles\",\"item\":\"https:\/\/artech-consulting.de\/aktuelles\/\"},{\"@type\":\"ListItem\",\"position\":3,\"name\":\"Wissen &#038; Impulse\",\"item\":\"https:\/\/artech-consulting.de\/aktuelles\/wussten-sie-schon-2\/\"},{\"@type\":\"ListItem\",\"position\":4,\"name\":\"INVENTOR \u2013 Info\"}]},{\"@type\":\"WebSite\",\"@id\":\"https:\/\/artech-consulting.de\/#website\",\"url\":\"https:\/\/artech-consulting.de\/\",\"name\":\"\",\"description\":\"\",\"publisher\":{\"@id\":\"https:\/\/artech-consulting.de\/#organization\"},\"potentialAction\":[{\"@type\":\"SearchAction\",\"target\":{\"@type\":\"EntryPoint\",\"urlTemplate\":\"https:\/\/artech-consulting.de\/?s={search_term_string}\"},\"query-input\":{\"@type\":\"PropertyValueSpecification\",\"valueRequired\":true,\"valueName\":\"search_term_string\"}}],\"inLanguage\":\"en-US\"},{\"@type\":\"Organization\",\"@id\":\"https:\/\/artech-consulting.de\/#organization\",\"name\":\"Artecch Consulting\",\"url\":\"https:\/\/artech-consulting.de\/\",\"logo\":{\"@type\":\"ImageObject\",\"inLanguage\":\"en-US\",\"@id\":\"https:\/\/artech-consulting.de\/#\/schema\/logo\/image\/\",\"url\":\"https:\/\/artech-consulting.de\/wp-content\/uploads\/2015\/06\/cropped-ARTech_Logo_rgb_600frei.png\",\"contentUrl\":\"https:\/\/artech-consulting.de\/wp-content\/uploads\/2015\/06\/cropped-ARTech_Logo_rgb_600frei.png\",\"width\":6805,\"height\":1554,\"caption\":\"Artecch Consulting\"},\"image\":{\"@id\":\"https:\/\/artech-consulting.de\/#\/schema\/logo\/image\/\"},\"sameAs\":[\"https:\/\/www.facebook.com\/ARTECH-Consulting-GmbH-367676580239744\/\",\"https:\/\/www.linkedin.com\/company\/artech-consulting-gmbh?report_success=8jyhy2niUpAFvknlZbso8OXCShshmpUnzp3NjIJ2m7yhSVK6-d3cj9EZShsc4o_DdpkqGOtZmrfmVAwicnuvayqF\"]}]}<\/script>\n<!-- \/ Yoast SEO plugin. -->","yoast_head_json":{"title":"INVENTOR \u2013 Info -","description":"Mit Inventor als 3D-CAD-Software f\u00fcr Modellierung und Simulation k\u00f6nnen Anwender das passende Produkt f\u00fcr den jeweiligen Markt in 3D konstruieren.","robots":{"index":"index","follow":"follow","max-snippet":"max-snippet:-1","max-image-preview":"max-image-preview:large","max-video-preview":"max-video-preview:-1"},"canonical":"https:\/\/artech-consulting.de\/aktuelles\/wussten-sie-schon-2\/inventor-info\/","og_locale":"en_US","og_type":"article","og_title":"Professionelle Modellierung und Simulation mit Inventor","og_description":"Mit Inventor als 3D-CAD-Software f\u00fcr Modellierung und Simulation k\u00f6nnen Anwender dank zahlreicher Tools das passende Produkt f\u00fcr den jeweiligen Markt in 3D konstruieren.","og_url":"https:\/\/artech-consulting.de\/aktuelles\/wussten-sie-schon-2\/inventor-info\/","article_publisher":"https:\/\/www.facebook.com\/ARTECH-Consulting-GmbH-367676580239744\/","article_modified_time":"2018-11-26T11:47:00+00:00","twitter_card":"summary_large_image","twitter_misc":{"Est. reading time":"1 minute"},"schema":{"@context":"https:\/\/schema.org","@graph":[{"@type":"WebPage","@id":"https:\/\/artech-consulting.de\/aktuelles\/wussten-sie-schon-2\/inventor-info\/","url":"https:\/\/artech-consulting.de\/aktuelles\/wussten-sie-schon-2\/inventor-info\/","name":"INVENTOR \u2013 Info -","isPartOf":{"@id":"https:\/\/artech-consulting.de\/#website"},"datePublished":"2017-02-13T11:33:53+00:00","dateModified":"2018-11-26T11:47:00+00:00","description":"Mit Inventor als 3D-CAD-Software f\u00fcr Modellierung und Simulation k\u00f6nnen Anwender das passende Produkt f\u00fcr den jeweiligen Markt in 3D konstruieren.","breadcrumb":{"@id":"https:\/\/artech-consulting.de\/aktuelles\/wussten-sie-schon-2\/inventor-info\/#breadcrumb"},"inLanguage":"en-US","potentialAction":[{"@type":"ReadAction","target":["https:\/\/artech-consulting.de\/aktuelles\/wussten-sie-schon-2\/inventor-info\/"]}]},{"@type":"BreadcrumbList","@id":"https:\/\/artech-consulting.de\/aktuelles\/wussten-sie-schon-2\/inventor-info\/#breadcrumb","itemListElement":[{"@type":"ListItem","position":1,"name":"Home","item":"https:\/\/artech-consulting.de\/"},{"@type":"ListItem","position":2,"name":"Aktuelles","item":"https:\/\/artech-consulting.de\/aktuelles\/"},{"@type":"ListItem","position":3,"name":"Wissen &#038; Impulse","item":"https:\/\/artech-consulting.de\/aktuelles\/wussten-sie-schon-2\/"},{"@type":"ListItem","position":4,"name":"INVENTOR \u2013 Info"}]},{"@type":"WebSite","@id":"https:\/\/artech-consulting.de\/#website","url":"https:\/\/artech-consulting.de\/","name":"","description":"","publisher":{"@id":"https:\/\/artech-consulting.de\/#organization"},"potentialAction":[{"@type":"SearchAction","target":{"@type":"EntryPoint","urlTemplate":"https:\/\/artech-consulting.de\/?s={search_term_string}"},"query-input":{"@type":"PropertyValueSpecification","valueRequired":true,"valueName":"search_term_string"}}],"inLanguage":"en-US"},{"@type":"Organization","@id":"https:\/\/artech-consulting.de\/#organization","name":"Artecch Consulting","url":"https:\/\/artech-consulting.de\/","logo":{"@type":"ImageObject","inLanguage":"en-US","@id":"https:\/\/artech-consulting.de\/#\/schema\/logo\/image\/","url":"https:\/\/artech-consulting.de\/wp-content\/uploads\/2015\/06\/cropped-ARTech_Logo_rgb_600frei.png","contentUrl":"https:\/\/artech-consulting.de\/wp-content\/uploads\/2015\/06\/cropped-ARTech_Logo_rgb_600frei.png","width":6805,"height":1554,"caption":"Artecch Consulting"},"image":{"@id":"https:\/\/artech-consulting.de\/#\/schema\/logo\/image\/"},"sameAs":["https:\/\/www.facebook.com\/ARTECH-Consulting-GmbH-367676580239744\/","https:\/\/www.linkedin.com\/company\/artech-consulting-gmbh?report_success=8jyhy2niUpAFvknlZbso8OXCShshmpUnzp3NjIJ2m7yhSVK6-d3cj9EZShsc4o_DdpkqGOtZmrfmVAwicnuvayqF"]}]}},"_links":{"self":[{"href":"https:\/\/artech-consulting.de\/en\/wp-json\/wp\/v2\/pages\/2552"}],"collection":[{"href":"https:\/\/artech-consulting.de\/en\/wp-json\/wp\/v2\/pages"}],"about":[{"href":"https:\/\/artech-consulting.de\/en\/wp-json\/wp\/v2\/types\/page"}],"author":[{"embeddable":true,"href":"https:\/\/artech-consulting.de\/en\/wp-json\/wp\/v2\/users\/1"}],"replies":[{"embeddable":true,"href":"https:\/\/artech-consulting.de\/en\/wp-json\/wp\/v2\/comments?post=2552"}],"version-history":[{"count":5,"href":"https:\/\/artech-consulting.de\/en\/wp-json\/wp\/v2\/pages\/2552\/revisions"}],"predecessor-version":[{"id":3755,"href":"https:\/\/artech-consulting.de\/en\/wp-json\/wp\/v2\/pages\/2552\/revisions\/3755"}],"up":[{"embeddable":true,"href":"https:\/\/artech-consulting.de\/en\/wp-json\/wp\/v2\/pages\/4507"}],"wp:attachment":[{"href":"https:\/\/artech-consulting.de\/en\/wp-json\/wp\/v2\/media?parent=2552"}],"curies":[{"name":"wp","href":"https:\/\/api.w.org\/{rel}","templated":true}]}}