{"id":2558,"date":"2017-02-17T10:59:22","date_gmt":"2017-02-17T09:59:22","guid":{"rendered":"https:\/\/artech-consulting.de\/?page_id=2558"},"modified":"2018-11-26T12:39:56","modified_gmt":"2018-11-26T11:39:56","slug":"treffen-mit-walter-schulz-spd-koeln","status":"publish","type":"page","link":"https:\/\/artech-consulting.de\/en\/aktuelles\/inside-artech\/treffen-mit-walter-schulz-spd-koeln\/","title":{"rendered":"Treffen mit Walter Schulz (SPD K\u00f6ln)"},"content":{"rendered":"<p><strong>Treffen mit Walter Schulz (SPD K\u00f6ln)<\/strong><\/p>\n<p>Am Donnerstag den 16. Februar 2017 war Walter Schulz, Ratsmitglied der SPD K\u00f6ln, bei ARTECH Consulting zu einem Gespr\u00e4ch in einer freundschaftlichen Atmosph\u00e4re eingeladen. Das Treffen diente einem ersten Kennenlernen sowie dem Austausch \u00fcber m\u00f6gliche Unterst\u00fctzung und Kooperationen bei geplanten sozialen Projekten.<\/p>\n<p>Nach einer kurzen Kennenlernrunde stellte Gesch\u00e4ftsf\u00fchrer Amaniyel Arslan das Unternehmen \u201aARTECH Consulting GmbH\u2018 vor und verschaffte Herrn Schulz einen ausf\u00fchrlichen Einblick in die Firmenphilosophie. Danach wurden die Projekte \u201aARTECH Coaching\u2018 sowie \u201aFotokampagne\u2018 vorgestellt. Bei \u201aARTECH Coaching\u2018 geht es um die Qualifizierung von Menschen, mit dem Ziel der Aufnahme einer sozialversicherungspflichtigen Arbeit mit technischer Ausrichtung. Zielgruppe sind Fl\u00fcchtlinge die nach Deutschland kamen und \u00fcber ein IT-Grundverst\u00e4ndnis verf\u00fcgen. Die \u201aFotokampagne\u2018 steht aufgrund der bevorstehenden Landtagswahlen in NRW sowie den Bundestagswahlen im Zeichen des Wahljahres 2017. Ziel des Projektes ist anhand von gesellschaftspolitischen Aspekten aufzuzeigen, dass Menschen ungeachtet von Hautfarbe, Herkunft oder Religion gleich sind.<\/p>\n<p>Im Anschluss an die Projektpr\u00e4sentationen fand ein konstruktiver Austausch statt, wo sowohl die M\u00f6glichkeiten als auch die Grenzen bei der Verwirklichung der geplanten Ziele diskutiert wurden. F\u00fcr beide Seiten war das Treffen sehr informativ und ein Grundstein f\u00fcr weitere Gespr\u00e4che, um in Zukunft in Zusammenarbeit bzw. mit Unterst\u00fctzung die vorgestellten Projekte erfolgreich realisieren zu k\u00f6nnen.<\/p>","protected":false},"excerpt":{"rendered":"<p>Treffen mit Walter Schulz (SPD K\u00f6ln) Am Donnerstag den 16. Februar 2017 war Walter Schulz, Ratsmitglied der SPD K\u00f6ln, bei ARTECH Consulting zu einem Gespr\u00e4ch in einer freundschaftlichen Atmosph\u00e4re eingeladen. Das Treffen diente einem ersten Kennenlernen sowie dem Austausch \u00fcber <a href=\"https:\/\/artech-consulting.de\/en\/aktuelles\/inside-artech\/treffen-mit-walter-schulz-spd-koeln\/\" class=\"read-more\">Read More<\/a><\/p>\n","protected":false},"author":1,"featured_media":0,"parent":4397,"menu_order":0,"comment_status":"closed","ping_status":"closed","template":"","meta":{"footnotes":""},"yoast_head":"<!-- This site is optimized with the Yoast SEO plugin v23.5 - https:\/\/yoast.com\/wordpress\/plugins\/seo\/ -->\n<title>Treffen mit Walter Schulz (SPD K\u00f6ln) -<\/title>\n<meta name=\"description\" content=\"Walter Schulz (SPD K\u00f6ln) zu Gast bei ARTECH Consulting. Beim ersten Treffen wurde \u00fcber die Realisierung sowie einer m\u00f6glichen Zusammenarbeit gesprochen.\" \/>\n<meta name=\"robots\" content=\"index, follow, max-snippet:-1, max-image-preview:large, max-video-preview:-1\" \/>\n<link rel=\"canonical\" href=\"https:\/\/artech-consulting.de\/aktuelles\/inside-artech\/treffen-mit-walter-schulz-spd-koeln\/\" \/>\n<meta property=\"og:locale\" content=\"en_US\" \/>\n<meta property=\"og:type\" content=\"article\" \/>\n<meta property=\"og:title\" content=\"Treffen mit Walter Schulz (SPD K\u00f6ln)\" \/>\n<meta property=\"og:description\" content=\"ARTECH Consulting traf sich am 16. Februar 2017 mit Dr. Walter Schulz. Bei diesem ersten Treffen wurden vom Unternehmen geplante soziale Projekte vorgestellt und \u00fcber die Realisierung sowie einer m\u00f6glichen Zusammenarbeit gesprochen.\" \/>\n<meta property=\"og:url\" content=\"https:\/\/artech-consulting.de\/aktuelles\/inside-artech\/treffen-mit-walter-schulz-spd-koeln\/\" \/>\n<meta property=\"article:publisher\" content=\"https:\/\/www.facebook.com\/ARTECH-Consulting-GmbH-367676580239744\/\" \/>\n<meta property=\"article:modified_time\" content=\"2018-11-26T11:39:56+00:00\" \/>\n<meta property=\"og:image\" content=\"https:\/\/artech-consulting.de\/wp-content\/uploads\/2017\/02\/IMG_0492-300x225.jpg\" \/>\n<meta name=\"twitter:card\" content=\"summary_large_image\" \/>\n<meta name=\"twitter:label1\" content=\"Est. reading time\" \/>\n\t<meta name=\"twitter:data1\" content=\"2 minutes\" \/>\n<script type=\"application\/ld+json\" class=\"yoast-schema-graph\">{\"@context\":\"https:\/\/schema.org\",\"@graph\":[{\"@type\":\"WebPage\",\"@id\":\"https:\/\/artech-consulting.de\/aktuelles\/inside-artech\/treffen-mit-walter-schulz-spd-koeln\/\",\"url\":\"https:\/\/artech-consulting.de\/aktuelles\/inside-artech\/treffen-mit-walter-schulz-spd-koeln\/\",\"name\":\"Treffen mit Walter Schulz (SPD K\u00f6ln) -\",\"isPartOf\":{\"@id\":\"https:\/\/artech-consulting.de\/#website\"},\"primaryImageOfPage\":{\"@id\":\"https:\/\/artech-consulting.de\/aktuelles\/inside-artech\/treffen-mit-walter-schulz-spd-koeln\/#primaryimage\"},\"image\":{\"@id\":\"https:\/\/artech-consulting.de\/aktuelles\/inside-artech\/treffen-mit-walter-schulz-spd-koeln\/#primaryimage\"},\"thumbnailUrl\":\"https:\/\/artech-consulting.de\/wp-content\/uploads\/2017\/02\/IMG_0492-300x225.jpg\",\"datePublished\":\"2017-02-17T09:59:22+00:00\",\"dateModified\":\"2018-11-26T11:39:56+00:00\",\"description\":\"{:de}Walter Schulz (SPD K\u00f6ln) zu Gast bei ARTECH Consulting. Beim ersten Treffen wurde \u00fcber die Realisierung sowie einer m\u00f6glichen Zusammenarbeit gesprochen.{:}{:en}Walter Schulz (SPD K\u00f6ln) zu Gast bei ARTECH Consulting. Beim ersten Treffen wurde \u00fcber die Realisierung sowie einer m\u00f6glichen Zusammenarbeit gesprochen.{:}\",\"breadcrumb\":{\"@id\":\"https:\/\/artech-consulting.de\/aktuelles\/inside-artech\/treffen-mit-walter-schulz-spd-koeln\/#breadcrumb\"},\"inLanguage\":\"en-US\",\"potentialAction\":[{\"@type\":\"ReadAction\",\"target\":[\"https:\/\/artech-consulting.de\/aktuelles\/inside-artech\/treffen-mit-walter-schulz-spd-koeln\/\"]}]},{\"@type\":\"ImageObject\",\"inLanguage\":\"en-US\",\"@id\":\"https:\/\/artech-consulting.de\/aktuelles\/inside-artech\/treffen-mit-walter-schulz-spd-koeln\/#primaryimage\",\"url\":\"https:\/\/artech-consulting.de\/wp-content\/uploads\/2017\/02\/IMG_0492-300x225.jpg\",\"contentUrl\":\"https:\/\/artech-consulting.de\/wp-content\/uploads\/2017\/02\/IMG_0492-300x225.jpg\"},{\"@type\":\"BreadcrumbList\",\"@id\":\"https:\/\/artech-consulting.de\/aktuelles\/inside-artech\/treffen-mit-walter-schulz-spd-koeln\/#breadcrumb\",\"itemListElement\":[{\"@type\":\"ListItem\",\"position\":1,\"name\":\"Home\",\"item\":\"https:\/\/artech-consulting.de\/\"},{\"@type\":\"ListItem\",\"position\":2,\"name\":\"Aktuelles\",\"item\":\"https:\/\/artech-consulting.de\/aktuelles\/\"},{\"@type\":\"ListItem\",\"position\":3,\"name\":\"Inside ARTECH\",\"item\":\"https:\/\/artech-consulting.de\/aktuelles\/inside-artech\/\"},{\"@type\":\"ListItem\",\"position\":4,\"name\":\"Treffen mit Walter Schulz (SPD K\u00f6ln)\"}]},{\"@type\":\"WebSite\",\"@id\":\"https:\/\/artech-consulting.de\/#website\",\"url\":\"https:\/\/artech-consulting.de\/\",\"name\":\"\",\"description\":\"\",\"publisher\":{\"@id\":\"https:\/\/artech-consulting.de\/#organization\"},\"potentialAction\":[{\"@type\":\"SearchAction\",\"target\":{\"@type\":\"EntryPoint\",\"urlTemplate\":\"https:\/\/artech-consulting.de\/?s={search_term_string}\"},\"query-input\":{\"@type\":\"PropertyValueSpecification\",\"valueRequired\":true,\"valueName\":\"search_term_string\"}}],\"inLanguage\":\"en-US\"},{\"@type\":\"Organization\",\"@id\":\"https:\/\/artech-consulting.de\/#organization\",\"name\":\"Artecch Consulting\",\"url\":\"https:\/\/artech-consulting.de\/\",\"logo\":{\"@type\":\"ImageObject\",\"inLanguage\":\"en-US\",\"@id\":\"https:\/\/artech-consulting.de\/#\/schema\/logo\/image\/\",\"url\":\"https:\/\/artech-consulting.de\/wp-content\/uploads\/2015\/06\/cropped-ARTech_Logo_rgb_600frei.png\",\"contentUrl\":\"https:\/\/artech-consulting.de\/wp-content\/uploads\/2015\/06\/cropped-ARTech_Logo_rgb_600frei.png\",\"width\":6805,\"height\":1554,\"caption\":\"Artecch Consulting\"},\"image\":{\"@id\":\"https:\/\/artech-consulting.de\/#\/schema\/logo\/image\/\"},\"sameAs\":[\"https:\/\/www.facebook.com\/ARTECH-Consulting-GmbH-367676580239744\/\",\"https:\/\/www.linkedin.com\/company\/artech-consulting-gmbh?report_success=8jyhy2niUpAFvknlZbso8OXCShshmpUnzp3NjIJ2m7yhSVK6-d3cj9EZShsc4o_DdpkqGOtZmrfmVAwicnuvayqF\"]}]}<\/script>\n<!-- \/ Yoast SEO plugin. -->","yoast_head_json":{"title":"Treffen mit Walter Schulz (SPD K\u00f6ln) -","description":"Walter Schulz (SPD K\u00f6ln) zu Gast bei ARTECH Consulting. Beim ersten Treffen wurde \u00fcber die Realisierung sowie einer m\u00f6glichen Zusammenarbeit gesprochen.","robots":{"index":"index","follow":"follow","max-snippet":"max-snippet:-1","max-image-preview":"max-image-preview:large","max-video-preview":"max-video-preview:-1"},"canonical":"https:\/\/artech-consulting.de\/aktuelles\/inside-artech\/treffen-mit-walter-schulz-spd-koeln\/","og_locale":"en_US","og_type":"article","og_title":"Treffen mit Walter Schulz (SPD K\u00f6ln)","og_description":"ARTECH Consulting traf sich am 16. Februar 2017 mit Dr. Walter Schulz. Bei diesem ersten Treffen wurden vom Unternehmen geplante soziale Projekte vorgestellt und \u00fcber die Realisierung sowie einer m\u00f6glichen Zusammenarbeit gesprochen.","og_url":"https:\/\/artech-consulting.de\/aktuelles\/inside-artech\/treffen-mit-walter-schulz-spd-koeln\/","article_publisher":"https:\/\/www.facebook.com\/ARTECH-Consulting-GmbH-367676580239744\/","article_modified_time":"2018-11-26T11:39:56+00:00","og_image":[{"url":"https:\/\/artech-consulting.de\/wp-content\/uploads\/2017\/02\/IMG_0492-300x225.jpg"}],"twitter_card":"summary_large_image","twitter_misc":{"Est. reading time":"2 minutes"},"schema":{"@context":"https:\/\/schema.org","@graph":[{"@type":"WebPage","@id":"https:\/\/artech-consulting.de\/aktuelles\/inside-artech\/treffen-mit-walter-schulz-spd-koeln\/","url":"https:\/\/artech-consulting.de\/aktuelles\/inside-artech\/treffen-mit-walter-schulz-spd-koeln\/","name":"Treffen mit Walter Schulz (SPD K\u00f6ln) -","isPartOf":{"@id":"https:\/\/artech-consulting.de\/#website"},"primaryImageOfPage":{"@id":"https:\/\/artech-consulting.de\/aktuelles\/inside-artech\/treffen-mit-walter-schulz-spd-koeln\/#primaryimage"},"image":{"@id":"https:\/\/artech-consulting.de\/aktuelles\/inside-artech\/treffen-mit-walter-schulz-spd-koeln\/#primaryimage"},"thumbnailUrl":"https:\/\/artech-consulting.de\/wp-content\/uploads\/2017\/02\/IMG_0492-300x225.jpg","datePublished":"2017-02-17T09:59:22+00:00","dateModified":"2018-11-26T11:39:56+00:00","description":"{:de}Walter Schulz (SPD K\u00f6ln) zu Gast bei ARTECH Consulting. Beim ersten Treffen wurde \u00fcber die Realisierung sowie einer m\u00f6glichen Zusammenarbeit gesprochen.{:}{:en}Walter Schulz (SPD K\u00f6ln) zu Gast bei ARTECH Consulting. Beim ersten Treffen wurde \u00fcber die Realisierung sowie einer m\u00f6glichen Zusammenarbeit gesprochen.{:}","breadcrumb":{"@id":"https:\/\/artech-consulting.de\/aktuelles\/inside-artech\/treffen-mit-walter-schulz-spd-koeln\/#breadcrumb"},"inLanguage":"en-US","potentialAction":[{"@type":"ReadAction","target":["https:\/\/artech-consulting.de\/aktuelles\/inside-artech\/treffen-mit-walter-schulz-spd-koeln\/"]}]},{"@type":"ImageObject","inLanguage":"en-US","@id":"https:\/\/artech-consulting.de\/aktuelles\/inside-artech\/treffen-mit-walter-schulz-spd-koeln\/#primaryimage","url":"https:\/\/artech-consulting.de\/wp-content\/uploads\/2017\/02\/IMG_0492-300x225.jpg","contentUrl":"https:\/\/artech-consulting.de\/wp-content\/uploads\/2017\/02\/IMG_0492-300x225.jpg"},{"@type":"BreadcrumbList","@id":"https:\/\/artech-consulting.de\/aktuelles\/inside-artech\/treffen-mit-walter-schulz-spd-koeln\/#breadcrumb","itemListElement":[{"@type":"ListItem","position":1,"name":"Home","item":"https:\/\/artech-consulting.de\/"},{"@type":"ListItem","position":2,"name":"Aktuelles","item":"https:\/\/artech-consulting.de\/aktuelles\/"},{"@type":"ListItem","position":3,"name":"Inside ARTECH","item":"https:\/\/artech-consulting.de\/aktuelles\/inside-artech\/"},{"@type":"ListItem","position":4,"name":"Treffen mit Walter Schulz (SPD K\u00f6ln)"}]},{"@type":"WebSite","@id":"https:\/\/artech-consulting.de\/#website","url":"https:\/\/artech-consulting.de\/","name":"","description":"","publisher":{"@id":"https:\/\/artech-consulting.de\/#organization"},"potentialAction":[{"@type":"SearchAction","target":{"@type":"EntryPoint","urlTemplate":"https:\/\/artech-consulting.de\/?s={search_term_string}"},"query-input":{"@type":"PropertyValueSpecification","valueRequired":true,"valueName":"search_term_string"}}],"inLanguage":"en-US"},{"@type":"Organization","@id":"https:\/\/artech-consulting.de\/#organization","name":"Artecch Consulting","url":"https:\/\/artech-consulting.de\/","logo":{"@type":"ImageObject","inLanguage":"en-US","@id":"https:\/\/artech-consulting.de\/#\/schema\/logo\/image\/","url":"https:\/\/artech-consulting.de\/wp-content\/uploads\/2015\/06\/cropped-ARTech_Logo_rgb_600frei.png","contentUrl":"https:\/\/artech-consulting.de\/wp-content\/uploads\/2015\/06\/cropped-ARTech_Logo_rgb_600frei.png","width":6805,"height":1554,"caption":"Artecch Consulting"},"image":{"@id":"https:\/\/artech-consulting.de\/#\/schema\/logo\/image\/"},"sameAs":["https:\/\/www.facebook.com\/ARTECH-Consulting-GmbH-367676580239744\/","https:\/\/www.linkedin.com\/company\/artech-consulting-gmbh?report_success=8jyhy2niUpAFvknlZbso8OXCShshmpUnzp3NjIJ2m7yhSVK6-d3cj9EZShsc4o_DdpkqGOtZmrfmVAwicnuvayqF"]}]}},"_links":{"self":[{"href":"https:\/\/artech-consulting.de\/en\/wp-json\/wp\/v2\/pages\/2558"}],"collection":[{"href":"https:\/\/artech-consulting.de\/en\/wp-json\/wp\/v2\/pages"}],"about":[{"href":"https:\/\/artech-consulting.de\/en\/wp-json\/wp\/v2\/types\/page"}],"author":[{"embeddable":true,"href":"https:\/\/artech-consulting.de\/en\/wp-json\/wp\/v2\/users\/1"}],"replies":[{"embeddable":true,"href":"https:\/\/artech-consulting.de\/en\/wp-json\/wp\/v2\/comments?post=2558"}],"version-history":[{"count":11,"href":"https:\/\/artech-consulting.de\/en\/wp-json\/wp\/v2\/pages\/2558\/revisions"}],"predecessor-version":[{"id":3177,"href":"https:\/\/artech-consulting.de\/en\/wp-json\/wp\/v2\/pages\/2558\/revisions\/3177"}],"up":[{"embeddable":true,"href":"https:\/\/artech-consulting.de\/en\/wp-json\/wp\/v2\/pages\/4397"}],"wp:attachment":[{"href":"https:\/\/artech-consulting.de\/en\/wp-json\/wp\/v2\/media?parent=2558"}],"curies":[{"name":"wp","href":"https:\/\/api.w.org\/{rel}","templated":true}]}}