{"id":2577,"date":"2017-02-22T09:30:21","date_gmt":"2017-02-22T08:30:21","guid":{"rendered":"https:\/\/artech-consulting.de\/?page_id=2577"},"modified":"2018-11-26T12:46:23","modified_gmt":"2018-11-26T11:46:23","slug":"autodesk-inventor-geschichte","status":"publish","type":"page","link":"https:\/\/artech-consulting.de\/en\/aktuelles\/wussten-sie-schon-2\/autodesk-inventor-geschichte\/","title":{"rendered":"Autodesk INVENTOR \u2013 Geschichte"},"content":{"rendered":"<p><strong>Vom Kleinunternehmen zum 15-fachen Oscarpreistr\u00e4ger<\/strong><br \/>\n&nbsp;<br \/>\nAls digitales 2D- und 3D-Programm geh\u00f6rt Inventor zur Produktpalette des b\u00f6rsennotierten US-amerikanischen Software-Unternehmens Autodesk. Am 26. April 1982 von John Walker im kalifornischen Sausalito gegr\u00fcndet, bestand die junge Firma aus 16 Mitarbeitern. Zu Beginn noch in der CAD-Branche bel\u00e4chelt, machte sich diese kleine Unternehmergruppe die moderne 2D-Technologie der 80er Jahre zu Nutze und revolutionierte mit der Einf\u00fchrung des grafischen Zeichnungseditors AutoCAD die Konstruktionswelt.<br \/>\n&nbsp;<br \/>\nEs folgten erste europ\u00e4ische Niederlassungen in M\u00fcnchen und im schweizerischen Neuenburg im Jahr 1991. Mit einer verst\u00e4rkten Portierung und Fokussierung auf Windows entwickelte sich Autodesk im Folgejahr zum weltweit gr\u00f6\u00dften CAD-Softwarehersteller. Nach der \u00dcbernahme von Micro Engineering Solutions (MES) folgte der Einstieg in die mathematisch definierte Fl\u00e4chenmodellierung. Zur selben Zeit verlie\u00df Gr\u00fcnder John Walker mit einem Aktienpaket in H\u00f6he von 45 Mio.US-Dollar seine eigene Software-Firma. Der Entwicklung von Autodesk sollte sein Ausstieg nicht schaden. Der Ausbau des Bereichs Maschinenbau und \u00dcbernahmen von diversen Softwareunternehmen waren das Ergebnis der Autodesk-Erfolgsstory.<br \/>\n&nbsp;<br \/>\nHeute bietet die Firma mit ihren weltweit rund 6600 Mitarbeitern und mehr als 80 Produkten \u00fcber zehn Millionen Anwendern auf der ganzen Welt ein breites Spektrum an Angeboten f\u00fcr Konstruktion, Planung und Design an. Nicht zu vergessen sind die letzten 15 Oscar-Preistr\u00e4ger in der Kategorie f\u00fcr beste visuelle Effekte, die dank der Software von Autodesk die begehrte Filmtroph\u00e4e aus Hollywood gewinnen konnten.<\/p>","protected":false},"excerpt":{"rendered":"<p>Vom Kleinunternehmen zum 15-fachen Oscarpreistr\u00e4ger &nbsp; Als digitales 2D- und 3D-Programm geh\u00f6rt Inventor zur Produktpalette des b\u00f6rsennotierten US-amerikanischen Software-Unternehmens Autodesk. Am 26. April 1982 von John Walker im kalifornischen Sausalito gegr\u00fcndet, bestand die junge Firma aus 16 Mitarbeitern. Zu Beginn <a href=\"https:\/\/artech-consulting.de\/en\/aktuelles\/wussten-sie-schon-2\/autodesk-inventor-geschichte\/\" class=\"read-more\">Read More<\/a><\/p>\n","protected":false},"author":1,"featured_media":0,"parent":4507,"menu_order":0,"comment_status":"closed","ping_status":"closed","template":"","meta":{"footnotes":""},"yoast_head":"<!-- This site is optimized with the Yoast SEO plugin v23.5 - https:\/\/yoast.com\/wordpress\/plugins\/seo\/ -->\n<title>Autodesk INVENTOR \u2013 Geschichte -<\/title>\n<meta name=\"description\" content=\"Als Kleinunternehmen begonnen, entwickelte sich das Software-Unternehmen Autodesk zum Weltkonzern. Hintergr\u00fcnde zur Autodesk-Erfolgsstory erfahren Sie hier.\" \/>\n<meta name=\"robots\" content=\"index, follow, max-snippet:-1, max-image-preview:large, max-video-preview:-1\" \/>\n<link rel=\"canonical\" href=\"https:\/\/artech-consulting.de\/aktuelles\/wussten-sie-schon-2\/autodesk-inventor-geschichte\/\" \/>\n<meta property=\"og:locale\" content=\"en_US\" \/>\n<meta property=\"og:type\" content=\"article\" \/>\n<meta property=\"og:title\" content=\"Vom Kleinunternehmen zum 15-fachen Oscarpreistr\u00e4ger\" \/>\n<meta property=\"og:description\" content=\"Als Kleinunternehmen mit 16 Mitarbeitern begonnen, entwickelte sich das US-amerikanische Software-Unternehmen Autodesk aus dem beschaulichen kalifornischen Sausalito zum Weltkonzern. Alle Hintergr\u00fcnde zur Autodesk-Erfolgsstory lesen Sie hier.\" \/>\n<meta property=\"og:url\" content=\"https:\/\/artech-consulting.de\/aktuelles\/wussten-sie-schon-2\/autodesk-inventor-geschichte\/\" \/>\n<meta property=\"article:publisher\" content=\"https:\/\/www.facebook.com\/ARTECH-Consulting-GmbH-367676580239744\/\" \/>\n<meta property=\"article:modified_time\" content=\"2018-11-26T11:46:23+00:00\" \/>\n<meta name=\"twitter:card\" content=\"summary_large_image\" \/>\n<meta name=\"twitter:label1\" content=\"Est. reading time\" \/>\n\t<meta name=\"twitter:data1\" content=\"2 minutes\" \/>\n<script type=\"application\/ld+json\" class=\"yoast-schema-graph\">{\"@context\":\"https:\/\/schema.org\",\"@graph\":[{\"@type\":\"WebPage\",\"@id\":\"https:\/\/artech-consulting.de\/aktuelles\/wussten-sie-schon-2\/autodesk-inventor-geschichte\/\",\"url\":\"https:\/\/artech-consulting.de\/aktuelles\/wussten-sie-schon-2\/autodesk-inventor-geschichte\/\",\"name\":\"Autodesk INVENTOR \u2013 Geschichte -\",\"isPartOf\":{\"@id\":\"https:\/\/artech-consulting.de\/#website\"},\"datePublished\":\"2017-02-22T08:30:21+00:00\",\"dateModified\":\"2018-11-26T11:46:23+00:00\",\"description\":\"Als Kleinunternehmen begonnen, entwickelte sich das Software-Unternehmen Autodesk zum Weltkonzern. Hintergr\u00fcnde zur Autodesk-Erfolgsstory erfahren Sie hier.\",\"breadcrumb\":{\"@id\":\"https:\/\/artech-consulting.de\/aktuelles\/wussten-sie-schon-2\/autodesk-inventor-geschichte\/#breadcrumb\"},\"inLanguage\":\"en-US\",\"potentialAction\":[{\"@type\":\"ReadAction\",\"target\":[\"https:\/\/artech-consulting.de\/aktuelles\/wussten-sie-schon-2\/autodesk-inventor-geschichte\/\"]}]},{\"@type\":\"BreadcrumbList\",\"@id\":\"https:\/\/artech-consulting.de\/aktuelles\/wussten-sie-schon-2\/autodesk-inventor-geschichte\/#breadcrumb\",\"itemListElement\":[{\"@type\":\"ListItem\",\"position\":1,\"name\":\"Home\",\"item\":\"https:\/\/artech-consulting.de\/\"},{\"@type\":\"ListItem\",\"position\":2,\"name\":\"Aktuelles\",\"item\":\"https:\/\/artech-consulting.de\/aktuelles\/\"},{\"@type\":\"ListItem\",\"position\":3,\"name\":\"Wissen &#038; Impulse\",\"item\":\"https:\/\/artech-consulting.de\/aktuelles\/wussten-sie-schon-2\/\"},{\"@type\":\"ListItem\",\"position\":4,\"name\":\"Autodesk INVENTOR \u2013 Geschichte\"}]},{\"@type\":\"WebSite\",\"@id\":\"https:\/\/artech-consulting.de\/#website\",\"url\":\"https:\/\/artech-consulting.de\/\",\"name\":\"\",\"description\":\"\",\"publisher\":{\"@id\":\"https:\/\/artech-consulting.de\/#organization\"},\"potentialAction\":[{\"@type\":\"SearchAction\",\"target\":{\"@type\":\"EntryPoint\",\"urlTemplate\":\"https:\/\/artech-consulting.de\/?s={search_term_string}\"},\"query-input\":{\"@type\":\"PropertyValueSpecification\",\"valueRequired\":true,\"valueName\":\"search_term_string\"}}],\"inLanguage\":\"en-US\"},{\"@type\":\"Organization\",\"@id\":\"https:\/\/artech-consulting.de\/#organization\",\"name\":\"Artecch Consulting\",\"url\":\"https:\/\/artech-consulting.de\/\",\"logo\":{\"@type\":\"ImageObject\",\"inLanguage\":\"en-US\",\"@id\":\"https:\/\/artech-consulting.de\/#\/schema\/logo\/image\/\",\"url\":\"https:\/\/artech-consulting.de\/wp-content\/uploads\/2015\/06\/cropped-ARTech_Logo_rgb_600frei.png\",\"contentUrl\":\"https:\/\/artech-consulting.de\/wp-content\/uploads\/2015\/06\/cropped-ARTech_Logo_rgb_600frei.png\",\"width\":6805,\"height\":1554,\"caption\":\"Artecch Consulting\"},\"image\":{\"@id\":\"https:\/\/artech-consulting.de\/#\/schema\/logo\/image\/\"},\"sameAs\":[\"https:\/\/www.facebook.com\/ARTECH-Consulting-GmbH-367676580239744\/\",\"https:\/\/www.linkedin.com\/company\/artech-consulting-gmbh?report_success=8jyhy2niUpAFvknlZbso8OXCShshmpUnzp3NjIJ2m7yhSVK6-d3cj9EZShsc4o_DdpkqGOtZmrfmVAwicnuvayqF\"]}]}<\/script>\n<!-- \/ Yoast SEO plugin. -->","yoast_head_json":{"title":"Autodesk INVENTOR \u2013 Geschichte -","description":"Als Kleinunternehmen begonnen, entwickelte sich das Software-Unternehmen Autodesk zum Weltkonzern. Hintergr\u00fcnde zur Autodesk-Erfolgsstory erfahren Sie hier.","robots":{"index":"index","follow":"follow","max-snippet":"max-snippet:-1","max-image-preview":"max-image-preview:large","max-video-preview":"max-video-preview:-1"},"canonical":"https:\/\/artech-consulting.de\/aktuelles\/wussten-sie-schon-2\/autodesk-inventor-geschichte\/","og_locale":"en_US","og_type":"article","og_title":"Vom Kleinunternehmen zum 15-fachen Oscarpreistr\u00e4ger","og_description":"Als Kleinunternehmen mit 16 Mitarbeitern begonnen, entwickelte sich das US-amerikanische Software-Unternehmen Autodesk aus dem beschaulichen kalifornischen Sausalito zum Weltkonzern. Alle Hintergr\u00fcnde zur Autodesk-Erfolgsstory lesen Sie hier.","og_url":"https:\/\/artech-consulting.de\/aktuelles\/wussten-sie-schon-2\/autodesk-inventor-geschichte\/","article_publisher":"https:\/\/www.facebook.com\/ARTECH-Consulting-GmbH-367676580239744\/","article_modified_time":"2018-11-26T11:46:23+00:00","twitter_card":"summary_large_image","twitter_misc":{"Est. reading time":"2 minutes"},"schema":{"@context":"https:\/\/schema.org","@graph":[{"@type":"WebPage","@id":"https:\/\/artech-consulting.de\/aktuelles\/wussten-sie-schon-2\/autodesk-inventor-geschichte\/","url":"https:\/\/artech-consulting.de\/aktuelles\/wussten-sie-schon-2\/autodesk-inventor-geschichte\/","name":"Autodesk INVENTOR \u2013 Geschichte -","isPartOf":{"@id":"https:\/\/artech-consulting.de\/#website"},"datePublished":"2017-02-22T08:30:21+00:00","dateModified":"2018-11-26T11:46:23+00:00","description":"Als Kleinunternehmen begonnen, entwickelte sich das Software-Unternehmen Autodesk zum Weltkonzern. Hintergr\u00fcnde zur Autodesk-Erfolgsstory erfahren Sie hier.","breadcrumb":{"@id":"https:\/\/artech-consulting.de\/aktuelles\/wussten-sie-schon-2\/autodesk-inventor-geschichte\/#breadcrumb"},"inLanguage":"en-US","potentialAction":[{"@type":"ReadAction","target":["https:\/\/artech-consulting.de\/aktuelles\/wussten-sie-schon-2\/autodesk-inventor-geschichte\/"]}]},{"@type":"BreadcrumbList","@id":"https:\/\/artech-consulting.de\/aktuelles\/wussten-sie-schon-2\/autodesk-inventor-geschichte\/#breadcrumb","itemListElement":[{"@type":"ListItem","position":1,"name":"Home","item":"https:\/\/artech-consulting.de\/"},{"@type":"ListItem","position":2,"name":"Aktuelles","item":"https:\/\/artech-consulting.de\/aktuelles\/"},{"@type":"ListItem","position":3,"name":"Wissen &#038; Impulse","item":"https:\/\/artech-consulting.de\/aktuelles\/wussten-sie-schon-2\/"},{"@type":"ListItem","position":4,"name":"Autodesk INVENTOR \u2013 Geschichte"}]},{"@type":"WebSite","@id":"https:\/\/artech-consulting.de\/#website","url":"https:\/\/artech-consulting.de\/","name":"","description":"","publisher":{"@id":"https:\/\/artech-consulting.de\/#organization"},"potentialAction":[{"@type":"SearchAction","target":{"@type":"EntryPoint","urlTemplate":"https:\/\/artech-consulting.de\/?s={search_term_string}"},"query-input":{"@type":"PropertyValueSpecification","valueRequired":true,"valueName":"search_term_string"}}],"inLanguage":"en-US"},{"@type":"Organization","@id":"https:\/\/artech-consulting.de\/#organization","name":"Artecch Consulting","url":"https:\/\/artech-consulting.de\/","logo":{"@type":"ImageObject","inLanguage":"en-US","@id":"https:\/\/artech-consulting.de\/#\/schema\/logo\/image\/","url":"https:\/\/artech-consulting.de\/wp-content\/uploads\/2015\/06\/cropped-ARTech_Logo_rgb_600frei.png","contentUrl":"https:\/\/artech-consulting.de\/wp-content\/uploads\/2015\/06\/cropped-ARTech_Logo_rgb_600frei.png","width":6805,"height":1554,"caption":"Artecch Consulting"},"image":{"@id":"https:\/\/artech-consulting.de\/#\/schema\/logo\/image\/"},"sameAs":["https:\/\/www.facebook.com\/ARTECH-Consulting-GmbH-367676580239744\/","https:\/\/www.linkedin.com\/company\/artech-consulting-gmbh?report_success=8jyhy2niUpAFvknlZbso8OXCShshmpUnzp3NjIJ2m7yhSVK6-d3cj9EZShsc4o_DdpkqGOtZmrfmVAwicnuvayqF"]}]}},"_links":{"self":[{"href":"https:\/\/artech-consulting.de\/en\/wp-json\/wp\/v2\/pages\/2577"}],"collection":[{"href":"https:\/\/artech-consulting.de\/en\/wp-json\/wp\/v2\/pages"}],"about":[{"href":"https:\/\/artech-consulting.de\/en\/wp-json\/wp\/v2\/types\/page"}],"author":[{"embeddable":true,"href":"https:\/\/artech-consulting.de\/en\/wp-json\/wp\/v2\/users\/1"}],"replies":[{"embeddable":true,"href":"https:\/\/artech-consulting.de\/en\/wp-json\/wp\/v2\/comments?post=2577"}],"version-history":[{"count":5,"href":"https:\/\/artech-consulting.de\/en\/wp-json\/wp\/v2\/pages\/2577\/revisions"}],"predecessor-version":[{"id":3749,"href":"https:\/\/artech-consulting.de\/en\/wp-json\/wp\/v2\/pages\/2577\/revisions\/3749"}],"up":[{"embeddable":true,"href":"https:\/\/artech-consulting.de\/en\/wp-json\/wp\/v2\/pages\/4507"}],"wp:attachment":[{"href":"https:\/\/artech-consulting.de\/en\/wp-json\/wp\/v2\/media?parent=2577"}],"curies":[{"name":"wp","href":"https:\/\/api.w.org\/{rel}","templated":true}]}}