{"id":2584,"date":"2017-02-24T10:33:02","date_gmt":"2017-02-24T09:33:02","guid":{"rendered":"https:\/\/artech-consulting.de\/?page_id=2584"},"modified":"2018-11-26T12:45:47","modified_gmt":"2018-11-26T11:45:47","slug":"industrie-4-0-intelligente-fabrik-von-morgen","status":"publish","type":"page","link":"https:\/\/artech-consulting.de\/en\/aktuelles\/wussten-sie-schon-2\/industrie-4-0-intelligente-fabrik-von-morgen\/","title":{"rendered":"Industrie 4.0 \u2013 intelligente Fabrik von Morgen"},"content":{"rendered":"<p><strong>Industrie 4.0 \u2013 intelligente Fabrik von Morgen<\/strong><br \/>\n&nbsp;<br \/>\nIndustrie 4.0 steht international f\u00fcr die Digitalisierung der Industrie und wurde von der deutschen Bundesregierung als Zukunftsprojekt ausgerufen. Auf diese Weise werden Chancen f\u00fcr innovative Gesch\u00e4ftsideen und Optimierungen bei Produktion sowie Logistik geschaffen. Menschen, Maschinen, Anlagen, Logistik und Produkte kommunizieren und kooperieren in der Industrie 4.0 direkt miteinander.<br \/>\n&nbsp;<br \/>\nEntstanden ist der Grundgedanke f\u00fcr das Zukunftsprojekt im Jahr 2011 im Rahmen der Hightech-Strategie. In k\u00fcrzester Zeit wurde das Zukunftsprojekt so weit ausgearbeitet und verfeinert, dass heute schon erste Maschinen der Industrie 4.0 in den intelligenten Fabriken zu finden sind. Der Ursprung der gesamt-industriellen Revolution liegt jedoch mehr als 200 Jahre zur\u00fcck.<br \/>\n&nbsp;<br \/>\nEnde des 18. Jahrhunderts entstand mit der Mechanisierung von Wasser- und Dampfkraft die erste industrielle Revolution. Es folgte die Revolution der Industrialisierung zu Beginn des 20. Jahrhundert mit der Flie\u00dfband- und Massenproduktion sowie ab den 1970ern die dritte Revolution mit dem digitalen Zeitalter. Nun ist mit Industrie 4.0 die vierte industrielle Revolution auf dem Vormarsch. Durch das Internet getrieben, wachsen reale und virtuelle Welt zu einem Internet der Dinge zusammen. Mit Industrie 4.0 wird die zweite und dritte industrielle Revolution vereint. Im Vordergrund stehen die Individualisierung der Produkte sowie die Einbindung von Kunden und Partnern in die Gesch\u00e4ftsprozesse. F\u00fcr Hersteller und potenzielle Kunden \u00f6ffnen sich dadurch neue M\u00f6glichkeiten \u2013 ob k\u00fcrzere Produktionszyklen, Anpassungen von Kundenw\u00fcnschen in Echtzeit oder automatischer Ablauf von Auftr\u00e4gen, die \u201aSmart Factory\u2018 setzt neue Standards und macht eine selbstorganisierte Produktion m\u00f6glich.<\/p>","protected":false},"excerpt":{"rendered":"<p>Industrie 4.0 \u2013 intelligente Fabrik von Morgen &nbsp; Industrie 4.0 steht international f\u00fcr die Digitalisierung der Industrie und wurde von der deutschen Bundesregierung als Zukunftsprojekt ausgerufen. Auf diese Weise werden Chancen f\u00fcr innovative Gesch\u00e4ftsideen und Optimierungen bei Produktion sowie Logistik <a href=\"https:\/\/artech-consulting.de\/en\/aktuelles\/wussten-sie-schon-2\/industrie-4-0-intelligente-fabrik-von-morgen\/\" class=\"read-more\">Read More<\/a><\/p>\n","protected":false},"author":1,"featured_media":0,"parent":4507,"menu_order":0,"comment_status":"closed","ping_status":"closed","template":"","meta":{"footnotes":""},"yoast_head":"<!-- This site is optimized with the Yoast SEO plugin v23.5 - https:\/\/yoast.com\/wordpress\/plugins\/seo\/ -->\n<title>Industrie 4.0 \u2013 intelligente Fabrik von Morgen -<\/title>\n<meta name=\"description\" content=\"Intelligente Vernetzung von Mensch, Maschine und Produkt ist im vollen Gange. So setzt die Industrie 4.0 mit seiner \u201aSmart Factory\u2018 neue Standards.\" \/>\n<meta name=\"robots\" content=\"index, follow, max-snippet:-1, max-image-preview:large, max-video-preview:-1\" \/>\n<link rel=\"canonical\" href=\"https:\/\/artech-consulting.de\/aktuelles\/wussten-sie-schon-2\/industrie-4-0-intelligente-fabrik-von-morgen\/\" \/>\n<meta property=\"og:locale\" content=\"en_US\" \/>\n<meta property=\"og:type\" content=\"article\" \/>\n<meta property=\"og:title\" content=\"Industrie 4.0 \u2013 intelligente Fabrik von Morgen\" \/>\n<meta property=\"og:description\" content=\"Das digitale Zeitalter ist l\u00e4ngst in der Industrie angekommen. Intelligente Vernetzung von Mensch, Maschine und Produkt ist im vollen Gange. Treibende Kraft der Industrie 4.0 ist die rasant zunehmende Digitalisierung von Wirtschaft und Gesellschaft. So setzt die Industrie 4.0 mit seiner \u201aSmart Factory\u2018 neue Standards.\" \/>\n<meta property=\"og:url\" content=\"https:\/\/artech-consulting.de\/aktuelles\/wussten-sie-schon-2\/industrie-4-0-intelligente-fabrik-von-morgen\/\" \/>\n<meta property=\"article:publisher\" content=\"https:\/\/www.facebook.com\/ARTECH-Consulting-GmbH-367676580239744\/\" \/>\n<meta property=\"article:modified_time\" content=\"2018-11-26T11:45:47+00:00\" \/>\n<meta name=\"twitter:card\" content=\"summary_large_image\" \/>\n<meta name=\"twitter:label1\" content=\"Est. reading time\" \/>\n\t<meta name=\"twitter:data1\" content=\"2 minutes\" \/>\n<script type=\"application\/ld+json\" class=\"yoast-schema-graph\">{\"@context\":\"https:\/\/schema.org\",\"@graph\":[{\"@type\":\"WebPage\",\"@id\":\"https:\/\/artech-consulting.de\/aktuelles\/wussten-sie-schon-2\/industrie-4-0-intelligente-fabrik-von-morgen\/\",\"url\":\"https:\/\/artech-consulting.de\/aktuelles\/wussten-sie-schon-2\/industrie-4-0-intelligente-fabrik-von-morgen\/\",\"name\":\"Industrie 4.0 \u2013 intelligente Fabrik von Morgen -\",\"isPartOf\":{\"@id\":\"https:\/\/artech-consulting.de\/#website\"},\"datePublished\":\"2017-02-24T09:33:02+00:00\",\"dateModified\":\"2018-11-26T11:45:47+00:00\",\"description\":\"Intelligente Vernetzung von Mensch, Maschine und Produkt ist im vollen Gange. So setzt die Industrie 4.0 mit seiner \u201aSmart Factory\u2018 neue Standards.\",\"breadcrumb\":{\"@id\":\"https:\/\/artech-consulting.de\/aktuelles\/wussten-sie-schon-2\/industrie-4-0-intelligente-fabrik-von-morgen\/#breadcrumb\"},\"inLanguage\":\"en-US\",\"potentialAction\":[{\"@type\":\"ReadAction\",\"target\":[\"https:\/\/artech-consulting.de\/aktuelles\/wussten-sie-schon-2\/industrie-4-0-intelligente-fabrik-von-morgen\/\"]}]},{\"@type\":\"BreadcrumbList\",\"@id\":\"https:\/\/artech-consulting.de\/aktuelles\/wussten-sie-schon-2\/industrie-4-0-intelligente-fabrik-von-morgen\/#breadcrumb\",\"itemListElement\":[{\"@type\":\"ListItem\",\"position\":1,\"name\":\"Home\",\"item\":\"https:\/\/artech-consulting.de\/\"},{\"@type\":\"ListItem\",\"position\":2,\"name\":\"Aktuelles\",\"item\":\"https:\/\/artech-consulting.de\/aktuelles\/\"},{\"@type\":\"ListItem\",\"position\":3,\"name\":\"Wissen &#038; Impulse\",\"item\":\"https:\/\/artech-consulting.de\/aktuelles\/wussten-sie-schon-2\/\"},{\"@type\":\"ListItem\",\"position\":4,\"name\":\"Industrie 4.0 \u2013 intelligente Fabrik von Morgen\"}]},{\"@type\":\"WebSite\",\"@id\":\"https:\/\/artech-consulting.de\/#website\",\"url\":\"https:\/\/artech-consulting.de\/\",\"name\":\"\",\"description\":\"\",\"publisher\":{\"@id\":\"https:\/\/artech-consulting.de\/#organization\"},\"potentialAction\":[{\"@type\":\"SearchAction\",\"target\":{\"@type\":\"EntryPoint\",\"urlTemplate\":\"https:\/\/artech-consulting.de\/?s={search_term_string}\"},\"query-input\":{\"@type\":\"PropertyValueSpecification\",\"valueRequired\":true,\"valueName\":\"search_term_string\"}}],\"inLanguage\":\"en-US\"},{\"@type\":\"Organization\",\"@id\":\"https:\/\/artech-consulting.de\/#organization\",\"name\":\"Artecch Consulting\",\"url\":\"https:\/\/artech-consulting.de\/\",\"logo\":{\"@type\":\"ImageObject\",\"inLanguage\":\"en-US\",\"@id\":\"https:\/\/artech-consulting.de\/#\/schema\/logo\/image\/\",\"url\":\"https:\/\/artech-consulting.de\/wp-content\/uploads\/2015\/06\/cropped-ARTech_Logo_rgb_600frei.png\",\"contentUrl\":\"https:\/\/artech-consulting.de\/wp-content\/uploads\/2015\/06\/cropped-ARTech_Logo_rgb_600frei.png\",\"width\":6805,\"height\":1554,\"caption\":\"Artecch Consulting\"},\"image\":{\"@id\":\"https:\/\/artech-consulting.de\/#\/schema\/logo\/image\/\"},\"sameAs\":[\"https:\/\/www.facebook.com\/ARTECH-Consulting-GmbH-367676580239744\/\",\"https:\/\/www.linkedin.com\/company\/artech-consulting-gmbh?report_success=8jyhy2niUpAFvknlZbso8OXCShshmpUnzp3NjIJ2m7yhSVK6-d3cj9EZShsc4o_DdpkqGOtZmrfmVAwicnuvayqF\"]}]}<\/script>\n<!-- \/ Yoast SEO plugin. -->","yoast_head_json":{"title":"Industrie 4.0 \u2013 intelligente Fabrik von Morgen -","description":"Intelligente Vernetzung von Mensch, Maschine und Produkt ist im vollen Gange. So setzt die Industrie 4.0 mit seiner \u201aSmart Factory\u2018 neue Standards.","robots":{"index":"index","follow":"follow","max-snippet":"max-snippet:-1","max-image-preview":"max-image-preview:large","max-video-preview":"max-video-preview:-1"},"canonical":"https:\/\/artech-consulting.de\/aktuelles\/wussten-sie-schon-2\/industrie-4-0-intelligente-fabrik-von-morgen\/","og_locale":"en_US","og_type":"article","og_title":"Industrie 4.0 \u2013 intelligente Fabrik von Morgen","og_description":"Das digitale Zeitalter ist l\u00e4ngst in der Industrie angekommen. Intelligente Vernetzung von Mensch, Maschine und Produkt ist im vollen Gange. Treibende Kraft der Industrie 4.0 ist die rasant zunehmende Digitalisierung von Wirtschaft und Gesellschaft. So setzt die Industrie 4.0 mit seiner \u201aSmart Factory\u2018 neue Standards.","og_url":"https:\/\/artech-consulting.de\/aktuelles\/wussten-sie-schon-2\/industrie-4-0-intelligente-fabrik-von-morgen\/","article_publisher":"https:\/\/www.facebook.com\/ARTECH-Consulting-GmbH-367676580239744\/","article_modified_time":"2018-11-26T11:45:47+00:00","twitter_card":"summary_large_image","twitter_misc":{"Est. reading time":"2 minutes"},"schema":{"@context":"https:\/\/schema.org","@graph":[{"@type":"WebPage","@id":"https:\/\/artech-consulting.de\/aktuelles\/wussten-sie-schon-2\/industrie-4-0-intelligente-fabrik-von-morgen\/","url":"https:\/\/artech-consulting.de\/aktuelles\/wussten-sie-schon-2\/industrie-4-0-intelligente-fabrik-von-morgen\/","name":"Industrie 4.0 \u2013 intelligente Fabrik von Morgen -","isPartOf":{"@id":"https:\/\/artech-consulting.de\/#website"},"datePublished":"2017-02-24T09:33:02+00:00","dateModified":"2018-11-26T11:45:47+00:00","description":"Intelligente Vernetzung von Mensch, Maschine und Produkt ist im vollen Gange. So setzt die Industrie 4.0 mit seiner \u201aSmart Factory\u2018 neue Standards.","breadcrumb":{"@id":"https:\/\/artech-consulting.de\/aktuelles\/wussten-sie-schon-2\/industrie-4-0-intelligente-fabrik-von-morgen\/#breadcrumb"},"inLanguage":"en-US","potentialAction":[{"@type":"ReadAction","target":["https:\/\/artech-consulting.de\/aktuelles\/wussten-sie-schon-2\/industrie-4-0-intelligente-fabrik-von-morgen\/"]}]},{"@type":"BreadcrumbList","@id":"https:\/\/artech-consulting.de\/aktuelles\/wussten-sie-schon-2\/industrie-4-0-intelligente-fabrik-von-morgen\/#breadcrumb","itemListElement":[{"@type":"ListItem","position":1,"name":"Home","item":"https:\/\/artech-consulting.de\/"},{"@type":"ListItem","position":2,"name":"Aktuelles","item":"https:\/\/artech-consulting.de\/aktuelles\/"},{"@type":"ListItem","position":3,"name":"Wissen &#038; Impulse","item":"https:\/\/artech-consulting.de\/aktuelles\/wussten-sie-schon-2\/"},{"@type":"ListItem","position":4,"name":"Industrie 4.0 \u2013 intelligente Fabrik von Morgen"}]},{"@type":"WebSite","@id":"https:\/\/artech-consulting.de\/#website","url":"https:\/\/artech-consulting.de\/","name":"","description":"","publisher":{"@id":"https:\/\/artech-consulting.de\/#organization"},"potentialAction":[{"@type":"SearchAction","target":{"@type":"EntryPoint","urlTemplate":"https:\/\/artech-consulting.de\/?s={search_term_string}"},"query-input":{"@type":"PropertyValueSpecification","valueRequired":true,"valueName":"search_term_string"}}],"inLanguage":"en-US"},{"@type":"Organization","@id":"https:\/\/artech-consulting.de\/#organization","name":"Artecch Consulting","url":"https:\/\/artech-consulting.de\/","logo":{"@type":"ImageObject","inLanguage":"en-US","@id":"https:\/\/artech-consulting.de\/#\/schema\/logo\/image\/","url":"https:\/\/artech-consulting.de\/wp-content\/uploads\/2015\/06\/cropped-ARTech_Logo_rgb_600frei.png","contentUrl":"https:\/\/artech-consulting.de\/wp-content\/uploads\/2015\/06\/cropped-ARTech_Logo_rgb_600frei.png","width":6805,"height":1554,"caption":"Artecch Consulting"},"image":{"@id":"https:\/\/artech-consulting.de\/#\/schema\/logo\/image\/"},"sameAs":["https:\/\/www.facebook.com\/ARTECH-Consulting-GmbH-367676580239744\/","https:\/\/www.linkedin.com\/company\/artech-consulting-gmbh?report_success=8jyhy2niUpAFvknlZbso8OXCShshmpUnzp3NjIJ2m7yhSVK6-d3cj9EZShsc4o_DdpkqGOtZmrfmVAwicnuvayqF"]}]}},"_links":{"self":[{"href":"https:\/\/artech-consulting.de\/en\/wp-json\/wp\/v2\/pages\/2584"}],"collection":[{"href":"https:\/\/artech-consulting.de\/en\/wp-json\/wp\/v2\/pages"}],"about":[{"href":"https:\/\/artech-consulting.de\/en\/wp-json\/wp\/v2\/types\/page"}],"author":[{"embeddable":true,"href":"https:\/\/artech-consulting.de\/en\/wp-json\/wp\/v2\/users\/1"}],"replies":[{"embeddable":true,"href":"https:\/\/artech-consulting.de\/en\/wp-json\/wp\/v2\/comments?post=2584"}],"version-history":[{"count":5,"href":"https:\/\/artech-consulting.de\/en\/wp-json\/wp\/v2\/pages\/2584\/revisions"}],"predecessor-version":[{"id":4628,"href":"https:\/\/artech-consulting.de\/en\/wp-json\/wp\/v2\/pages\/2584\/revisions\/4628"}],"up":[{"embeddable":true,"href":"https:\/\/artech-consulting.de\/en\/wp-json\/wp\/v2\/pages\/4507"}],"wp:attachment":[{"href":"https:\/\/artech-consulting.de\/en\/wp-json\/wp\/v2\/media?parent=2584"}],"curies":[{"name":"wp","href":"https:\/\/api.w.org\/{rel}","templated":true}]}}