{"id":2601,"date":"2017-03-03T11:46:11","date_gmt":"2017-03-03T10:46:11","guid":{"rendered":"https:\/\/artech-consulting.de\/?page_id=2601"},"modified":"2018-11-26T12:39:02","modified_gmt":"2018-11-26T11:39:02","slug":"treffen-mit-karl-lauterbach-spd","status":"publish","type":"page","link":"https:\/\/artech-consulting.de\/en\/aktuelles\/inside-artech\/treffen-mit-karl-lauterbach-spd\/","title":{"rendered":"Treffen mit Karl Lauterbach (SPD)"},"content":{"rendered":"<p><strong>ARTECH Consulting trifft Bundestagsabgeordneten Pr. Dr. Karl Wilhelm Lauterbach<\/strong><br \/>\n&nbsp;<br \/>\n<a href=\"https:\/\/artech-consulting.de\/wp-content\/uploads\/2017\/03\/IMG-20170303-WA0004.jpg\"><img loading=\"lazy\" decoding=\"async\" class=\" size-medium wp-image-2566 alignright\" style=\"margin-left: 40px; margin-bottom: 20px;\" src=\"https:\/\/artech-consulting.de\/wp-content\/uploads\/2017\/03\/IMG-20170303-WA0004.jpg\" alt=\"IMG_0492\" width=\"300\" height=\"225\" \/><\/a><\/p>\n<p>ARTECH Consulting traf sich am Donnerstag, den 02. M\u00e4rz 2017, zu einem Gespr\u00e4ch mit Prof. Dr. Karl Lauterbauch (SPD K\u00f6ln\/Leverkusen) im eigenen Firmengeb\u00e4ude. Das Treffen diente einem ersten Kennenlernen mit dem Bundestagsmitglied sowie dem Austausch \u00fcber m\u00f6gliche Zusammenarbeit und Unterst\u00fctzung bei bevorstehenden Projekten.<br \/>\n&nbsp;<br \/>\nGesch\u00e4ftsf\u00fchrer Amaniyel Arslan stellte nach einem kurzen Kennenlernen das Unternehmen \u201aARTECH Consulting GmbH\u2018 vor und verschaffte Herrn Lauterbach einen guten Einblick in die Firmenphilosophie. Dabei zeigte Herr Lauterbach ein gro\u00dfes Interesse an den Kernkompetenzen Training und Consulting. Daraufhin veranschaulichten die anwesenden Mitarbeiter den G\u00e4sten die Funktionsweise eines der CAD- und PLM-Systeme und erkl\u00e4rten anhand einer Pr\u00e4sentation ausf\u00fchrlich die Vorgehensweise bei Schulungen. Im Anschluss wurde noch das Projekt \u201aARTECH Coaching\u2018 vorgestellt, wobei es um die Qualifizierung von Menschen geht, mit dem Ziel der Aufnahme einer sozialversicherungspflichtigen Arbeit mit technischer Ausrichtung. Zielgruppe sind Fl\u00fcchtlinge, die nach Deutschland gekommen sind und die n\u00f6tige Bereitschaft zur Integration sowie \u00fcber die erforderliche Eigenmotivation f\u00fcr eine Qualifizierung mitbringen.<br \/>\n&nbsp;<br \/>\nZum Ende des Treffens gab es einen konstruktiven Austausch, wo vor allem die Weiterbildung von Fachkr\u00e4ften durch das Unternehmen sehr gutes Geh\u00f6r beim Bundestagsabgeordneten fand. Um die M\u00f6glichkeiten als auch die Grenzen bei der Verwirklichung der geplanten Ziele besser einzuordnen sowie die Kontakte von regionaler auf bundesweite Ebene zu erweitern, vereinbarten beide Seiten einen weiteren zeitnahen Termin in der kommenden Woche.<\/p>","protected":false},"excerpt":{"rendered":"<p>ARTECH Consulting trifft Bundestagsabgeordneten Pr. Dr. Karl Wilhelm Lauterbach &nbsp; ARTECH Consulting traf sich am Donnerstag, den 02. M\u00e4rz 2017, zu einem Gespr\u00e4ch mit Prof. Dr. Karl Lauterbauch (SPD K\u00f6ln\/Leverkusen) im eigenen Firmengeb\u00e4ude. Das Treffen diente einem ersten Kennenlernen mit <a href=\"https:\/\/artech-consulting.de\/en\/aktuelles\/inside-artech\/treffen-mit-karl-lauterbach-spd\/\" class=\"read-more\">Read More<\/a><\/p>\n","protected":false},"author":1,"featured_media":0,"parent":4397,"menu_order":0,"comment_status":"closed","ping_status":"closed","template":"","meta":{"footnotes":""},"yoast_head":"<!-- This site is optimized with the Yoast SEO plugin v23.5 - https:\/\/yoast.com\/wordpress\/plugins\/seo\/ -->\n<title>Treffen mit Karl Lauterbach (SPD) -<\/title>\n<meta name=\"description\" content=\"ARTECH Consulting lud Bundestagsmitglied Karl Lauterbauch (SPD K\u00f6ln\/Leverkusen) im eigenen Firmengeb\u00e4ude zu einem ersten Treffen ein.\" \/>\n<meta name=\"robots\" content=\"index, follow, max-snippet:-1, max-image-preview:large, max-video-preview:-1\" \/>\n<link rel=\"canonical\" href=\"https:\/\/artech-consulting.de\/aktuelles\/inside-artech\/treffen-mit-karl-lauterbach-spd\/\" \/>\n<meta property=\"og:locale\" content=\"en_US\" \/>\n<meta property=\"og:type\" content=\"article\" \/>\n<meta property=\"og:title\" content=\"Treffen mit Karl Lauterbach (SPD)\" \/>\n<meta property=\"og:description\" content=\"ARTECH Consulting traf sich mit Bundestagsmitglied Karl Lauterbauch (SPD K\u00f6ln\/Leverkusen) im eigenen Firmengeb\u00e4ude zu einem ersten Kennenlernen.\" \/>\n<meta property=\"og:url\" content=\"https:\/\/artech-consulting.de\/aktuelles\/inside-artech\/treffen-mit-karl-lauterbach-spd\/\" \/>\n<meta property=\"article:publisher\" content=\"https:\/\/www.facebook.com\/ARTECH-Consulting-GmbH-367676580239744\/\" \/>\n<meta property=\"article:modified_time\" content=\"2018-11-26T11:39:02+00:00\" \/>\n<meta property=\"og:image\" content=\"https:\/\/artech-consulting.de\/wp-content\/uploads\/2017\/03\/IMG-20170303-WA0004.jpg\" \/>\n<meta name=\"twitter:card\" content=\"summary_large_image\" \/>\n<meta name=\"twitter:label1\" content=\"Est. reading time\" \/>\n\t<meta name=\"twitter:data1\" content=\"2 minutes\" \/>\n<script type=\"application\/ld+json\" class=\"yoast-schema-graph\">{\"@context\":\"https:\/\/schema.org\",\"@graph\":[{\"@type\":\"WebPage\",\"@id\":\"https:\/\/artech-consulting.de\/aktuelles\/inside-artech\/treffen-mit-karl-lauterbach-spd\/\",\"url\":\"https:\/\/artech-consulting.de\/aktuelles\/inside-artech\/treffen-mit-karl-lauterbach-spd\/\",\"name\":\"Treffen mit Karl Lauterbach (SPD) -\",\"isPartOf\":{\"@id\":\"https:\/\/artech-consulting.de\/#website\"},\"primaryImageOfPage\":{\"@id\":\"https:\/\/artech-consulting.de\/aktuelles\/inside-artech\/treffen-mit-karl-lauterbach-spd\/#primaryimage\"},\"image\":{\"@id\":\"https:\/\/artech-consulting.de\/aktuelles\/inside-artech\/treffen-mit-karl-lauterbach-spd\/#primaryimage\"},\"thumbnailUrl\":\"https:\/\/artech-consulting.de\/wp-content\/uploads\/2017\/03\/IMG-20170303-WA0004.jpg\",\"datePublished\":\"2017-03-03T10:46:11+00:00\",\"dateModified\":\"2018-11-26T11:39:02+00:00\",\"description\":\"{:de}ARTECH Consulting traf sich mit Bundestagsmitglied Karl Lauterbauch (SPD K\u00f6ln\/Leverkusen) im eigenen Firmengeb\u00e4ude zu einem ersten Kennenlernen.{:}{:en}ARTECH Consulting lud Bundestagsmitglied Karl Lauterbauch (SPD K\u00f6ln\/Leverkusen) im eigenen Firmengeb\u00e4ude zu einem ersten Treffen ein.{:}\",\"breadcrumb\":{\"@id\":\"https:\/\/artech-consulting.de\/aktuelles\/inside-artech\/treffen-mit-karl-lauterbach-spd\/#breadcrumb\"},\"inLanguage\":\"en-US\",\"potentialAction\":[{\"@type\":\"ReadAction\",\"target\":[\"https:\/\/artech-consulting.de\/aktuelles\/inside-artech\/treffen-mit-karl-lauterbach-spd\/\"]}]},{\"@type\":\"ImageObject\",\"inLanguage\":\"en-US\",\"@id\":\"https:\/\/artech-consulting.de\/aktuelles\/inside-artech\/treffen-mit-karl-lauterbach-spd\/#primaryimage\",\"url\":\"https:\/\/artech-consulting.de\/wp-content\/uploads\/2017\/03\/IMG-20170303-WA0004.jpg\",\"contentUrl\":\"https:\/\/artech-consulting.de\/wp-content\/uploads\/2017\/03\/IMG-20170303-WA0004.jpg\"},{\"@type\":\"BreadcrumbList\",\"@id\":\"https:\/\/artech-consulting.de\/aktuelles\/inside-artech\/treffen-mit-karl-lauterbach-spd\/#breadcrumb\",\"itemListElement\":[{\"@type\":\"ListItem\",\"position\":1,\"name\":\"Home\",\"item\":\"https:\/\/artech-consulting.de\/\"},{\"@type\":\"ListItem\",\"position\":2,\"name\":\"Aktuelles\",\"item\":\"https:\/\/artech-consulting.de\/aktuelles\/\"},{\"@type\":\"ListItem\",\"position\":3,\"name\":\"Inside ARTECH\",\"item\":\"https:\/\/artech-consulting.de\/aktuelles\/inside-artech\/\"},{\"@type\":\"ListItem\",\"position\":4,\"name\":\"Treffen mit Karl Lauterbach (SPD)\"}]},{\"@type\":\"WebSite\",\"@id\":\"https:\/\/artech-consulting.de\/#website\",\"url\":\"https:\/\/artech-consulting.de\/\",\"name\":\"\",\"description\":\"\",\"publisher\":{\"@id\":\"https:\/\/artech-consulting.de\/#organization\"},\"potentialAction\":[{\"@type\":\"SearchAction\",\"target\":{\"@type\":\"EntryPoint\",\"urlTemplate\":\"https:\/\/artech-consulting.de\/?s={search_term_string}\"},\"query-input\":{\"@type\":\"PropertyValueSpecification\",\"valueRequired\":true,\"valueName\":\"search_term_string\"}}],\"inLanguage\":\"en-US\"},{\"@type\":\"Organization\",\"@id\":\"https:\/\/artech-consulting.de\/#organization\",\"name\":\"Artecch Consulting\",\"url\":\"https:\/\/artech-consulting.de\/\",\"logo\":{\"@type\":\"ImageObject\",\"inLanguage\":\"en-US\",\"@id\":\"https:\/\/artech-consulting.de\/#\/schema\/logo\/image\/\",\"url\":\"https:\/\/artech-consulting.de\/wp-content\/uploads\/2015\/06\/cropped-ARTech_Logo_rgb_600frei.png\",\"contentUrl\":\"https:\/\/artech-consulting.de\/wp-content\/uploads\/2015\/06\/cropped-ARTech_Logo_rgb_600frei.png\",\"width\":6805,\"height\":1554,\"caption\":\"Artecch Consulting\"},\"image\":{\"@id\":\"https:\/\/artech-consulting.de\/#\/schema\/logo\/image\/\"},\"sameAs\":[\"https:\/\/www.facebook.com\/ARTECH-Consulting-GmbH-367676580239744\/\",\"https:\/\/www.linkedin.com\/company\/artech-consulting-gmbh?report_success=8jyhy2niUpAFvknlZbso8OXCShshmpUnzp3NjIJ2m7yhSVK6-d3cj9EZShsc4o_DdpkqGOtZmrfmVAwicnuvayqF\"]}]}<\/script>\n<!-- \/ Yoast SEO plugin. -->","yoast_head_json":{"title":"Treffen mit Karl Lauterbach (SPD) -","description":"ARTECH Consulting lud Bundestagsmitglied Karl Lauterbauch (SPD K\u00f6ln\/Leverkusen) im eigenen Firmengeb\u00e4ude zu einem ersten Treffen ein.","robots":{"index":"index","follow":"follow","max-snippet":"max-snippet:-1","max-image-preview":"max-image-preview:large","max-video-preview":"max-video-preview:-1"},"canonical":"https:\/\/artech-consulting.de\/aktuelles\/inside-artech\/treffen-mit-karl-lauterbach-spd\/","og_locale":"en_US","og_type":"article","og_title":"Treffen mit Karl Lauterbach (SPD)","og_description":"ARTECH Consulting traf sich mit Bundestagsmitglied Karl Lauterbauch (SPD K\u00f6ln\/Leverkusen) im eigenen Firmengeb\u00e4ude zu einem ersten Kennenlernen.","og_url":"https:\/\/artech-consulting.de\/aktuelles\/inside-artech\/treffen-mit-karl-lauterbach-spd\/","article_publisher":"https:\/\/www.facebook.com\/ARTECH-Consulting-GmbH-367676580239744\/","article_modified_time":"2018-11-26T11:39:02+00:00","og_image":[{"url":"https:\/\/artech-consulting.de\/wp-content\/uploads\/2017\/03\/IMG-20170303-WA0004.jpg"}],"twitter_card":"summary_large_image","twitter_misc":{"Est. reading time":"2 minutes"},"schema":{"@context":"https:\/\/schema.org","@graph":[{"@type":"WebPage","@id":"https:\/\/artech-consulting.de\/aktuelles\/inside-artech\/treffen-mit-karl-lauterbach-spd\/","url":"https:\/\/artech-consulting.de\/aktuelles\/inside-artech\/treffen-mit-karl-lauterbach-spd\/","name":"Treffen mit Karl Lauterbach (SPD) -","isPartOf":{"@id":"https:\/\/artech-consulting.de\/#website"},"primaryImageOfPage":{"@id":"https:\/\/artech-consulting.de\/aktuelles\/inside-artech\/treffen-mit-karl-lauterbach-spd\/#primaryimage"},"image":{"@id":"https:\/\/artech-consulting.de\/aktuelles\/inside-artech\/treffen-mit-karl-lauterbach-spd\/#primaryimage"},"thumbnailUrl":"https:\/\/artech-consulting.de\/wp-content\/uploads\/2017\/03\/IMG-20170303-WA0004.jpg","datePublished":"2017-03-03T10:46:11+00:00","dateModified":"2018-11-26T11:39:02+00:00","description":"{:de}ARTECH Consulting traf sich mit Bundestagsmitglied Karl Lauterbauch (SPD K\u00f6ln\/Leverkusen) im eigenen Firmengeb\u00e4ude zu einem ersten Kennenlernen.{:}{:en}ARTECH Consulting lud Bundestagsmitglied Karl Lauterbauch (SPD K\u00f6ln\/Leverkusen) im eigenen Firmengeb\u00e4ude zu einem ersten Treffen ein.{:}","breadcrumb":{"@id":"https:\/\/artech-consulting.de\/aktuelles\/inside-artech\/treffen-mit-karl-lauterbach-spd\/#breadcrumb"},"inLanguage":"en-US","potentialAction":[{"@type":"ReadAction","target":["https:\/\/artech-consulting.de\/aktuelles\/inside-artech\/treffen-mit-karl-lauterbach-spd\/"]}]},{"@type":"ImageObject","inLanguage":"en-US","@id":"https:\/\/artech-consulting.de\/aktuelles\/inside-artech\/treffen-mit-karl-lauterbach-spd\/#primaryimage","url":"https:\/\/artech-consulting.de\/wp-content\/uploads\/2017\/03\/IMG-20170303-WA0004.jpg","contentUrl":"https:\/\/artech-consulting.de\/wp-content\/uploads\/2017\/03\/IMG-20170303-WA0004.jpg"},{"@type":"BreadcrumbList","@id":"https:\/\/artech-consulting.de\/aktuelles\/inside-artech\/treffen-mit-karl-lauterbach-spd\/#breadcrumb","itemListElement":[{"@type":"ListItem","position":1,"name":"Home","item":"https:\/\/artech-consulting.de\/"},{"@type":"ListItem","position":2,"name":"Aktuelles","item":"https:\/\/artech-consulting.de\/aktuelles\/"},{"@type":"ListItem","position":3,"name":"Inside ARTECH","item":"https:\/\/artech-consulting.de\/aktuelles\/inside-artech\/"},{"@type":"ListItem","position":4,"name":"Treffen mit Karl Lauterbach (SPD)"}]},{"@type":"WebSite","@id":"https:\/\/artech-consulting.de\/#website","url":"https:\/\/artech-consulting.de\/","name":"","description":"","publisher":{"@id":"https:\/\/artech-consulting.de\/#organization"},"potentialAction":[{"@type":"SearchAction","target":{"@type":"EntryPoint","urlTemplate":"https:\/\/artech-consulting.de\/?s={search_term_string}"},"query-input":{"@type":"PropertyValueSpecification","valueRequired":true,"valueName":"search_term_string"}}],"inLanguage":"en-US"},{"@type":"Organization","@id":"https:\/\/artech-consulting.de\/#organization","name":"Artecch Consulting","url":"https:\/\/artech-consulting.de\/","logo":{"@type":"ImageObject","inLanguage":"en-US","@id":"https:\/\/artech-consulting.de\/#\/schema\/logo\/image\/","url":"https:\/\/artech-consulting.de\/wp-content\/uploads\/2015\/06\/cropped-ARTech_Logo_rgb_600frei.png","contentUrl":"https:\/\/artech-consulting.de\/wp-content\/uploads\/2015\/06\/cropped-ARTech_Logo_rgb_600frei.png","width":6805,"height":1554,"caption":"Artecch Consulting"},"image":{"@id":"https:\/\/artech-consulting.de\/#\/schema\/logo\/image\/"},"sameAs":["https:\/\/www.facebook.com\/ARTECH-Consulting-GmbH-367676580239744\/","https:\/\/www.linkedin.com\/company\/artech-consulting-gmbh?report_success=8jyhy2niUpAFvknlZbso8OXCShshmpUnzp3NjIJ2m7yhSVK6-d3cj9EZShsc4o_DdpkqGOtZmrfmVAwicnuvayqF"]}]}},"_links":{"self":[{"href":"https:\/\/artech-consulting.de\/en\/wp-json\/wp\/v2\/pages\/2601"}],"collection":[{"href":"https:\/\/artech-consulting.de\/en\/wp-json\/wp\/v2\/pages"}],"about":[{"href":"https:\/\/artech-consulting.de\/en\/wp-json\/wp\/v2\/types\/page"}],"author":[{"embeddable":true,"href":"https:\/\/artech-consulting.de\/en\/wp-json\/wp\/v2\/users\/1"}],"replies":[{"embeddable":true,"href":"https:\/\/artech-consulting.de\/en\/wp-json\/wp\/v2\/comments?post=2601"}],"version-history":[{"count":20,"href":"https:\/\/artech-consulting.de\/en\/wp-json\/wp\/v2\/pages\/2601\/revisions"}],"predecessor-version":[{"id":6162,"href":"https:\/\/artech-consulting.de\/en\/wp-json\/wp\/v2\/pages\/2601\/revisions\/6162"}],"up":[{"embeddable":true,"href":"https:\/\/artech-consulting.de\/en\/wp-json\/wp\/v2\/pages\/4397"}],"wp:attachment":[{"href":"https:\/\/artech-consulting.de\/en\/wp-json\/wp\/v2\/media?parent=2601"}],"curies":[{"name":"wp","href":"https:\/\/api.w.org\/{rel}","templated":true}]}}