{"id":2635,"date":"2017-03-21T15:53:28","date_gmt":"2017-03-21T14:53:28","guid":{"rendered":"https:\/\/artech-consulting.de\/?page_id=2635"},"modified":"2025-12-18T12:52:29","modified_gmt":"2025-12-18T11:52:29","slug":"artech-coaching","status":"publish","type":"page","link":"https:\/\/artech-consulting.de\/en\/unternehmen\/soziale-projekte\/artech-coaching\/","title":{"rendered":"ARTECH Coaching"},"content":{"rendered":"<p><strong>Qualification measure &#8220;ARTECH Coaching&#8221;<\/strong><\/p>\n<p style=\"text-align: justify;\"><a href=\"https:\/\/artech-consulting.de\/wp-content\/uploads\/2017\/03\/ARTECH_Coaching_Teilnehmer.jpg\"><img loading=\"lazy\" decoding=\"async\" class=\" size-medium wp-image-2566 alignright\" style=\"margin-left: 40px; margin-bottom: 20px;\" src=\"https:\/\/artech-consulting.de\/wp-content\/uploads\/2017\/03\/ARTECH_Coaching_Teilnehmer.jpg\" alt=\"IMG_0492\" width=\"300\" height=\"225\" \/><\/a>On March 12, 2018, ARTECH Consulting GmbH launched the \u201cARTECH Coaching\u201d qualification program. As previously announced, the pilot project officially started with a multi-stage selection process, involving a total of seven people. The target group were individuals who came to Germany as refugees, had an IT background and\/or basic technical knowledge and viewed the coaching qualification as a real opportunity.<\/p>\n<p>During the pilot project, participants were trained by ARTECH Consulting GmbH with the aim of finding technical work subject to social insurance contributions. In an 18-month qualification program, participants acquired the ability to approach employment independently and in a targeted manner. Contacts were established with potential employers and a certificate of successful completion of the \u201cARTECH Coaching\u201d qualification program was issued for the participants&#8217; application documents.<\/p>\n<p>This pilot project will be carried out in cooperation with <a href=\"https:\/\/www.monheim.de\/\" target=\"_blank\" rel=\"noopener noreferrer\">Stadt Monheim<\/a>,\u00a0 <a href=\"http:\/\/beratungscentrum-monheim.de\/\" target=\"_blank\" rel=\"noopener noreferrer\">beratungsCentrum e.V.<\/a> and <a href=\"http:\/\/www.kompuls.de\/\" target=\"_blank\" rel=\"noopener noreferrer\">kompuls GbR<\/a>.<\/p>","protected":false},"excerpt":{"rendered":"<p>Qualification measure &#8220;ARTECH Coaching&#8221; On March 12, 2018, ARTECH Consulting GmbH launched the \u201cARTECH Coaching\u201d qualification program. As previously announced, the pilot project officially started with a multi-stage selection process, involving a total of seven people. The target group were <a href=\"https:\/\/artech-consulting.de\/en\/unternehmen\/soziale-projekte\/artech-coaching\/\" class=\"read-more\">Read More<\/a><\/p>\n","protected":false},"author":1,"featured_media":0,"parent":193,"menu_order":0,"comment_status":"closed","ping_status":"closed","template":"","meta":{"footnotes":""},"yoast_head":"<!-- This site is optimized with the Yoast SEO plugin v23.5 - https:\/\/yoast.com\/wordpress\/plugins\/seo\/ -->\n<title>ARTECH Coaching -<\/title>\n<meta name=\"description\" content=\"ARTECH Coaching ist eine Qualifizierungsma\u00dfnahme f\u00fcr Fl\u00fcchtlinge, mit dem Ziel der Aufnahme einer sozialversicherungspflichtigen Arbeit mit technischer Ausrichtung.\" \/>\n<meta name=\"robots\" content=\"index, follow, max-snippet:-1, max-image-preview:large, max-video-preview:-1\" \/>\n<link rel=\"canonical\" href=\"https:\/\/artech-consulting.de\/unternehmen\/soziale-projekte\/artech-coaching\/\" \/>\n<meta property=\"og:locale\" content=\"en_US\" \/>\n<meta property=\"og:type\" content=\"article\" \/>\n<meta property=\"og:title\" content=\"Qualifizierungsma\u00dfnahme &#039;ARTECH Coaching&#039;\" \/>\n<meta property=\"og:description\" content=\"Am 12. M\u00e4rz 2018 startete die von der ARTECH Consulting GmbH ins Leben gerufene Qualifizierungsma\u00dfnahme &#039;ARTECH Coaching&#039;. Das Pilotprojekt ist eine Qualifizierungsma\u00dfnahme f\u00fcr Fl\u00fcchtlinge, mit dem Ziel der Aufnahme einer sozialversicherungspflichtigen Arbeit mit technischer Ausrichtung und geht \u00fcber 18 Monate.\" \/>\n<meta property=\"og:url\" content=\"https:\/\/artech-consulting.de\/unternehmen\/soziale-projekte\/artech-coaching\/\" \/>\n<meta property=\"article:publisher\" content=\"https:\/\/www.facebook.com\/ARTECH-Consulting-GmbH-367676580239744\/\" \/>\n<meta property=\"article:modified_time\" content=\"2025-12-18T11:52:29+00:00\" \/>\n<meta name=\"twitter:card\" content=\"summary_large_image\" \/>\n<meta name=\"twitter:image\" content=\"https:\/\/artech-consulting.de\/wp-content\/uploads\/2017\/03\/ARTECH_Coaching_Teilnehmer.jpg\" \/>\n<meta name=\"twitter:label1\" content=\"Est. reading time\" \/>\n\t<meta name=\"twitter:data1\" content=\"3 minutes\" \/>\n<script type=\"application\/ld+json\" class=\"yoast-schema-graph\">{\"@context\":\"https:\/\/schema.org\",\"@graph\":[{\"@type\":\"WebPage\",\"@id\":\"https:\/\/artech-consulting.de\/unternehmen\/soziale-projekte\/artech-coaching\/\",\"url\":\"https:\/\/artech-consulting.de\/unternehmen\/soziale-projekte\/artech-coaching\/\",\"name\":\"ARTECH Coaching -\",\"isPartOf\":{\"@id\":\"https:\/\/artech-consulting.de\/#website\"},\"primaryImageOfPage\":{\"@id\":\"https:\/\/artech-consulting.de\/unternehmen\/soziale-projekte\/artech-coaching\/#primaryimage\"},\"image\":{\"@id\":\"https:\/\/artech-consulting.de\/unternehmen\/soziale-projekte\/artech-coaching\/#primaryimage\"},\"thumbnailUrl\":\"https:\/\/artech-consulting.de\/wp-content\/uploads\/2017\/03\/ARTECH_Coaching_Teilnehmer.jpg\",\"datePublished\":\"2017-03-21T14:53:28+00:00\",\"dateModified\":\"2025-12-18T11:52:29+00:00\",\"description\":\"ARTECH Coaching ist eine Qualifizierungsma\u00dfnahme f\u00fcr Fl\u00fcchtlinge, mit dem Ziel der Aufnahme einer sozialversicherungspflichtigen Arbeit mit technischer Ausrichtung.\",\"breadcrumb\":{\"@id\":\"https:\/\/artech-consulting.de\/unternehmen\/soziale-projekte\/artech-coaching\/#breadcrumb\"},\"inLanguage\":\"en-US\",\"potentialAction\":[{\"@type\":\"ReadAction\",\"target\":[\"https:\/\/artech-consulting.de\/unternehmen\/soziale-projekte\/artech-coaching\/\"]}]},{\"@type\":\"ImageObject\",\"inLanguage\":\"en-US\",\"@id\":\"https:\/\/artech-consulting.de\/unternehmen\/soziale-projekte\/artech-coaching\/#primaryimage\",\"url\":\"https:\/\/artech-consulting.de\/wp-content\/uploads\/2017\/03\/ARTECH_Coaching_Teilnehmer.jpg\",\"contentUrl\":\"https:\/\/artech-consulting.de\/wp-content\/uploads\/2017\/03\/ARTECH_Coaching_Teilnehmer.jpg\"},{\"@type\":\"BreadcrumbList\",\"@id\":\"https:\/\/artech-consulting.de\/unternehmen\/soziale-projekte\/artech-coaching\/#breadcrumb\",\"itemListElement\":[{\"@type\":\"ListItem\",\"position\":1,\"name\":\"Home\",\"item\":\"https:\/\/artech-consulting.de\/\"},{\"@type\":\"ListItem\",\"position\":2,\"name\":\"Unternehmen\",\"item\":\"https:\/\/artech-consulting.de\/unternehmen\/\"},{\"@type\":\"ListItem\",\"position\":3,\"name\":\"Soziale Projekte\",\"item\":\"https:\/\/artech-consulting.de\/unternehmen\/soziale-projekte\/\"},{\"@type\":\"ListItem\",\"position\":4,\"name\":\"ARTECH Coaching\"}]},{\"@type\":\"WebSite\",\"@id\":\"https:\/\/artech-consulting.de\/#website\",\"url\":\"https:\/\/artech-consulting.de\/\",\"name\":\"\",\"description\":\"\",\"publisher\":{\"@id\":\"https:\/\/artech-consulting.de\/#organization\"},\"potentialAction\":[{\"@type\":\"SearchAction\",\"target\":{\"@type\":\"EntryPoint\",\"urlTemplate\":\"https:\/\/artech-consulting.de\/?s={search_term_string}\"},\"query-input\":{\"@type\":\"PropertyValueSpecification\",\"valueRequired\":true,\"valueName\":\"search_term_string\"}}],\"inLanguage\":\"en-US\"},{\"@type\":\"Organization\",\"@id\":\"https:\/\/artech-consulting.de\/#organization\",\"name\":\"Artecch Consulting\",\"url\":\"https:\/\/artech-consulting.de\/\",\"logo\":{\"@type\":\"ImageObject\",\"inLanguage\":\"en-US\",\"@id\":\"https:\/\/artech-consulting.de\/#\/schema\/logo\/image\/\",\"url\":\"https:\/\/artech-consulting.de\/wp-content\/uploads\/2015\/06\/cropped-ARTech_Logo_rgb_600frei.png\",\"contentUrl\":\"https:\/\/artech-consulting.de\/wp-content\/uploads\/2015\/06\/cropped-ARTech_Logo_rgb_600frei.png\",\"width\":6805,\"height\":1554,\"caption\":\"Artecch Consulting\"},\"image\":{\"@id\":\"https:\/\/artech-consulting.de\/#\/schema\/logo\/image\/\"},\"sameAs\":[\"https:\/\/www.facebook.com\/ARTECH-Consulting-GmbH-367676580239744\/\",\"https:\/\/www.linkedin.com\/company\/artech-consulting-gmbh?report_success=8jyhy2niUpAFvknlZbso8OXCShshmpUnzp3NjIJ2m7yhSVK6-d3cj9EZShsc4o_DdpkqGOtZmrfmVAwicnuvayqF\"]}]}<\/script>\n<!-- \/ Yoast SEO plugin. -->","yoast_head_json":{"title":"ARTECH Coaching -","description":"ARTECH Coaching ist eine Qualifizierungsma\u00dfnahme f\u00fcr Fl\u00fcchtlinge, mit dem Ziel der Aufnahme einer sozialversicherungspflichtigen Arbeit mit technischer Ausrichtung.","robots":{"index":"index","follow":"follow","max-snippet":"max-snippet:-1","max-image-preview":"max-image-preview:large","max-video-preview":"max-video-preview:-1"},"canonical":"https:\/\/artech-consulting.de\/unternehmen\/soziale-projekte\/artech-coaching\/","og_locale":"en_US","og_type":"article","og_title":"Qualifizierungsma\u00dfnahme 'ARTECH Coaching'","og_description":"Am 12. M\u00e4rz 2018 startete die von der ARTECH Consulting GmbH ins Leben gerufene Qualifizierungsma\u00dfnahme 'ARTECH Coaching'. Das Pilotprojekt ist eine Qualifizierungsma\u00dfnahme f\u00fcr Fl\u00fcchtlinge, mit dem Ziel der Aufnahme einer sozialversicherungspflichtigen Arbeit mit technischer Ausrichtung und geht \u00fcber 18 Monate.","og_url":"https:\/\/artech-consulting.de\/unternehmen\/soziale-projekte\/artech-coaching\/","article_publisher":"https:\/\/www.facebook.com\/ARTECH-Consulting-GmbH-367676580239744\/","article_modified_time":"2025-12-18T11:52:29+00:00","twitter_card":"summary_large_image","twitter_image":"https:\/\/artech-consulting.de\/wp-content\/uploads\/2017\/03\/ARTECH_Coaching_Teilnehmer.jpg","twitter_misc":{"Est. reading time":"3 minutes"},"schema":{"@context":"https:\/\/schema.org","@graph":[{"@type":"WebPage","@id":"https:\/\/artech-consulting.de\/unternehmen\/soziale-projekte\/artech-coaching\/","url":"https:\/\/artech-consulting.de\/unternehmen\/soziale-projekte\/artech-coaching\/","name":"ARTECH Coaching -","isPartOf":{"@id":"https:\/\/artech-consulting.de\/#website"},"primaryImageOfPage":{"@id":"https:\/\/artech-consulting.de\/unternehmen\/soziale-projekte\/artech-coaching\/#primaryimage"},"image":{"@id":"https:\/\/artech-consulting.de\/unternehmen\/soziale-projekte\/artech-coaching\/#primaryimage"},"thumbnailUrl":"https:\/\/artech-consulting.de\/wp-content\/uploads\/2017\/03\/ARTECH_Coaching_Teilnehmer.jpg","datePublished":"2017-03-21T14:53:28+00:00","dateModified":"2025-12-18T11:52:29+00:00","description":"ARTECH Coaching ist eine Qualifizierungsma\u00dfnahme f\u00fcr Fl\u00fcchtlinge, mit dem Ziel der Aufnahme einer sozialversicherungspflichtigen Arbeit mit technischer Ausrichtung.","breadcrumb":{"@id":"https:\/\/artech-consulting.de\/unternehmen\/soziale-projekte\/artech-coaching\/#breadcrumb"},"inLanguage":"en-US","potentialAction":[{"@type":"ReadAction","target":["https:\/\/artech-consulting.de\/unternehmen\/soziale-projekte\/artech-coaching\/"]}]},{"@type":"ImageObject","inLanguage":"en-US","@id":"https:\/\/artech-consulting.de\/unternehmen\/soziale-projekte\/artech-coaching\/#primaryimage","url":"https:\/\/artech-consulting.de\/wp-content\/uploads\/2017\/03\/ARTECH_Coaching_Teilnehmer.jpg","contentUrl":"https:\/\/artech-consulting.de\/wp-content\/uploads\/2017\/03\/ARTECH_Coaching_Teilnehmer.jpg"},{"@type":"BreadcrumbList","@id":"https:\/\/artech-consulting.de\/unternehmen\/soziale-projekte\/artech-coaching\/#breadcrumb","itemListElement":[{"@type":"ListItem","position":1,"name":"Home","item":"https:\/\/artech-consulting.de\/"},{"@type":"ListItem","position":2,"name":"Unternehmen","item":"https:\/\/artech-consulting.de\/unternehmen\/"},{"@type":"ListItem","position":3,"name":"Soziale Projekte","item":"https:\/\/artech-consulting.de\/unternehmen\/soziale-projekte\/"},{"@type":"ListItem","position":4,"name":"ARTECH Coaching"}]},{"@type":"WebSite","@id":"https:\/\/artech-consulting.de\/#website","url":"https:\/\/artech-consulting.de\/","name":"","description":"","publisher":{"@id":"https:\/\/artech-consulting.de\/#organization"},"potentialAction":[{"@type":"SearchAction","target":{"@type":"EntryPoint","urlTemplate":"https:\/\/artech-consulting.de\/?s={search_term_string}"},"query-input":{"@type":"PropertyValueSpecification","valueRequired":true,"valueName":"search_term_string"}}],"inLanguage":"en-US"},{"@type":"Organization","@id":"https:\/\/artech-consulting.de\/#organization","name":"Artecch Consulting","url":"https:\/\/artech-consulting.de\/","logo":{"@type":"ImageObject","inLanguage":"en-US","@id":"https:\/\/artech-consulting.de\/#\/schema\/logo\/image\/","url":"https:\/\/artech-consulting.de\/wp-content\/uploads\/2015\/06\/cropped-ARTech_Logo_rgb_600frei.png","contentUrl":"https:\/\/artech-consulting.de\/wp-content\/uploads\/2015\/06\/cropped-ARTech_Logo_rgb_600frei.png","width":6805,"height":1554,"caption":"Artecch Consulting"},"image":{"@id":"https:\/\/artech-consulting.de\/#\/schema\/logo\/image\/"},"sameAs":["https:\/\/www.facebook.com\/ARTECH-Consulting-GmbH-367676580239744\/","https:\/\/www.linkedin.com\/company\/artech-consulting-gmbh?report_success=8jyhy2niUpAFvknlZbso8OXCShshmpUnzp3NjIJ2m7yhSVK6-d3cj9EZShsc4o_DdpkqGOtZmrfmVAwicnuvayqF"]}]}},"_links":{"self":[{"href":"https:\/\/artech-consulting.de\/en\/wp-json\/wp\/v2\/pages\/2635"}],"collection":[{"href":"https:\/\/artech-consulting.de\/en\/wp-json\/wp\/v2\/pages"}],"about":[{"href":"https:\/\/artech-consulting.de\/en\/wp-json\/wp\/v2\/types\/page"}],"author":[{"embeddable":true,"href":"https:\/\/artech-consulting.de\/en\/wp-json\/wp\/v2\/users\/1"}],"replies":[{"embeddable":true,"href":"https:\/\/artech-consulting.de\/en\/wp-json\/wp\/v2\/comments?post=2635"}],"version-history":[{"count":39,"href":"https:\/\/artech-consulting.de\/en\/wp-json\/wp\/v2\/pages\/2635\/revisions"}],"predecessor-version":[{"id":6736,"href":"https:\/\/artech-consulting.de\/en\/wp-json\/wp\/v2\/pages\/2635\/revisions\/6736"}],"up":[{"embeddable":true,"href":"https:\/\/artech-consulting.de\/en\/wp-json\/wp\/v2\/pages\/193"}],"wp:attachment":[{"href":"https:\/\/artech-consulting.de\/en\/wp-json\/wp\/v2\/media?parent=2635"}],"curies":[{"name":"wp","href":"https:\/\/api.w.org\/{rel}","templated":true}]}}