{"id":2725,"date":"2017-03-29T09:01:09","date_gmt":"2017-03-29T07:01:09","guid":{"rendered":"https:\/\/artech-consulting.de\/?page_id=2725"},"modified":"2024-01-29T13:43:50","modified_gmt":"2024-01-29T12:43:50","slug":"autobauer-auf-der-it-messe","status":"publish","type":"page","link":"https:\/\/artech-consulting.de\/en\/aktuelles\/wussten-sie-schon-2\/autobauer-auf-der-it-messe\/","title":{"rendered":"Autobauer auf der IT-Messe"},"content":{"rendered":"<p><strong>CES 2024 \u2013 Lichtprojektor gewinnt CES Innovation Award 2024<br \/>\n<\/strong><\/p>\n<p>Die International Consumer Electronics Show (CES) findet jedes Jahr Anfang Januar in Las Vegas statt und geh\u00f6rt zu der weltweit gr\u00f6\u00dften Elektronikmesse. Einlass zur CES erhalten nur geladene G\u00e4ste wie Branchen-Fachleute, Journalisten und Sparten-Insider.<\/p>\n<p>Die Messe bietet Einblicke in die Neuheiten mit Zukunftspotenzial und ist auch f\u00fcr viele Autobauer zum Pflichttermin geworden. So tummeln sich neben IT-Riesen wie Sony oder Samsung inzwischen vermehrt gro\u00dfe Automobilkonzerne wie Mercedes und BMW w\u00e4hrend der vier Tage in der W\u00fcste von Nevada und pr\u00e4sentieren ihre neuesten Technologien. Ob schwebende Boxen, Hightech-TV oder selbstfahrende Autos \u2013 auf der CES findet das Technikherz alles was es begehrt.<\/p>\n<p>Auf der Agenda f\u00fcr 2024 stehen vor allem K\u00fcnstliche Intelligenz, vernetztes Fahren und Chips ganz oben auf der Liste. Als erste gro\u00dfe Technikmesse im neuen Jahr gilt die CES als erster Indikator daf\u00fcr, wohin sich die IT-Welt im Laufe des Jahres entwickeln k\u00f6nnte.<\/p>\n<p>W\u00e4hrend die deutschen Autohersteller mit angezogener Handbremse auf der CES in Las Vegas unterwegs waren, gewinnt der Lichtprojektor der ISELED-Allianz den CES Innovation Award 2024 in der Kategorie \u201eIn-Vehicle Entertainment\u201c f\u00fcr sein dynamisches Projektionssystem f\u00fcr Armaturenbretter.<\/p>","protected":false},"excerpt":{"rendered":"<p>CES 2024 \u2013 Lichtprojektor gewinnt CES Innovation Award 2024 Die International Consumer Electronics Show (CES) findet jedes Jahr Anfang Januar in Las Vegas statt und geh\u00f6rt zu der weltweit gr\u00f6\u00dften Elektronikmesse. Einlass zur CES erhalten nur geladene G\u00e4ste wie Branchen-Fachleute, <a href=\"https:\/\/artech-consulting.de\/en\/aktuelles\/wussten-sie-schon-2\/autobauer-auf-der-it-messe\/\" class=\"read-more\">Read More<\/a><\/p>\n","protected":false},"author":1,"featured_media":0,"parent":4507,"menu_order":0,"comment_status":"closed","ping_status":"closed","template":"","meta":{"footnotes":""},"yoast_head":"<!-- This site is optimized with the Yoast SEO plugin v23.5 - https:\/\/yoast.com\/wordpress\/plugins\/seo\/ -->\n<title>Autobauer auf der IT-Messe -<\/title>\n<meta name=\"description\" content=\"Die CES 2017 bietet Einblicke in die Neuheiten mit Zukunftspotenzial und ist vor allem auch f\u00fcr viele Autobauer zum Pflichttermin geworden.\" \/>\n<meta name=\"robots\" content=\"index, follow, max-snippet:-1, max-image-preview:large, max-video-preview:-1\" \/>\n<link rel=\"canonical\" href=\"https:\/\/artech-consulting.de\/aktuelles\/wussten-sie-schon-2\/autobauer-auf-der-it-messe\/\" \/>\n<meta property=\"og:locale\" content=\"en_US\" \/>\n<meta property=\"og:type\" content=\"article\" \/>\n<meta property=\"og:title\" content=\"Autobauer auf der IT-Messe -\" \/>\n<meta property=\"og:description\" content=\"Die CES 2017 bietet Einblicke in die Neuheiten mit Zukunftspotenzial und ist vor allem auch f\u00fcr viele Autobauer zum Pflichttermin geworden.\" \/>\n<meta property=\"og:url\" content=\"https:\/\/artech-consulting.de\/aktuelles\/wussten-sie-schon-2\/autobauer-auf-der-it-messe\/\" \/>\n<meta property=\"article:publisher\" content=\"https:\/\/www.facebook.com\/ARTECH-Consulting-GmbH-367676580239744\/\" \/>\n<meta property=\"article:modified_time\" content=\"2024-01-29T12:43:50+00:00\" \/>\n<meta name=\"twitter:card\" content=\"summary_large_image\" \/>\n<meta name=\"twitter:label1\" content=\"Est. reading time\" \/>\n\t<meta name=\"twitter:data1\" content=\"3 minutes\" \/>\n<script type=\"application\/ld+json\" class=\"yoast-schema-graph\">{\"@context\":\"https:\/\/schema.org\",\"@graph\":[{\"@type\":\"WebPage\",\"@id\":\"https:\/\/artech-consulting.de\/aktuelles\/wussten-sie-schon-2\/autobauer-auf-der-it-messe\/\",\"url\":\"https:\/\/artech-consulting.de\/aktuelles\/wussten-sie-schon-2\/autobauer-auf-der-it-messe\/\",\"name\":\"Autobauer auf der IT-Messe -\",\"isPartOf\":{\"@id\":\"https:\/\/artech-consulting.de\/#website\"},\"datePublished\":\"2017-03-29T07:01:09+00:00\",\"dateModified\":\"2024-01-29T12:43:50+00:00\",\"description\":\"Die CES 2017 bietet Einblicke in die Neuheiten mit Zukunftspotenzial und ist vor allem auch f\u00fcr viele Autobauer zum Pflichttermin geworden.\",\"breadcrumb\":{\"@id\":\"https:\/\/artech-consulting.de\/aktuelles\/wussten-sie-schon-2\/autobauer-auf-der-it-messe\/#breadcrumb\"},\"inLanguage\":\"en-US\",\"potentialAction\":[{\"@type\":\"ReadAction\",\"target\":[\"https:\/\/artech-consulting.de\/aktuelles\/wussten-sie-schon-2\/autobauer-auf-der-it-messe\/\"]}]},{\"@type\":\"BreadcrumbList\",\"@id\":\"https:\/\/artech-consulting.de\/aktuelles\/wussten-sie-schon-2\/autobauer-auf-der-it-messe\/#breadcrumb\",\"itemListElement\":[{\"@type\":\"ListItem\",\"position\":1,\"name\":\"Home\",\"item\":\"https:\/\/artech-consulting.de\/\"},{\"@type\":\"ListItem\",\"position\":2,\"name\":\"Aktuelles\",\"item\":\"https:\/\/artech-consulting.de\/aktuelles\/\"},{\"@type\":\"ListItem\",\"position\":3,\"name\":\"Wissen &#038; Impulse\",\"item\":\"https:\/\/artech-consulting.de\/aktuelles\/wussten-sie-schon-2\/\"},{\"@type\":\"ListItem\",\"position\":4,\"name\":\"Autobauer auf der IT-Messe\"}]},{\"@type\":\"WebSite\",\"@id\":\"https:\/\/artech-consulting.de\/#website\",\"url\":\"https:\/\/artech-consulting.de\/\",\"name\":\"\",\"description\":\"\",\"publisher\":{\"@id\":\"https:\/\/artech-consulting.de\/#organization\"},\"potentialAction\":[{\"@type\":\"SearchAction\",\"target\":{\"@type\":\"EntryPoint\",\"urlTemplate\":\"https:\/\/artech-consulting.de\/?s={search_term_string}\"},\"query-input\":{\"@type\":\"PropertyValueSpecification\",\"valueRequired\":true,\"valueName\":\"search_term_string\"}}],\"inLanguage\":\"en-US\"},{\"@type\":\"Organization\",\"@id\":\"https:\/\/artech-consulting.de\/#organization\",\"name\":\"Artecch Consulting\",\"url\":\"https:\/\/artech-consulting.de\/\",\"logo\":{\"@type\":\"ImageObject\",\"inLanguage\":\"en-US\",\"@id\":\"https:\/\/artech-consulting.de\/#\/schema\/logo\/image\/\",\"url\":\"https:\/\/artech-consulting.de\/wp-content\/uploads\/2015\/06\/cropped-ARTech_Logo_rgb_600frei.png\",\"contentUrl\":\"https:\/\/artech-consulting.de\/wp-content\/uploads\/2015\/06\/cropped-ARTech_Logo_rgb_600frei.png\",\"width\":6805,\"height\":1554,\"caption\":\"Artecch Consulting\"},\"image\":{\"@id\":\"https:\/\/artech-consulting.de\/#\/schema\/logo\/image\/\"},\"sameAs\":[\"https:\/\/www.facebook.com\/ARTECH-Consulting-GmbH-367676580239744\/\",\"https:\/\/www.linkedin.com\/company\/artech-consulting-gmbh?report_success=8jyhy2niUpAFvknlZbso8OXCShshmpUnzp3NjIJ2m7yhSVK6-d3cj9EZShsc4o_DdpkqGOtZmrfmVAwicnuvayqF\"]}]}<\/script>\n<!-- \/ Yoast SEO plugin. -->","yoast_head_json":{"title":"Autobauer auf der IT-Messe -","description":"Die CES 2017 bietet Einblicke in die Neuheiten mit Zukunftspotenzial und ist vor allem auch f\u00fcr viele Autobauer zum Pflichttermin geworden.","robots":{"index":"index","follow":"follow","max-snippet":"max-snippet:-1","max-image-preview":"max-image-preview:large","max-video-preview":"max-video-preview:-1"},"canonical":"https:\/\/artech-consulting.de\/aktuelles\/wussten-sie-schon-2\/autobauer-auf-der-it-messe\/","og_locale":"en_US","og_type":"article","og_title":"Autobauer auf der IT-Messe -","og_description":"Die CES 2017 bietet Einblicke in die Neuheiten mit Zukunftspotenzial und ist vor allem auch f\u00fcr viele Autobauer zum Pflichttermin geworden.","og_url":"https:\/\/artech-consulting.de\/aktuelles\/wussten-sie-schon-2\/autobauer-auf-der-it-messe\/","article_publisher":"https:\/\/www.facebook.com\/ARTECH-Consulting-GmbH-367676580239744\/","article_modified_time":"2024-01-29T12:43:50+00:00","twitter_card":"summary_large_image","twitter_misc":{"Est. reading time":"3 minutes"},"schema":{"@context":"https:\/\/schema.org","@graph":[{"@type":"WebPage","@id":"https:\/\/artech-consulting.de\/aktuelles\/wussten-sie-schon-2\/autobauer-auf-der-it-messe\/","url":"https:\/\/artech-consulting.de\/aktuelles\/wussten-sie-schon-2\/autobauer-auf-der-it-messe\/","name":"Autobauer auf der IT-Messe -","isPartOf":{"@id":"https:\/\/artech-consulting.de\/#website"},"datePublished":"2017-03-29T07:01:09+00:00","dateModified":"2024-01-29T12:43:50+00:00","description":"Die CES 2017 bietet Einblicke in die Neuheiten mit Zukunftspotenzial und ist vor allem auch f\u00fcr viele Autobauer zum Pflichttermin geworden.","breadcrumb":{"@id":"https:\/\/artech-consulting.de\/aktuelles\/wussten-sie-schon-2\/autobauer-auf-der-it-messe\/#breadcrumb"},"inLanguage":"en-US","potentialAction":[{"@type":"ReadAction","target":["https:\/\/artech-consulting.de\/aktuelles\/wussten-sie-schon-2\/autobauer-auf-der-it-messe\/"]}]},{"@type":"BreadcrumbList","@id":"https:\/\/artech-consulting.de\/aktuelles\/wussten-sie-schon-2\/autobauer-auf-der-it-messe\/#breadcrumb","itemListElement":[{"@type":"ListItem","position":1,"name":"Home","item":"https:\/\/artech-consulting.de\/"},{"@type":"ListItem","position":2,"name":"Aktuelles","item":"https:\/\/artech-consulting.de\/aktuelles\/"},{"@type":"ListItem","position":3,"name":"Wissen &#038; Impulse","item":"https:\/\/artech-consulting.de\/aktuelles\/wussten-sie-schon-2\/"},{"@type":"ListItem","position":4,"name":"Autobauer auf der IT-Messe"}]},{"@type":"WebSite","@id":"https:\/\/artech-consulting.de\/#website","url":"https:\/\/artech-consulting.de\/","name":"","description":"","publisher":{"@id":"https:\/\/artech-consulting.de\/#organization"},"potentialAction":[{"@type":"SearchAction","target":{"@type":"EntryPoint","urlTemplate":"https:\/\/artech-consulting.de\/?s={search_term_string}"},"query-input":{"@type":"PropertyValueSpecification","valueRequired":true,"valueName":"search_term_string"}}],"inLanguage":"en-US"},{"@type":"Organization","@id":"https:\/\/artech-consulting.de\/#organization","name":"Artecch Consulting","url":"https:\/\/artech-consulting.de\/","logo":{"@type":"ImageObject","inLanguage":"en-US","@id":"https:\/\/artech-consulting.de\/#\/schema\/logo\/image\/","url":"https:\/\/artech-consulting.de\/wp-content\/uploads\/2015\/06\/cropped-ARTech_Logo_rgb_600frei.png","contentUrl":"https:\/\/artech-consulting.de\/wp-content\/uploads\/2015\/06\/cropped-ARTech_Logo_rgb_600frei.png","width":6805,"height":1554,"caption":"Artecch Consulting"},"image":{"@id":"https:\/\/artech-consulting.de\/#\/schema\/logo\/image\/"},"sameAs":["https:\/\/www.facebook.com\/ARTECH-Consulting-GmbH-367676580239744\/","https:\/\/www.linkedin.com\/company\/artech-consulting-gmbh?report_success=8jyhy2niUpAFvknlZbso8OXCShshmpUnzp3NjIJ2m7yhSVK6-d3cj9EZShsc4o_DdpkqGOtZmrfmVAwicnuvayqF"]}]}},"_links":{"self":[{"href":"https:\/\/artech-consulting.de\/en\/wp-json\/wp\/v2\/pages\/2725"}],"collection":[{"href":"https:\/\/artech-consulting.de\/en\/wp-json\/wp\/v2\/pages"}],"about":[{"href":"https:\/\/artech-consulting.de\/en\/wp-json\/wp\/v2\/types\/page"}],"author":[{"embeddable":true,"href":"https:\/\/artech-consulting.de\/en\/wp-json\/wp\/v2\/users\/1"}],"replies":[{"embeddable":true,"href":"https:\/\/artech-consulting.de\/en\/wp-json\/wp\/v2\/comments?post=2725"}],"version-history":[{"count":4,"href":"https:\/\/artech-consulting.de\/en\/wp-json\/wp\/v2\/pages\/2725\/revisions"}],"predecessor-version":[{"id":6438,"href":"https:\/\/artech-consulting.de\/en\/wp-json\/wp\/v2\/pages\/2725\/revisions\/6438"}],"up":[{"embeddable":true,"href":"https:\/\/artech-consulting.de\/en\/wp-json\/wp\/v2\/pages\/4507"}],"wp:attachment":[{"href":"https:\/\/artech-consulting.de\/en\/wp-json\/wp\/v2\/media?parent=2725"}],"curies":[{"name":"wp","href":"https:\/\/api.w.org\/{rel}","templated":true}]}}