{"id":2821,"date":"2017-04-13T12:55:39","date_gmt":"2017-04-13T10:55:39","guid":{"rendered":"https:\/\/artech-consulting.de\/?page_id=2821"},"modified":"2018-11-26T12:44:20","modified_gmt":"2018-11-26T11:44:20","slug":"digitaler-zwilling","status":"publish","type":"page","link":"https:\/\/artech-consulting.de\/en\/aktuelles\/wussten-sie-schon-2\/digitaler-zwilling\/","title":{"rendered":"Digitaler Zwilling"},"content":{"rendered":"<p>Das Ph\u00e4nomen &#8220;Digitaler Zwilling&#8221;<br \/>\n&nbsp;<br \/>\nIn Zeiten zunehmender Vernetzung und digitaler Innovationen kommen auch Unternehmen nicht um weniger Ressourcenverbrauch, schnellere Produktionszyklen und individualisierten Produkten umher. Fehlerfreie Produktion oder kurze Umr\u00fcstzeiten k\u00f6nnen heutzutage mit dem digitalen Zwilling realisiert werden. Das virtuelle Abbild einer Maschine gibt detaillierte R\u00fcckschl\u00fcsse \u00fcber Geometrie, Aufbau oder auch Verhalten wieder und erm\u00f6glicht auf diese Weise Unternehmen ihr \u201aechtes Produkt\u2018, das zu fast 100 % schon in der Entwurfsphase virtuell gepr\u00fcft werden kann, dementsprechend in der Produktion anzupassen sowie zu optimieren. Dabei soll der digitale Zwilling jede Maschine ab der ersten Idee begleiten und klassisch statische Linienkonzepte erg\u00e4nzen.<br \/>\n&nbsp;<br \/>\nIn diesem Prozess spielt bei Firmen vor allem das Engineering eine wichtige Rolle. Insbesondere Unternehmen die bei ihrer Produktion auf PLM-Systeme wie beispielsweise Siemens NX oder Teamcenter angewiesen sind, k\u00f6nnen vom digitalen Zwilling profitieren. Dank solcher Programme ist es m\u00f6glich, kurzfristige \u00c4nderungen an Konstruktionen w\u00e4hrend der Entwicklungsphase durchzuf\u00fchren und neue Logistiksysteme virtuell darzustellen. Mit Hilfe des digitalen Zwillings k\u00f6nnen Ideen noch vor Startschuss gepr\u00fcft sowie weiterentwickelt werden und in der Produktionsphase mit relevanten Daten optimiert werden. So l\u00e4sst sich ein kompletter Produktlebenszyklus simulieren, noch bevor das \u201aechte Produkt\u2018 existiert. Auch bei Eingriffen und \u00c4nderung im sp\u00e4teren Verlauf kann identisch vorgegangen werden. F\u00fcr Unternehmen bedeutet diese Vorgehensweise weniger Zeitaufwand sowie bessere Dokumentation der Abl\u00e4ufe durch mehr Effizienz und Flexibilit\u00e4t. Der digitale Zwilling erm\u00f6glicht der Industrie ein durchgehendes Datenmodell von Anlageengineering bis hin zum Betrieb zu konstruieren und hebt die Smart Factory auf ein neues Level.<\/p>","protected":false},"excerpt":{"rendered":"<p>Das Ph\u00e4nomen &#8220;Digitaler Zwilling&#8221; &nbsp; In Zeiten zunehmender Vernetzung und digitaler Innovationen kommen auch Unternehmen nicht um weniger Ressourcenverbrauch, schnellere Produktionszyklen und individualisierten Produkten umher. Fehlerfreie Produktion oder kurze Umr\u00fcstzeiten k\u00f6nnen heutzutage mit dem digitalen Zwilling realisiert werden. Das virtuelle <a href=\"https:\/\/artech-consulting.de\/en\/aktuelles\/wussten-sie-schon-2\/digitaler-zwilling\/\" class=\"read-more\">Read More<\/a><\/p>\n","protected":false},"author":1,"featured_media":0,"parent":4507,"menu_order":0,"comment_status":"closed","ping_status":"closed","template":"","meta":{"footnotes":""},"yoast_head":"<!-- This site is optimized with the Yoast SEO plugin v23.5 - https:\/\/yoast.com\/wordpress\/plugins\/seo\/ -->\n<title>Digitaler Zwilling -<\/title>\n<meta name=\"description\" content=\"Artech Consulting zeigt auf, warum ein digitaler Zwilling zum Meilenstein im Maschinenbau werden kann.\" \/>\n<meta name=\"robots\" content=\"index, follow, max-snippet:-1, max-image-preview:large, max-video-preview:-1\" \/>\n<link rel=\"canonical\" href=\"https:\/\/artech-consulting.de\/aktuelles\/wussten-sie-schon-2\/digitaler-zwilling\/\" \/>\n<meta property=\"og:locale\" content=\"en_US\" \/>\n<meta property=\"og:type\" content=\"article\" \/>\n<meta property=\"og:title\" content=\"Das Ph\u00e4nomen &quot;Digitaler Zwilling&quot;\" \/>\n<meta property=\"og:description\" content=\"Die fortschreitende Digitalisierung und Vernetzung in der produzierenden Industrie stellt viele Unternehmen vor neue Probleme. Zukunftsf\u00e4hige und zugleich praktikable L\u00f6sungen werden h\u00e4nderingend gesucht. Weniger Ressourceneinsatz, k\u00fcrzere Produktionszyklen und h\u00f6here Output-Raten k\u00f6nnen zu optimierende Produktionskennzahlen darstellen. Artech Consulting zeigt auf, warum der digitale Zwilling zum Meilenstein im Maschinenbau werden kann.\" \/>\n<meta property=\"og:url\" content=\"https:\/\/artech-consulting.de\/aktuelles\/wussten-sie-schon-2\/digitaler-zwilling\/\" \/>\n<meta property=\"article:publisher\" content=\"https:\/\/www.facebook.com\/ARTECH-Consulting-GmbH-367676580239744\/\" \/>\n<meta property=\"article:modified_time\" content=\"2018-11-26T11:44:20+00:00\" \/>\n<meta name=\"twitter:card\" content=\"summary_large_image\" \/>\n<meta name=\"twitter:label1\" content=\"Est. reading time\" \/>\n\t<meta name=\"twitter:data1\" content=\"3 minutes\" \/>\n<script type=\"application\/ld+json\" class=\"yoast-schema-graph\">{\"@context\":\"https:\/\/schema.org\",\"@graph\":[{\"@type\":\"WebPage\",\"@id\":\"https:\/\/artech-consulting.de\/aktuelles\/wussten-sie-schon-2\/digitaler-zwilling\/\",\"url\":\"https:\/\/artech-consulting.de\/aktuelles\/wussten-sie-schon-2\/digitaler-zwilling\/\",\"name\":\"Digitaler Zwilling -\",\"isPartOf\":{\"@id\":\"https:\/\/artech-consulting.de\/#website\"},\"datePublished\":\"2017-04-13T10:55:39+00:00\",\"dateModified\":\"2018-11-26T11:44:20+00:00\",\"description\":\"{:de}Artech Consulting zeigt auf, warum ein digitaler Zwilling zum Meilenstein im Maschinenbau werden kann.{:}{:en}Artech Consulting zeigt auf, warum ein digitaler Zwilling zum Meilenstein im Maschinenbau werden kann.{:}\",\"breadcrumb\":{\"@id\":\"https:\/\/artech-consulting.de\/aktuelles\/wussten-sie-schon-2\/digitaler-zwilling\/#breadcrumb\"},\"inLanguage\":\"en-US\",\"potentialAction\":[{\"@type\":\"ReadAction\",\"target\":[\"https:\/\/artech-consulting.de\/aktuelles\/wussten-sie-schon-2\/digitaler-zwilling\/\"]}]},{\"@type\":\"BreadcrumbList\",\"@id\":\"https:\/\/artech-consulting.de\/aktuelles\/wussten-sie-schon-2\/digitaler-zwilling\/#breadcrumb\",\"itemListElement\":[{\"@type\":\"ListItem\",\"position\":1,\"name\":\"Home\",\"item\":\"https:\/\/artech-consulting.de\/\"},{\"@type\":\"ListItem\",\"position\":2,\"name\":\"Aktuelles\",\"item\":\"https:\/\/artech-consulting.de\/aktuelles\/\"},{\"@type\":\"ListItem\",\"position\":3,\"name\":\"Wissen &#038; Impulse\",\"item\":\"https:\/\/artech-consulting.de\/aktuelles\/wussten-sie-schon-2\/\"},{\"@type\":\"ListItem\",\"position\":4,\"name\":\"Digitaler Zwilling\"}]},{\"@type\":\"WebSite\",\"@id\":\"https:\/\/artech-consulting.de\/#website\",\"url\":\"https:\/\/artech-consulting.de\/\",\"name\":\"\",\"description\":\"\",\"publisher\":{\"@id\":\"https:\/\/artech-consulting.de\/#organization\"},\"potentialAction\":[{\"@type\":\"SearchAction\",\"target\":{\"@type\":\"EntryPoint\",\"urlTemplate\":\"https:\/\/artech-consulting.de\/?s={search_term_string}\"},\"query-input\":{\"@type\":\"PropertyValueSpecification\",\"valueRequired\":true,\"valueName\":\"search_term_string\"}}],\"inLanguage\":\"en-US\"},{\"@type\":\"Organization\",\"@id\":\"https:\/\/artech-consulting.de\/#organization\",\"name\":\"Artecch Consulting\",\"url\":\"https:\/\/artech-consulting.de\/\",\"logo\":{\"@type\":\"ImageObject\",\"inLanguage\":\"en-US\",\"@id\":\"https:\/\/artech-consulting.de\/#\/schema\/logo\/image\/\",\"url\":\"https:\/\/artech-consulting.de\/wp-content\/uploads\/2015\/06\/cropped-ARTech_Logo_rgb_600frei.png\",\"contentUrl\":\"https:\/\/artech-consulting.de\/wp-content\/uploads\/2015\/06\/cropped-ARTech_Logo_rgb_600frei.png\",\"width\":6805,\"height\":1554,\"caption\":\"Artecch Consulting\"},\"image\":{\"@id\":\"https:\/\/artech-consulting.de\/#\/schema\/logo\/image\/\"},\"sameAs\":[\"https:\/\/www.facebook.com\/ARTECH-Consulting-GmbH-367676580239744\/\",\"https:\/\/www.linkedin.com\/company\/artech-consulting-gmbh?report_success=8jyhy2niUpAFvknlZbso8OXCShshmpUnzp3NjIJ2m7yhSVK6-d3cj9EZShsc4o_DdpkqGOtZmrfmVAwicnuvayqF\"]}]}<\/script>\n<!-- \/ Yoast SEO plugin. -->","yoast_head_json":{"title":"Digitaler Zwilling -","description":"Artech Consulting zeigt auf, warum ein digitaler Zwilling zum Meilenstein im Maschinenbau werden kann.","robots":{"index":"index","follow":"follow","max-snippet":"max-snippet:-1","max-image-preview":"max-image-preview:large","max-video-preview":"max-video-preview:-1"},"canonical":"https:\/\/artech-consulting.de\/aktuelles\/wussten-sie-schon-2\/digitaler-zwilling\/","og_locale":"en_US","og_type":"article","og_title":"Das Ph\u00e4nomen \"Digitaler Zwilling\"","og_description":"Die fortschreitende Digitalisierung und Vernetzung in der produzierenden Industrie stellt viele Unternehmen vor neue Probleme. Zukunftsf\u00e4hige und zugleich praktikable L\u00f6sungen werden h\u00e4nderingend gesucht. Weniger Ressourceneinsatz, k\u00fcrzere Produktionszyklen und h\u00f6here Output-Raten k\u00f6nnen zu optimierende Produktionskennzahlen darstellen. Artech Consulting zeigt auf, warum der digitale Zwilling zum Meilenstein im Maschinenbau werden kann.","og_url":"https:\/\/artech-consulting.de\/aktuelles\/wussten-sie-schon-2\/digitaler-zwilling\/","article_publisher":"https:\/\/www.facebook.com\/ARTECH-Consulting-GmbH-367676580239744\/","article_modified_time":"2018-11-26T11:44:20+00:00","twitter_card":"summary_large_image","twitter_misc":{"Est. reading time":"3 minutes"},"schema":{"@context":"https:\/\/schema.org","@graph":[{"@type":"WebPage","@id":"https:\/\/artech-consulting.de\/aktuelles\/wussten-sie-schon-2\/digitaler-zwilling\/","url":"https:\/\/artech-consulting.de\/aktuelles\/wussten-sie-schon-2\/digitaler-zwilling\/","name":"Digitaler Zwilling -","isPartOf":{"@id":"https:\/\/artech-consulting.de\/#website"},"datePublished":"2017-04-13T10:55:39+00:00","dateModified":"2018-11-26T11:44:20+00:00","description":"{:de}Artech Consulting zeigt auf, warum ein digitaler Zwilling zum Meilenstein im Maschinenbau werden kann.{:}{:en}Artech Consulting zeigt auf, warum ein digitaler Zwilling zum Meilenstein im Maschinenbau werden kann.{:}","breadcrumb":{"@id":"https:\/\/artech-consulting.de\/aktuelles\/wussten-sie-schon-2\/digitaler-zwilling\/#breadcrumb"},"inLanguage":"en-US","potentialAction":[{"@type":"ReadAction","target":["https:\/\/artech-consulting.de\/aktuelles\/wussten-sie-schon-2\/digitaler-zwilling\/"]}]},{"@type":"BreadcrumbList","@id":"https:\/\/artech-consulting.de\/aktuelles\/wussten-sie-schon-2\/digitaler-zwilling\/#breadcrumb","itemListElement":[{"@type":"ListItem","position":1,"name":"Home","item":"https:\/\/artech-consulting.de\/"},{"@type":"ListItem","position":2,"name":"Aktuelles","item":"https:\/\/artech-consulting.de\/aktuelles\/"},{"@type":"ListItem","position":3,"name":"Wissen &#038; Impulse","item":"https:\/\/artech-consulting.de\/aktuelles\/wussten-sie-schon-2\/"},{"@type":"ListItem","position":4,"name":"Digitaler Zwilling"}]},{"@type":"WebSite","@id":"https:\/\/artech-consulting.de\/#website","url":"https:\/\/artech-consulting.de\/","name":"","description":"","publisher":{"@id":"https:\/\/artech-consulting.de\/#organization"},"potentialAction":[{"@type":"SearchAction","target":{"@type":"EntryPoint","urlTemplate":"https:\/\/artech-consulting.de\/?s={search_term_string}"},"query-input":{"@type":"PropertyValueSpecification","valueRequired":true,"valueName":"search_term_string"}}],"inLanguage":"en-US"},{"@type":"Organization","@id":"https:\/\/artech-consulting.de\/#organization","name":"Artecch Consulting","url":"https:\/\/artech-consulting.de\/","logo":{"@type":"ImageObject","inLanguage":"en-US","@id":"https:\/\/artech-consulting.de\/#\/schema\/logo\/image\/","url":"https:\/\/artech-consulting.de\/wp-content\/uploads\/2015\/06\/cropped-ARTech_Logo_rgb_600frei.png","contentUrl":"https:\/\/artech-consulting.de\/wp-content\/uploads\/2015\/06\/cropped-ARTech_Logo_rgb_600frei.png","width":6805,"height":1554,"caption":"Artecch Consulting"},"image":{"@id":"https:\/\/artech-consulting.de\/#\/schema\/logo\/image\/"},"sameAs":["https:\/\/www.facebook.com\/ARTECH-Consulting-GmbH-367676580239744\/","https:\/\/www.linkedin.com\/company\/artech-consulting-gmbh?report_success=8jyhy2niUpAFvknlZbso8OXCShshmpUnzp3NjIJ2m7yhSVK6-d3cj9EZShsc4o_DdpkqGOtZmrfmVAwicnuvayqF"]}]}},"_links":{"self":[{"href":"https:\/\/artech-consulting.de\/en\/wp-json\/wp\/v2\/pages\/2821"}],"collection":[{"href":"https:\/\/artech-consulting.de\/en\/wp-json\/wp\/v2\/pages"}],"about":[{"href":"https:\/\/artech-consulting.de\/en\/wp-json\/wp\/v2\/types\/page"}],"author":[{"embeddable":true,"href":"https:\/\/artech-consulting.de\/en\/wp-json\/wp\/v2\/users\/1"}],"replies":[{"embeddable":true,"href":"https:\/\/artech-consulting.de\/en\/wp-json\/wp\/v2\/comments?post=2821"}],"version-history":[{"count":10,"href":"https:\/\/artech-consulting.de\/en\/wp-json\/wp\/v2\/pages\/2821\/revisions"}],"predecessor-version":[{"id":3200,"href":"https:\/\/artech-consulting.de\/en\/wp-json\/wp\/v2\/pages\/2821\/revisions\/3200"}],"up":[{"embeddable":true,"href":"https:\/\/artech-consulting.de\/en\/wp-json\/wp\/v2\/pages\/4507"}],"wp:attachment":[{"href":"https:\/\/artech-consulting.de\/en\/wp-json\/wp\/v2\/media?parent=2821"}],"curies":[{"name":"wp","href":"https:\/\/api.w.org\/{rel}","templated":true}]}}