{"id":2840,"date":"2017-05-22T09:27:36","date_gmt":"2017-05-22T07:27:36","guid":{"rendered":"https:\/\/artech-consulting.de\/?page_id=2840"},"modified":"2018-11-26T12:37:48","modified_gmt":"2018-11-26T11:37:48","slug":"schuelerbesuch","status":"publish","type":"page","link":"https:\/\/artech-consulting.de\/en\/aktuelles\/inside-artech\/schuelerbesuch\/","title":{"rendered":"Sch\u00fclerbesuch"},"content":{"rendered":"<p>Sch\u00fcler der 8. Klassen des Dreik\u00f6nigsgymnasiums waren vom 26. bis zum 28. April 2017 zu Besuch in den Firmenr\u00e4umlichkeiten von ARTECH Consulting. \u00dcber drei Tage verteilt kamen die Sch\u00fcler in kleinen Gruppen ins Unternehmen und durften den Angestellten bei Ihrer T\u00e4tigkeit \u00fcber die Schulter schauen.<\/p>\n<p>Den jungen Besuchern wurde ein erster Einblick in die Arbeitswelt sowie in die Bereiche Konstruktion und Automotive verschafft. Im Laufe des Tages durfte auch jeder einzelne am Computer anhand einer Konstruktionssoftware selbst\u00e4ndig kleinere Modelle zeichnen sowie konstruieren und bekam ein erstes Gef\u00fchl f\u00fcr die Aufgabenbereiche in diesem Berufsfeld. Die jungen Gymnasiasten waren sehr interessiert und freuten sich auch mal au\u00dferhalb des Schulalltags etwas Praxisbezogenes zu lernen.<\/p>","protected":false},"excerpt":{"rendered":"<p>Sch\u00fcler der 8. Klassen des Dreik\u00f6nigsgymnasiums waren vom 26. bis zum 28. April 2017 zu Besuch in den Firmenr\u00e4umlichkeiten von ARTECH Consulting. \u00dcber drei Tage verteilt kamen die Sch\u00fcler in kleinen Gruppen ins Unternehmen und durften den Angestellten bei Ihrer <a href=\"https:\/\/artech-consulting.de\/en\/aktuelles\/inside-artech\/schuelerbesuch\/\" class=\"read-more\">Read More<\/a><\/p>\n","protected":false},"author":1,"featured_media":0,"parent":4397,"menu_order":0,"comment_status":"closed","ping_status":"closed","template":"","meta":{"footnotes":""},"yoast_head":"<!-- This site is optimized with the Yoast SEO plugin v23.5 - https:\/\/yoast.com\/wordpress\/plugins\/seo\/ -->\n<title>Sch\u00fclerbesuch -<\/title>\n<meta name=\"description\" content=\"Sch\u00fcler des Dreik\u00f6nigsgymnasiums waren \u00fcber drei Tage bei ARTECH Consulting zu Besuch und konnten sich einen ersten Einblick in die Arbeitswelt verschaffen.\" \/>\n<meta name=\"robots\" content=\"index, follow, max-snippet:-1, max-image-preview:large, max-video-preview:-1\" \/>\n<link rel=\"canonical\" href=\"https:\/\/artech-consulting.de\/aktuelles\/inside-artech\/schuelerbesuch\/\" \/>\n<meta property=\"og:locale\" content=\"en_US\" \/>\n<meta property=\"og:type\" content=\"article\" \/>\n<meta property=\"og:title\" content=\"Sch\u00fclerbesuch bei ARTECH Consulting\" \/>\n<meta property=\"og:description\" content=\"Sch\u00fcler des K\u00f6lner Dreik\u00f6nigsgymnasiums waren \u00fcber drei Tage in den Firmenr\u00e4umlichkeiten von ARTECH Consulting zu Besuch und konnten sich im Rahmen der Berufsorientierung f\u00fcr Sch\u00fclerinnen und Sch\u00fcler einen ersten Einblick in die Arbeitswelt verschaffen.\" \/>\n<meta property=\"og:url\" content=\"https:\/\/artech-consulting.de\/aktuelles\/inside-artech\/schuelerbesuch\/\" \/>\n<meta property=\"article:publisher\" content=\"https:\/\/www.facebook.com\/ARTECH-Consulting-GmbH-367676580239744\/\" \/>\n<meta property=\"article:modified_time\" content=\"2018-11-26T11:37:48+00:00\" \/>\n<meta property=\"og:image\" content=\"https:\/\/artech-consulting.de\/wp-content\/uploads\/2017\/05\/IMG-20170428-WA0009.jpg\" \/>\n<meta name=\"twitter:card\" content=\"summary_large_image\" \/>\n<meta name=\"twitter:label1\" content=\"Est. reading time\" \/>\n\t<meta name=\"twitter:data1\" content=\"2 minutes\" \/>\n<script type=\"application\/ld+json\" class=\"yoast-schema-graph\">{\"@context\":\"https:\/\/schema.org\",\"@graph\":[{\"@type\":\"WebPage\",\"@id\":\"https:\/\/artech-consulting.de\/aktuelles\/inside-artech\/schuelerbesuch\/\",\"url\":\"https:\/\/artech-consulting.de\/aktuelles\/inside-artech\/schuelerbesuch\/\",\"name\":\"Sch\u00fclerbesuch -\",\"isPartOf\":{\"@id\":\"https:\/\/artech-consulting.de\/#website\"},\"primaryImageOfPage\":{\"@id\":\"https:\/\/artech-consulting.de\/aktuelles\/inside-artech\/schuelerbesuch\/#primaryimage\"},\"image\":{\"@id\":\"https:\/\/artech-consulting.de\/aktuelles\/inside-artech\/schuelerbesuch\/#primaryimage\"},\"thumbnailUrl\":\"https:\/\/artech-consulting.de\/wp-content\/uploads\/2017\/05\/IMG-20170428-WA0009.jpg\",\"datePublished\":\"2017-05-22T07:27:36+00:00\",\"dateModified\":\"2018-11-26T11:37:48+00:00\",\"description\":\"{:de}Sch\u00fcler des Dreik\u00f6nigsgymnasiums waren \u00fcber drei Tage bei ARTECH Consulting zu Besuch und konnten sich einen ersten Einblick in die Arbeitswelt verschaffen.{:}{:en}Sch\u00fcler des Dreik\u00f6nigsgymnasiums waren \u00fcber drei Tage bei ARTECH Consulting zu Besuch und konnten sich einen ersten Einblick in die Arbeitswelt verschaffen.{:}\",\"breadcrumb\":{\"@id\":\"https:\/\/artech-consulting.de\/aktuelles\/inside-artech\/schuelerbesuch\/#breadcrumb\"},\"inLanguage\":\"en-US\",\"potentialAction\":[{\"@type\":\"ReadAction\",\"target\":[\"https:\/\/artech-consulting.de\/aktuelles\/inside-artech\/schuelerbesuch\/\"]}]},{\"@type\":\"ImageObject\",\"inLanguage\":\"en-US\",\"@id\":\"https:\/\/artech-consulting.de\/aktuelles\/inside-artech\/schuelerbesuch\/#primaryimage\",\"url\":\"https:\/\/artech-consulting.de\/wp-content\/uploads\/2017\/05\/IMG-20170428-WA0009.jpg\",\"contentUrl\":\"https:\/\/artech-consulting.de\/wp-content\/uploads\/2017\/05\/IMG-20170428-WA0009.jpg\"},{\"@type\":\"BreadcrumbList\",\"@id\":\"https:\/\/artech-consulting.de\/aktuelles\/inside-artech\/schuelerbesuch\/#breadcrumb\",\"itemListElement\":[{\"@type\":\"ListItem\",\"position\":1,\"name\":\"Home\",\"item\":\"https:\/\/artech-consulting.de\/\"},{\"@type\":\"ListItem\",\"position\":2,\"name\":\"Aktuelles\",\"item\":\"https:\/\/artech-consulting.de\/aktuelles\/\"},{\"@type\":\"ListItem\",\"position\":3,\"name\":\"Inside ARTECH\",\"item\":\"https:\/\/artech-consulting.de\/aktuelles\/inside-artech\/\"},{\"@type\":\"ListItem\",\"position\":4,\"name\":\"Sch\u00fclerbesuch\"}]},{\"@type\":\"WebSite\",\"@id\":\"https:\/\/artech-consulting.de\/#website\",\"url\":\"https:\/\/artech-consulting.de\/\",\"name\":\"\",\"description\":\"\",\"publisher\":{\"@id\":\"https:\/\/artech-consulting.de\/#organization\"},\"potentialAction\":[{\"@type\":\"SearchAction\",\"target\":{\"@type\":\"EntryPoint\",\"urlTemplate\":\"https:\/\/artech-consulting.de\/?s={search_term_string}\"},\"query-input\":{\"@type\":\"PropertyValueSpecification\",\"valueRequired\":true,\"valueName\":\"search_term_string\"}}],\"inLanguage\":\"en-US\"},{\"@type\":\"Organization\",\"@id\":\"https:\/\/artech-consulting.de\/#organization\",\"name\":\"Artecch Consulting\",\"url\":\"https:\/\/artech-consulting.de\/\",\"logo\":{\"@type\":\"ImageObject\",\"inLanguage\":\"en-US\",\"@id\":\"https:\/\/artech-consulting.de\/#\/schema\/logo\/image\/\",\"url\":\"https:\/\/artech-consulting.de\/wp-content\/uploads\/2015\/06\/cropped-ARTech_Logo_rgb_600frei.png\",\"contentUrl\":\"https:\/\/artech-consulting.de\/wp-content\/uploads\/2015\/06\/cropped-ARTech_Logo_rgb_600frei.png\",\"width\":6805,\"height\":1554,\"caption\":\"Artecch Consulting\"},\"image\":{\"@id\":\"https:\/\/artech-consulting.de\/#\/schema\/logo\/image\/\"},\"sameAs\":[\"https:\/\/www.facebook.com\/ARTECH-Consulting-GmbH-367676580239744\/\",\"https:\/\/www.linkedin.com\/company\/artech-consulting-gmbh?report_success=8jyhy2niUpAFvknlZbso8OXCShshmpUnzp3NjIJ2m7yhSVK6-d3cj9EZShsc4o_DdpkqGOtZmrfmVAwicnuvayqF\"]}]}<\/script>\n<!-- \/ Yoast SEO plugin. -->","yoast_head_json":{"title":"Sch\u00fclerbesuch -","description":"Sch\u00fcler des Dreik\u00f6nigsgymnasiums waren \u00fcber drei Tage bei ARTECH Consulting zu Besuch und konnten sich einen ersten Einblick in die Arbeitswelt verschaffen.","robots":{"index":"index","follow":"follow","max-snippet":"max-snippet:-1","max-image-preview":"max-image-preview:large","max-video-preview":"max-video-preview:-1"},"canonical":"https:\/\/artech-consulting.de\/aktuelles\/inside-artech\/schuelerbesuch\/","og_locale":"en_US","og_type":"article","og_title":"Sch\u00fclerbesuch bei ARTECH Consulting","og_description":"Sch\u00fcler des K\u00f6lner Dreik\u00f6nigsgymnasiums waren \u00fcber drei Tage in den Firmenr\u00e4umlichkeiten von ARTECH Consulting zu Besuch und konnten sich im Rahmen der Berufsorientierung f\u00fcr Sch\u00fclerinnen und Sch\u00fcler einen ersten Einblick in die Arbeitswelt verschaffen.","og_url":"https:\/\/artech-consulting.de\/aktuelles\/inside-artech\/schuelerbesuch\/","article_publisher":"https:\/\/www.facebook.com\/ARTECH-Consulting-GmbH-367676580239744\/","article_modified_time":"2018-11-26T11:37:48+00:00","og_image":[{"url":"https:\/\/artech-consulting.de\/wp-content\/uploads\/2017\/05\/IMG-20170428-WA0009.jpg"}],"twitter_card":"summary_large_image","twitter_misc":{"Est. reading time":"2 minutes"},"schema":{"@context":"https:\/\/schema.org","@graph":[{"@type":"WebPage","@id":"https:\/\/artech-consulting.de\/aktuelles\/inside-artech\/schuelerbesuch\/","url":"https:\/\/artech-consulting.de\/aktuelles\/inside-artech\/schuelerbesuch\/","name":"Sch\u00fclerbesuch -","isPartOf":{"@id":"https:\/\/artech-consulting.de\/#website"},"primaryImageOfPage":{"@id":"https:\/\/artech-consulting.de\/aktuelles\/inside-artech\/schuelerbesuch\/#primaryimage"},"image":{"@id":"https:\/\/artech-consulting.de\/aktuelles\/inside-artech\/schuelerbesuch\/#primaryimage"},"thumbnailUrl":"https:\/\/artech-consulting.de\/wp-content\/uploads\/2017\/05\/IMG-20170428-WA0009.jpg","datePublished":"2017-05-22T07:27:36+00:00","dateModified":"2018-11-26T11:37:48+00:00","description":"{:de}Sch\u00fcler des Dreik\u00f6nigsgymnasiums waren \u00fcber drei Tage bei ARTECH Consulting zu Besuch und konnten sich einen ersten Einblick in die Arbeitswelt verschaffen.{:}{:en}Sch\u00fcler des Dreik\u00f6nigsgymnasiums waren \u00fcber drei Tage bei ARTECH Consulting zu Besuch und konnten sich einen ersten Einblick in die Arbeitswelt verschaffen.{:}","breadcrumb":{"@id":"https:\/\/artech-consulting.de\/aktuelles\/inside-artech\/schuelerbesuch\/#breadcrumb"},"inLanguage":"en-US","potentialAction":[{"@type":"ReadAction","target":["https:\/\/artech-consulting.de\/aktuelles\/inside-artech\/schuelerbesuch\/"]}]},{"@type":"ImageObject","inLanguage":"en-US","@id":"https:\/\/artech-consulting.de\/aktuelles\/inside-artech\/schuelerbesuch\/#primaryimage","url":"https:\/\/artech-consulting.de\/wp-content\/uploads\/2017\/05\/IMG-20170428-WA0009.jpg","contentUrl":"https:\/\/artech-consulting.de\/wp-content\/uploads\/2017\/05\/IMG-20170428-WA0009.jpg"},{"@type":"BreadcrumbList","@id":"https:\/\/artech-consulting.de\/aktuelles\/inside-artech\/schuelerbesuch\/#breadcrumb","itemListElement":[{"@type":"ListItem","position":1,"name":"Home","item":"https:\/\/artech-consulting.de\/"},{"@type":"ListItem","position":2,"name":"Aktuelles","item":"https:\/\/artech-consulting.de\/aktuelles\/"},{"@type":"ListItem","position":3,"name":"Inside ARTECH","item":"https:\/\/artech-consulting.de\/aktuelles\/inside-artech\/"},{"@type":"ListItem","position":4,"name":"Sch\u00fclerbesuch"}]},{"@type":"WebSite","@id":"https:\/\/artech-consulting.de\/#website","url":"https:\/\/artech-consulting.de\/","name":"","description":"","publisher":{"@id":"https:\/\/artech-consulting.de\/#organization"},"potentialAction":[{"@type":"SearchAction","target":{"@type":"EntryPoint","urlTemplate":"https:\/\/artech-consulting.de\/?s={search_term_string}"},"query-input":{"@type":"PropertyValueSpecification","valueRequired":true,"valueName":"search_term_string"}}],"inLanguage":"en-US"},{"@type":"Organization","@id":"https:\/\/artech-consulting.de\/#organization","name":"Artecch Consulting","url":"https:\/\/artech-consulting.de\/","logo":{"@type":"ImageObject","inLanguage":"en-US","@id":"https:\/\/artech-consulting.de\/#\/schema\/logo\/image\/","url":"https:\/\/artech-consulting.de\/wp-content\/uploads\/2015\/06\/cropped-ARTech_Logo_rgb_600frei.png","contentUrl":"https:\/\/artech-consulting.de\/wp-content\/uploads\/2015\/06\/cropped-ARTech_Logo_rgb_600frei.png","width":6805,"height":1554,"caption":"Artecch Consulting"},"image":{"@id":"https:\/\/artech-consulting.de\/#\/schema\/logo\/image\/"},"sameAs":["https:\/\/www.facebook.com\/ARTECH-Consulting-GmbH-367676580239744\/","https:\/\/www.linkedin.com\/company\/artech-consulting-gmbh?report_success=8jyhy2niUpAFvknlZbso8OXCShshmpUnzp3NjIJ2m7yhSVK6-d3cj9EZShsc4o_DdpkqGOtZmrfmVAwicnuvayqF"]}]}},"_links":{"self":[{"href":"https:\/\/artech-consulting.de\/en\/wp-json\/wp\/v2\/pages\/2840"}],"collection":[{"href":"https:\/\/artech-consulting.de\/en\/wp-json\/wp\/v2\/pages"}],"about":[{"href":"https:\/\/artech-consulting.de\/en\/wp-json\/wp\/v2\/types\/page"}],"author":[{"embeddable":true,"href":"https:\/\/artech-consulting.de\/en\/wp-json\/wp\/v2\/users\/1"}],"replies":[{"embeddable":true,"href":"https:\/\/artech-consulting.de\/en\/wp-json\/wp\/v2\/comments?post=2840"}],"version-history":[{"count":34,"href":"https:\/\/artech-consulting.de\/en\/wp-json\/wp\/v2\/pages\/2840\/revisions"}],"predecessor-version":[{"id":4617,"href":"https:\/\/artech-consulting.de\/en\/wp-json\/wp\/v2\/pages\/2840\/revisions\/4617"}],"up":[{"embeddable":true,"href":"https:\/\/artech-consulting.de\/en\/wp-json\/wp\/v2\/pages\/4397"}],"wp:attachment":[{"href":"https:\/\/artech-consulting.de\/en\/wp-json\/wp\/v2\/media?parent=2840"}],"curies":[{"name":"wp","href":"https:\/\/api.w.org\/{rel}","templated":true}]}}