{"id":2916,"date":"2017-06-28T11:18:12","date_gmt":"2017-06-28T09:18:12","guid":{"rendered":"https:\/\/artech-consulting.de\/?page_id=2916"},"modified":"2025-12-18T12:56:48","modified_gmt":"2025-12-18T11:56:48","slug":"projekt-vorschule-fuer-heimkehrer-in-sri-lanka","status":"publish","type":"page","link":"https:\/\/artech-consulting.de\/en\/unternehmen\/soziale-projekte\/projekt-vorschule-fuer-heimkehrer-in-sri-lanka\/","title":{"rendered":"Project: \u2018Preschool for Returnees\u2019 in Sri Lanka"},"content":{"rendered":"<p><strong>Project: \u201cPreschool for Returnees\u201d in Sri Lanka<\/strong><\/p>\n<p>As a multicultural company with employees from more than ten countries, ARTECH Consulting is constantly confronted with the personal stories of its employees\u2019 countries of origin. Whether natural disasters such as tsunamis and earthquakes or civil wars \u2013 the list of tragic events is long. That is why it is a matter of course for ARTECH Consulting to engage in social causes and help people in need \u2013 regardless of their origin, religion or culture. It does not matter where or in what form the aid is required. Whether through donations directly on the ground in crisis regions or support for refugees seeking help in Germany \u2013 we employees, with our diverse migration backgrounds and life stories, are extremely grateful for a peaceful life in Germany and want to give something back while setting an example with a wide variety of social projects!<\/p>\n<p>This also includes support for the German Charity Association (GCA). The GCA wants to initiate a \u201cPreschool for Returnees\u201d project in Sri Lanka to provide education for the children of returnees who had fled the civil war. The plan is to build a small school with two rooms, including toilets and water and electricity supplies, to provide 40\u201350 children with a place to learn, complete with furniture and school equipment.<\/p>\n<p>The GCA e.V. and ARTECH Consulting GmbH are extremely grateful for any support provided.<\/p>","protected":false},"excerpt":{"rendered":"<p>Project: \u201cPreschool for Returnees\u201d in Sri Lanka As a multicultural company with employees from more than ten countries, ARTECH Consulting is constantly confronted with the personal stories of its employees\u2019 countries of origin. Whether natural disasters such as tsunamis and <a href=\"https:\/\/artech-consulting.de\/en\/unternehmen\/soziale-projekte\/projekt-vorschule-fuer-heimkehrer-in-sri-lanka\/\" class=\"read-more\">Read More<\/a><\/p>\n","protected":false},"author":1,"featured_media":0,"parent":193,"menu_order":0,"comment_status":"closed","ping_status":"closed","template":"","meta":{"footnotes":""},"yoast_head":"<!-- This site is optimized with the Yoast SEO plugin v23.5 - https:\/\/yoast.com\/wordpress\/plugins\/seo\/ -->\n<title>Project: \u2018Preschool for Returnees\u2019 in Sri Lanka -<\/title>\n<meta name=\"description\" content=\"Die GCA m\u00f6chte in Sri Lanka das Projekt \u201eVorschule f\u00fcr Heimkehrer\u201c realisieren, um gefl\u00fcchteten Heimkehrern eine Bildung f\u00fcr ihre Kinder zu erm\u00f6glichen.\" \/>\n<meta name=\"robots\" content=\"index, follow, max-snippet:-1, max-image-preview:large, max-video-preview:-1\" \/>\n<link rel=\"canonical\" href=\"https:\/\/artech-consulting.de\/unternehmen\/soziale-projekte\/projekt-vorschule-fuer-heimkehrer-in-sri-lanka\/\" \/>\n<meta property=\"og:locale\" content=\"en_US\" \/>\n<meta property=\"og:type\" content=\"article\" \/>\n<meta property=\"og:title\" content=\"Projekt \u201eVorschule f\u00fcr Heimkehrer\u201c in Sri Lanka\" \/>\n<meta property=\"og:description\" content=\"F\u00fcr ARTECH Consulting ist es eine Selbstverst\u00e4ndlichkeit, sich sozial zu engagieren und Menschen in Not \u2013 unabh\u00e4ngig von Herkunft, Religion oder Kultur \u2013 zu helfen. Hierzu geh\u00f6rt auch die Unterst\u00fctzung der Organisation German Charity Association (GCA). Die GCA m\u00f6chte in Sri Lanka das Projekt einer \u201eVorschule f\u00fcr Heimkehrer\u201c realisieren, um den damals vor dem B\u00fcrgerkrieg gefl\u00fcchteten Heimkehrern eine Bildung f\u00fcr ihre Kinder zu erm\u00f6glichen.\" \/>\n<meta property=\"og:url\" content=\"https:\/\/artech-consulting.de\/unternehmen\/soziale-projekte\/projekt-vorschule-fuer-heimkehrer-in-sri-lanka\/\" \/>\n<meta property=\"article:publisher\" content=\"https:\/\/www.facebook.com\/ARTECH-Consulting-GmbH-367676580239744\/\" \/>\n<meta property=\"article:modified_time\" content=\"2025-12-18T11:56:48+00:00\" \/>\n<meta name=\"twitter:card\" content=\"summary_large_image\" \/>\n<meta name=\"twitter:label1\" content=\"Est. reading time\" \/>\n\t<meta name=\"twitter:data1\" content=\"3 minutes\" \/>\n<script type=\"application\/ld+json\" class=\"yoast-schema-graph\">{\"@context\":\"https:\/\/schema.org\",\"@graph\":[{\"@type\":\"WebPage\",\"@id\":\"https:\/\/artech-consulting.de\/unternehmen\/soziale-projekte\/projekt-vorschule-fuer-heimkehrer-in-sri-lanka\/\",\"url\":\"https:\/\/artech-consulting.de\/unternehmen\/soziale-projekte\/projekt-vorschule-fuer-heimkehrer-in-sri-lanka\/\",\"name\":\"Project: \u2018Preschool for Returnees\u2019 in Sri Lanka -\",\"isPartOf\":{\"@id\":\"https:\/\/artech-consulting.de\/#website\"},\"datePublished\":\"2017-06-28T09:18:12+00:00\",\"dateModified\":\"2025-12-18T11:56:48+00:00\",\"description\":\"Die GCA m\u00f6chte in Sri Lanka das Projekt \u201eVorschule f\u00fcr Heimkehrer\u201c realisieren, um gefl\u00fcchteten Heimkehrern eine Bildung f\u00fcr ihre Kinder zu erm\u00f6glichen.\",\"breadcrumb\":{\"@id\":\"https:\/\/artech-consulting.de\/unternehmen\/soziale-projekte\/projekt-vorschule-fuer-heimkehrer-in-sri-lanka\/#breadcrumb\"},\"inLanguage\":\"en-US\",\"potentialAction\":[{\"@type\":\"ReadAction\",\"target\":[\"https:\/\/artech-consulting.de\/unternehmen\/soziale-projekte\/projekt-vorschule-fuer-heimkehrer-in-sri-lanka\/\"]}]},{\"@type\":\"BreadcrumbList\",\"@id\":\"https:\/\/artech-consulting.de\/unternehmen\/soziale-projekte\/projekt-vorschule-fuer-heimkehrer-in-sri-lanka\/#breadcrumb\",\"itemListElement\":[{\"@type\":\"ListItem\",\"position\":1,\"name\":\"Home\",\"item\":\"https:\/\/artech-consulting.de\/\"},{\"@type\":\"ListItem\",\"position\":2,\"name\":\"Unternehmen\",\"item\":\"https:\/\/artech-consulting.de\/unternehmen\/\"},{\"@type\":\"ListItem\",\"position\":3,\"name\":\"Soziale Projekte\",\"item\":\"https:\/\/artech-consulting.de\/unternehmen\/soziale-projekte\/\"},{\"@type\":\"ListItem\",\"position\":4,\"name\":\"Projekt \u201eVorschule f\u00fcr Heimkehrer\u201c in Sri Lanka\"}]},{\"@type\":\"WebSite\",\"@id\":\"https:\/\/artech-consulting.de\/#website\",\"url\":\"https:\/\/artech-consulting.de\/\",\"name\":\"\",\"description\":\"\",\"publisher\":{\"@id\":\"https:\/\/artech-consulting.de\/#organization\"},\"potentialAction\":[{\"@type\":\"SearchAction\",\"target\":{\"@type\":\"EntryPoint\",\"urlTemplate\":\"https:\/\/artech-consulting.de\/?s={search_term_string}\"},\"query-input\":{\"@type\":\"PropertyValueSpecification\",\"valueRequired\":true,\"valueName\":\"search_term_string\"}}],\"inLanguage\":\"en-US\"},{\"@type\":\"Organization\",\"@id\":\"https:\/\/artech-consulting.de\/#organization\",\"name\":\"Artecch Consulting\",\"url\":\"https:\/\/artech-consulting.de\/\",\"logo\":{\"@type\":\"ImageObject\",\"inLanguage\":\"en-US\",\"@id\":\"https:\/\/artech-consulting.de\/#\/schema\/logo\/image\/\",\"url\":\"https:\/\/artech-consulting.de\/wp-content\/uploads\/2015\/06\/cropped-ARTech_Logo_rgb_600frei.png\",\"contentUrl\":\"https:\/\/artech-consulting.de\/wp-content\/uploads\/2015\/06\/cropped-ARTech_Logo_rgb_600frei.png\",\"width\":6805,\"height\":1554,\"caption\":\"Artecch Consulting\"},\"image\":{\"@id\":\"https:\/\/artech-consulting.de\/#\/schema\/logo\/image\/\"},\"sameAs\":[\"https:\/\/www.facebook.com\/ARTECH-Consulting-GmbH-367676580239744\/\",\"https:\/\/www.linkedin.com\/company\/artech-consulting-gmbh?report_success=8jyhy2niUpAFvknlZbso8OXCShshmpUnzp3NjIJ2m7yhSVK6-d3cj9EZShsc4o_DdpkqGOtZmrfmVAwicnuvayqF\"]}]}<\/script>\n<!-- \/ Yoast SEO plugin. -->","yoast_head_json":{"title":"Project: \u2018Preschool for Returnees\u2019 in Sri Lanka -","description":"Die GCA m\u00f6chte in Sri Lanka das Projekt \u201eVorschule f\u00fcr Heimkehrer\u201c realisieren, um gefl\u00fcchteten Heimkehrern eine Bildung f\u00fcr ihre Kinder zu erm\u00f6glichen.","robots":{"index":"index","follow":"follow","max-snippet":"max-snippet:-1","max-image-preview":"max-image-preview:large","max-video-preview":"max-video-preview:-1"},"canonical":"https:\/\/artech-consulting.de\/unternehmen\/soziale-projekte\/projekt-vorschule-fuer-heimkehrer-in-sri-lanka\/","og_locale":"en_US","og_type":"article","og_title":"Projekt \u201eVorschule f\u00fcr Heimkehrer\u201c in Sri Lanka","og_description":"F\u00fcr ARTECH Consulting ist es eine Selbstverst\u00e4ndlichkeit, sich sozial zu engagieren und Menschen in Not \u2013 unabh\u00e4ngig von Herkunft, Religion oder Kultur \u2013 zu helfen. Hierzu geh\u00f6rt auch die Unterst\u00fctzung der Organisation German Charity Association (GCA). Die GCA m\u00f6chte in Sri Lanka das Projekt einer \u201eVorschule f\u00fcr Heimkehrer\u201c realisieren, um den damals vor dem B\u00fcrgerkrieg gefl\u00fcchteten Heimkehrern eine Bildung f\u00fcr ihre Kinder zu erm\u00f6glichen.","og_url":"https:\/\/artech-consulting.de\/unternehmen\/soziale-projekte\/projekt-vorschule-fuer-heimkehrer-in-sri-lanka\/","article_publisher":"https:\/\/www.facebook.com\/ARTECH-Consulting-GmbH-367676580239744\/","article_modified_time":"2025-12-18T11:56:48+00:00","twitter_card":"summary_large_image","twitter_misc":{"Est. reading time":"3 minutes"},"schema":{"@context":"https:\/\/schema.org","@graph":[{"@type":"WebPage","@id":"https:\/\/artech-consulting.de\/unternehmen\/soziale-projekte\/projekt-vorschule-fuer-heimkehrer-in-sri-lanka\/","url":"https:\/\/artech-consulting.de\/unternehmen\/soziale-projekte\/projekt-vorschule-fuer-heimkehrer-in-sri-lanka\/","name":"Project: \u2018Preschool for Returnees\u2019 in Sri Lanka -","isPartOf":{"@id":"https:\/\/artech-consulting.de\/#website"},"datePublished":"2017-06-28T09:18:12+00:00","dateModified":"2025-12-18T11:56:48+00:00","description":"Die GCA m\u00f6chte in Sri Lanka das Projekt \u201eVorschule f\u00fcr Heimkehrer\u201c realisieren, um gefl\u00fcchteten Heimkehrern eine Bildung f\u00fcr ihre Kinder zu erm\u00f6glichen.","breadcrumb":{"@id":"https:\/\/artech-consulting.de\/unternehmen\/soziale-projekte\/projekt-vorschule-fuer-heimkehrer-in-sri-lanka\/#breadcrumb"},"inLanguage":"en-US","potentialAction":[{"@type":"ReadAction","target":["https:\/\/artech-consulting.de\/unternehmen\/soziale-projekte\/projekt-vorschule-fuer-heimkehrer-in-sri-lanka\/"]}]},{"@type":"BreadcrumbList","@id":"https:\/\/artech-consulting.de\/unternehmen\/soziale-projekte\/projekt-vorschule-fuer-heimkehrer-in-sri-lanka\/#breadcrumb","itemListElement":[{"@type":"ListItem","position":1,"name":"Home","item":"https:\/\/artech-consulting.de\/"},{"@type":"ListItem","position":2,"name":"Unternehmen","item":"https:\/\/artech-consulting.de\/unternehmen\/"},{"@type":"ListItem","position":3,"name":"Soziale Projekte","item":"https:\/\/artech-consulting.de\/unternehmen\/soziale-projekte\/"},{"@type":"ListItem","position":4,"name":"Projekt \u201eVorschule f\u00fcr Heimkehrer\u201c in Sri Lanka"}]},{"@type":"WebSite","@id":"https:\/\/artech-consulting.de\/#website","url":"https:\/\/artech-consulting.de\/","name":"","description":"","publisher":{"@id":"https:\/\/artech-consulting.de\/#organization"},"potentialAction":[{"@type":"SearchAction","target":{"@type":"EntryPoint","urlTemplate":"https:\/\/artech-consulting.de\/?s={search_term_string}"},"query-input":{"@type":"PropertyValueSpecification","valueRequired":true,"valueName":"search_term_string"}}],"inLanguage":"en-US"},{"@type":"Organization","@id":"https:\/\/artech-consulting.de\/#organization","name":"Artecch Consulting","url":"https:\/\/artech-consulting.de\/","logo":{"@type":"ImageObject","inLanguage":"en-US","@id":"https:\/\/artech-consulting.de\/#\/schema\/logo\/image\/","url":"https:\/\/artech-consulting.de\/wp-content\/uploads\/2015\/06\/cropped-ARTech_Logo_rgb_600frei.png","contentUrl":"https:\/\/artech-consulting.de\/wp-content\/uploads\/2015\/06\/cropped-ARTech_Logo_rgb_600frei.png","width":6805,"height":1554,"caption":"Artecch Consulting"},"image":{"@id":"https:\/\/artech-consulting.de\/#\/schema\/logo\/image\/"},"sameAs":["https:\/\/www.facebook.com\/ARTECH-Consulting-GmbH-367676580239744\/","https:\/\/www.linkedin.com\/company\/artech-consulting-gmbh?report_success=8jyhy2niUpAFvknlZbso8OXCShshmpUnzp3NjIJ2m7yhSVK6-d3cj9EZShsc4o_DdpkqGOtZmrfmVAwicnuvayqF"]}]}},"_links":{"self":[{"href":"https:\/\/artech-consulting.de\/en\/wp-json\/wp\/v2\/pages\/2916"}],"collection":[{"href":"https:\/\/artech-consulting.de\/en\/wp-json\/wp\/v2\/pages"}],"about":[{"href":"https:\/\/artech-consulting.de\/en\/wp-json\/wp\/v2\/types\/page"}],"author":[{"embeddable":true,"href":"https:\/\/artech-consulting.de\/en\/wp-json\/wp\/v2\/users\/1"}],"replies":[{"embeddable":true,"href":"https:\/\/artech-consulting.de\/en\/wp-json\/wp\/v2\/comments?post=2916"}],"version-history":[{"count":21,"href":"https:\/\/artech-consulting.de\/en\/wp-json\/wp\/v2\/pages\/2916\/revisions"}],"predecessor-version":[{"id":6740,"href":"https:\/\/artech-consulting.de\/en\/wp-json\/wp\/v2\/pages\/2916\/revisions\/6740"}],"up":[{"embeddable":true,"href":"https:\/\/artech-consulting.de\/en\/wp-json\/wp\/v2\/pages\/193"}],"wp:attachment":[{"href":"https:\/\/artech-consulting.de\/en\/wp-json\/wp\/v2\/media?parent=2916"}],"curies":[{"name":"wp","href":"https:\/\/api.w.org\/{rel}","templated":true}]}}