{"id":2967,"date":"2017-09-01T09:14:43","date_gmt":"2017-09-01T07:14:43","guid":{"rendered":"https:\/\/artech-consulting.de\/?page_id=2967"},"modified":"2018-11-26T12:36:44","modified_gmt":"2018-11-26T11:36:44","slug":"treffen-mit-rolf-muetzenich-und-witich-rossmann","status":"publish","type":"page","link":"https:\/\/artech-consulting.de\/en\/aktuelles\/inside-artech\/treffen-mit-rolf-muetzenich-und-witich-rossmann\/","title":{"rendered":"Dr. Rolf M\u00fctzenich und Dr. Witich Rossmann zu Gast bei ARTECH Consulting"},"content":{"rendered":"<p>Am Mittwoch, den 30. August 2017, waren am fr\u00fchen Nachmittag Dr. Rolf M\u00fctzenich (Mitglied des deutschen Bundestages), Dr. Witich Rossmann (Chef des Deutschen Gewerkschaftsbund K\u00f6ln) sowie Dr. Walter Schulz (Ratsmitglied der SPD K\u00f6ln) zu Gast bei ARTECH Consulting. Nach einem ersten Treffen mit Dr. Walter Schulz im Februar diesen Jahres und der Zusage f\u00fcr weitere Gespr\u00e4che, um in Zukunft in Zusammenarbeit bzw. mit Unterst\u00fctzung bestimmte Projekte erfolgreich realisieren zu k\u00f6nnen, kam es nun zu einem zweiten Treffen.<br \/>\nIn einer gro\u00dfen Runde, bei der Vertreter der ARTECH Consulting Partnerfirma Majotech Partnership ebenfalls anwesend waren, stellten sich sowohl die eingeladenen G\u00e4ste als auch die beiden Unternehmen vor. Im Anschluss \u00fcbernahm Gesch\u00e4ftsf\u00fchrer Amaniyel Arslan das Wort und vermittelte den G\u00e4sten den Geist der ARTECH Consulting. Besondere Merkmale des Unternehmens sind vor allem das multikulturelle Verst\u00e4ndnis sowie die N\u00e4he zur Wirtschaft. Gerade diese Eigenschaften legen den Grundstein f\u00fcr das geplante Pilotprojekt \u201aARTECH Coaching\u2018. Ziel des Pilotprojektes ist es, in Deutschland lebenden Fl\u00fcchtlingen eine berufliche Perspektive zu erm\u00f6glichen. Innerhalb von 18 Monaten erhalten die Teilnehmer die Chance, sich neben fachlichen auch Handlungskompetenzen anzueignen, um anschlie\u00dfend potenzielle Arbeitnehmer f\u00fcr den Arbeitsmarkt zu sein.<br \/>\nDie Qualifizierungsma\u00dfnahme fand bei den anwesenden G\u00e4sten gro\u00dfen Zuspruch, so dass am Ende des Treffens eine Unterst\u00fctzung f\u00fcr das Pilotprojekt \u201aARTECH Coaching\u2018 vereinbart wurde.<\/p>","protected":false},"excerpt":{"rendered":"<p>Am Mittwoch, den 30. August 2017, waren am fr\u00fchen Nachmittag Dr. Rolf M\u00fctzenich (Mitglied des deutschen Bundestages), Dr. Witich Rossmann (Chef des Deutschen Gewerkschaftsbund K\u00f6ln) sowie Dr. Walter Schulz (Ratsmitglied der SPD K\u00f6ln) zu Gast bei ARTECH Consulting. Nach einem <a href=\"https:\/\/artech-consulting.de\/en\/aktuelles\/inside-artech\/treffen-mit-rolf-muetzenich-und-witich-rossmann\/\" class=\"read-more\">Read More<\/a><\/p>\n","protected":false},"author":1,"featured_media":0,"parent":4397,"menu_order":0,"comment_status":"closed","ping_status":"closed","template":"","meta":{"footnotes":""},"yoast_head":"<!-- This site is optimized with the Yoast SEO plugin v23.5 - https:\/\/yoast.com\/wordpress\/plugins\/seo\/ -->\n<title>Treffen mit Rolf M\u00fctzenich und Witich Rossmann<\/title>\n<meta name=\"description\" content=\"Die ARTECH Consulting hatte Rolf M\u00fctzenich (MdB), Witich Rossmann (DGB-Vorsitzender Region K\u00f6ln-Bonn) sowie Dr. Walter Schulz (OV-K\u00f6ln-Nippes) zu Gast.\" \/>\n<meta name=\"robots\" content=\"index, follow, max-snippet:-1, max-image-preview:large, max-video-preview:-1\" \/>\n<link rel=\"canonical\" href=\"https:\/\/artech-consulting.de\/aktuelles\/inside-artech\/treffen-mit-rolf-muetzenich-und-witich-rossmann\/\" \/>\n<meta property=\"og:locale\" content=\"en_US\" \/>\n<meta property=\"og:type\" content=\"article\" \/>\n<meta property=\"og:title\" content=\"Treffen mit Rolf M\u00fctzenich und Witich Rossmann\" \/>\n<meta property=\"og:description\" content=\"Die ARTECH Consulting hatte am 30. August 2017 Dr. Rolf M\u00fctzenich (Mitglied des deutschen Bundestages), Dr. Witich Rossmann (DGB-Vorsitzender Region K\u00f6ln-Bonn) sowie Dr. Walter Schulz (OV-K\u00f6ln-Nippes) zu Gast. Bei dem vereinbarten Treffen stellte sich das Unternehmen in einer gro\u00dfen Runde vor und pr\u00e4sentierte im Anschluss unter anderem das Pilotprojekt \u201aARTECH Coaching\u2018.\" \/>\n<meta property=\"og:url\" content=\"https:\/\/artech-consulting.de\/aktuelles\/inside-artech\/treffen-mit-rolf-muetzenich-und-witich-rossmann\/\" \/>\n<meta property=\"article:publisher\" content=\"https:\/\/www.facebook.com\/ARTECH-Consulting-GmbH-367676580239744\/\" \/>\n<meta property=\"article:modified_time\" content=\"2018-11-26T11:36:44+00:00\" \/>\n<meta name=\"twitter:card\" content=\"summary_large_image\" \/>\n<meta name=\"twitter:image\" content=\"https:\/\/artech-consulting.de\/wp-content\/uploads\/2017\/09\/IMG-20170901-WA0003.jpg\" \/>\n<meta name=\"twitter:label1\" content=\"Est. reading time\" \/>\n\t<meta name=\"twitter:data1\" content=\"2 minutes\" \/>\n<script type=\"application\/ld+json\" class=\"yoast-schema-graph\">{\"@context\":\"https:\/\/schema.org\",\"@graph\":[{\"@type\":\"WebPage\",\"@id\":\"https:\/\/artech-consulting.de\/aktuelles\/inside-artech\/treffen-mit-rolf-muetzenich-und-witich-rossmann\/\",\"url\":\"https:\/\/artech-consulting.de\/aktuelles\/inside-artech\/treffen-mit-rolf-muetzenich-und-witich-rossmann\/\",\"name\":\"Treffen mit Rolf M\u00fctzenich und Witich Rossmann\",\"isPartOf\":{\"@id\":\"https:\/\/artech-consulting.de\/#website\"},\"primaryImageOfPage\":{\"@id\":\"https:\/\/artech-consulting.de\/aktuelles\/inside-artech\/treffen-mit-rolf-muetzenich-und-witich-rossmann\/#primaryimage\"},\"image\":{\"@id\":\"https:\/\/artech-consulting.de\/aktuelles\/inside-artech\/treffen-mit-rolf-muetzenich-und-witich-rossmann\/#primaryimage\"},\"thumbnailUrl\":\"https:\/\/artech-consulting.de\/wp-content\/uploads\/2017\/09\/IMG-20170901-WA0003.jpg\",\"datePublished\":\"2017-09-01T07:14:43+00:00\",\"dateModified\":\"2018-11-26T11:36:44+00:00\",\"description\":\"Die ARTECH Consulting hatte Rolf M\u00fctzenich (MdB), Witich Rossmann (DGB-Vorsitzender Region K\u00f6ln-Bonn) sowie Dr. Walter Schulz (OV-K\u00f6ln-Nippes) zu Gast.\",\"breadcrumb\":{\"@id\":\"https:\/\/artech-consulting.de\/aktuelles\/inside-artech\/treffen-mit-rolf-muetzenich-und-witich-rossmann\/#breadcrumb\"},\"inLanguage\":\"en-US\",\"potentialAction\":[{\"@type\":\"ReadAction\",\"target\":[\"https:\/\/artech-consulting.de\/aktuelles\/inside-artech\/treffen-mit-rolf-muetzenich-und-witich-rossmann\/\"]}]},{\"@type\":\"ImageObject\",\"inLanguage\":\"en-US\",\"@id\":\"https:\/\/artech-consulting.de\/aktuelles\/inside-artech\/treffen-mit-rolf-muetzenich-und-witich-rossmann\/#primaryimage\",\"url\":\"https:\/\/artech-consulting.de\/wp-content\/uploads\/2017\/09\/IMG-20170901-WA0003.jpg\",\"contentUrl\":\"https:\/\/artech-consulting.de\/wp-content\/uploads\/2017\/09\/IMG-20170901-WA0003.jpg\"},{\"@type\":\"BreadcrumbList\",\"@id\":\"https:\/\/artech-consulting.de\/aktuelles\/inside-artech\/treffen-mit-rolf-muetzenich-und-witich-rossmann\/#breadcrumb\",\"itemListElement\":[{\"@type\":\"ListItem\",\"position\":1,\"name\":\"Home\",\"item\":\"https:\/\/artech-consulting.de\/\"},{\"@type\":\"ListItem\",\"position\":2,\"name\":\"Aktuelles\",\"item\":\"https:\/\/artech-consulting.de\/aktuelles\/\"},{\"@type\":\"ListItem\",\"position\":3,\"name\":\"Inside ARTECH\",\"item\":\"https:\/\/artech-consulting.de\/aktuelles\/inside-artech\/\"},{\"@type\":\"ListItem\",\"position\":4,\"name\":\"Treffen mit Rolf M\u00fctzenich und Witich Rossmann\"}]},{\"@type\":\"WebSite\",\"@id\":\"https:\/\/artech-consulting.de\/#website\",\"url\":\"https:\/\/artech-consulting.de\/\",\"name\":\"\",\"description\":\"\",\"publisher\":{\"@id\":\"https:\/\/artech-consulting.de\/#organization\"},\"potentialAction\":[{\"@type\":\"SearchAction\",\"target\":{\"@type\":\"EntryPoint\",\"urlTemplate\":\"https:\/\/artech-consulting.de\/?s={search_term_string}\"},\"query-input\":{\"@type\":\"PropertyValueSpecification\",\"valueRequired\":true,\"valueName\":\"search_term_string\"}}],\"inLanguage\":\"en-US\"},{\"@type\":\"Organization\",\"@id\":\"https:\/\/artech-consulting.de\/#organization\",\"name\":\"Artecch Consulting\",\"url\":\"https:\/\/artech-consulting.de\/\",\"logo\":{\"@type\":\"ImageObject\",\"inLanguage\":\"en-US\",\"@id\":\"https:\/\/artech-consulting.de\/#\/schema\/logo\/image\/\",\"url\":\"https:\/\/artech-consulting.de\/wp-content\/uploads\/2015\/06\/cropped-ARTech_Logo_rgb_600frei.png\",\"contentUrl\":\"https:\/\/artech-consulting.de\/wp-content\/uploads\/2015\/06\/cropped-ARTech_Logo_rgb_600frei.png\",\"width\":6805,\"height\":1554,\"caption\":\"Artecch Consulting\"},\"image\":{\"@id\":\"https:\/\/artech-consulting.de\/#\/schema\/logo\/image\/\"},\"sameAs\":[\"https:\/\/www.facebook.com\/ARTECH-Consulting-GmbH-367676580239744\/\",\"https:\/\/www.linkedin.com\/company\/artech-consulting-gmbh?report_success=8jyhy2niUpAFvknlZbso8OXCShshmpUnzp3NjIJ2m7yhSVK6-d3cj9EZShsc4o_DdpkqGOtZmrfmVAwicnuvayqF\"]}]}<\/script>\n<!-- \/ Yoast SEO plugin. -->","yoast_head_json":{"title":"Treffen mit Rolf M\u00fctzenich und Witich Rossmann","description":"Die ARTECH Consulting hatte Rolf M\u00fctzenich (MdB), Witich Rossmann (DGB-Vorsitzender Region K\u00f6ln-Bonn) sowie Dr. Walter Schulz (OV-K\u00f6ln-Nippes) zu Gast.","robots":{"index":"index","follow":"follow","max-snippet":"max-snippet:-1","max-image-preview":"max-image-preview:large","max-video-preview":"max-video-preview:-1"},"canonical":"https:\/\/artech-consulting.de\/aktuelles\/inside-artech\/treffen-mit-rolf-muetzenich-und-witich-rossmann\/","og_locale":"en_US","og_type":"article","og_title":"Treffen mit Rolf M\u00fctzenich und Witich Rossmann","og_description":"Die ARTECH Consulting hatte am 30. August 2017 Dr. Rolf M\u00fctzenich (Mitglied des deutschen Bundestages), Dr. Witich Rossmann (DGB-Vorsitzender Region K\u00f6ln-Bonn) sowie Dr. Walter Schulz (OV-K\u00f6ln-Nippes) zu Gast. Bei dem vereinbarten Treffen stellte sich das Unternehmen in einer gro\u00dfen Runde vor und pr\u00e4sentierte im Anschluss unter anderem das Pilotprojekt \u201aARTECH Coaching\u2018.","og_url":"https:\/\/artech-consulting.de\/aktuelles\/inside-artech\/treffen-mit-rolf-muetzenich-und-witich-rossmann\/","article_publisher":"https:\/\/www.facebook.com\/ARTECH-Consulting-GmbH-367676580239744\/","article_modified_time":"2018-11-26T11:36:44+00:00","twitter_card":"summary_large_image","twitter_image":"https:\/\/artech-consulting.de\/wp-content\/uploads\/2017\/09\/IMG-20170901-WA0003.jpg","twitter_misc":{"Est. reading time":"2 minutes"},"schema":{"@context":"https:\/\/schema.org","@graph":[{"@type":"WebPage","@id":"https:\/\/artech-consulting.de\/aktuelles\/inside-artech\/treffen-mit-rolf-muetzenich-und-witich-rossmann\/","url":"https:\/\/artech-consulting.de\/aktuelles\/inside-artech\/treffen-mit-rolf-muetzenich-und-witich-rossmann\/","name":"Treffen mit Rolf M\u00fctzenich und Witich Rossmann","isPartOf":{"@id":"https:\/\/artech-consulting.de\/#website"},"primaryImageOfPage":{"@id":"https:\/\/artech-consulting.de\/aktuelles\/inside-artech\/treffen-mit-rolf-muetzenich-und-witich-rossmann\/#primaryimage"},"image":{"@id":"https:\/\/artech-consulting.de\/aktuelles\/inside-artech\/treffen-mit-rolf-muetzenich-und-witich-rossmann\/#primaryimage"},"thumbnailUrl":"https:\/\/artech-consulting.de\/wp-content\/uploads\/2017\/09\/IMG-20170901-WA0003.jpg","datePublished":"2017-09-01T07:14:43+00:00","dateModified":"2018-11-26T11:36:44+00:00","description":"Die ARTECH Consulting hatte Rolf M\u00fctzenich (MdB), Witich Rossmann (DGB-Vorsitzender Region K\u00f6ln-Bonn) sowie Dr. Walter Schulz (OV-K\u00f6ln-Nippes) zu Gast.","breadcrumb":{"@id":"https:\/\/artech-consulting.de\/aktuelles\/inside-artech\/treffen-mit-rolf-muetzenich-und-witich-rossmann\/#breadcrumb"},"inLanguage":"en-US","potentialAction":[{"@type":"ReadAction","target":["https:\/\/artech-consulting.de\/aktuelles\/inside-artech\/treffen-mit-rolf-muetzenich-und-witich-rossmann\/"]}]},{"@type":"ImageObject","inLanguage":"en-US","@id":"https:\/\/artech-consulting.de\/aktuelles\/inside-artech\/treffen-mit-rolf-muetzenich-und-witich-rossmann\/#primaryimage","url":"https:\/\/artech-consulting.de\/wp-content\/uploads\/2017\/09\/IMG-20170901-WA0003.jpg","contentUrl":"https:\/\/artech-consulting.de\/wp-content\/uploads\/2017\/09\/IMG-20170901-WA0003.jpg"},{"@type":"BreadcrumbList","@id":"https:\/\/artech-consulting.de\/aktuelles\/inside-artech\/treffen-mit-rolf-muetzenich-und-witich-rossmann\/#breadcrumb","itemListElement":[{"@type":"ListItem","position":1,"name":"Home","item":"https:\/\/artech-consulting.de\/"},{"@type":"ListItem","position":2,"name":"Aktuelles","item":"https:\/\/artech-consulting.de\/aktuelles\/"},{"@type":"ListItem","position":3,"name":"Inside ARTECH","item":"https:\/\/artech-consulting.de\/aktuelles\/inside-artech\/"},{"@type":"ListItem","position":4,"name":"Treffen mit Rolf M\u00fctzenich und Witich Rossmann"}]},{"@type":"WebSite","@id":"https:\/\/artech-consulting.de\/#website","url":"https:\/\/artech-consulting.de\/","name":"","description":"","publisher":{"@id":"https:\/\/artech-consulting.de\/#organization"},"potentialAction":[{"@type":"SearchAction","target":{"@type":"EntryPoint","urlTemplate":"https:\/\/artech-consulting.de\/?s={search_term_string}"},"query-input":{"@type":"PropertyValueSpecification","valueRequired":true,"valueName":"search_term_string"}}],"inLanguage":"en-US"},{"@type":"Organization","@id":"https:\/\/artech-consulting.de\/#organization","name":"Artecch Consulting","url":"https:\/\/artech-consulting.de\/","logo":{"@type":"ImageObject","inLanguage":"en-US","@id":"https:\/\/artech-consulting.de\/#\/schema\/logo\/image\/","url":"https:\/\/artech-consulting.de\/wp-content\/uploads\/2015\/06\/cropped-ARTech_Logo_rgb_600frei.png","contentUrl":"https:\/\/artech-consulting.de\/wp-content\/uploads\/2015\/06\/cropped-ARTech_Logo_rgb_600frei.png","width":6805,"height":1554,"caption":"Artecch Consulting"},"image":{"@id":"https:\/\/artech-consulting.de\/#\/schema\/logo\/image\/"},"sameAs":["https:\/\/www.facebook.com\/ARTECH-Consulting-GmbH-367676580239744\/","https:\/\/www.linkedin.com\/company\/artech-consulting-gmbh?report_success=8jyhy2niUpAFvknlZbso8OXCShshmpUnzp3NjIJ2m7yhSVK6-d3cj9EZShsc4o_DdpkqGOtZmrfmVAwicnuvayqF"]}]}},"_links":{"self":[{"href":"https:\/\/artech-consulting.de\/en\/wp-json\/wp\/v2\/pages\/2967"}],"collection":[{"href":"https:\/\/artech-consulting.de\/en\/wp-json\/wp\/v2\/pages"}],"about":[{"href":"https:\/\/artech-consulting.de\/en\/wp-json\/wp\/v2\/types\/page"}],"author":[{"embeddable":true,"href":"https:\/\/artech-consulting.de\/en\/wp-json\/wp\/v2\/users\/1"}],"replies":[{"embeddable":true,"href":"https:\/\/artech-consulting.de\/en\/wp-json\/wp\/v2\/comments?post=2967"}],"version-history":[{"count":11,"href":"https:\/\/artech-consulting.de\/en\/wp-json\/wp\/v2\/pages\/2967\/revisions"}],"predecessor-version":[{"id":3747,"href":"https:\/\/artech-consulting.de\/en\/wp-json\/wp\/v2\/pages\/2967\/revisions\/3747"}],"up":[{"embeddable":true,"href":"https:\/\/artech-consulting.de\/en\/wp-json\/wp\/v2\/pages\/4397"}],"wp:attachment":[{"href":"https:\/\/artech-consulting.de\/en\/wp-json\/wp\/v2\/media?parent=2967"}],"curies":[{"name":"wp","href":"https:\/\/api.w.org\/{rel}","templated":true}]}}