{"id":3037,"date":"2017-09-28T10:24:36","date_gmt":"2017-09-28T08:24:36","guid":{"rendered":"https:\/\/artech-consulting.de\/?page_id=3037"},"modified":"2018-11-26T12:43:33","modified_gmt":"2018-11-26T11:43:33","slug":"predictive-maintenance","status":"publish","type":"page","link":"https:\/\/artech-consulting.de\/en\/aktuelles\/wussten-sie-schon-2\/predictive-maintenance\/","title":{"rendered":"Predictive Maintenance"},"content":{"rendered":"<p><strong>Predictive Maintenance \u2013 die vorausschauende Instandhaltung<\/strong><br \/>\n&nbsp;<br \/>\nIm Zuge der zunehmenden Digitalisierung nimmt die Predictive Maintenance seit Jahren eine immer gr\u00f6\u00dfere Rolle ein. Bei Themen wie Industrie 4.0, Digitaler Zwilling und Big Data ist die vorausschauende Instandhaltung inzwischen nicht mehr wegzudenken.<br \/>\n&nbsp;<br \/>\nW\u00e4hrend vor einigen Jahren ein Ausfall der Produktionsanlage f\u00fcr eine Reparatur notwendig war, erkennen heutzutage intelligente Systeme Probleme vor dem Auftreten und k\u00f6nnen diese zeitnah beheben. Auf Grundlage dieser Methode werden besonders bei Technologie-Unternehmen hohe Kosten gespart und neue Gesch\u00e4ftsmodelle m\u00f6glich. Die Notwendigkeit der vorausschauenden Instandhaltung besteht darin, da mehr als zweidrittel der Gesamtbetriebskosten von Maschinen, Anlagen und anderen Investitionsg\u00fctern innerhalb der Servicephase anfallen.<br \/>\n&nbsp;<br \/>\nDie Predictive Maintenance unterscheidet sich zur konventionellen Instandhaltung in der Hinsicht, dass feste Wartungsintervalle \u00fcberfl\u00fcssig werden. Druckmaschine, Flugzeug oder PKW werden je nach Anwender verschieden in Anspruch genommen und haben dementsprechend unterschiedlichen Verbrauch, die nicht vorhersehbar sind. Jedoch erm\u00f6glicht die Predictive Maintenance eine kontinuierliche Kontrolle der einzelnen Bauteile einer Maschine. Durch den Einsatz entsprechender Wartungs-Software werden Sensordaten erfasst und ausgewertet, um bei Bedarf rechtzeitig auf m\u00f6gliche Probleme reagieren zu k\u00f6nnen. Auf diese Weise k\u00f6nnen defekte Bauteile au\u00dferhalb der Wartungszeiten ersetzt und hohe Kosten vermieden werden, da vor dem eigentlichen Schaden ein gezielter Eingriff m\u00f6glich ist.<br \/>\n&nbsp;<br \/>\nDie vorausschauende Instandhaltung ist daher f\u00fcr Technologie-Unternehmen ein wichtiges Argument hinsichtlich der Wirtschaftlichkeit. Digitale Transformation im Service wird realisiert und eine permanente Optimierung der Produktion ist vorausgesetzt. Durch diese Methode begibt sich die Maschinenwartung in ein neues Zeitalter, in dem Techniker zuk\u00fcnftig nicht mehr reagieren, sondern verst\u00e4rkt agieren. So muss die Predictive Maintenance in einem gr\u00f6\u00dferen Kontext einer vollst\u00e4ndig digitalisierten Service-Kette \u2013 von der Produktion bis hin zum Engineering \u2013 verstanden werden, welche in sich zur einer kleinen \u201aSmart Factory\u2018 wird.<\/p>","protected":false},"excerpt":{"rendered":"<p>Predictive Maintenance \u2013 die vorausschauende Instandhaltung &nbsp; Im Zuge der zunehmenden Digitalisierung nimmt die Predictive Maintenance seit Jahren eine immer gr\u00f6\u00dfere Rolle ein. Bei Themen wie Industrie 4.0, Digitaler Zwilling und Big Data ist die vorausschauende Instandhaltung inzwischen nicht mehr <a href=\"https:\/\/artech-consulting.de\/en\/aktuelles\/wussten-sie-schon-2\/predictive-maintenance\/\" class=\"read-more\">Read More<\/a><\/p>\n","protected":false},"author":1,"featured_media":0,"parent":4507,"menu_order":0,"comment_status":"closed","ping_status":"closed","template":"","meta":{"footnotes":""},"yoast_head":"<!-- This site is optimized with the Yoast SEO plugin v23.5 - https:\/\/yoast.com\/wordpress\/plugins\/seo\/ -->\n<title>Predictive Maintenance -<\/title>\n<meta name=\"description\" content=\"Industrie 4.0, Digitaler Zwilling und Big Data \u2013 Predictive Maintenance ist l\u00e4ngst fester Bestandteil dieser Trend-Themen und setzt selbst neue Standards.\" \/>\n<meta name=\"robots\" content=\"index, follow, max-snippet:-1, max-image-preview:large, max-video-preview:-1\" \/>\n<link rel=\"canonical\" href=\"https:\/\/artech-consulting.de\/aktuelles\/wussten-sie-schon-2\/predictive-maintenance\/\" \/>\n<meta property=\"og:locale\" content=\"en_US\" \/>\n<meta property=\"og:type\" content=\"article\" \/>\n<meta property=\"og:title\" content=\"Predictive Maintenance \u2013 die vorausschauende Instandhaltung\" \/>\n<meta property=\"og:description\" content=\"Im Zuge der zunehmenden Digitalisierung nimmt die Predictive Maintenance seit Jahren eine immer gr\u00f6\u00dfere Rolle ein. Bei Themen wie Industrie 4.0, Digitaler Zwilling und Big Data ist die vorausschauende Instandhaltung inzwischen nicht mehr wegzudenken.\" \/>\n<meta property=\"og:url\" content=\"https:\/\/artech-consulting.de\/aktuelles\/wussten-sie-schon-2\/predictive-maintenance\/\" \/>\n<meta property=\"article:publisher\" content=\"https:\/\/www.facebook.com\/ARTECH-Consulting-GmbH-367676580239744\/\" \/>\n<meta property=\"article:modified_time\" content=\"2018-11-26T11:43:33+00:00\" \/>\n<meta name=\"twitter:card\" content=\"summary_large_image\" \/>\n<meta name=\"twitter:label1\" content=\"Est. reading time\" \/>\n\t<meta name=\"twitter:data1\" content=\"3 minutes\" \/>\n<script type=\"application\/ld+json\" class=\"yoast-schema-graph\">{\"@context\":\"https:\/\/schema.org\",\"@graph\":[{\"@type\":\"WebPage\",\"@id\":\"https:\/\/artech-consulting.de\/aktuelles\/wussten-sie-schon-2\/predictive-maintenance\/\",\"url\":\"https:\/\/artech-consulting.de\/aktuelles\/wussten-sie-schon-2\/predictive-maintenance\/\",\"name\":\"Predictive Maintenance -\",\"isPartOf\":{\"@id\":\"https:\/\/artech-consulting.de\/#website\"},\"datePublished\":\"2017-09-28T08:24:36+00:00\",\"dateModified\":\"2018-11-26T11:43:33+00:00\",\"description\":\"Industrie 4.0, Digitaler Zwilling und Big Data \u2013 Predictive Maintenance ist l\u00e4ngst fester Bestandteil dieser Trend-Themen und setzt selbst neue Standards.\",\"breadcrumb\":{\"@id\":\"https:\/\/artech-consulting.de\/aktuelles\/wussten-sie-schon-2\/predictive-maintenance\/#breadcrumb\"},\"inLanguage\":\"en-US\",\"potentialAction\":[{\"@type\":\"ReadAction\",\"target\":[\"https:\/\/artech-consulting.de\/aktuelles\/wussten-sie-schon-2\/predictive-maintenance\/\"]}]},{\"@type\":\"BreadcrumbList\",\"@id\":\"https:\/\/artech-consulting.de\/aktuelles\/wussten-sie-schon-2\/predictive-maintenance\/#breadcrumb\",\"itemListElement\":[{\"@type\":\"ListItem\",\"position\":1,\"name\":\"Home\",\"item\":\"https:\/\/artech-consulting.de\/\"},{\"@type\":\"ListItem\",\"position\":2,\"name\":\"Aktuelles\",\"item\":\"https:\/\/artech-consulting.de\/aktuelles\/\"},{\"@type\":\"ListItem\",\"position\":3,\"name\":\"Wissen &#038; Impulse\",\"item\":\"https:\/\/artech-consulting.de\/aktuelles\/wussten-sie-schon-2\/\"},{\"@type\":\"ListItem\",\"position\":4,\"name\":\"Predictive Maintenance\"}]},{\"@type\":\"WebSite\",\"@id\":\"https:\/\/artech-consulting.de\/#website\",\"url\":\"https:\/\/artech-consulting.de\/\",\"name\":\"\",\"description\":\"\",\"publisher\":{\"@id\":\"https:\/\/artech-consulting.de\/#organization\"},\"potentialAction\":[{\"@type\":\"SearchAction\",\"target\":{\"@type\":\"EntryPoint\",\"urlTemplate\":\"https:\/\/artech-consulting.de\/?s={search_term_string}\"},\"query-input\":{\"@type\":\"PropertyValueSpecification\",\"valueRequired\":true,\"valueName\":\"search_term_string\"}}],\"inLanguage\":\"en-US\"},{\"@type\":\"Organization\",\"@id\":\"https:\/\/artech-consulting.de\/#organization\",\"name\":\"Artecch Consulting\",\"url\":\"https:\/\/artech-consulting.de\/\",\"logo\":{\"@type\":\"ImageObject\",\"inLanguage\":\"en-US\",\"@id\":\"https:\/\/artech-consulting.de\/#\/schema\/logo\/image\/\",\"url\":\"https:\/\/artech-consulting.de\/wp-content\/uploads\/2015\/06\/cropped-ARTech_Logo_rgb_600frei.png\",\"contentUrl\":\"https:\/\/artech-consulting.de\/wp-content\/uploads\/2015\/06\/cropped-ARTech_Logo_rgb_600frei.png\",\"width\":6805,\"height\":1554,\"caption\":\"Artecch Consulting\"},\"image\":{\"@id\":\"https:\/\/artech-consulting.de\/#\/schema\/logo\/image\/\"},\"sameAs\":[\"https:\/\/www.facebook.com\/ARTECH-Consulting-GmbH-367676580239744\/\",\"https:\/\/www.linkedin.com\/company\/artech-consulting-gmbh?report_success=8jyhy2niUpAFvknlZbso8OXCShshmpUnzp3NjIJ2m7yhSVK6-d3cj9EZShsc4o_DdpkqGOtZmrfmVAwicnuvayqF\"]}]}<\/script>\n<!-- \/ Yoast SEO plugin. -->","yoast_head_json":{"title":"Predictive Maintenance -","description":"Industrie 4.0, Digitaler Zwilling und Big Data \u2013 Predictive Maintenance ist l\u00e4ngst fester Bestandteil dieser Trend-Themen und setzt selbst neue Standards.","robots":{"index":"index","follow":"follow","max-snippet":"max-snippet:-1","max-image-preview":"max-image-preview:large","max-video-preview":"max-video-preview:-1"},"canonical":"https:\/\/artech-consulting.de\/aktuelles\/wussten-sie-schon-2\/predictive-maintenance\/","og_locale":"en_US","og_type":"article","og_title":"Predictive Maintenance \u2013 die vorausschauende Instandhaltung","og_description":"Im Zuge der zunehmenden Digitalisierung nimmt die Predictive Maintenance seit Jahren eine immer gr\u00f6\u00dfere Rolle ein. Bei Themen wie Industrie 4.0, Digitaler Zwilling und Big Data ist die vorausschauende Instandhaltung inzwischen nicht mehr wegzudenken.","og_url":"https:\/\/artech-consulting.de\/aktuelles\/wussten-sie-schon-2\/predictive-maintenance\/","article_publisher":"https:\/\/www.facebook.com\/ARTECH-Consulting-GmbH-367676580239744\/","article_modified_time":"2018-11-26T11:43:33+00:00","twitter_card":"summary_large_image","twitter_misc":{"Est. reading time":"3 minutes"},"schema":{"@context":"https:\/\/schema.org","@graph":[{"@type":"WebPage","@id":"https:\/\/artech-consulting.de\/aktuelles\/wussten-sie-schon-2\/predictive-maintenance\/","url":"https:\/\/artech-consulting.de\/aktuelles\/wussten-sie-schon-2\/predictive-maintenance\/","name":"Predictive Maintenance -","isPartOf":{"@id":"https:\/\/artech-consulting.de\/#website"},"datePublished":"2017-09-28T08:24:36+00:00","dateModified":"2018-11-26T11:43:33+00:00","description":"Industrie 4.0, Digitaler Zwilling und Big Data \u2013 Predictive Maintenance ist l\u00e4ngst fester Bestandteil dieser Trend-Themen und setzt selbst neue Standards.","breadcrumb":{"@id":"https:\/\/artech-consulting.de\/aktuelles\/wussten-sie-schon-2\/predictive-maintenance\/#breadcrumb"},"inLanguage":"en-US","potentialAction":[{"@type":"ReadAction","target":["https:\/\/artech-consulting.de\/aktuelles\/wussten-sie-schon-2\/predictive-maintenance\/"]}]},{"@type":"BreadcrumbList","@id":"https:\/\/artech-consulting.de\/aktuelles\/wussten-sie-schon-2\/predictive-maintenance\/#breadcrumb","itemListElement":[{"@type":"ListItem","position":1,"name":"Home","item":"https:\/\/artech-consulting.de\/"},{"@type":"ListItem","position":2,"name":"Aktuelles","item":"https:\/\/artech-consulting.de\/aktuelles\/"},{"@type":"ListItem","position":3,"name":"Wissen &#038; Impulse","item":"https:\/\/artech-consulting.de\/aktuelles\/wussten-sie-schon-2\/"},{"@type":"ListItem","position":4,"name":"Predictive Maintenance"}]},{"@type":"WebSite","@id":"https:\/\/artech-consulting.de\/#website","url":"https:\/\/artech-consulting.de\/","name":"","description":"","publisher":{"@id":"https:\/\/artech-consulting.de\/#organization"},"potentialAction":[{"@type":"SearchAction","target":{"@type":"EntryPoint","urlTemplate":"https:\/\/artech-consulting.de\/?s={search_term_string}"},"query-input":{"@type":"PropertyValueSpecification","valueRequired":true,"valueName":"search_term_string"}}],"inLanguage":"en-US"},{"@type":"Organization","@id":"https:\/\/artech-consulting.de\/#organization","name":"Artecch Consulting","url":"https:\/\/artech-consulting.de\/","logo":{"@type":"ImageObject","inLanguage":"en-US","@id":"https:\/\/artech-consulting.de\/#\/schema\/logo\/image\/","url":"https:\/\/artech-consulting.de\/wp-content\/uploads\/2015\/06\/cropped-ARTech_Logo_rgb_600frei.png","contentUrl":"https:\/\/artech-consulting.de\/wp-content\/uploads\/2015\/06\/cropped-ARTech_Logo_rgb_600frei.png","width":6805,"height":1554,"caption":"Artecch Consulting"},"image":{"@id":"https:\/\/artech-consulting.de\/#\/schema\/logo\/image\/"},"sameAs":["https:\/\/www.facebook.com\/ARTECH-Consulting-GmbH-367676580239744\/","https:\/\/www.linkedin.com\/company\/artech-consulting-gmbh?report_success=8jyhy2niUpAFvknlZbso8OXCShshmpUnzp3NjIJ2m7yhSVK6-d3cj9EZShsc4o_DdpkqGOtZmrfmVAwicnuvayqF"]}]}},"_links":{"self":[{"href":"https:\/\/artech-consulting.de\/en\/wp-json\/wp\/v2\/pages\/3037"}],"collection":[{"href":"https:\/\/artech-consulting.de\/en\/wp-json\/wp\/v2\/pages"}],"about":[{"href":"https:\/\/artech-consulting.de\/en\/wp-json\/wp\/v2\/types\/page"}],"author":[{"embeddable":true,"href":"https:\/\/artech-consulting.de\/en\/wp-json\/wp\/v2\/users\/1"}],"replies":[{"embeddable":true,"href":"https:\/\/artech-consulting.de\/en\/wp-json\/wp\/v2\/comments?post=3037"}],"version-history":[{"count":5,"href":"https:\/\/artech-consulting.de\/en\/wp-json\/wp\/v2\/pages\/3037\/revisions"}],"predecessor-version":[{"id":3047,"href":"https:\/\/artech-consulting.de\/en\/wp-json\/wp\/v2\/pages\/3037\/revisions\/3047"}],"up":[{"embeddable":true,"href":"https:\/\/artech-consulting.de\/en\/wp-json\/wp\/v2\/pages\/4507"}],"wp:attachment":[{"href":"https:\/\/artech-consulting.de\/en\/wp-json\/wp\/v2\/media?parent=3037"}],"curies":[{"name":"wp","href":"https:\/\/api.w.org\/{rel}","templated":true}]}}