{"id":3049,"date":"2017-10-05T09:31:17","date_gmt":"2017-10-05T07:31:17","guid":{"rendered":"https:\/\/artech-consulting.de\/?page_id=3049"},"modified":"2018-11-26T12:35:44","modified_gmt":"2018-11-26T11:35:44","slug":"klausurtagung-in-bergneustadt","status":"publish","type":"page","link":"https:\/\/artech-consulting.de\/en\/aktuelles\/inside-artech\/klausurtagung-in-bergneustadt\/","title":{"rendered":"Klausurtagung in Bergneustadt"},"content":{"rendered":"<p>Wie gewohnt fand auch 2017 die j\u00e4hrliche Klausurtagung der ARTECH Consulting GmbH statt. Vom 29. September bis zum 01. Oktober ging die dreit\u00e4gige Veranstaltung im Hotel Ph\u00f6nix in Bergneustadt.<br \/>\n&nbsp;<br \/>\nNach Feierabend kamen am Freitag um 17 Uhr die ersten ARTECH-Mitarbeiter in der Unterkunft an und checkten ein. Ab 18 Uhr begann die Tagung in einem extra reservierten Raum. Dabei wurde den teilnehmenden Mitarbeitern die Agenda vorgestellt und im Anschluss \u00fcbernahm Gesch\u00e4ftsf\u00fchrer Amaniyel Arslan das Wort, um den Anwesenden die Bilanz f\u00fcr das abgelaufene Gesch\u00e4ftsjahr sowie die aktuelle Situation des Unternehmens vorzustellen. Nach dem 90 min\u00fctigem Vortrag ging es zum gemeinsamen Abendessen im Hotelrestaurant und in der Folge in den Hotelkeller, wo bei gemeinsamen Aktivit\u00e4ten wie Kegeln, Kicker und Billard die Abendstunden verbracht wurden.<br \/>\n&nbsp;<br \/>\nAm n\u00e4chsten Morgen ging es dann wieder fr\u00fch mit dem straffen Programm der Tagung weiter. Nach einem kleinen Warm-Up-Spiel durch einen extern einbestellten Coach, gab es damit zusammenh\u00e4ngend eine l\u00e4ngere Diskussionsrunde, in der das Arbeitsklima gut aufgezeigt werden konnte.<br \/>\nAb dem Mittag wurden in der gro\u00dfen Runde insbesondere die Themen R\u00fcckblick \u00fcber die erreichten Ziele 2016\/2017, Ziele f\u00fcr das kommende Gesch\u00e4ftsjahr 2018 sowie Corporal Identity ARTECH diskutiert und analysiert. Nach dem alle wichtigen Punkte besprochen wurden, endete die Sitzung gegen 19 Uhr und alle Mitarbeiter gingen gemeinsam zum Abendessen in einem \u00f6rtlichen Restaurant. Nach dem Abendessen ging es wieder ins Hotel, wo alle zusammen in einer famili\u00e4ren Atmosph\u00e4re die Abendstunden verbrachten.<br \/>\n&nbsp;<br \/>\nAm Sonntag stand noch zum Abschluss der dreit\u00e4gigen Klausurtagung das gro\u00dfe Teamevent im Bowling Center Oderberg an und im Anschluss machten sich alle auf den Heimweg. R\u00fcckblickend war es eine sehr effektive, ereignisreiche und spa\u00dfhaltige Klausurtagung. Jeder einzelne Mitarbeiter hat dazu beigetragen, dass es zu einer der gelungensten Tagungen in der jungen Geschichte des Unternehmens geworden ist.<\/p>","protected":false},"excerpt":{"rendered":"<p>Wie gewohnt fand auch 2017 die j\u00e4hrliche Klausurtagung der ARTECH Consulting GmbH statt. Vom 29. September bis zum 01. Oktober ging die dreit\u00e4gige Veranstaltung im Hotel Ph\u00f6nix in Bergneustadt. &nbsp; Nach Feierabend kamen am Freitag um 17 Uhr die ersten <a href=\"https:\/\/artech-consulting.de\/en\/aktuelles\/inside-artech\/klausurtagung-in-bergneustadt\/\" class=\"read-more\">Read More<\/a><\/p>\n","protected":false},"author":1,"featured_media":0,"parent":4397,"menu_order":0,"comment_status":"closed","ping_status":"closed","template":"","meta":{"footnotes":""},"yoast_head":"<!-- This site is optimized with the Yoast SEO plugin v23.5 - https:\/\/yoast.com\/wordpress\/plugins\/seo\/ -->\n<title>Klausurtagung in Bergneustadt -<\/title>\n<meta name=\"description\" content=\"Die j\u00e4hrliche Klausurtagung der ARTECH Consulting GmbH unter dem Motto \u201eCorporate Identity ARTECH (CIA)\u201c fand in diesem Jahr in Bergneustadt.\" \/>\n<meta name=\"robots\" content=\"index, follow, max-snippet:-1, max-image-preview:large, max-video-preview:-1\" \/>\n<link rel=\"canonical\" href=\"https:\/\/artech-consulting.de\/aktuelles\/inside-artech\/klausurtagung-in-bergneustadt\/\" \/>\n<meta property=\"og:locale\" content=\"en_US\" \/>\n<meta property=\"og:type\" content=\"article\" \/>\n<meta property=\"og:title\" content=\"Klausurtagung in Bergneustadt\" \/>\n<meta property=\"og:description\" content=\"Vom 29. September bis zum 01. Oktober 2017 fand die j\u00e4hrliche Klausurtagung der ARTECH Consulting GmbH unter dem Motto \u201eCorporate Identity ARTECH (CIA)\u201c statt. In diesem Jahr ging es bei der dreit\u00e4gigen Veranstaltung nach Bergneustadt.\" \/>\n<meta property=\"og:url\" content=\"https:\/\/artech-consulting.de\/aktuelles\/inside-artech\/klausurtagung-in-bergneustadt\/\" \/>\n<meta property=\"article:publisher\" content=\"https:\/\/www.facebook.com\/ARTECH-Consulting-GmbH-367676580239744\/\" \/>\n<meta property=\"article:modified_time\" content=\"2018-11-26T11:35:44+00:00\" \/>\n<meta name=\"twitter:card\" content=\"summary_large_image\" \/>\n<meta name=\"twitter:image\" content=\"https:\/\/artech-consulting.de\/wp-content\/uploads\/2017\/10\/IMG-20171001-WA0014.jpg\" \/>\n<meta name=\"twitter:label1\" content=\"Est. reading time\" \/>\n\t<meta name=\"twitter:data1\" content=\"4 minutes\" \/>\n<script type=\"application\/ld+json\" class=\"yoast-schema-graph\">{\"@context\":\"https:\/\/schema.org\",\"@graph\":[{\"@type\":\"WebPage\",\"@id\":\"https:\/\/artech-consulting.de\/aktuelles\/inside-artech\/klausurtagung-in-bergneustadt\/\",\"url\":\"https:\/\/artech-consulting.de\/aktuelles\/inside-artech\/klausurtagung-in-bergneustadt\/\",\"name\":\"Klausurtagung in Bergneustadt -\",\"isPartOf\":{\"@id\":\"https:\/\/artech-consulting.de\/#website\"},\"primaryImageOfPage\":{\"@id\":\"https:\/\/artech-consulting.de\/aktuelles\/inside-artech\/klausurtagung-in-bergneustadt\/#primaryimage\"},\"image\":{\"@id\":\"https:\/\/artech-consulting.de\/aktuelles\/inside-artech\/klausurtagung-in-bergneustadt\/#primaryimage\"},\"thumbnailUrl\":\"https:\/\/artech-consulting.de\/wp-content\/uploads\/2017\/10\/IMG-20171001-WA0014.jpg\",\"datePublished\":\"2017-10-05T07:31:17+00:00\",\"dateModified\":\"2018-11-26T11:35:44+00:00\",\"description\":\"{:de}Die j\u00e4hrliche Klausurtagung der ARTECH Consulting GmbH unter dem Motto \u201eCorporate Identity ARTECH (CIA)\u201c fand in diesem Jahr in Bergneustadt.{:}{:en}Die j\u00e4hrliche Klausurtagung der ARTECH Consulting GmbH unter dem Motto \u201eCorporate Identity ARTECH (CIA)\u201c fand in diesem Jahr in Bergneustadt.{:}\",\"breadcrumb\":{\"@id\":\"https:\/\/artech-consulting.de\/aktuelles\/inside-artech\/klausurtagung-in-bergneustadt\/#breadcrumb\"},\"inLanguage\":\"en-US\",\"potentialAction\":[{\"@type\":\"ReadAction\",\"target\":[\"https:\/\/artech-consulting.de\/aktuelles\/inside-artech\/klausurtagung-in-bergneustadt\/\"]}]},{\"@type\":\"ImageObject\",\"inLanguage\":\"en-US\",\"@id\":\"https:\/\/artech-consulting.de\/aktuelles\/inside-artech\/klausurtagung-in-bergneustadt\/#primaryimage\",\"url\":\"https:\/\/artech-consulting.de\/wp-content\/uploads\/2017\/10\/IMG-20171001-WA0014.jpg\",\"contentUrl\":\"https:\/\/artech-consulting.de\/wp-content\/uploads\/2017\/10\/IMG-20171001-WA0014.jpg\"},{\"@type\":\"BreadcrumbList\",\"@id\":\"https:\/\/artech-consulting.de\/aktuelles\/inside-artech\/klausurtagung-in-bergneustadt\/#breadcrumb\",\"itemListElement\":[{\"@type\":\"ListItem\",\"position\":1,\"name\":\"Home\",\"item\":\"https:\/\/artech-consulting.de\/\"},{\"@type\":\"ListItem\",\"position\":2,\"name\":\"Aktuelles\",\"item\":\"https:\/\/artech-consulting.de\/aktuelles\/\"},{\"@type\":\"ListItem\",\"position\":3,\"name\":\"Inside ARTECH\",\"item\":\"https:\/\/artech-consulting.de\/aktuelles\/inside-artech\/\"},{\"@type\":\"ListItem\",\"position\":4,\"name\":\"Klausurtagung in Bergneustadt\"}]},{\"@type\":\"WebSite\",\"@id\":\"https:\/\/artech-consulting.de\/#website\",\"url\":\"https:\/\/artech-consulting.de\/\",\"name\":\"\",\"description\":\"\",\"publisher\":{\"@id\":\"https:\/\/artech-consulting.de\/#organization\"},\"potentialAction\":[{\"@type\":\"SearchAction\",\"target\":{\"@type\":\"EntryPoint\",\"urlTemplate\":\"https:\/\/artech-consulting.de\/?s={search_term_string}\"},\"query-input\":{\"@type\":\"PropertyValueSpecification\",\"valueRequired\":true,\"valueName\":\"search_term_string\"}}],\"inLanguage\":\"en-US\"},{\"@type\":\"Organization\",\"@id\":\"https:\/\/artech-consulting.de\/#organization\",\"name\":\"Artecch Consulting\",\"url\":\"https:\/\/artech-consulting.de\/\",\"logo\":{\"@type\":\"ImageObject\",\"inLanguage\":\"en-US\",\"@id\":\"https:\/\/artech-consulting.de\/#\/schema\/logo\/image\/\",\"url\":\"https:\/\/artech-consulting.de\/wp-content\/uploads\/2015\/06\/cropped-ARTech_Logo_rgb_600frei.png\",\"contentUrl\":\"https:\/\/artech-consulting.de\/wp-content\/uploads\/2015\/06\/cropped-ARTech_Logo_rgb_600frei.png\",\"width\":6805,\"height\":1554,\"caption\":\"Artecch Consulting\"},\"image\":{\"@id\":\"https:\/\/artech-consulting.de\/#\/schema\/logo\/image\/\"},\"sameAs\":[\"https:\/\/www.facebook.com\/ARTECH-Consulting-GmbH-367676580239744\/\",\"https:\/\/www.linkedin.com\/company\/artech-consulting-gmbh?report_success=8jyhy2niUpAFvknlZbso8OXCShshmpUnzp3NjIJ2m7yhSVK6-d3cj9EZShsc4o_DdpkqGOtZmrfmVAwicnuvayqF\"]}]}<\/script>\n<!-- \/ Yoast SEO plugin. -->","yoast_head_json":{"title":"Klausurtagung in Bergneustadt -","description":"Die j\u00e4hrliche Klausurtagung der ARTECH Consulting GmbH unter dem Motto \u201eCorporate Identity ARTECH (CIA)\u201c fand in diesem Jahr in Bergneustadt.","robots":{"index":"index","follow":"follow","max-snippet":"max-snippet:-1","max-image-preview":"max-image-preview:large","max-video-preview":"max-video-preview:-1"},"canonical":"https:\/\/artech-consulting.de\/aktuelles\/inside-artech\/klausurtagung-in-bergneustadt\/","og_locale":"en_US","og_type":"article","og_title":"Klausurtagung in Bergneustadt","og_description":"Vom 29. September bis zum 01. Oktober 2017 fand die j\u00e4hrliche Klausurtagung der ARTECH Consulting GmbH unter dem Motto \u201eCorporate Identity ARTECH (CIA)\u201c statt. In diesem Jahr ging es bei der dreit\u00e4gigen Veranstaltung nach Bergneustadt.","og_url":"https:\/\/artech-consulting.de\/aktuelles\/inside-artech\/klausurtagung-in-bergneustadt\/","article_publisher":"https:\/\/www.facebook.com\/ARTECH-Consulting-GmbH-367676580239744\/","article_modified_time":"2018-11-26T11:35:44+00:00","twitter_card":"summary_large_image","twitter_image":"https:\/\/artech-consulting.de\/wp-content\/uploads\/2017\/10\/IMG-20171001-WA0014.jpg","twitter_misc":{"Est. reading time":"4 minutes"},"schema":{"@context":"https:\/\/schema.org","@graph":[{"@type":"WebPage","@id":"https:\/\/artech-consulting.de\/aktuelles\/inside-artech\/klausurtagung-in-bergneustadt\/","url":"https:\/\/artech-consulting.de\/aktuelles\/inside-artech\/klausurtagung-in-bergneustadt\/","name":"Klausurtagung in Bergneustadt -","isPartOf":{"@id":"https:\/\/artech-consulting.de\/#website"},"primaryImageOfPage":{"@id":"https:\/\/artech-consulting.de\/aktuelles\/inside-artech\/klausurtagung-in-bergneustadt\/#primaryimage"},"image":{"@id":"https:\/\/artech-consulting.de\/aktuelles\/inside-artech\/klausurtagung-in-bergneustadt\/#primaryimage"},"thumbnailUrl":"https:\/\/artech-consulting.de\/wp-content\/uploads\/2017\/10\/IMG-20171001-WA0014.jpg","datePublished":"2017-10-05T07:31:17+00:00","dateModified":"2018-11-26T11:35:44+00:00","description":"{:de}Die j\u00e4hrliche Klausurtagung der ARTECH Consulting GmbH unter dem Motto \u201eCorporate Identity ARTECH (CIA)\u201c fand in diesem Jahr in Bergneustadt.{:}{:en}Die j\u00e4hrliche Klausurtagung der ARTECH Consulting GmbH unter dem Motto \u201eCorporate Identity ARTECH (CIA)\u201c fand in diesem Jahr in Bergneustadt.{:}","breadcrumb":{"@id":"https:\/\/artech-consulting.de\/aktuelles\/inside-artech\/klausurtagung-in-bergneustadt\/#breadcrumb"},"inLanguage":"en-US","potentialAction":[{"@type":"ReadAction","target":["https:\/\/artech-consulting.de\/aktuelles\/inside-artech\/klausurtagung-in-bergneustadt\/"]}]},{"@type":"ImageObject","inLanguage":"en-US","@id":"https:\/\/artech-consulting.de\/aktuelles\/inside-artech\/klausurtagung-in-bergneustadt\/#primaryimage","url":"https:\/\/artech-consulting.de\/wp-content\/uploads\/2017\/10\/IMG-20171001-WA0014.jpg","contentUrl":"https:\/\/artech-consulting.de\/wp-content\/uploads\/2017\/10\/IMG-20171001-WA0014.jpg"},{"@type":"BreadcrumbList","@id":"https:\/\/artech-consulting.de\/aktuelles\/inside-artech\/klausurtagung-in-bergneustadt\/#breadcrumb","itemListElement":[{"@type":"ListItem","position":1,"name":"Home","item":"https:\/\/artech-consulting.de\/"},{"@type":"ListItem","position":2,"name":"Aktuelles","item":"https:\/\/artech-consulting.de\/aktuelles\/"},{"@type":"ListItem","position":3,"name":"Inside ARTECH","item":"https:\/\/artech-consulting.de\/aktuelles\/inside-artech\/"},{"@type":"ListItem","position":4,"name":"Klausurtagung in Bergneustadt"}]},{"@type":"WebSite","@id":"https:\/\/artech-consulting.de\/#website","url":"https:\/\/artech-consulting.de\/","name":"","description":"","publisher":{"@id":"https:\/\/artech-consulting.de\/#organization"},"potentialAction":[{"@type":"SearchAction","target":{"@type":"EntryPoint","urlTemplate":"https:\/\/artech-consulting.de\/?s={search_term_string}"},"query-input":{"@type":"PropertyValueSpecification","valueRequired":true,"valueName":"search_term_string"}}],"inLanguage":"en-US"},{"@type":"Organization","@id":"https:\/\/artech-consulting.de\/#organization","name":"Artecch Consulting","url":"https:\/\/artech-consulting.de\/","logo":{"@type":"ImageObject","inLanguage":"en-US","@id":"https:\/\/artech-consulting.de\/#\/schema\/logo\/image\/","url":"https:\/\/artech-consulting.de\/wp-content\/uploads\/2015\/06\/cropped-ARTech_Logo_rgb_600frei.png","contentUrl":"https:\/\/artech-consulting.de\/wp-content\/uploads\/2015\/06\/cropped-ARTech_Logo_rgb_600frei.png","width":6805,"height":1554,"caption":"Artecch Consulting"},"image":{"@id":"https:\/\/artech-consulting.de\/#\/schema\/logo\/image\/"},"sameAs":["https:\/\/www.facebook.com\/ARTECH-Consulting-GmbH-367676580239744\/","https:\/\/www.linkedin.com\/company\/artech-consulting-gmbh?report_success=8jyhy2niUpAFvknlZbso8OXCShshmpUnzp3NjIJ2m7yhSVK6-d3cj9EZShsc4o_DdpkqGOtZmrfmVAwicnuvayqF"]}]}},"_links":{"self":[{"href":"https:\/\/artech-consulting.de\/en\/wp-json\/wp\/v2\/pages\/3049"}],"collection":[{"href":"https:\/\/artech-consulting.de\/en\/wp-json\/wp\/v2\/pages"}],"about":[{"href":"https:\/\/artech-consulting.de\/en\/wp-json\/wp\/v2\/types\/page"}],"author":[{"embeddable":true,"href":"https:\/\/artech-consulting.de\/en\/wp-json\/wp\/v2\/users\/1"}],"replies":[{"embeddable":true,"href":"https:\/\/artech-consulting.de\/en\/wp-json\/wp\/v2\/comments?post=3049"}],"version-history":[{"count":11,"href":"https:\/\/artech-consulting.de\/en\/wp-json\/wp\/v2\/pages\/3049\/revisions"}],"predecessor-version":[{"id":3692,"href":"https:\/\/artech-consulting.de\/en\/wp-json\/wp\/v2\/pages\/3049\/revisions\/3692"}],"up":[{"embeddable":true,"href":"https:\/\/artech-consulting.de\/en\/wp-json\/wp\/v2\/pages\/4397"}],"wp:attachment":[{"href":"https:\/\/artech-consulting.de\/en\/wp-json\/wp\/v2\/media?parent=3049"}],"curies":[{"name":"wp","href":"https:\/\/api.w.org\/{rel}","templated":true}]}}