{"id":3123,"date":"2017-11-24T11:20:50","date_gmt":"2017-11-24T10:20:50","guid":{"rendered":"https:\/\/artech-consulting.de\/?page_id=3123"},"modified":"2018-11-15T11:22:19","modified_gmt":"2018-11-15T10:22:19","slug":"bildimpressionen-projekt-vorschule-fuer-heimkehrer","status":"publish","type":"page","link":"https:\/\/artech-consulting.de\/en\/unternehmen\/soziale-projekte\/projekt-vorschule-fuer-heimkehrer-in-sri-lanka\/bildimpressionen-projekt-vorschule-fuer-heimkehrer\/","title":{"rendered":"Bildimpressionen: Projekt \u201eVorschule f\u00fcr Heimkehrer\u201c"},"content":{"rendered":"<p><strong>Erste Bildimpressionen vom Projekt \u201eVorschule f\u00fcr Heimkehrer\u201c in Sri Lanka<\/strong><br \/>\n&nbsp;<br \/>\nEnde Juni 2017 haben wir dar\u00fcber berichtet, dass in Sri Lanka das Projekt <a href=\"https:\/\/artech-consulting.de\/unternehmen\/soziale-projekte\/projekt-vorschule-fuer-heimkehrer-in-sri-lanka\/\">\u201eVorschule f\u00fcr Heimkehrer\u201c<\/a> realisiert werden soll. Hintergrund des Projektes ist den damals vor dem B\u00fcrgerkrieg gefl\u00fcchteten Heimkehrern eine Bildung f\u00fcr ihre Kinder zu erm\u00f6glichen. Die Organisation German Charity Association (GCA) hat mit Unterst\u00fctzung der ARTECH Consulting GmbH eine Spendenaktion gestartet, um den Bau der Schule finanzieren zu k\u00f6nnen. Nun sind seither einige Wochen vergangen und nachdem erste Spenden eingegangen sind, wurde am 11. Oktober 2017 in der Nordprovinz von Sri Lanka mit dem Bau begonnen. Im Folgenden zeigen wir einige Bildimpressionen, um den Fortschritt des Projektes vorzustellen.<br \/>\n&nbsp;<br \/>\nAuf diesem Wege bedanken sich die <a href=\"https:\/\/artech-consulting.de\/unternehmen\/soziale-projekte\/gca\/\">GCA e.V.<\/a> und die ARTECH Consulting GmbH f\u00fcr bereits geleistete Hilfe und hoffen auf weitere Unterst\u00fctzung!<\/p>","protected":false},"excerpt":{"rendered":"<p>Erste Bildimpressionen vom Projekt \u201eVorschule f\u00fcr Heimkehrer\u201c in Sri Lanka &nbsp; Ende Juni 2017 haben wir dar\u00fcber berichtet, dass in Sri Lanka das Projekt \u201eVorschule f\u00fcr Heimkehrer\u201c realisiert werden soll. Hintergrund des Projektes ist den damals vor dem B\u00fcrgerkrieg gefl\u00fcchteten <a href=\"https:\/\/artech-consulting.de\/en\/unternehmen\/soziale-projekte\/projekt-vorschule-fuer-heimkehrer-in-sri-lanka\/bildimpressionen-projekt-vorschule-fuer-heimkehrer\/\" class=\"read-more\">Read More<\/a><\/p>\n","protected":false},"author":1,"featured_media":0,"parent":2916,"menu_order":0,"comment_status":"closed","ping_status":"closed","template":"","meta":{"footnotes":""},"yoast_head":"<!-- This site is optimized with the Yoast SEO plugin v23.5 - https:\/\/yoast.com\/wordpress\/plugins\/seo\/ -->\n<title>Bildimpressionen: Projekt \u201eVorschule f\u00fcr Heimkehrer\u201c -<\/title>\n<meta name=\"description\" content=\"Die GCA e.V. hat mit Unterst\u00fctzung der ARTECH Consulting GmbH am 11. Oktober 2017 in der Nordprovinz von Sri Lanka mit dem Bau der Vorschule begonnen.\" \/>\n<meta name=\"robots\" content=\"index, follow, max-snippet:-1, max-image-preview:large, max-video-preview:-1\" \/>\n<link rel=\"canonical\" href=\"https:\/\/artech-consulting.de\/unternehmen\/soziale-projekte\/projekt-vorschule-fuer-heimkehrer-in-sri-lanka\/bildimpressionen-projekt-vorschule-fuer-heimkehrer\/\" \/>\n<meta property=\"og:locale\" content=\"en_US\" \/>\n<meta property=\"og:type\" content=\"article\" \/>\n<meta property=\"og:title\" content=\"Erste Bildimpressionen des Projektes \u201eVorschule f\u00fcr Heimkehrer\u201c in Sri Lanka\" \/>\n<meta property=\"og:description\" content=\"Ende Juni 2017 haben wir noch dar\u00fcber berichtet, dass in Sri Lanka das Projekt realisiert werden soll. Nun hat die GCA e.V. mit Unterst\u00fctzung der ARTECH Consulting GmbH am 11. Oktober 2017 in der Nordprovinz von Sri Lanka mit dem Bau der Vorschule f\u00fcr die Kinder gefl\u00fcchteter Heimkehrer begonnen.\" \/>\n<meta property=\"og:url\" content=\"https:\/\/artech-consulting.de\/unternehmen\/soziale-projekte\/projekt-vorschule-fuer-heimkehrer-in-sri-lanka\/bildimpressionen-projekt-vorschule-fuer-heimkehrer\/\" \/>\n<meta property=\"article:publisher\" content=\"https:\/\/www.facebook.com\/ARTECH-Consulting-GmbH-367676580239744\/\" \/>\n<meta property=\"article:modified_time\" content=\"2018-11-15T10:22:19+00:00\" \/>\n<meta name=\"twitter:card\" content=\"summary_large_image\" \/>\n<meta name=\"twitter:image\" content=\"https:\/\/artech-consulting.de\/wp-content\/uploads\/2017\/11\/IMG-20171123-WA0007-150x150.jpg\" \/>\n<meta name=\"twitter:label1\" content=\"Est. reading time\" \/>\n\t<meta name=\"twitter:data1\" content=\"1 minute\" \/>\n<script type=\"application\/ld+json\" class=\"yoast-schema-graph\">{\"@context\":\"https:\/\/schema.org\",\"@graph\":[{\"@type\":\"WebPage\",\"@id\":\"https:\/\/artech-consulting.de\/unternehmen\/soziale-projekte\/projekt-vorschule-fuer-heimkehrer-in-sri-lanka\/bildimpressionen-projekt-vorschule-fuer-heimkehrer\/\",\"url\":\"https:\/\/artech-consulting.de\/unternehmen\/soziale-projekte\/projekt-vorschule-fuer-heimkehrer-in-sri-lanka\/bildimpressionen-projekt-vorschule-fuer-heimkehrer\/\",\"name\":\"Bildimpressionen: Projekt \u201eVorschule f\u00fcr Heimkehrer\u201c -\",\"isPartOf\":{\"@id\":\"https:\/\/artech-consulting.de\/#website\"},\"datePublished\":\"2017-11-24T10:20:50+00:00\",\"dateModified\":\"2018-11-15T10:22:19+00:00\",\"description\":\"Die GCA e.V. hat mit Unterst\u00fctzung der ARTECH Consulting GmbH am 11. Oktober 2017 in der Nordprovinz von Sri Lanka mit dem Bau der Vorschule begonnen.\",\"breadcrumb\":{\"@id\":\"https:\/\/artech-consulting.de\/unternehmen\/soziale-projekte\/projekt-vorschule-fuer-heimkehrer-in-sri-lanka\/bildimpressionen-projekt-vorschule-fuer-heimkehrer\/#breadcrumb\"},\"inLanguage\":\"en-US\",\"potentialAction\":[{\"@type\":\"ReadAction\",\"target\":[\"https:\/\/artech-consulting.de\/unternehmen\/soziale-projekte\/projekt-vorschule-fuer-heimkehrer-in-sri-lanka\/bildimpressionen-projekt-vorschule-fuer-heimkehrer\/\"]}]},{\"@type\":\"BreadcrumbList\",\"@id\":\"https:\/\/artech-consulting.de\/unternehmen\/soziale-projekte\/projekt-vorschule-fuer-heimkehrer-in-sri-lanka\/bildimpressionen-projekt-vorschule-fuer-heimkehrer\/#breadcrumb\",\"itemListElement\":[{\"@type\":\"ListItem\",\"position\":1,\"name\":\"Home\",\"item\":\"https:\/\/artech-consulting.de\/\"},{\"@type\":\"ListItem\",\"position\":2,\"name\":\"Unternehmen\",\"item\":\"https:\/\/artech-consulting.de\/unternehmen\/\"},{\"@type\":\"ListItem\",\"position\":3,\"name\":\"Soziale Projekte\",\"item\":\"https:\/\/artech-consulting.de\/unternehmen\/soziale-projekte\/\"},{\"@type\":\"ListItem\",\"position\":4,\"name\":\"Projekt \u201eVorschule f\u00fcr Heimkehrer\u201c in Sri Lanka\",\"item\":\"https:\/\/artech-consulting.de\/unternehmen\/soziale-projekte\/projekt-vorschule-fuer-heimkehrer-in-sri-lanka\/\"},{\"@type\":\"ListItem\",\"position\":5,\"name\":\"Bildimpressionen: Projekt \u201eVorschule f\u00fcr Heimkehrer\u201c\"}]},{\"@type\":\"WebSite\",\"@id\":\"https:\/\/artech-consulting.de\/#website\",\"url\":\"https:\/\/artech-consulting.de\/\",\"name\":\"\",\"description\":\"\",\"publisher\":{\"@id\":\"https:\/\/artech-consulting.de\/#organization\"},\"potentialAction\":[{\"@type\":\"SearchAction\",\"target\":{\"@type\":\"EntryPoint\",\"urlTemplate\":\"https:\/\/artech-consulting.de\/?s={search_term_string}\"},\"query-input\":{\"@type\":\"PropertyValueSpecification\",\"valueRequired\":true,\"valueName\":\"search_term_string\"}}],\"inLanguage\":\"en-US\"},{\"@type\":\"Organization\",\"@id\":\"https:\/\/artech-consulting.de\/#organization\",\"name\":\"Artecch Consulting\",\"url\":\"https:\/\/artech-consulting.de\/\",\"logo\":{\"@type\":\"ImageObject\",\"inLanguage\":\"en-US\",\"@id\":\"https:\/\/artech-consulting.de\/#\/schema\/logo\/image\/\",\"url\":\"https:\/\/artech-consulting.de\/wp-content\/uploads\/2015\/06\/cropped-ARTech_Logo_rgb_600frei.png\",\"contentUrl\":\"https:\/\/artech-consulting.de\/wp-content\/uploads\/2015\/06\/cropped-ARTech_Logo_rgb_600frei.png\",\"width\":6805,\"height\":1554,\"caption\":\"Artecch Consulting\"},\"image\":{\"@id\":\"https:\/\/artech-consulting.de\/#\/schema\/logo\/image\/\"},\"sameAs\":[\"https:\/\/www.facebook.com\/ARTECH-Consulting-GmbH-367676580239744\/\",\"https:\/\/www.linkedin.com\/company\/artech-consulting-gmbh?report_success=8jyhy2niUpAFvknlZbso8OXCShshmpUnzp3NjIJ2m7yhSVK6-d3cj9EZShsc4o_DdpkqGOtZmrfmVAwicnuvayqF\"]}]}<\/script>\n<!-- \/ Yoast SEO plugin. -->","yoast_head_json":{"title":"Bildimpressionen: Projekt \u201eVorschule f\u00fcr Heimkehrer\u201c -","description":"Die GCA e.V. hat mit Unterst\u00fctzung der ARTECH Consulting GmbH am 11. Oktober 2017 in der Nordprovinz von Sri Lanka mit dem Bau der Vorschule begonnen.","robots":{"index":"index","follow":"follow","max-snippet":"max-snippet:-1","max-image-preview":"max-image-preview:large","max-video-preview":"max-video-preview:-1"},"canonical":"https:\/\/artech-consulting.de\/unternehmen\/soziale-projekte\/projekt-vorschule-fuer-heimkehrer-in-sri-lanka\/bildimpressionen-projekt-vorschule-fuer-heimkehrer\/","og_locale":"en_US","og_type":"article","og_title":"Erste Bildimpressionen des Projektes \u201eVorschule f\u00fcr Heimkehrer\u201c in Sri Lanka","og_description":"Ende Juni 2017 haben wir noch dar\u00fcber berichtet, dass in Sri Lanka das Projekt realisiert werden soll. Nun hat die GCA e.V. mit Unterst\u00fctzung der ARTECH Consulting GmbH am 11. Oktober 2017 in der Nordprovinz von Sri Lanka mit dem Bau der Vorschule f\u00fcr die Kinder gefl\u00fcchteter Heimkehrer begonnen.","og_url":"https:\/\/artech-consulting.de\/unternehmen\/soziale-projekte\/projekt-vorschule-fuer-heimkehrer-in-sri-lanka\/bildimpressionen-projekt-vorschule-fuer-heimkehrer\/","article_publisher":"https:\/\/www.facebook.com\/ARTECH-Consulting-GmbH-367676580239744\/","article_modified_time":"2018-11-15T10:22:19+00:00","twitter_card":"summary_large_image","twitter_image":"https:\/\/artech-consulting.de\/wp-content\/uploads\/2017\/11\/IMG-20171123-WA0007-150x150.jpg","twitter_misc":{"Est. reading time":"1 minute"},"schema":{"@context":"https:\/\/schema.org","@graph":[{"@type":"WebPage","@id":"https:\/\/artech-consulting.de\/unternehmen\/soziale-projekte\/projekt-vorschule-fuer-heimkehrer-in-sri-lanka\/bildimpressionen-projekt-vorschule-fuer-heimkehrer\/","url":"https:\/\/artech-consulting.de\/unternehmen\/soziale-projekte\/projekt-vorschule-fuer-heimkehrer-in-sri-lanka\/bildimpressionen-projekt-vorschule-fuer-heimkehrer\/","name":"Bildimpressionen: Projekt \u201eVorschule f\u00fcr Heimkehrer\u201c -","isPartOf":{"@id":"https:\/\/artech-consulting.de\/#website"},"datePublished":"2017-11-24T10:20:50+00:00","dateModified":"2018-11-15T10:22:19+00:00","description":"Die GCA e.V. hat mit Unterst\u00fctzung der ARTECH Consulting GmbH am 11. Oktober 2017 in der Nordprovinz von Sri Lanka mit dem Bau der Vorschule begonnen.","breadcrumb":{"@id":"https:\/\/artech-consulting.de\/unternehmen\/soziale-projekte\/projekt-vorschule-fuer-heimkehrer-in-sri-lanka\/bildimpressionen-projekt-vorschule-fuer-heimkehrer\/#breadcrumb"},"inLanguage":"en-US","potentialAction":[{"@type":"ReadAction","target":["https:\/\/artech-consulting.de\/unternehmen\/soziale-projekte\/projekt-vorschule-fuer-heimkehrer-in-sri-lanka\/bildimpressionen-projekt-vorschule-fuer-heimkehrer\/"]}]},{"@type":"BreadcrumbList","@id":"https:\/\/artech-consulting.de\/unternehmen\/soziale-projekte\/projekt-vorschule-fuer-heimkehrer-in-sri-lanka\/bildimpressionen-projekt-vorschule-fuer-heimkehrer\/#breadcrumb","itemListElement":[{"@type":"ListItem","position":1,"name":"Home","item":"https:\/\/artech-consulting.de\/"},{"@type":"ListItem","position":2,"name":"Unternehmen","item":"https:\/\/artech-consulting.de\/unternehmen\/"},{"@type":"ListItem","position":3,"name":"Soziale Projekte","item":"https:\/\/artech-consulting.de\/unternehmen\/soziale-projekte\/"},{"@type":"ListItem","position":4,"name":"Projekt \u201eVorschule f\u00fcr Heimkehrer\u201c in Sri Lanka","item":"https:\/\/artech-consulting.de\/unternehmen\/soziale-projekte\/projekt-vorschule-fuer-heimkehrer-in-sri-lanka\/"},{"@type":"ListItem","position":5,"name":"Bildimpressionen: Projekt \u201eVorschule f\u00fcr Heimkehrer\u201c"}]},{"@type":"WebSite","@id":"https:\/\/artech-consulting.de\/#website","url":"https:\/\/artech-consulting.de\/","name":"","description":"","publisher":{"@id":"https:\/\/artech-consulting.de\/#organization"},"potentialAction":[{"@type":"SearchAction","target":{"@type":"EntryPoint","urlTemplate":"https:\/\/artech-consulting.de\/?s={search_term_string}"},"query-input":{"@type":"PropertyValueSpecification","valueRequired":true,"valueName":"search_term_string"}}],"inLanguage":"en-US"},{"@type":"Organization","@id":"https:\/\/artech-consulting.de\/#organization","name":"Artecch Consulting","url":"https:\/\/artech-consulting.de\/","logo":{"@type":"ImageObject","inLanguage":"en-US","@id":"https:\/\/artech-consulting.de\/#\/schema\/logo\/image\/","url":"https:\/\/artech-consulting.de\/wp-content\/uploads\/2015\/06\/cropped-ARTech_Logo_rgb_600frei.png","contentUrl":"https:\/\/artech-consulting.de\/wp-content\/uploads\/2015\/06\/cropped-ARTech_Logo_rgb_600frei.png","width":6805,"height":1554,"caption":"Artecch Consulting"},"image":{"@id":"https:\/\/artech-consulting.de\/#\/schema\/logo\/image\/"},"sameAs":["https:\/\/www.facebook.com\/ARTECH-Consulting-GmbH-367676580239744\/","https:\/\/www.linkedin.com\/company\/artech-consulting-gmbh?report_success=8jyhy2niUpAFvknlZbso8OXCShshmpUnzp3NjIJ2m7yhSVK6-d3cj9EZShsc4o_DdpkqGOtZmrfmVAwicnuvayqF"]}]}},"_links":{"self":[{"href":"https:\/\/artech-consulting.de\/en\/wp-json\/wp\/v2\/pages\/3123"}],"collection":[{"href":"https:\/\/artech-consulting.de\/en\/wp-json\/wp\/v2\/pages"}],"about":[{"href":"https:\/\/artech-consulting.de\/en\/wp-json\/wp\/v2\/types\/page"}],"author":[{"embeddable":true,"href":"https:\/\/artech-consulting.de\/en\/wp-json\/wp\/v2\/users\/1"}],"replies":[{"embeddable":true,"href":"https:\/\/artech-consulting.de\/en\/wp-json\/wp\/v2\/comments?post=3123"}],"version-history":[{"count":10,"href":"https:\/\/artech-consulting.de\/en\/wp-json\/wp\/v2\/pages\/3123\/revisions"}],"predecessor-version":[{"id":3153,"href":"https:\/\/artech-consulting.de\/en\/wp-json\/wp\/v2\/pages\/3123\/revisions\/3153"}],"up":[{"embeddable":true,"href":"https:\/\/artech-consulting.de\/en\/wp-json\/wp\/v2\/pages\/2916"}],"wp:attachment":[{"href":"https:\/\/artech-consulting.de\/en\/wp-json\/wp\/v2\/media?parent=3123"}],"curies":[{"name":"wp","href":"https:\/\/api.w.org\/{rel}","templated":true}]}}