{"id":3189,"date":"2018-01-24T12:34:40","date_gmt":"2018-01-24T11:34:40","guid":{"rendered":"https:\/\/artech-consulting.de\/?page_id=3189"},"modified":"2018-11-26T12:42:03","modified_gmt":"2018-11-26T11:42:03","slug":"social-collaboration","status":"publish","type":"page","link":"https:\/\/artech-consulting.de\/en\/aktuelles\/wussten-sie-schon-2\/social-collaboration\/","title":{"rendered":"Social Collaboration"},"content":{"rendered":"<p><strong>Social Collaboration \u2013 Vernetzte Zusammenarbeit als Zukunftsmodell?<\/strong><br \/>\n&nbsp;<br \/>\nOb Facebook, Twitter, YouTube oder Xing &#8211; Arbeitsprozesse nach den Prinzipien sozialer Netzwerke kommen bei vielen Unternehmen zunehmend in Mode. In der Folge sehen sich Firmen gerne als &#8216;Social Company&#8217; und machen sich die Vorz\u00fcge der Social Collaboration zu eigen. Allerdings darf dieser Arbeitsablauf keinesfalls eingleisig auf technischer Ebene erfolgen. Denn technische Implementierung allein kann die Voraussetzungen der Social Collaboration nicht erf\u00fcllen.<br \/>\n&nbsp;<br \/>\nDer Begriff Social Collaboration steht f\u00fcr die vernetzte Zusammenarbeit von Menschen in Projekten oder Gruppen entlang der Wertsch\u00f6pfungskette, welche durch die Nutzung moderner Technologien m\u00f6glich wird. Dabei spielen nicht nur rein technische Themen wie die Anwendung spezifischer Kommunikationskan\u00e4le eine Rolle. Immer st\u00e4rker in den Vordergrund dr\u00e4ngt sich der Gedanke eines Ablaufs, der eine soziokulturelle Entwicklung des Kommunikationsverhaltens und die Arbeitsweise der Gruppenmitglieder bei gemeinsamen Projekten umfasst. Mit dem gezielten Einsatz etablierter Tools sollen Innovationsprozesse beschleunigt und Kommunikation vorangetrieben werden.<br \/>\n&nbsp;<br \/>\nEntstanden ist dieser Gedanke in der F\u00fclle von Ma\u00dfnahmen zur digitalisierten Zusammenarbeit zeitlich und r\u00e4umlich getrennter Gruppen. Dabei k\u00f6nnen E-Learning Plattformen wie beispielsweise Moodle als Vorreiter einer Social Collaboration gesehen werden, da diese viele verschiedene Lernwerkzeuge mit einem einzigen Zugang erreichbar machten. Auf diese Weise wurden insbesondere das gemeinsame Arbeiten und Lernen im virtuellen Raum realer.<br \/>\n&nbsp;<br \/>\nDadurch etablierte sich im Laufe der Zeit der Prozess der Social Collaboration in der Wirtschaftswelt und so setzen aktuell insbesondere die Werkzeug-, Fahrzeug- und Maschinenbaubranchen diese Arbeitsweise gewinnorientiert ein. Denn auf einer Arbeits- und Projektplattform liegt das Hauptaugenmerk auf der Zusammenarbeit an einem spezifischen Projekt. Auch organisationsexterne Personen k\u00f6nnen so in den Arbeitsprozess involviert werden und erm\u00f6glichen auf diese Weise einen Austausch zwischen verschiedenen Organisationen, die gemeinsam an einem Projekt arbeiten. Nach Abschluss eines Projektes haben Firmen dar\u00fcber hinaus die M\u00f6glichkeit die jeweilige Arbeits- und Projektplattform weiter als Social-Collaboration-Tool f\u00fcr neue Aufgaben zu nutzen, wodurch das eingesetzte Werkzeug einen nachhaltigen Charakter innerhalb des Unternehmens erh\u00e4lt.<br \/>\n&nbsp;<br \/>\nAufgrund dieser Nachhaltigkeit der Social Collaboration ist anzunehmen, dass in Zeiten der immer st\u00e4rker wachsenden Bedeutung der Digitalisierung und der damit einhergehenden Vernetzung von Arbeitsstrukturen die Wirtschaftswelt weiter in soziale Technologien investieren wird, mit der Hoffnung auf Gewinnmaximierung und einer Verbesserung der Unternehmenskultur sowie -kommunikation.<\/p>","protected":false},"excerpt":{"rendered":"<p>Social Collaboration \u2013 Vernetzte Zusammenarbeit als Zukunftsmodell? &nbsp; Ob Facebook, Twitter, YouTube oder Xing &#8211; Arbeitsprozesse nach den Prinzipien sozialer Netzwerke kommen bei vielen Unternehmen zunehmend in Mode. In der Folge sehen sich Firmen gerne als &#8216;Social Company&#8217; und machen <a href=\"https:\/\/artech-consulting.de\/en\/aktuelles\/wussten-sie-schon-2\/social-collaboration\/\" class=\"read-more\">Read More<\/a><\/p>\n","protected":false},"author":1,"featured_media":0,"parent":4507,"menu_order":0,"comment_status":"closed","ping_status":"closed","template":"","meta":{"footnotes":""},"yoast_head":"<!-- This site is optimized with the Yoast SEO plugin v23.5 - https:\/\/yoast.com\/wordpress\/plugins\/seo\/ -->\n<title>Social Collaboration -<\/title>\n<meta name=\"description\" content=\"Social Collaboration steht f\u00fcr die vernetzte Zusammenarbeit von Menschen in Projekten, welche durch die Nutzung moderner Technologien m\u00f6glich wird.\" \/>\n<meta name=\"robots\" content=\"index, follow, max-snippet:-1, max-image-preview:large, max-video-preview:-1\" \/>\n<link rel=\"canonical\" href=\"https:\/\/artech-consulting.de\/aktuelles\/wussten-sie-schon-2\/social-collaboration\/\" \/>\n<meta property=\"og:locale\" content=\"en_US\" \/>\n<meta property=\"og:type\" content=\"article\" \/>\n<meta property=\"og:title\" content=\"Social Collaboration \u2013 Vernetzte Zusammenarbeit als Zukunftsmodell?\" \/>\n<meta property=\"og:description\" content=\"In Zeiten des digitalen Wandels verlagern sich die Arbeitsprozesse in der Wirtschaftswelt zunehmend auf die digitale Ebene und die Unternehmen richten sich nach den Prinzipien der sozialen Medien. Die Akteure bedienen sich dabei an den Vorteilen der Social Collaboration, mit der Hoffnung, durch vernetzte Zusammenarbeit an Projekten mit gezielt eingesetzten Tools, Gesch\u00e4ftsprozesse zu optimieren.\" \/>\n<meta property=\"og:url\" content=\"https:\/\/artech-consulting.de\/aktuelles\/wussten-sie-schon-2\/social-collaboration\/\" \/>\n<meta property=\"article:publisher\" content=\"https:\/\/www.facebook.com\/ARTECH-Consulting-GmbH-367676580239744\/\" \/>\n<meta property=\"article:modified_time\" content=\"2018-11-26T11:42:03+00:00\" \/>\n<meta name=\"twitter:card\" content=\"summary_large_image\" \/>\n<meta name=\"twitter:label1\" content=\"Est. reading time\" \/>\n\t<meta name=\"twitter:data1\" content=\"4 minutes\" \/>\n<script type=\"application\/ld+json\" class=\"yoast-schema-graph\">{\"@context\":\"https:\/\/schema.org\",\"@graph\":[{\"@type\":\"WebPage\",\"@id\":\"https:\/\/artech-consulting.de\/aktuelles\/wussten-sie-schon-2\/social-collaboration\/\",\"url\":\"https:\/\/artech-consulting.de\/aktuelles\/wussten-sie-schon-2\/social-collaboration\/\",\"name\":\"Social Collaboration -\",\"isPartOf\":{\"@id\":\"https:\/\/artech-consulting.de\/#website\"},\"datePublished\":\"2018-01-24T11:34:40+00:00\",\"dateModified\":\"2018-11-26T11:42:03+00:00\",\"description\":\"Social Collaboration steht f\u00fcr die vernetzte Zusammenarbeit von Menschen in Projekten, welche durch die Nutzung moderner Technologien m\u00f6glich wird.\",\"breadcrumb\":{\"@id\":\"https:\/\/artech-consulting.de\/aktuelles\/wussten-sie-schon-2\/social-collaboration\/#breadcrumb\"},\"inLanguage\":\"en-US\",\"potentialAction\":[{\"@type\":\"ReadAction\",\"target\":[\"https:\/\/artech-consulting.de\/aktuelles\/wussten-sie-schon-2\/social-collaboration\/\"]}]},{\"@type\":\"BreadcrumbList\",\"@id\":\"https:\/\/artech-consulting.de\/aktuelles\/wussten-sie-schon-2\/social-collaboration\/#breadcrumb\",\"itemListElement\":[{\"@type\":\"ListItem\",\"position\":1,\"name\":\"Home\",\"item\":\"https:\/\/artech-consulting.de\/\"},{\"@type\":\"ListItem\",\"position\":2,\"name\":\"Aktuelles\",\"item\":\"https:\/\/artech-consulting.de\/aktuelles\/\"},{\"@type\":\"ListItem\",\"position\":3,\"name\":\"Wissen &#038; Impulse\",\"item\":\"https:\/\/artech-consulting.de\/aktuelles\/wussten-sie-schon-2\/\"},{\"@type\":\"ListItem\",\"position\":4,\"name\":\"Social Collaboration\"}]},{\"@type\":\"WebSite\",\"@id\":\"https:\/\/artech-consulting.de\/#website\",\"url\":\"https:\/\/artech-consulting.de\/\",\"name\":\"\",\"description\":\"\",\"publisher\":{\"@id\":\"https:\/\/artech-consulting.de\/#organization\"},\"potentialAction\":[{\"@type\":\"SearchAction\",\"target\":{\"@type\":\"EntryPoint\",\"urlTemplate\":\"https:\/\/artech-consulting.de\/?s={search_term_string}\"},\"query-input\":{\"@type\":\"PropertyValueSpecification\",\"valueRequired\":true,\"valueName\":\"search_term_string\"}}],\"inLanguage\":\"en-US\"},{\"@type\":\"Organization\",\"@id\":\"https:\/\/artech-consulting.de\/#organization\",\"name\":\"Artecch Consulting\",\"url\":\"https:\/\/artech-consulting.de\/\",\"logo\":{\"@type\":\"ImageObject\",\"inLanguage\":\"en-US\",\"@id\":\"https:\/\/artech-consulting.de\/#\/schema\/logo\/image\/\",\"url\":\"https:\/\/artech-consulting.de\/wp-content\/uploads\/2015\/06\/cropped-ARTech_Logo_rgb_600frei.png\",\"contentUrl\":\"https:\/\/artech-consulting.de\/wp-content\/uploads\/2015\/06\/cropped-ARTech_Logo_rgb_600frei.png\",\"width\":6805,\"height\":1554,\"caption\":\"Artecch Consulting\"},\"image\":{\"@id\":\"https:\/\/artech-consulting.de\/#\/schema\/logo\/image\/\"},\"sameAs\":[\"https:\/\/www.facebook.com\/ARTECH-Consulting-GmbH-367676580239744\/\",\"https:\/\/www.linkedin.com\/company\/artech-consulting-gmbh?report_success=8jyhy2niUpAFvknlZbso8OXCShshmpUnzp3NjIJ2m7yhSVK6-d3cj9EZShsc4o_DdpkqGOtZmrfmVAwicnuvayqF\"]}]}<\/script>\n<!-- \/ Yoast SEO plugin. -->","yoast_head_json":{"title":"Social Collaboration -","description":"Social Collaboration steht f\u00fcr die vernetzte Zusammenarbeit von Menschen in Projekten, welche durch die Nutzung moderner Technologien m\u00f6glich wird.","robots":{"index":"index","follow":"follow","max-snippet":"max-snippet:-1","max-image-preview":"max-image-preview:large","max-video-preview":"max-video-preview:-1"},"canonical":"https:\/\/artech-consulting.de\/aktuelles\/wussten-sie-schon-2\/social-collaboration\/","og_locale":"en_US","og_type":"article","og_title":"Social Collaboration \u2013 Vernetzte Zusammenarbeit als Zukunftsmodell?","og_description":"In Zeiten des digitalen Wandels verlagern sich die Arbeitsprozesse in der Wirtschaftswelt zunehmend auf die digitale Ebene und die Unternehmen richten sich nach den Prinzipien der sozialen Medien. Die Akteure bedienen sich dabei an den Vorteilen der Social Collaboration, mit der Hoffnung, durch vernetzte Zusammenarbeit an Projekten mit gezielt eingesetzten Tools, Gesch\u00e4ftsprozesse zu optimieren.","og_url":"https:\/\/artech-consulting.de\/aktuelles\/wussten-sie-schon-2\/social-collaboration\/","article_publisher":"https:\/\/www.facebook.com\/ARTECH-Consulting-GmbH-367676580239744\/","article_modified_time":"2018-11-26T11:42:03+00:00","twitter_card":"summary_large_image","twitter_misc":{"Est. reading time":"4 minutes"},"schema":{"@context":"https:\/\/schema.org","@graph":[{"@type":"WebPage","@id":"https:\/\/artech-consulting.de\/aktuelles\/wussten-sie-schon-2\/social-collaboration\/","url":"https:\/\/artech-consulting.de\/aktuelles\/wussten-sie-schon-2\/social-collaboration\/","name":"Social Collaboration -","isPartOf":{"@id":"https:\/\/artech-consulting.de\/#website"},"datePublished":"2018-01-24T11:34:40+00:00","dateModified":"2018-11-26T11:42:03+00:00","description":"Social Collaboration steht f\u00fcr die vernetzte Zusammenarbeit von Menschen in Projekten, welche durch die Nutzung moderner Technologien m\u00f6glich wird.","breadcrumb":{"@id":"https:\/\/artech-consulting.de\/aktuelles\/wussten-sie-schon-2\/social-collaboration\/#breadcrumb"},"inLanguage":"en-US","potentialAction":[{"@type":"ReadAction","target":["https:\/\/artech-consulting.de\/aktuelles\/wussten-sie-schon-2\/social-collaboration\/"]}]},{"@type":"BreadcrumbList","@id":"https:\/\/artech-consulting.de\/aktuelles\/wussten-sie-schon-2\/social-collaboration\/#breadcrumb","itemListElement":[{"@type":"ListItem","position":1,"name":"Home","item":"https:\/\/artech-consulting.de\/"},{"@type":"ListItem","position":2,"name":"Aktuelles","item":"https:\/\/artech-consulting.de\/aktuelles\/"},{"@type":"ListItem","position":3,"name":"Wissen &#038; Impulse","item":"https:\/\/artech-consulting.de\/aktuelles\/wussten-sie-schon-2\/"},{"@type":"ListItem","position":4,"name":"Social Collaboration"}]},{"@type":"WebSite","@id":"https:\/\/artech-consulting.de\/#website","url":"https:\/\/artech-consulting.de\/","name":"","description":"","publisher":{"@id":"https:\/\/artech-consulting.de\/#organization"},"potentialAction":[{"@type":"SearchAction","target":{"@type":"EntryPoint","urlTemplate":"https:\/\/artech-consulting.de\/?s={search_term_string}"},"query-input":{"@type":"PropertyValueSpecification","valueRequired":true,"valueName":"search_term_string"}}],"inLanguage":"en-US"},{"@type":"Organization","@id":"https:\/\/artech-consulting.de\/#organization","name":"Artecch Consulting","url":"https:\/\/artech-consulting.de\/","logo":{"@type":"ImageObject","inLanguage":"en-US","@id":"https:\/\/artech-consulting.de\/#\/schema\/logo\/image\/","url":"https:\/\/artech-consulting.de\/wp-content\/uploads\/2015\/06\/cropped-ARTech_Logo_rgb_600frei.png","contentUrl":"https:\/\/artech-consulting.de\/wp-content\/uploads\/2015\/06\/cropped-ARTech_Logo_rgb_600frei.png","width":6805,"height":1554,"caption":"Artecch Consulting"},"image":{"@id":"https:\/\/artech-consulting.de\/#\/schema\/logo\/image\/"},"sameAs":["https:\/\/www.facebook.com\/ARTECH-Consulting-GmbH-367676580239744\/","https:\/\/www.linkedin.com\/company\/artech-consulting-gmbh?report_success=8jyhy2niUpAFvknlZbso8OXCShshmpUnzp3NjIJ2m7yhSVK6-d3cj9EZShsc4o_DdpkqGOtZmrfmVAwicnuvayqF"]}]}},"_links":{"self":[{"href":"https:\/\/artech-consulting.de\/en\/wp-json\/wp\/v2\/pages\/3189"}],"collection":[{"href":"https:\/\/artech-consulting.de\/en\/wp-json\/wp\/v2\/pages"}],"about":[{"href":"https:\/\/artech-consulting.de\/en\/wp-json\/wp\/v2\/types\/page"}],"author":[{"embeddable":true,"href":"https:\/\/artech-consulting.de\/en\/wp-json\/wp\/v2\/users\/1"}],"replies":[{"embeddable":true,"href":"https:\/\/artech-consulting.de\/en\/wp-json\/wp\/v2\/comments?post=3189"}],"version-history":[{"count":4,"href":"https:\/\/artech-consulting.de\/en\/wp-json\/wp\/v2\/pages\/3189\/revisions"}],"predecessor-version":[{"id":3192,"href":"https:\/\/artech-consulting.de\/en\/wp-json\/wp\/v2\/pages\/3189\/revisions\/3192"}],"up":[{"embeddable":true,"href":"https:\/\/artech-consulting.de\/en\/wp-json\/wp\/v2\/pages\/4507"}],"wp:attachment":[{"href":"https:\/\/artech-consulting.de\/en\/wp-json\/wp\/v2\/media?parent=3189"}],"curies":[{"name":"wp","href":"https:\/\/api.w.org\/{rel}","templated":true}]}}