{"id":3361,"date":"2018-04-25T13:29:22","date_gmt":"2018-04-25T11:29:22","guid":{"rendered":"https:\/\/artech-consulting.de\/?page_id=3361"},"modified":"2018-11-26T12:34:11","modified_gmt":"2018-11-26T11:34:11","slug":"artech-coaching-besuch-von-buergermeister-zimmermann","status":"publish","type":"page","link":"https:\/\/artech-consulting.de\/en\/aktuelles\/inside-artech\/artech-coaching-besuch-von-buergermeister-zimmermann\/","title":{"rendered":"ARTECH Coaching \u2013 Besuch von B\u00fcrgermeister Zimmermann aus Monheim"},"content":{"rendered":"<p><strong>ARTECH Coaching \u2013 Besuch von B\u00fcrgermeister Zimmermann aus Monheim<\/strong><br \/>\n&nbsp;<\/p>\n<p>Am Dienstag, den 24. April 2018, war Monheims B\u00fcrgermeister Daniel Zimmermann am sp\u00e4ten Nachmittag zu Gast. Die Qualifizierungsma\u00dfnahme l\u00e4uft inzwischen seit sechs Wochen und zu diesem Anlass besuchte der junge B\u00fcrgermeister gemeinsam mit Marx die ARTECH Consulting GmbH, um einen ersten pers\u00f6nlichen Eindruck vom Pilotprojekt \u201eARTECH Coaching\u201c zu erhalten. Die Stadt Monheim ist zusammen mit dem beratungscentrum e.V. und der Kompuls GbR Kooperationspartner der ARTECH Consulting GmbH f\u00fcr die Qualifizierungsma\u00dfnahme.<br \/>\n&nbsp;<br \/>\nBei der Begegnung im Schulungsraum stellten sich die Projektteilnehmer einzeln vor und bedankten sich f\u00fcr die berufliche Chance, die Ihnen durch \u201eARTECH Coaching\u201c gegeben wird. Danach \u00fcbernahm Gesch\u00e4ftsf\u00fchrer Amaniyel Arslan das Wort und berichtete, dass \u201eneben dem Hauptaugenmerk auf CAD-Software auch Schulungen zur Technischen Zeichnung und Word- sowie PowerPoint-Kurse\u201c gegeben werden. Auf diese Weise k\u00f6nnen die Teilnehmer unter anderem im PowerPoint-Kurs Pr\u00e4sentationen vorbereiten sowie vortragen, wodurch Sie Ihre Sprachkenntnisse vertiefen. Anschlie\u00dfend zeigten die Teilnehmer ihre angeeigneten F\u00e4higkeiten im Umgang mit der CAD-Software und den damit verbundenen enormen Fortschritten innerhalb k\u00fcrzester Zeit.<br \/>\n&nbsp;<br \/>\nNach dem ersten Austausch mit den Projektteilnehmern f\u00fchrte B\u00fcrgermeister Daniel Zimmermann im Anschluss ein Gespr\u00e4ch mit Gesch\u00e4ftsf\u00fchrer Amaniyel Arslan. Zum Ende des Besuches wurde noch gemeinsam gegrillt, wobei sich das ARTECH-Team, die Projektteilnehmer sowie der B\u00fcrgermeister intensiv austauschten.<\/p>","protected":false},"excerpt":{"rendered":"<p>ARTECH Coaching \u2013 Besuch von B\u00fcrgermeister Zimmermann aus Monheim &nbsp; Am Dienstag, den 24. April 2018, war Monheims B\u00fcrgermeister Daniel Zimmermann am sp\u00e4ten Nachmittag zu Gast. Die Qualifizierungsma\u00dfnahme l\u00e4uft inzwischen seit sechs Wochen und zu diesem Anlass besuchte der junge <a href=\"https:\/\/artech-consulting.de\/en\/aktuelles\/inside-artech\/artech-coaching-besuch-von-buergermeister-zimmermann\/\" class=\"read-more\">Read More<\/a><\/p>\n","protected":false},"author":1,"featured_media":0,"parent":4397,"menu_order":0,"comment_status":"closed","ping_status":"closed","template":"","meta":{"footnotes":""},"yoast_head":"<!-- This site is optimized with the Yoast SEO plugin v23.5 - https:\/\/yoast.com\/wordpress\/plugins\/seo\/ -->\n<title>ARTECH Coaching \u2013 Besuch von B\u00fcrgermeister Zimmermann aus Monheim -<\/title>\n<meta name=\"description\" content=\"Monheims B\u00fcrgermeister Daniel Zimmermann verschaffte sich bei seinem Besuch einen Eindruck vom vor sechs Wochen gestarteten Pilotprojekt \u201eARTECH Coaching\u201c.\" \/>\n<meta name=\"robots\" content=\"index, follow, max-snippet:-1, max-image-preview:large, max-video-preview:-1\" \/>\n<link rel=\"canonical\" href=\"https:\/\/artech-consulting.de\/aktuelles\/inside-artech\/artech-coaching-besuch-von-buergermeister-zimmermann\/\" \/>\n<meta property=\"og:locale\" content=\"en_US\" \/>\n<meta property=\"og:type\" content=\"article\" \/>\n<meta property=\"og:title\" content=\"&#039;ARTECH Coaching&#039; \u2013 Monheims B\u00fcrgermeister Zimmermann zu Gast\" \/>\n<meta property=\"og:description\" content=\"Am 24. April 2018 empfing die ARTECH Consulting GmbH Monheims B\u00fcrgermeister Daniel Zimmermann im K\u00f6lner Office. Anlass war das vor sechs Wochen gestartete Pilotprojekt &#039;ARTECH Coaching&#039;.\" \/>\n<meta property=\"og:url\" content=\"https:\/\/artech-consulting.de\/aktuelles\/inside-artech\/artech-coaching-besuch-von-buergermeister-zimmermann\/\" \/>\n<meta property=\"article:publisher\" content=\"https:\/\/www.facebook.com\/ARTECH-Consulting-GmbH-367676580239744\/\" \/>\n<meta property=\"article:modified_time\" content=\"2018-11-26T11:34:11+00:00\" \/>\n<meta name=\"twitter:card\" content=\"summary_large_image\" \/>\n<meta name=\"twitter:image\" content=\"https:\/\/artech-consulting.de\/wp-content\/uploads\/2018\/04\/MonheimBesuch.jpg\" \/>\n<meta name=\"twitter:label1\" content=\"Est. reading time\" \/>\n\t<meta name=\"twitter:data1\" content=\"3 minutes\" \/>\n<script type=\"application\/ld+json\" class=\"yoast-schema-graph\">{\"@context\":\"https:\/\/schema.org\",\"@graph\":[{\"@type\":\"WebPage\",\"@id\":\"https:\/\/artech-consulting.de\/aktuelles\/inside-artech\/artech-coaching-besuch-von-buergermeister-zimmermann\/\",\"url\":\"https:\/\/artech-consulting.de\/aktuelles\/inside-artech\/artech-coaching-besuch-von-buergermeister-zimmermann\/\",\"name\":\"ARTECH Coaching \u2013 Besuch von B\u00fcrgermeister Zimmermann aus Monheim -\",\"isPartOf\":{\"@id\":\"https:\/\/artech-consulting.de\/#website\"},\"primaryImageOfPage\":{\"@id\":\"https:\/\/artech-consulting.de\/aktuelles\/inside-artech\/artech-coaching-besuch-von-buergermeister-zimmermann\/#primaryimage\"},\"image\":{\"@id\":\"https:\/\/artech-consulting.de\/aktuelles\/inside-artech\/artech-coaching-besuch-von-buergermeister-zimmermann\/#primaryimage\"},\"thumbnailUrl\":\"https:\/\/artech-consulting.de\/wp-content\/uploads\/2018\/04\/MonheimBesuch.jpg\",\"datePublished\":\"2018-04-25T11:29:22+00:00\",\"dateModified\":\"2018-11-26T11:34:11+00:00\",\"description\":\"Monheims B\u00fcrgermeister Daniel Zimmermann verschaffte sich bei seinem Besuch einen Eindruck vom vor sechs Wochen gestarteten Pilotprojekt \u201eARTECH Coaching\u201c.\",\"breadcrumb\":{\"@id\":\"https:\/\/artech-consulting.de\/aktuelles\/inside-artech\/artech-coaching-besuch-von-buergermeister-zimmermann\/#breadcrumb\"},\"inLanguage\":\"en-US\",\"potentialAction\":[{\"@type\":\"ReadAction\",\"target\":[\"https:\/\/artech-consulting.de\/aktuelles\/inside-artech\/artech-coaching-besuch-von-buergermeister-zimmermann\/\"]}]},{\"@type\":\"ImageObject\",\"inLanguage\":\"en-US\",\"@id\":\"https:\/\/artech-consulting.de\/aktuelles\/inside-artech\/artech-coaching-besuch-von-buergermeister-zimmermann\/#primaryimage\",\"url\":\"https:\/\/artech-consulting.de\/wp-content\/uploads\/2018\/04\/MonheimBesuch.jpg\",\"contentUrl\":\"https:\/\/artech-consulting.de\/wp-content\/uploads\/2018\/04\/MonheimBesuch.jpg\"},{\"@type\":\"BreadcrumbList\",\"@id\":\"https:\/\/artech-consulting.de\/aktuelles\/inside-artech\/artech-coaching-besuch-von-buergermeister-zimmermann\/#breadcrumb\",\"itemListElement\":[{\"@type\":\"ListItem\",\"position\":1,\"name\":\"Home\",\"item\":\"https:\/\/artech-consulting.de\/\"},{\"@type\":\"ListItem\",\"position\":2,\"name\":\"Aktuelles\",\"item\":\"https:\/\/artech-consulting.de\/aktuelles\/\"},{\"@type\":\"ListItem\",\"position\":3,\"name\":\"Inside ARTECH\",\"item\":\"https:\/\/artech-consulting.de\/aktuelles\/inside-artech\/\"},{\"@type\":\"ListItem\",\"position\":4,\"name\":\"&#8216;ARTECH Coaching&#8217; \u2013 Besuch von B\u00fcrgermeister Zimmermann\"}]},{\"@type\":\"WebSite\",\"@id\":\"https:\/\/artech-consulting.de\/#website\",\"url\":\"https:\/\/artech-consulting.de\/\",\"name\":\"\",\"description\":\"\",\"publisher\":{\"@id\":\"https:\/\/artech-consulting.de\/#organization\"},\"potentialAction\":[{\"@type\":\"SearchAction\",\"target\":{\"@type\":\"EntryPoint\",\"urlTemplate\":\"https:\/\/artech-consulting.de\/?s={search_term_string}\"},\"query-input\":{\"@type\":\"PropertyValueSpecification\",\"valueRequired\":true,\"valueName\":\"search_term_string\"}}],\"inLanguage\":\"en-US\"},{\"@type\":\"Organization\",\"@id\":\"https:\/\/artech-consulting.de\/#organization\",\"name\":\"Artecch Consulting\",\"url\":\"https:\/\/artech-consulting.de\/\",\"logo\":{\"@type\":\"ImageObject\",\"inLanguage\":\"en-US\",\"@id\":\"https:\/\/artech-consulting.de\/#\/schema\/logo\/image\/\",\"url\":\"https:\/\/artech-consulting.de\/wp-content\/uploads\/2015\/06\/cropped-ARTech_Logo_rgb_600frei.png\",\"contentUrl\":\"https:\/\/artech-consulting.de\/wp-content\/uploads\/2015\/06\/cropped-ARTech_Logo_rgb_600frei.png\",\"width\":6805,\"height\":1554,\"caption\":\"Artecch Consulting\"},\"image\":{\"@id\":\"https:\/\/artech-consulting.de\/#\/schema\/logo\/image\/\"},\"sameAs\":[\"https:\/\/www.facebook.com\/ARTECH-Consulting-GmbH-367676580239744\/\",\"https:\/\/www.linkedin.com\/company\/artech-consulting-gmbh?report_success=8jyhy2niUpAFvknlZbso8OXCShshmpUnzp3NjIJ2m7yhSVK6-d3cj9EZShsc4o_DdpkqGOtZmrfmVAwicnuvayqF\"]}]}<\/script>\n<!-- \/ Yoast SEO plugin. -->","yoast_head_json":{"title":"ARTECH Coaching \u2013 Besuch von B\u00fcrgermeister Zimmermann aus Monheim -","description":"Monheims B\u00fcrgermeister Daniel Zimmermann verschaffte sich bei seinem Besuch einen Eindruck vom vor sechs Wochen gestarteten Pilotprojekt \u201eARTECH Coaching\u201c.","robots":{"index":"index","follow":"follow","max-snippet":"max-snippet:-1","max-image-preview":"max-image-preview:large","max-video-preview":"max-video-preview:-1"},"canonical":"https:\/\/artech-consulting.de\/aktuelles\/inside-artech\/artech-coaching-besuch-von-buergermeister-zimmermann\/","og_locale":"en_US","og_type":"article","og_title":"'ARTECH Coaching' \u2013 Monheims B\u00fcrgermeister Zimmermann zu Gast","og_description":"Am 24. April 2018 empfing die ARTECH Consulting GmbH Monheims B\u00fcrgermeister Daniel Zimmermann im K\u00f6lner Office. Anlass war das vor sechs Wochen gestartete Pilotprojekt 'ARTECH Coaching'.","og_url":"https:\/\/artech-consulting.de\/aktuelles\/inside-artech\/artech-coaching-besuch-von-buergermeister-zimmermann\/","article_publisher":"https:\/\/www.facebook.com\/ARTECH-Consulting-GmbH-367676580239744\/","article_modified_time":"2018-11-26T11:34:11+00:00","twitter_card":"summary_large_image","twitter_image":"https:\/\/artech-consulting.de\/wp-content\/uploads\/2018\/04\/MonheimBesuch.jpg","twitter_misc":{"Est. reading time":"3 minutes"},"schema":{"@context":"https:\/\/schema.org","@graph":[{"@type":"WebPage","@id":"https:\/\/artech-consulting.de\/aktuelles\/inside-artech\/artech-coaching-besuch-von-buergermeister-zimmermann\/","url":"https:\/\/artech-consulting.de\/aktuelles\/inside-artech\/artech-coaching-besuch-von-buergermeister-zimmermann\/","name":"ARTECH Coaching \u2013 Besuch von B\u00fcrgermeister Zimmermann aus Monheim -","isPartOf":{"@id":"https:\/\/artech-consulting.de\/#website"},"primaryImageOfPage":{"@id":"https:\/\/artech-consulting.de\/aktuelles\/inside-artech\/artech-coaching-besuch-von-buergermeister-zimmermann\/#primaryimage"},"image":{"@id":"https:\/\/artech-consulting.de\/aktuelles\/inside-artech\/artech-coaching-besuch-von-buergermeister-zimmermann\/#primaryimage"},"thumbnailUrl":"https:\/\/artech-consulting.de\/wp-content\/uploads\/2018\/04\/MonheimBesuch.jpg","datePublished":"2018-04-25T11:29:22+00:00","dateModified":"2018-11-26T11:34:11+00:00","description":"Monheims B\u00fcrgermeister Daniel Zimmermann verschaffte sich bei seinem Besuch einen Eindruck vom vor sechs Wochen gestarteten Pilotprojekt \u201eARTECH Coaching\u201c.","breadcrumb":{"@id":"https:\/\/artech-consulting.de\/aktuelles\/inside-artech\/artech-coaching-besuch-von-buergermeister-zimmermann\/#breadcrumb"},"inLanguage":"en-US","potentialAction":[{"@type":"ReadAction","target":["https:\/\/artech-consulting.de\/aktuelles\/inside-artech\/artech-coaching-besuch-von-buergermeister-zimmermann\/"]}]},{"@type":"ImageObject","inLanguage":"en-US","@id":"https:\/\/artech-consulting.de\/aktuelles\/inside-artech\/artech-coaching-besuch-von-buergermeister-zimmermann\/#primaryimage","url":"https:\/\/artech-consulting.de\/wp-content\/uploads\/2018\/04\/MonheimBesuch.jpg","contentUrl":"https:\/\/artech-consulting.de\/wp-content\/uploads\/2018\/04\/MonheimBesuch.jpg"},{"@type":"BreadcrumbList","@id":"https:\/\/artech-consulting.de\/aktuelles\/inside-artech\/artech-coaching-besuch-von-buergermeister-zimmermann\/#breadcrumb","itemListElement":[{"@type":"ListItem","position":1,"name":"Home","item":"https:\/\/artech-consulting.de\/"},{"@type":"ListItem","position":2,"name":"Aktuelles","item":"https:\/\/artech-consulting.de\/aktuelles\/"},{"@type":"ListItem","position":3,"name":"Inside ARTECH","item":"https:\/\/artech-consulting.de\/aktuelles\/inside-artech\/"},{"@type":"ListItem","position":4,"name":"&#8216;ARTECH Coaching&#8217; \u2013 Besuch von B\u00fcrgermeister Zimmermann"}]},{"@type":"WebSite","@id":"https:\/\/artech-consulting.de\/#website","url":"https:\/\/artech-consulting.de\/","name":"","description":"","publisher":{"@id":"https:\/\/artech-consulting.de\/#organization"},"potentialAction":[{"@type":"SearchAction","target":{"@type":"EntryPoint","urlTemplate":"https:\/\/artech-consulting.de\/?s={search_term_string}"},"query-input":{"@type":"PropertyValueSpecification","valueRequired":true,"valueName":"search_term_string"}}],"inLanguage":"en-US"},{"@type":"Organization","@id":"https:\/\/artech-consulting.de\/#organization","name":"Artecch Consulting","url":"https:\/\/artech-consulting.de\/","logo":{"@type":"ImageObject","inLanguage":"en-US","@id":"https:\/\/artech-consulting.de\/#\/schema\/logo\/image\/","url":"https:\/\/artech-consulting.de\/wp-content\/uploads\/2015\/06\/cropped-ARTech_Logo_rgb_600frei.png","contentUrl":"https:\/\/artech-consulting.de\/wp-content\/uploads\/2015\/06\/cropped-ARTech_Logo_rgb_600frei.png","width":6805,"height":1554,"caption":"Artecch Consulting"},"image":{"@id":"https:\/\/artech-consulting.de\/#\/schema\/logo\/image\/"},"sameAs":["https:\/\/www.facebook.com\/ARTECH-Consulting-GmbH-367676580239744\/","https:\/\/www.linkedin.com\/company\/artech-consulting-gmbh?report_success=8jyhy2niUpAFvknlZbso8OXCShshmpUnzp3NjIJ2m7yhSVK6-d3cj9EZShsc4o_DdpkqGOtZmrfmVAwicnuvayqF"]}]}},"_links":{"self":[{"href":"https:\/\/artech-consulting.de\/en\/wp-json\/wp\/v2\/pages\/3361"}],"collection":[{"href":"https:\/\/artech-consulting.de\/en\/wp-json\/wp\/v2\/pages"}],"about":[{"href":"https:\/\/artech-consulting.de\/en\/wp-json\/wp\/v2\/types\/page"}],"author":[{"embeddable":true,"href":"https:\/\/artech-consulting.de\/en\/wp-json\/wp\/v2\/users\/1"}],"replies":[{"embeddable":true,"href":"https:\/\/artech-consulting.de\/en\/wp-json\/wp\/v2\/comments?post=3361"}],"version-history":[{"count":23,"href":"https:\/\/artech-consulting.de\/en\/wp-json\/wp\/v2\/pages\/3361\/revisions"}],"predecessor-version":[{"id":3381,"href":"https:\/\/artech-consulting.de\/en\/wp-json\/wp\/v2\/pages\/3361\/revisions\/3381"}],"up":[{"embeddable":true,"href":"https:\/\/artech-consulting.de\/en\/wp-json\/wp\/v2\/pages\/4397"}],"wp:attachment":[{"href":"https:\/\/artech-consulting.de\/en\/wp-json\/wp\/v2\/media?parent=3361"}],"curies":[{"name":"wp","href":"https:\/\/api.w.org\/{rel}","templated":true}]}}