{"id":3627,"date":"2018-07-30T11:29:31","date_gmt":"2018-07-30T09:29:31","guid":{"rendered":"https:\/\/artech-consulting.de\/?page_id=3627"},"modified":"2025-10-21T12:09:32","modified_gmt":"2025-10-21T10:09:32","slug":"workshops-2","status":"publish","type":"page","link":"https:\/\/artech-consulting.de\/en\/leistungen\/workshops-2\/","title":{"rendered":"Workshops"},"content":{"rendered":"<p><\/p>\n<p><\/p>\n<p style=\"text-align: justify;\">You want to learn something new, refresh or even develop already existing knowledge and skills? As a training and consulting company, ARTECH Consulting GmbH offers practical and target group-oriented workshops in CAD and PLM. Experience shows that practice geared workshops lay the foundation for participants employing what they learn in their daily work purposefully and extensively. ARTECH Consulting GmbH offers a correspondingly large portfolio of individual workshops for a variety of CAD and PLM products. Whether for beginners, advanced users or specialists, our offer covers a broad spectrum and is aimed at all potential target groups.<\/p>\n<p style=\"text-align: justify;\">By means of a modular system, we provide you a workshop concept, which offers tailor-made training packages and individually bookable modules for almost every customer requirement. Guided by our experienced instructors, whose teaching concepts have evolved steadily over the years, your staff will be empowered to master the daily challenges of the workplace through optimal knowledge transfer.<\/p>\n<p style=\"text-align: justify;\">Of course, in addition to our in-house workshops at the Cologne-based ARTECH office, we also hold company trainings at your home or at an external venue.<\/p>\n<p style=\"text-align: justify;\">Feel free to <a href=\"https:\/\/artech-consulting.de\/kontakt\/\" target=\"_blank\" rel=\"noopener noreferrer\">contact<\/a> us to jointly design a target-group-specific workshop for you to discuss your employees.<\/p>\n<p style=\"text-align: justify;\">Also, browse our workshops. Surely you will find something suitable!<\/p>\n<p style=\"text-align: justify;\"><u><strong>We currently offer the following workshops:<\/strong><\/u><\/p>\n<ol>\n<li class=\"qlinks\" style=\"padding-left: 15px;\" type=\"disc\"><a href=\"https:\/\/artech-consulting.de\/leistungen\/nx-einsteiger-workshop\/\" target=\"_blank\" rel=\"noopener noreferrer\">NX workshop for beginners<\/a><\/li>\n<li class=\"qlinks\" style=\"padding-left: 15px;\" type=\"disc\"><a href=\"https:\/\/artech-consulting.de\/leistungen\/nx-blechkonstruktion\/\" target=\"_blank\" rel=\"noopener noreferrer\">NX sheet metal design<\/a><\/li>\n<li class=\"qlinks\" style=\"padding-left: 15px;\" type=\"disc\"><a href=\"https:\/\/artech-consulting.de\/leistungen\/nx-synchrone-konstruktion\/\" target=\"_blank\" rel=\"noopener noreferrer\">NX-Synchronous<\/a><\/li>\n<li class=\"qlinks\" style=\"padding-left: 15px;\" type=\"disc\"><a href=\"https:\/\/artech-consulting.de\/leistungen\/nx-zeichnungserstellung\/\" target=\"_blank\" rel=\"noopener noreferrer\">NX Drafting for Experts<\/a><\/li>\n<\/ol>\n<p><\/p>","protected":false},"excerpt":{"rendered":"<p>As a training and consulting company, ARTECH Consulting GmbH offers you a large portfolio of individualized workshops for a variety of CAD and PLM products &#8211; whether for beginners, advanced or specialists &#8211; our range covers a broad spectrum and is aimed at all potential target groups.<\/p>\n","protected":false},"author":1,"featured_media":4073,"parent":148,"menu_order":0,"comment_status":"closed","ping_status":"open","template":"","meta":{"footnotes":""},"yoast_head":"<!-- This site is optimized with the Yoast SEO plugin v23.5 - https:\/\/yoast.com\/wordpress\/plugins\/seo\/ -->\n<title>Workshops -<\/title>\n<meta name=\"description\" content=\"Die ARTECH Consulting bietet Ihnen als Schulungs- und Beratungsunternehmen praxisnahe und zielgruppengerechte Workshops in den Bereichen CAD und PLM an.\" \/>\n<meta name=\"robots\" content=\"index, follow, max-snippet:-1, max-image-preview:large, max-video-preview:-1\" \/>\n<link rel=\"canonical\" href=\"https:\/\/artech-consulting.de\/leistungen\/workshops-2\/\" \/>\n<meta property=\"og:locale\" content=\"en_US\" \/>\n<meta property=\"og:type\" content=\"article\" \/>\n<meta property=\"og:title\" content=\"Workshops f\u00fcr CAD\" \/>\n<meta property=\"og:description\" content=\"Die ARTECH Consulting bietet Ihnen als Schulungs- und Beratungsunternehmen ein gro\u00dfes Portfolio an individuellen Workshops f\u00fcr eine Vielzahl von CAD- und PLM-Produkten \u2013 ob f\u00fcr Einsteiger, Fortgeschrittene oder Spezialisten \u2013 unser Angebot umfasst ein breites Spektrum und richtet sich an alle potentiellen Zielgruppen.\" \/>\n<meta property=\"og:url\" content=\"https:\/\/artech-consulting.de\/leistungen\/workshops-2\/\" \/>\n<meta property=\"article:publisher\" content=\"https:\/\/www.facebook.com\/ARTECH-Consulting-GmbH-367676580239744\/\" \/>\n<meta property=\"article:modified_time\" content=\"2025-10-21T10:09:32+00:00\" \/>\n<meta name=\"twitter:card\" content=\"summary_large_image\" \/>\n<meta name=\"twitter:image\" content=\"https:\/\/artech-consulting.de\/wp-content\/uploads\/2018\/11\/Fotolia_186127142_M-e1542025714703.jpg\" \/>\n<meta name=\"twitter:label1\" content=\"Est. reading time\" \/>\n\t<meta name=\"twitter:data1\" content=\"3 minutes\" \/>\n<script type=\"application\/ld+json\" class=\"yoast-schema-graph\">{\"@context\":\"https:\/\/schema.org\",\"@graph\":[{\"@type\":\"WebPage\",\"@id\":\"https:\/\/artech-consulting.de\/leistungen\/workshops-2\/\",\"url\":\"https:\/\/artech-consulting.de\/leistungen\/workshops-2\/\",\"name\":\"Workshops -\",\"isPartOf\":{\"@id\":\"https:\/\/artech-consulting.de\/#website\"},\"primaryImageOfPage\":{\"@id\":\"https:\/\/artech-consulting.de\/leistungen\/workshops-2\/#primaryimage\"},\"image\":{\"@id\":\"https:\/\/artech-consulting.de\/leistungen\/workshops-2\/#primaryimage\"},\"thumbnailUrl\":\"https:\/\/artech-consulting.de\/wp-content\/uploads\/2018\/11\/Fotolia_186127142_M-e1542025714703.jpg\",\"datePublished\":\"2018-07-30T09:29:31+00:00\",\"dateModified\":\"2025-10-21T10:09:32+00:00\",\"description\":\"Die ARTECH Consulting bietet Ihnen als Schulungs- und Beratungsunternehmen praxisnahe und zielgruppengerechte Workshops in den Bereichen CAD und PLM an.\",\"breadcrumb\":{\"@id\":\"https:\/\/artech-consulting.de\/leistungen\/workshops-2\/#breadcrumb\"},\"inLanguage\":\"en-US\",\"potentialAction\":[{\"@type\":\"ReadAction\",\"target\":[\"https:\/\/artech-consulting.de\/leistungen\/workshops-2\/\"]}]},{\"@type\":\"ImageObject\",\"inLanguage\":\"en-US\",\"@id\":\"https:\/\/artech-consulting.de\/leistungen\/workshops-2\/#primaryimage\",\"url\":\"https:\/\/artech-consulting.de\/wp-content\/uploads\/2018\/11\/Fotolia_186127142_M-e1542025714703.jpg\",\"contentUrl\":\"https:\/\/artech-consulting.de\/wp-content\/uploads\/2018\/11\/Fotolia_186127142_M-e1542025714703.jpg\",\"width\":1200,\"height\":675,\"caption\":\"Close-up of the Engineer Holding Laptop with CAD Component Model on Screen. In the Background Modern Factory Equipment.\"},{\"@type\":\"BreadcrumbList\",\"@id\":\"https:\/\/artech-consulting.de\/leistungen\/workshops-2\/#breadcrumb\",\"itemListElement\":[{\"@type\":\"ListItem\",\"position\":1,\"name\":\"Home\",\"item\":\"https:\/\/artech-consulting.de\/\"},{\"@type\":\"ListItem\",\"position\":2,\"name\":\"Leistungen\",\"item\":\"https:\/\/artech-consulting.de\/leistungen\/\"},{\"@type\":\"ListItem\",\"position\":3,\"name\":\"Workshops\"}]},{\"@type\":\"WebSite\",\"@id\":\"https:\/\/artech-consulting.de\/#website\",\"url\":\"https:\/\/artech-consulting.de\/\",\"name\":\"\",\"description\":\"\",\"publisher\":{\"@id\":\"https:\/\/artech-consulting.de\/#organization\"},\"potentialAction\":[{\"@type\":\"SearchAction\",\"target\":{\"@type\":\"EntryPoint\",\"urlTemplate\":\"https:\/\/artech-consulting.de\/?s={search_term_string}\"},\"query-input\":{\"@type\":\"PropertyValueSpecification\",\"valueRequired\":true,\"valueName\":\"search_term_string\"}}],\"inLanguage\":\"en-US\"},{\"@type\":\"Organization\",\"@id\":\"https:\/\/artech-consulting.de\/#organization\",\"name\":\"Artecch Consulting\",\"url\":\"https:\/\/artech-consulting.de\/\",\"logo\":{\"@type\":\"ImageObject\",\"inLanguage\":\"en-US\",\"@id\":\"https:\/\/artech-consulting.de\/#\/schema\/logo\/image\/\",\"url\":\"https:\/\/artech-consulting.de\/wp-content\/uploads\/2015\/06\/cropped-ARTech_Logo_rgb_600frei.png\",\"contentUrl\":\"https:\/\/artech-consulting.de\/wp-content\/uploads\/2015\/06\/cropped-ARTech_Logo_rgb_600frei.png\",\"width\":6805,\"height\":1554,\"caption\":\"Artecch Consulting\"},\"image\":{\"@id\":\"https:\/\/artech-consulting.de\/#\/schema\/logo\/image\/\"},\"sameAs\":[\"https:\/\/www.facebook.com\/ARTECH-Consulting-GmbH-367676580239744\/\",\"https:\/\/www.linkedin.com\/company\/artech-consulting-gmbh?report_success=8jyhy2niUpAFvknlZbso8OXCShshmpUnzp3NjIJ2m7yhSVK6-d3cj9EZShsc4o_DdpkqGOtZmrfmVAwicnuvayqF\"]}]}<\/script>\n<!-- \/ Yoast SEO plugin. -->","yoast_head_json":{"title":"Workshops -","description":"Die ARTECH Consulting bietet Ihnen als Schulungs- und Beratungsunternehmen praxisnahe und zielgruppengerechte Workshops in den Bereichen CAD und PLM an.","robots":{"index":"index","follow":"follow","max-snippet":"max-snippet:-1","max-image-preview":"max-image-preview:large","max-video-preview":"max-video-preview:-1"},"canonical":"https:\/\/artech-consulting.de\/leistungen\/workshops-2\/","og_locale":"en_US","og_type":"article","og_title":"Workshops f\u00fcr CAD","og_description":"Die ARTECH Consulting bietet Ihnen als Schulungs- und Beratungsunternehmen ein gro\u00dfes Portfolio an individuellen Workshops f\u00fcr eine Vielzahl von CAD- und PLM-Produkten \u2013 ob f\u00fcr Einsteiger, Fortgeschrittene oder Spezialisten \u2013 unser Angebot umfasst ein breites Spektrum und richtet sich an alle potentiellen Zielgruppen.","og_url":"https:\/\/artech-consulting.de\/leistungen\/workshops-2\/","article_publisher":"https:\/\/www.facebook.com\/ARTECH-Consulting-GmbH-367676580239744\/","article_modified_time":"2025-10-21T10:09:32+00:00","twitter_card":"summary_large_image","twitter_image":"https:\/\/artech-consulting.de\/wp-content\/uploads\/2018\/11\/Fotolia_186127142_M-e1542025714703.jpg","twitter_misc":{"Est. reading time":"3 minutes"},"schema":{"@context":"https:\/\/schema.org","@graph":[{"@type":"WebPage","@id":"https:\/\/artech-consulting.de\/leistungen\/workshops-2\/","url":"https:\/\/artech-consulting.de\/leistungen\/workshops-2\/","name":"Workshops -","isPartOf":{"@id":"https:\/\/artech-consulting.de\/#website"},"primaryImageOfPage":{"@id":"https:\/\/artech-consulting.de\/leistungen\/workshops-2\/#primaryimage"},"image":{"@id":"https:\/\/artech-consulting.de\/leistungen\/workshops-2\/#primaryimage"},"thumbnailUrl":"https:\/\/artech-consulting.de\/wp-content\/uploads\/2018\/11\/Fotolia_186127142_M-e1542025714703.jpg","datePublished":"2018-07-30T09:29:31+00:00","dateModified":"2025-10-21T10:09:32+00:00","description":"Die ARTECH Consulting bietet Ihnen als Schulungs- und Beratungsunternehmen praxisnahe und zielgruppengerechte Workshops in den Bereichen CAD und PLM an.","breadcrumb":{"@id":"https:\/\/artech-consulting.de\/leistungen\/workshops-2\/#breadcrumb"},"inLanguage":"en-US","potentialAction":[{"@type":"ReadAction","target":["https:\/\/artech-consulting.de\/leistungen\/workshops-2\/"]}]},{"@type":"ImageObject","inLanguage":"en-US","@id":"https:\/\/artech-consulting.de\/leistungen\/workshops-2\/#primaryimage","url":"https:\/\/artech-consulting.de\/wp-content\/uploads\/2018\/11\/Fotolia_186127142_M-e1542025714703.jpg","contentUrl":"https:\/\/artech-consulting.de\/wp-content\/uploads\/2018\/11\/Fotolia_186127142_M-e1542025714703.jpg","width":1200,"height":675,"caption":"Close-up of the Engineer Holding Laptop with CAD Component Model on Screen. In the Background Modern Factory Equipment."},{"@type":"BreadcrumbList","@id":"https:\/\/artech-consulting.de\/leistungen\/workshops-2\/#breadcrumb","itemListElement":[{"@type":"ListItem","position":1,"name":"Home","item":"https:\/\/artech-consulting.de\/"},{"@type":"ListItem","position":2,"name":"Leistungen","item":"https:\/\/artech-consulting.de\/leistungen\/"},{"@type":"ListItem","position":3,"name":"Workshops"}]},{"@type":"WebSite","@id":"https:\/\/artech-consulting.de\/#website","url":"https:\/\/artech-consulting.de\/","name":"","description":"","publisher":{"@id":"https:\/\/artech-consulting.de\/#organization"},"potentialAction":[{"@type":"SearchAction","target":{"@type":"EntryPoint","urlTemplate":"https:\/\/artech-consulting.de\/?s={search_term_string}"},"query-input":{"@type":"PropertyValueSpecification","valueRequired":true,"valueName":"search_term_string"}}],"inLanguage":"en-US"},{"@type":"Organization","@id":"https:\/\/artech-consulting.de\/#organization","name":"Artecch Consulting","url":"https:\/\/artech-consulting.de\/","logo":{"@type":"ImageObject","inLanguage":"en-US","@id":"https:\/\/artech-consulting.de\/#\/schema\/logo\/image\/","url":"https:\/\/artech-consulting.de\/wp-content\/uploads\/2015\/06\/cropped-ARTech_Logo_rgb_600frei.png","contentUrl":"https:\/\/artech-consulting.de\/wp-content\/uploads\/2015\/06\/cropped-ARTech_Logo_rgb_600frei.png","width":6805,"height":1554,"caption":"Artecch Consulting"},"image":{"@id":"https:\/\/artech-consulting.de\/#\/schema\/logo\/image\/"},"sameAs":["https:\/\/www.facebook.com\/ARTECH-Consulting-GmbH-367676580239744\/","https:\/\/www.linkedin.com\/company\/artech-consulting-gmbh?report_success=8jyhy2niUpAFvknlZbso8OXCShshmpUnzp3NjIJ2m7yhSVK6-d3cj9EZShsc4o_DdpkqGOtZmrfmVAwicnuvayqF"]}]}},"_links":{"self":[{"href":"https:\/\/artech-consulting.de\/en\/wp-json\/wp\/v2\/pages\/3627"}],"collection":[{"href":"https:\/\/artech-consulting.de\/en\/wp-json\/wp\/v2\/pages"}],"about":[{"href":"https:\/\/artech-consulting.de\/en\/wp-json\/wp\/v2\/types\/page"}],"author":[{"embeddable":true,"href":"https:\/\/artech-consulting.de\/en\/wp-json\/wp\/v2\/users\/1"}],"replies":[{"embeddable":true,"href":"https:\/\/artech-consulting.de\/en\/wp-json\/wp\/v2\/comments?post=3627"}],"version-history":[{"count":39,"href":"https:\/\/artech-consulting.de\/en\/wp-json\/wp\/v2\/pages\/3627\/revisions"}],"predecessor-version":[{"id":6651,"href":"https:\/\/artech-consulting.de\/en\/wp-json\/wp\/v2\/pages\/3627\/revisions\/6651"}],"up":[{"embeddable":true,"href":"https:\/\/artech-consulting.de\/en\/wp-json\/wp\/v2\/pages\/148"}],"wp:featuredmedia":[{"embeddable":true,"href":"https:\/\/artech-consulting.de\/en\/wp-json\/wp\/v2\/media\/4073"}],"wp:attachment":[{"href":"https:\/\/artech-consulting.de\/en\/wp-json\/wp\/v2\/media?parent=3627"}],"curies":[{"name":"wp","href":"https:\/\/api.w.org\/{rel}","templated":true}]}}