{"id":3640,"date":"2018-08-03T11:56:45","date_gmt":"2018-08-03T09:56:45","guid":{"rendered":"https:\/\/artech-consulting.de\/?page_id=3640"},"modified":"2018-11-26T12:41:20","modified_gmt":"2018-11-26T11:41:20","slug":"additive-manufacturing","status":"publish","type":"page","link":"https:\/\/artech-consulting.de\/en\/aktuelles\/wussten-sie-schon-2\/additive-manufacturing\/","title":{"rendered":"Additive Manufacturing"},"content":{"rendered":"<p><strong>Additive Manufacturing \u2013 3D-Druck als Fertigungsverfahren der Zukunft<\/strong><br \/>\n&nbsp;<br \/>\nNeue Methoden wie das Additive Manufacturing fordern in der heutigen Zeit von Unternehmen sich verst\u00e4rkt mit dem Aufbau ihrer virtuellen Produktmodelle zu besch\u00e4ftigen, um sie prozessdurchg\u00e4ngig nutzen zu k\u00f6nnen.<br \/>\n&nbsp;<br \/>\nDabei wird das Additive Manufacturing als Konzept gesehen, in dem unterschiedliche Prozesse herangezogen werden, um auf Grundlage des Schichtbauprinzips dreidimensionale Elemente aus 3D-Designs zu erstellen, die zuvor mit CAD modelliert wurden. Vorteil dieses Verfahrens sind die erweiterten M\u00f6glichkeiten der Gestaltung von Produkten.<br \/>\n&nbsp;<br \/>\nDie Idee der additiven Fertigung bzw. des 3D-Druck gewinnt in der Industrie immer mehr an Bedeutung und unterscheidet sich durch den Einsatz verschiedenster Materialien sowie der Unabh\u00e4ngigkeit von speziellem Werkzeug deutlich von der traditionellen Fertigung, da auch die unterschiedlichen Abl\u00e4ufe im Herstellungsprozess entfallen. Auf diese Weise bleiben die Kosten niedrig und es k\u00f6nnen gro\u00dfe Zeiteinsparungen im Produktlebenszyklus geschaffen werden. Denn wie bereits erw\u00e4hnt, basiert die technische Realisierung des Additive Manufacturing auf dem Schichtbauprinzip, wobei die hergestellten Bauteile durch eine gleichm\u00e4\u00dfige Dicke der Schichten einen Treppenstufeneffekt aufweisen. Dieses zerlegen in Schichten erfolgt nach der Modellierung des dreidimensionalen CAD-Datensatzes. \u00dcber das Hinzuf\u00fcgen weiterer Schichten in der dritten Raumrichtung entsteht das dreidimensionale Bauteil.<br \/>\n&nbsp;<br \/>\nInzwischen wird seit Jahrzehnten mit dieser Methode in industriellen Entwicklungsprozessen zur Herstellung von Prototypen gearbeitet. Entstanden ist das Verfahren Additive Manufacturing Mitte der 80er Jahre durch die Erfindung der Stereolithographie \u2013 einem technischen Produktionsprinzip des Rapid Prototyping, wobei Werkst\u00fccke schrittweise erstellt werden. Durch den technologischen Fortschritt der Systeme in den letzten Jahren entwickelte sich die Methode so weit, dass heutzutage die Fertigung vollautomatisch abl\u00e4uft und der 3D-Druck als das Produktionsmodell der Zukunft gilt. Allein heute geh\u00f6rt die additive Fertigungsindustrie zu den zehn am schnellsten wachsenden Industrien.<br \/>\n&nbsp;<br \/>\nDaher ist es nicht verwunderlich, dass die Erfinder von Beginn an den Gedanken verfolgten, diese Methode auf die Herstellung von Endprodukten zu \u00fcbertragen, so dass die Fertigung dezentral, werkzeuglos und st\u00fcckzahlunabh\u00e4ngig ist. Allerdings erfordert der gesamte Prozess auch eine hohe Genauigkeit und Flexibilit\u00e4t insbesondere hinsichtlich der \u00c4nderungsw\u00fcnsche von Kunden und der Entwicklung innovativer Produktvarianten. Der aktuelle Trend zeigt, dass der Traum der Erfinder zur Wirklichkeit wird. In vielen Unternehmen aus der Entwicklungsindustrie etabliert sich die additive Fertigung. Vor allem in den Branchen Automotive, Medizin sowie Luft- und Raumfahrt erh\u00e4lt diese Methode gro\u00dfen Zuspruch. Daher kann auf Grundlage der aufgezeigten Aspekte nicht mehr vom Additive Manufacturing als Zukunftsidee gesprochen werden \u2013 vielmehr wird durch den technologischen Fortschritt deutlich, dass mit dem 3D-Druck bereits eine neue \u00c4ra in der Fertigungsindustrie begonnen hat.<\/p>","protected":false},"excerpt":{"rendered":"<p>Additive Manufacturing \u2013 3D-Druck als Fertigungsverfahren der Zukunft &nbsp; Neue Methoden wie das Additive Manufacturing fordern in der heutigen Zeit von Unternehmen sich verst\u00e4rkt mit dem Aufbau ihrer virtuellen Produktmodelle zu besch\u00e4ftigen, um sie prozessdurchg\u00e4ngig nutzen zu k\u00f6nnen. &nbsp; Dabei <a href=\"https:\/\/artech-consulting.de\/en\/aktuelles\/wussten-sie-schon-2\/additive-manufacturing\/\" class=\"read-more\">Read More<\/a><\/p>\n","protected":false},"author":1,"featured_media":0,"parent":4507,"menu_order":0,"comment_status":"closed","ping_status":"closed","template":"","meta":{"footnotes":""},"yoast_head":"<!-- This site is optimized with the Yoast SEO plugin v23.5 - https:\/\/yoast.com\/wordpress\/plugins\/seo\/ -->\n<title>Additive Manufacturing -<\/title>\n<meta name=\"description\" content=\"Prozessschritte von der CAD-Datei bis zum fertigen 3D-Modell zu begleiten, ist durch Verfahren wie das Additive Manufacturing keine Herausforderung mehr.\" \/>\n<meta name=\"robots\" content=\"index, follow, max-snippet:-1, max-image-preview:large, max-video-preview:-1\" \/>\n<link rel=\"canonical\" href=\"https:\/\/artech-consulting.de\/aktuelles\/wussten-sie-schon-2\/additive-manufacturing\/\" \/>\n<meta property=\"og:locale\" content=\"en_US\" \/>\n<meta property=\"og:type\" content=\"article\" \/>\n<meta property=\"og:title\" content=\"Additive Manufacturing \u2013 3D-Druck als Fertigungsverfahren der Zukunft\" \/>\n<meta property=\"og:description\" content=\"Prozessschritte von der CAD-Datei bis hin zu einem fertig gedrucktem 3D-Modell zu begleiten, ist durch innovative technologische Verfahren wie das Additive Manufacturing keine gro\u00dfe Herausforderung mehr. Erfahren Sie in unserem Beitrag, was das Fertigungsverfahren der Zukunft ausmacht und warum diese Methode in der Industrie zunehmend an Bedeutung gewinnt!\" \/>\n<meta property=\"og:url\" content=\"https:\/\/artech-consulting.de\/aktuelles\/wussten-sie-schon-2\/additive-manufacturing\/\" \/>\n<meta property=\"article:publisher\" content=\"https:\/\/www.facebook.com\/ARTECH-Consulting-GmbH-367676580239744\/\" \/>\n<meta property=\"article:modified_time\" content=\"2018-11-26T11:41:20+00:00\" \/>\n<meta name=\"twitter:card\" content=\"summary_large_image\" \/>\n<meta name=\"twitter:label1\" content=\"Est. reading time\" \/>\n\t<meta name=\"twitter:data1\" content=\"4 minutes\" \/>\n<script type=\"application\/ld+json\" class=\"yoast-schema-graph\">{\"@context\":\"https:\/\/schema.org\",\"@graph\":[{\"@type\":\"WebPage\",\"@id\":\"https:\/\/artech-consulting.de\/aktuelles\/wussten-sie-schon-2\/additive-manufacturing\/\",\"url\":\"https:\/\/artech-consulting.de\/aktuelles\/wussten-sie-schon-2\/additive-manufacturing\/\",\"name\":\"Additive Manufacturing -\",\"isPartOf\":{\"@id\":\"https:\/\/artech-consulting.de\/#website\"},\"datePublished\":\"2018-08-03T09:56:45+00:00\",\"dateModified\":\"2018-11-26T11:41:20+00:00\",\"description\":\"Prozessschritte von der CAD-Datei bis zum fertigen 3D-Modell zu begleiten, ist durch Verfahren wie das Additive Manufacturing keine Herausforderung mehr.\",\"breadcrumb\":{\"@id\":\"https:\/\/artech-consulting.de\/aktuelles\/wussten-sie-schon-2\/additive-manufacturing\/#breadcrumb\"},\"inLanguage\":\"en-US\",\"potentialAction\":[{\"@type\":\"ReadAction\",\"target\":[\"https:\/\/artech-consulting.de\/aktuelles\/wussten-sie-schon-2\/additive-manufacturing\/\"]}]},{\"@type\":\"BreadcrumbList\",\"@id\":\"https:\/\/artech-consulting.de\/aktuelles\/wussten-sie-schon-2\/additive-manufacturing\/#breadcrumb\",\"itemListElement\":[{\"@type\":\"ListItem\",\"position\":1,\"name\":\"Home\",\"item\":\"https:\/\/artech-consulting.de\/\"},{\"@type\":\"ListItem\",\"position\":2,\"name\":\"Aktuelles\",\"item\":\"https:\/\/artech-consulting.de\/aktuelles\/\"},{\"@type\":\"ListItem\",\"position\":3,\"name\":\"Wissen &#038; Impulse\",\"item\":\"https:\/\/artech-consulting.de\/aktuelles\/wussten-sie-schon-2\/\"},{\"@type\":\"ListItem\",\"position\":4,\"name\":\"Additive Manufacturing\"}]},{\"@type\":\"WebSite\",\"@id\":\"https:\/\/artech-consulting.de\/#website\",\"url\":\"https:\/\/artech-consulting.de\/\",\"name\":\"\",\"description\":\"\",\"publisher\":{\"@id\":\"https:\/\/artech-consulting.de\/#organization\"},\"potentialAction\":[{\"@type\":\"SearchAction\",\"target\":{\"@type\":\"EntryPoint\",\"urlTemplate\":\"https:\/\/artech-consulting.de\/?s={search_term_string}\"},\"query-input\":{\"@type\":\"PropertyValueSpecification\",\"valueRequired\":true,\"valueName\":\"search_term_string\"}}],\"inLanguage\":\"en-US\"},{\"@type\":\"Organization\",\"@id\":\"https:\/\/artech-consulting.de\/#organization\",\"name\":\"Artecch Consulting\",\"url\":\"https:\/\/artech-consulting.de\/\",\"logo\":{\"@type\":\"ImageObject\",\"inLanguage\":\"en-US\",\"@id\":\"https:\/\/artech-consulting.de\/#\/schema\/logo\/image\/\",\"url\":\"https:\/\/artech-consulting.de\/wp-content\/uploads\/2015\/06\/cropped-ARTech_Logo_rgb_600frei.png\",\"contentUrl\":\"https:\/\/artech-consulting.de\/wp-content\/uploads\/2015\/06\/cropped-ARTech_Logo_rgb_600frei.png\",\"width\":6805,\"height\":1554,\"caption\":\"Artecch Consulting\"},\"image\":{\"@id\":\"https:\/\/artech-consulting.de\/#\/schema\/logo\/image\/\"},\"sameAs\":[\"https:\/\/www.facebook.com\/ARTECH-Consulting-GmbH-367676580239744\/\",\"https:\/\/www.linkedin.com\/company\/artech-consulting-gmbh?report_success=8jyhy2niUpAFvknlZbso8OXCShshmpUnzp3NjIJ2m7yhSVK6-d3cj9EZShsc4o_DdpkqGOtZmrfmVAwicnuvayqF\"]}]}<\/script>\n<!-- \/ Yoast SEO plugin. -->","yoast_head_json":{"title":"Additive Manufacturing -","description":"Prozessschritte von der CAD-Datei bis zum fertigen 3D-Modell zu begleiten, ist durch Verfahren wie das Additive Manufacturing keine Herausforderung mehr.","robots":{"index":"index","follow":"follow","max-snippet":"max-snippet:-1","max-image-preview":"max-image-preview:large","max-video-preview":"max-video-preview:-1"},"canonical":"https:\/\/artech-consulting.de\/aktuelles\/wussten-sie-schon-2\/additive-manufacturing\/","og_locale":"en_US","og_type":"article","og_title":"Additive Manufacturing \u2013 3D-Druck als Fertigungsverfahren der Zukunft","og_description":"Prozessschritte von der CAD-Datei bis hin zu einem fertig gedrucktem 3D-Modell zu begleiten, ist durch innovative technologische Verfahren wie das Additive Manufacturing keine gro\u00dfe Herausforderung mehr. Erfahren Sie in unserem Beitrag, was das Fertigungsverfahren der Zukunft ausmacht und warum diese Methode in der Industrie zunehmend an Bedeutung gewinnt!","og_url":"https:\/\/artech-consulting.de\/aktuelles\/wussten-sie-schon-2\/additive-manufacturing\/","article_publisher":"https:\/\/www.facebook.com\/ARTECH-Consulting-GmbH-367676580239744\/","article_modified_time":"2018-11-26T11:41:20+00:00","twitter_card":"summary_large_image","twitter_misc":{"Est. reading time":"4 minutes"},"schema":{"@context":"https:\/\/schema.org","@graph":[{"@type":"WebPage","@id":"https:\/\/artech-consulting.de\/aktuelles\/wussten-sie-schon-2\/additive-manufacturing\/","url":"https:\/\/artech-consulting.de\/aktuelles\/wussten-sie-schon-2\/additive-manufacturing\/","name":"Additive Manufacturing -","isPartOf":{"@id":"https:\/\/artech-consulting.de\/#website"},"datePublished":"2018-08-03T09:56:45+00:00","dateModified":"2018-11-26T11:41:20+00:00","description":"Prozessschritte von der CAD-Datei bis zum fertigen 3D-Modell zu begleiten, ist durch Verfahren wie das Additive Manufacturing keine Herausforderung mehr.","breadcrumb":{"@id":"https:\/\/artech-consulting.de\/aktuelles\/wussten-sie-schon-2\/additive-manufacturing\/#breadcrumb"},"inLanguage":"en-US","potentialAction":[{"@type":"ReadAction","target":["https:\/\/artech-consulting.de\/aktuelles\/wussten-sie-schon-2\/additive-manufacturing\/"]}]},{"@type":"BreadcrumbList","@id":"https:\/\/artech-consulting.de\/aktuelles\/wussten-sie-schon-2\/additive-manufacturing\/#breadcrumb","itemListElement":[{"@type":"ListItem","position":1,"name":"Home","item":"https:\/\/artech-consulting.de\/"},{"@type":"ListItem","position":2,"name":"Aktuelles","item":"https:\/\/artech-consulting.de\/aktuelles\/"},{"@type":"ListItem","position":3,"name":"Wissen &#038; Impulse","item":"https:\/\/artech-consulting.de\/aktuelles\/wussten-sie-schon-2\/"},{"@type":"ListItem","position":4,"name":"Additive Manufacturing"}]},{"@type":"WebSite","@id":"https:\/\/artech-consulting.de\/#website","url":"https:\/\/artech-consulting.de\/","name":"","description":"","publisher":{"@id":"https:\/\/artech-consulting.de\/#organization"},"potentialAction":[{"@type":"SearchAction","target":{"@type":"EntryPoint","urlTemplate":"https:\/\/artech-consulting.de\/?s={search_term_string}"},"query-input":{"@type":"PropertyValueSpecification","valueRequired":true,"valueName":"search_term_string"}}],"inLanguage":"en-US"},{"@type":"Organization","@id":"https:\/\/artech-consulting.de\/#organization","name":"Artecch Consulting","url":"https:\/\/artech-consulting.de\/","logo":{"@type":"ImageObject","inLanguage":"en-US","@id":"https:\/\/artech-consulting.de\/#\/schema\/logo\/image\/","url":"https:\/\/artech-consulting.de\/wp-content\/uploads\/2015\/06\/cropped-ARTech_Logo_rgb_600frei.png","contentUrl":"https:\/\/artech-consulting.de\/wp-content\/uploads\/2015\/06\/cropped-ARTech_Logo_rgb_600frei.png","width":6805,"height":1554,"caption":"Artecch Consulting"},"image":{"@id":"https:\/\/artech-consulting.de\/#\/schema\/logo\/image\/"},"sameAs":["https:\/\/www.facebook.com\/ARTECH-Consulting-GmbH-367676580239744\/","https:\/\/www.linkedin.com\/company\/artech-consulting-gmbh?report_success=8jyhy2niUpAFvknlZbso8OXCShshmpUnzp3NjIJ2m7yhSVK6-d3cj9EZShsc4o_DdpkqGOtZmrfmVAwicnuvayqF"]}]}},"_links":{"self":[{"href":"https:\/\/artech-consulting.de\/en\/wp-json\/wp\/v2\/pages\/3640"}],"collection":[{"href":"https:\/\/artech-consulting.de\/en\/wp-json\/wp\/v2\/pages"}],"about":[{"href":"https:\/\/artech-consulting.de\/en\/wp-json\/wp\/v2\/types\/page"}],"author":[{"embeddable":true,"href":"https:\/\/artech-consulting.de\/en\/wp-json\/wp\/v2\/users\/1"}],"replies":[{"embeddable":true,"href":"https:\/\/artech-consulting.de\/en\/wp-json\/wp\/v2\/comments?post=3640"}],"version-history":[{"count":7,"href":"https:\/\/artech-consulting.de\/en\/wp-json\/wp\/v2\/pages\/3640\/revisions"}],"predecessor-version":[{"id":3966,"href":"https:\/\/artech-consulting.de\/en\/wp-json\/wp\/v2\/pages\/3640\/revisions\/3966"}],"up":[{"embeddable":true,"href":"https:\/\/artech-consulting.de\/en\/wp-json\/wp\/v2\/pages\/4507"}],"wp:attachment":[{"href":"https:\/\/artech-consulting.de\/en\/wp-json\/wp\/v2\/media?parent=3640"}],"curies":[{"name":"wp","href":"https:\/\/api.w.org\/{rel}","templated":true}]}}