{"id":3654,"date":"2018-08-09T13:12:50","date_gmt":"2018-08-09T11:12:50","guid":{"rendered":"https:\/\/artech-consulting.de\/?page_id=3654"},"modified":"2018-11-26T12:40:45","modified_gmt":"2018-11-26T11:40:45","slug":"mbse","status":"publish","type":"page","link":"https:\/\/artech-consulting.de\/en\/aktuelles\/wussten-sie-schon-2\/mbse\/","title":{"rendered":"MBSE"},"content":{"rendered":"<p><strong>Model Based Systems Engineering<\/strong><br \/>\n&nbsp;<br \/>\nIm Zeitalter der Digitalisierung stehen viele Firmen stetig wachsenden Herausforderungen wie beispielsweise kurzen Produktionszeiten oder hohen Qualit\u00e4tsanforderungen gegen\u00fcber, wodurch vor allem der Industriemarkt verst\u00e4rkt auf komplexe Systeme angewiesen ist. So f\u00e4llt bei Unternehmen immer wieder die Bezeichnung MBSE im Zusammenhang mit Modellierung oder Konstruktion.<br \/>\n&nbsp;<br \/>\nDie Abk\u00fcrzung MBSE steht f\u00fcr Model Based Systems Engineering und besteht aus den Begriffen &#8216;modellbasiert&#8217; sowie &#8216;Systems Engineering&#8217;. &#8216;Modellbasiert&#8217; bedeutet, dass Modelle f\u00fcr den jeweiligen Bereich relevant sind, aber nicht ausschlie\u00dflich als Endprodukt gesehen werden. Mit &#8216;Systems Engineering&#8217; ist ein interdisziplin\u00e4rer Ansatz gemeint, um komplexe technische Systeme in gro\u00dfen Projekten zu entwickeln und zu realisieren. Dabei wird das &#8216;Systems Engineering&#8217; vor allem f\u00fcr die Bereiche Logistik und Koordination ben\u00f6tigt, um Problemen bei der Abwicklung von Projekten vorzubeugen.<br \/>\n&nbsp;<br \/>\nWie in der Realit\u00e4t \u00fcblich soll ein Modell eine relevante Wirklichkeit abbilden. Daraus ergibt sich die M\u00f6glichkeit durch das abstrakte Objekt Analysen durchzuf\u00fchren und bei Bedarf Optimierungen vorzunehmen. Auf diese Weise kann das bereits etablierte Herangehen mit strikten visuellen Modellierungstechniken verkn\u00fcpft werden. Hierzu m\u00fcssen beim Einsatz von MBSE Anforderungen modelliert werden. Diese k\u00f6nnen wahlweise modelliert oder traditionell schriftlich festgehalten werden.<br \/>\n&nbsp;<br \/>\nTrotz fortschreitenden technischen Fortschritt besteht immer noch ein hoher Bedarf an geeigneten IT-L\u00f6sungen f\u00fcr funktionale Beschreibung und Auslegung von Systemarchitekturen. Mit dem Ansatz des MBSE k\u00f6nnte sich eine integrative Methode bew\u00e4hren und eine Br\u00fccke zwischen den verschiedenen Aufgabenbereichen der jeweiligen Ingenieure bilden.<\/p>","protected":false},"excerpt":{"rendered":"<p>Model Based Systems Engineering &nbsp; Im Zeitalter der Digitalisierung stehen viele Firmen stetig wachsenden Herausforderungen wie beispielsweise kurzen Produktionszeiten oder hohen Qualit\u00e4tsanforderungen gegen\u00fcber, wodurch vor allem der Industriemarkt verst\u00e4rkt auf komplexe Systeme angewiesen ist. So f\u00e4llt bei Unternehmen immer wieder <a href=\"https:\/\/artech-consulting.de\/en\/aktuelles\/wussten-sie-schon-2\/mbse\/\" class=\"read-more\">Read More<\/a><\/p>\n","protected":false},"author":1,"featured_media":0,"parent":4507,"menu_order":0,"comment_status":"closed","ping_status":"closed","template":"","meta":{"footnotes":""},"yoast_head":"<!-- This site is optimized with the Yoast SEO plugin v23.5 - https:\/\/yoast.com\/wordpress\/plugins\/seo\/ -->\n<title>MBSE -<\/title>\n<meta name=\"description\" content=\"Bei vielen Unternehmen f\u00e4llt immer h\u00e4ufiger die Bezeichnung MBSE. Was bedeutet MBSE und wie funktioniert es?\" \/>\n<meta name=\"robots\" content=\"index, follow, max-snippet:-1, max-image-preview:large, max-video-preview:-1\" \/>\n<link rel=\"canonical\" href=\"https:\/\/artech-consulting.de\/aktuelles\/wussten-sie-schon-2\/mbse\/\" \/>\n<meta property=\"og:locale\" content=\"en_US\" \/>\n<meta property=\"og:type\" content=\"article\" \/>\n<meta property=\"og:title\" content=\"Model Based Systems Engineering\" \/>\n<meta property=\"og:description\" content=\"Viele Unternehmen stehen stetig wachsenden Herausforderungen wie beispielsweise kurzen Produktionszeiten oder hohen Qualit\u00e4tsanforderungen gegen\u00fcber und es f\u00e4llt immer h\u00e4ufiger die Bezeichnung MBSE. Lesen Sie im Folgenden, was MBSE bedeutet und wie es funktioniert!\" \/>\n<meta property=\"og:url\" content=\"https:\/\/artech-consulting.de\/aktuelles\/wussten-sie-schon-2\/mbse\/\" \/>\n<meta property=\"article:publisher\" content=\"https:\/\/www.facebook.com\/ARTECH-Consulting-GmbH-367676580239744\/\" \/>\n<meta property=\"article:modified_time\" content=\"2018-11-26T11:40:45+00:00\" \/>\n<meta name=\"twitter:card\" content=\"summary_large_image\" \/>\n<meta name=\"twitter:label1\" content=\"Est. reading time\" \/>\n\t<meta name=\"twitter:data1\" content=\"3 minutes\" \/>\n<script type=\"application\/ld+json\" class=\"yoast-schema-graph\">{\"@context\":\"https:\/\/schema.org\",\"@graph\":[{\"@type\":\"WebPage\",\"@id\":\"https:\/\/artech-consulting.de\/aktuelles\/wussten-sie-schon-2\/mbse\/\",\"url\":\"https:\/\/artech-consulting.de\/aktuelles\/wussten-sie-schon-2\/mbse\/\",\"name\":\"MBSE -\",\"isPartOf\":{\"@id\":\"https:\/\/artech-consulting.de\/#website\"},\"datePublished\":\"2018-08-09T11:12:50+00:00\",\"dateModified\":\"2018-11-26T11:40:45+00:00\",\"description\":\"Bei vielen Unternehmen f\u00e4llt immer h\u00e4ufiger die Bezeichnung MBSE. Was bedeutet MBSE und wie funktioniert es?\",\"breadcrumb\":{\"@id\":\"https:\/\/artech-consulting.de\/aktuelles\/wussten-sie-schon-2\/mbse\/#breadcrumb\"},\"inLanguage\":\"en-US\",\"potentialAction\":[{\"@type\":\"ReadAction\",\"target\":[\"https:\/\/artech-consulting.de\/aktuelles\/wussten-sie-schon-2\/mbse\/\"]}]},{\"@type\":\"BreadcrumbList\",\"@id\":\"https:\/\/artech-consulting.de\/aktuelles\/wussten-sie-schon-2\/mbse\/#breadcrumb\",\"itemListElement\":[{\"@type\":\"ListItem\",\"position\":1,\"name\":\"Home\",\"item\":\"https:\/\/artech-consulting.de\/\"},{\"@type\":\"ListItem\",\"position\":2,\"name\":\"Aktuelles\",\"item\":\"https:\/\/artech-consulting.de\/aktuelles\/\"},{\"@type\":\"ListItem\",\"position\":3,\"name\":\"Wissen &#038; Impulse\",\"item\":\"https:\/\/artech-consulting.de\/aktuelles\/wussten-sie-schon-2\/\"},{\"@type\":\"ListItem\",\"position\":4,\"name\":\"MBSE\"}]},{\"@type\":\"WebSite\",\"@id\":\"https:\/\/artech-consulting.de\/#website\",\"url\":\"https:\/\/artech-consulting.de\/\",\"name\":\"\",\"description\":\"\",\"publisher\":{\"@id\":\"https:\/\/artech-consulting.de\/#organization\"},\"potentialAction\":[{\"@type\":\"SearchAction\",\"target\":{\"@type\":\"EntryPoint\",\"urlTemplate\":\"https:\/\/artech-consulting.de\/?s={search_term_string}\"},\"query-input\":{\"@type\":\"PropertyValueSpecification\",\"valueRequired\":true,\"valueName\":\"search_term_string\"}}],\"inLanguage\":\"en-US\"},{\"@type\":\"Organization\",\"@id\":\"https:\/\/artech-consulting.de\/#organization\",\"name\":\"Artecch Consulting\",\"url\":\"https:\/\/artech-consulting.de\/\",\"logo\":{\"@type\":\"ImageObject\",\"inLanguage\":\"en-US\",\"@id\":\"https:\/\/artech-consulting.de\/#\/schema\/logo\/image\/\",\"url\":\"https:\/\/artech-consulting.de\/wp-content\/uploads\/2015\/06\/cropped-ARTech_Logo_rgb_600frei.png\",\"contentUrl\":\"https:\/\/artech-consulting.de\/wp-content\/uploads\/2015\/06\/cropped-ARTech_Logo_rgb_600frei.png\",\"width\":6805,\"height\":1554,\"caption\":\"Artecch Consulting\"},\"image\":{\"@id\":\"https:\/\/artech-consulting.de\/#\/schema\/logo\/image\/\"},\"sameAs\":[\"https:\/\/www.facebook.com\/ARTECH-Consulting-GmbH-367676580239744\/\",\"https:\/\/www.linkedin.com\/company\/artech-consulting-gmbh?report_success=8jyhy2niUpAFvknlZbso8OXCShshmpUnzp3NjIJ2m7yhSVK6-d3cj9EZShsc4o_DdpkqGOtZmrfmVAwicnuvayqF\"]}]}<\/script>\n<!-- \/ Yoast SEO plugin. -->","yoast_head_json":{"title":"MBSE -","description":"Bei vielen Unternehmen f\u00e4llt immer h\u00e4ufiger die Bezeichnung MBSE. Was bedeutet MBSE und wie funktioniert es?","robots":{"index":"index","follow":"follow","max-snippet":"max-snippet:-1","max-image-preview":"max-image-preview:large","max-video-preview":"max-video-preview:-1"},"canonical":"https:\/\/artech-consulting.de\/aktuelles\/wussten-sie-schon-2\/mbse\/","og_locale":"en_US","og_type":"article","og_title":"Model Based Systems Engineering","og_description":"Viele Unternehmen stehen stetig wachsenden Herausforderungen wie beispielsweise kurzen Produktionszeiten oder hohen Qualit\u00e4tsanforderungen gegen\u00fcber und es f\u00e4llt immer h\u00e4ufiger die Bezeichnung MBSE. Lesen Sie im Folgenden, was MBSE bedeutet und wie es funktioniert!","og_url":"https:\/\/artech-consulting.de\/aktuelles\/wussten-sie-schon-2\/mbse\/","article_publisher":"https:\/\/www.facebook.com\/ARTECH-Consulting-GmbH-367676580239744\/","article_modified_time":"2018-11-26T11:40:45+00:00","twitter_card":"summary_large_image","twitter_misc":{"Est. reading time":"3 minutes"},"schema":{"@context":"https:\/\/schema.org","@graph":[{"@type":"WebPage","@id":"https:\/\/artech-consulting.de\/aktuelles\/wussten-sie-schon-2\/mbse\/","url":"https:\/\/artech-consulting.de\/aktuelles\/wussten-sie-schon-2\/mbse\/","name":"MBSE -","isPartOf":{"@id":"https:\/\/artech-consulting.de\/#website"},"datePublished":"2018-08-09T11:12:50+00:00","dateModified":"2018-11-26T11:40:45+00:00","description":"Bei vielen Unternehmen f\u00e4llt immer h\u00e4ufiger die Bezeichnung MBSE. Was bedeutet MBSE und wie funktioniert es?","breadcrumb":{"@id":"https:\/\/artech-consulting.de\/aktuelles\/wussten-sie-schon-2\/mbse\/#breadcrumb"},"inLanguage":"en-US","potentialAction":[{"@type":"ReadAction","target":["https:\/\/artech-consulting.de\/aktuelles\/wussten-sie-schon-2\/mbse\/"]}]},{"@type":"BreadcrumbList","@id":"https:\/\/artech-consulting.de\/aktuelles\/wussten-sie-schon-2\/mbse\/#breadcrumb","itemListElement":[{"@type":"ListItem","position":1,"name":"Home","item":"https:\/\/artech-consulting.de\/"},{"@type":"ListItem","position":2,"name":"Aktuelles","item":"https:\/\/artech-consulting.de\/aktuelles\/"},{"@type":"ListItem","position":3,"name":"Wissen &#038; Impulse","item":"https:\/\/artech-consulting.de\/aktuelles\/wussten-sie-schon-2\/"},{"@type":"ListItem","position":4,"name":"MBSE"}]},{"@type":"WebSite","@id":"https:\/\/artech-consulting.de\/#website","url":"https:\/\/artech-consulting.de\/","name":"","description":"","publisher":{"@id":"https:\/\/artech-consulting.de\/#organization"},"potentialAction":[{"@type":"SearchAction","target":{"@type":"EntryPoint","urlTemplate":"https:\/\/artech-consulting.de\/?s={search_term_string}"},"query-input":{"@type":"PropertyValueSpecification","valueRequired":true,"valueName":"search_term_string"}}],"inLanguage":"en-US"},{"@type":"Organization","@id":"https:\/\/artech-consulting.de\/#organization","name":"Artecch Consulting","url":"https:\/\/artech-consulting.de\/","logo":{"@type":"ImageObject","inLanguage":"en-US","@id":"https:\/\/artech-consulting.de\/#\/schema\/logo\/image\/","url":"https:\/\/artech-consulting.de\/wp-content\/uploads\/2015\/06\/cropped-ARTech_Logo_rgb_600frei.png","contentUrl":"https:\/\/artech-consulting.de\/wp-content\/uploads\/2015\/06\/cropped-ARTech_Logo_rgb_600frei.png","width":6805,"height":1554,"caption":"Artecch Consulting"},"image":{"@id":"https:\/\/artech-consulting.de\/#\/schema\/logo\/image\/"},"sameAs":["https:\/\/www.facebook.com\/ARTECH-Consulting-GmbH-367676580239744\/","https:\/\/www.linkedin.com\/company\/artech-consulting-gmbh?report_success=8jyhy2niUpAFvknlZbso8OXCShshmpUnzp3NjIJ2m7yhSVK6-d3cj9EZShsc4o_DdpkqGOtZmrfmVAwicnuvayqF"]}]}},"_links":{"self":[{"href":"https:\/\/artech-consulting.de\/en\/wp-json\/wp\/v2\/pages\/3654"}],"collection":[{"href":"https:\/\/artech-consulting.de\/en\/wp-json\/wp\/v2\/pages"}],"about":[{"href":"https:\/\/artech-consulting.de\/en\/wp-json\/wp\/v2\/types\/page"}],"author":[{"embeddable":true,"href":"https:\/\/artech-consulting.de\/en\/wp-json\/wp\/v2\/users\/1"}],"replies":[{"embeddable":true,"href":"https:\/\/artech-consulting.de\/en\/wp-json\/wp\/v2\/comments?post=3654"}],"version-history":[{"count":6,"href":"https:\/\/artech-consulting.de\/en\/wp-json\/wp\/v2\/pages\/3654\/revisions"}],"predecessor-version":[{"id":3658,"href":"https:\/\/artech-consulting.de\/en\/wp-json\/wp\/v2\/pages\/3654\/revisions\/3658"}],"up":[{"embeddable":true,"href":"https:\/\/artech-consulting.de\/en\/wp-json\/wp\/v2\/pages\/4507"}],"wp:attachment":[{"href":"https:\/\/artech-consulting.de\/en\/wp-json\/wp\/v2\/media?parent=3654"}],"curies":[{"name":"wp","href":"https:\/\/api.w.org\/{rel}","templated":true}]}}