{"id":3676,"date":"2018-09-14T11:31:03","date_gmt":"2018-09-14T09:31:03","guid":{"rendered":"https:\/\/artech-consulting.de\/?page_id=3676"},"modified":"2018-11-26T12:02:15","modified_gmt":"2018-11-26T11:02:15","slug":"projekt-auf-der-zielgeraden","status":"publish","type":"page","link":"https:\/\/artech-consulting.de\/en\/unternehmen\/soziale-projekte\/projekt-vorschule-fuer-heimkehrer-in-sri-lanka\/projekt-auf-der-zielgeraden\/","title":{"rendered":"Sri Lanka: Projekt \u201eVorschule f\u00fcr Heimkehrer\u201c auf der Zielgeraden"},"content":{"rendered":"<p><\/p>\n<p><strong>Sri Lanka: Projekt \u201eVorschule f\u00fcr Heimkehrer\u201c auf der Zielgeraden<\/strong><\/p>\n<\/p>\n<p><a href=\"https:\/\/artech-consulting.de\/wp-content\/uploads\/2018\/09\/IMG-20180908-WA0001.jpg\"><img loading=\"lazy\" decoding=\"async\" class=\" size-medium wp-image-2566 alignright\" style=\"margin-left: 40px; margin-bottom: 20px;\" src=\"https:\/\/artech-consulting.de\/wp-content\/uploads\/2018\/09\/IMG-20180908-WA0001.jpg\" alt=\"IMG_0492\" width=\"300\" height=\"225\" \/><\/a><\/p>\n<p>&nbsp;<br \/>\nIm Sommer 2017 startete die ARTECH Consulting GmbH gemeinsam mit der <a href=\"https:\/\/artech-consulting.de\/unternehmen\/soziale-projekte\/gca\/\" rel=\"noopener\" target=\"_blank\">GCA<\/a> einen Spendenaufruf f\u00fcr das ins Leben gerufene Projekt <a href=\"https:\/\/artech-consulting.de\/unternehmen\/soziale-projekte\/projekt-vorschule-fuer-heimkehrer-in-sri-lanka\/\" rel=\"noopener\" target=\"_blank\">\u201eVorschule f\u00fcr Heimkehrer\u201c<\/a>, um Fl\u00fcchtlingskindern in der Nordprovinz von Sri Lanka eine Bildung zu erm\u00f6glichen. Nachdem die Spendenaktion \u00fcber mehrere Wochen lief, wurde am 11. Oktober 2017 dank der ersten eingenommenen Spenden mit dem Bau begonnen. Dabei haben wir mit einigen <a href=\"https:\/\/artech-consulting.de\/unternehmen\/soziale-projekte\/projekt-vorschule-fuer-heimkehrer-in-sri-lanka\/bildimpressionen-projekt-vorschule-fuer-heimkehrer\/\" rel=\"noopener\" target=\"_blank\">Bildimpressionen<\/a> die Grundsteinlegung sowie den Fortschritt des Projektes festgehalten.<br \/>\n&nbsp;<br \/>\nSeither ist fast ein ganzes Jahr vergangen und aufgrund einiger politischer Widrigkeiten im Land, verz\u00f6gerten sich weitere Bauarbeiten. Doch nun steht das Geb\u00e4ude der kleinen Schule und mit etwas Gl\u00fcck werden in den kommenden Wochen die noch notwendigen Sanit\u00e4ranlagen installiert sowie die Schulm\u00f6bel angeschafft. Sind anschlie\u00dfend die letzten Arbeiten vollendet, d\u00fcrfen die 40-50 Kinder durch die Realisierung des Projektes ihren Traum von der Schule verwirklichen!<\/p>","protected":false},"excerpt":{"rendered":"<p>Sri Lanka: Projekt \u201eVorschule f\u00fcr Heimkehrer\u201c auf der Zielgeraden &nbsp; Im Sommer 2017 startete die ARTECH Consulting GmbH gemeinsam mit der GCA einen Spendenaufruf f\u00fcr das ins Leben gerufene Projekt \u201eVorschule f\u00fcr Heimkehrer\u201c, um Fl\u00fcchtlingskindern in der Nordprovinz von Sri <a href=\"https:\/\/artech-consulting.de\/en\/unternehmen\/soziale-projekte\/projekt-vorschule-fuer-heimkehrer-in-sri-lanka\/projekt-auf-der-zielgeraden\/\" class=\"read-more\">Read More<\/a><\/p>\n","protected":false},"author":1,"featured_media":0,"parent":2916,"menu_order":0,"comment_status":"closed","ping_status":"closed","template":"","meta":{"footnotes":""},"yoast_head":"<!-- This site is optimized with the Yoast SEO plugin v23.5 - https:\/\/yoast.com\/wordpress\/plugins\/seo\/ -->\n<title>Sri Lanka: Projekt \u201eVorschule f\u00fcr Heimkehrer\u201c auf der Zielgeraden -<\/title>\n<meta name=\"description\" content=\"Das gemeinsame Projekt \u201eVorschule f\u00fcr Heimkehrer\u201c, der ARTECH Consulting GmbH und der GCA, soll Fl\u00fcchtlingskindern in Sri Lanka eine Bildung erm\u00f6glichen.\" \/>\n<meta name=\"robots\" content=\"index, follow, max-snippet:-1, max-image-preview:large, max-video-preview:-1\" \/>\n<link rel=\"canonical\" href=\"https:\/\/artech-consulting.de\/unternehmen\/soziale-projekte\/projekt-vorschule-fuer-heimkehrer-in-sri-lanka\/projekt-auf-der-zielgeraden\/\" \/>\n<meta property=\"og:locale\" content=\"en_US\" \/>\n<meta property=\"og:type\" content=\"article\" \/>\n<meta property=\"og:title\" content=\"Projekt \u201eVorschule f\u00fcr Heimkehrer\u201c auf der Zielgeraden\" \/>\n<meta property=\"og:description\" content=\"Im Herbst 2017 haben wir \u00fcber den Startschuss f\u00fcr den Bau des Projektes \u201eVorschule f\u00fcr Heimkehrer\u201c berichtet. Nun erfahren Sie im folgenden Beitrag alle wichtigen Informationen \u00fcber die weiteren Fortschritte des Projektes!\" \/>\n<meta property=\"og:url\" content=\"https:\/\/artech-consulting.de\/unternehmen\/soziale-projekte\/projekt-vorschule-fuer-heimkehrer-in-sri-lanka\/projekt-auf-der-zielgeraden\/\" \/>\n<meta property=\"article:publisher\" content=\"https:\/\/www.facebook.com\/ARTECH-Consulting-GmbH-367676580239744\/\" \/>\n<meta property=\"article:modified_time\" content=\"2018-11-26T11:02:15+00:00\" \/>\n<meta name=\"twitter:card\" content=\"summary_large_image\" \/>\n<meta name=\"twitter:image\" content=\"https:\/\/artech-consulting.de\/wp-content\/uploads\/2018\/09\/IMG-20180908-WA0001.jpg\" \/>\n<meta name=\"twitter:label1\" content=\"Est. reading time\" \/>\n\t<meta name=\"twitter:data1\" content=\"2 minutes\" \/>\n<script type=\"application\/ld+json\" class=\"yoast-schema-graph\">{\"@context\":\"https:\/\/schema.org\",\"@graph\":[{\"@type\":\"WebPage\",\"@id\":\"https:\/\/artech-consulting.de\/unternehmen\/soziale-projekte\/projekt-vorschule-fuer-heimkehrer-in-sri-lanka\/projekt-auf-der-zielgeraden\/\",\"url\":\"https:\/\/artech-consulting.de\/unternehmen\/soziale-projekte\/projekt-vorschule-fuer-heimkehrer-in-sri-lanka\/projekt-auf-der-zielgeraden\/\",\"name\":\"Sri Lanka: Projekt \u201eVorschule f\u00fcr Heimkehrer\u201c auf der Zielgeraden -\",\"isPartOf\":{\"@id\":\"https:\/\/artech-consulting.de\/#website\"},\"primaryImageOfPage\":{\"@id\":\"https:\/\/artech-consulting.de\/unternehmen\/soziale-projekte\/projekt-vorschule-fuer-heimkehrer-in-sri-lanka\/projekt-auf-der-zielgeraden\/#primaryimage\"},\"image\":{\"@id\":\"https:\/\/artech-consulting.de\/unternehmen\/soziale-projekte\/projekt-vorschule-fuer-heimkehrer-in-sri-lanka\/projekt-auf-der-zielgeraden\/#primaryimage\"},\"thumbnailUrl\":\"https:\/\/artech-consulting.de\/wp-content\/uploads\/2018\/09\/IMG-20180908-WA0001.jpg\",\"datePublished\":\"2018-09-14T09:31:03+00:00\",\"dateModified\":\"2018-11-26T11:02:15+00:00\",\"description\":\"{:de}Das gemeinsame Projekt \u201eVorschule f\u00fcr Heimkehrer\u201c, der ARTECH Consulting GmbH und der GCA, soll Fl\u00fcchtlingskindern in Sri Lanka eine Bildung erm\u00f6glichen.{:}{:en}Das gemeinsame Projekt \u201eVorschule f\u00fcr Heimkehrer\u201c, der ARTECH Consulting GmbH und der GCA, soll Fl\u00fcchtlingskindern in Sri Lanka eine Bildung erm\u00f6glichen.{:}\",\"breadcrumb\":{\"@id\":\"https:\/\/artech-consulting.de\/unternehmen\/soziale-projekte\/projekt-vorschule-fuer-heimkehrer-in-sri-lanka\/projekt-auf-der-zielgeraden\/#breadcrumb\"},\"inLanguage\":\"en-US\",\"potentialAction\":[{\"@type\":\"ReadAction\",\"target\":[\"https:\/\/artech-consulting.de\/unternehmen\/soziale-projekte\/projekt-vorschule-fuer-heimkehrer-in-sri-lanka\/projekt-auf-der-zielgeraden\/\"]}]},{\"@type\":\"ImageObject\",\"inLanguage\":\"en-US\",\"@id\":\"https:\/\/artech-consulting.de\/unternehmen\/soziale-projekte\/projekt-vorschule-fuer-heimkehrer-in-sri-lanka\/projekt-auf-der-zielgeraden\/#primaryimage\",\"url\":\"https:\/\/artech-consulting.de\/wp-content\/uploads\/2018\/09\/IMG-20180908-WA0001.jpg\",\"contentUrl\":\"https:\/\/artech-consulting.de\/wp-content\/uploads\/2018\/09\/IMG-20180908-WA0001.jpg\"},{\"@type\":\"BreadcrumbList\",\"@id\":\"https:\/\/artech-consulting.de\/unternehmen\/soziale-projekte\/projekt-vorschule-fuer-heimkehrer-in-sri-lanka\/projekt-auf-der-zielgeraden\/#breadcrumb\",\"itemListElement\":[{\"@type\":\"ListItem\",\"position\":1,\"name\":\"Home\",\"item\":\"https:\/\/artech-consulting.de\/\"},{\"@type\":\"ListItem\",\"position\":2,\"name\":\"Unternehmen\",\"item\":\"https:\/\/artech-consulting.de\/unternehmen\/\"},{\"@type\":\"ListItem\",\"position\":3,\"name\":\"Soziale Projekte\",\"item\":\"https:\/\/artech-consulting.de\/unternehmen\/soziale-projekte\/\"},{\"@type\":\"ListItem\",\"position\":4,\"name\":\"Projekt \u201eVorschule f\u00fcr Heimkehrer\u201c in Sri Lanka\",\"item\":\"https:\/\/artech-consulting.de\/unternehmen\/soziale-projekte\/projekt-vorschule-fuer-heimkehrer-in-sri-lanka\/\"},{\"@type\":\"ListItem\",\"position\":5,\"name\":\"Projekt auf der Zielgeraden\"}]},{\"@type\":\"WebSite\",\"@id\":\"https:\/\/artech-consulting.de\/#website\",\"url\":\"https:\/\/artech-consulting.de\/\",\"name\":\"\",\"description\":\"\",\"publisher\":{\"@id\":\"https:\/\/artech-consulting.de\/#organization\"},\"potentialAction\":[{\"@type\":\"SearchAction\",\"target\":{\"@type\":\"EntryPoint\",\"urlTemplate\":\"https:\/\/artech-consulting.de\/?s={search_term_string}\"},\"query-input\":{\"@type\":\"PropertyValueSpecification\",\"valueRequired\":true,\"valueName\":\"search_term_string\"}}],\"inLanguage\":\"en-US\"},{\"@type\":\"Organization\",\"@id\":\"https:\/\/artech-consulting.de\/#organization\",\"name\":\"Artecch Consulting\",\"url\":\"https:\/\/artech-consulting.de\/\",\"logo\":{\"@type\":\"ImageObject\",\"inLanguage\":\"en-US\",\"@id\":\"https:\/\/artech-consulting.de\/#\/schema\/logo\/image\/\",\"url\":\"https:\/\/artech-consulting.de\/wp-content\/uploads\/2015\/06\/cropped-ARTech_Logo_rgb_600frei.png\",\"contentUrl\":\"https:\/\/artech-consulting.de\/wp-content\/uploads\/2015\/06\/cropped-ARTech_Logo_rgb_600frei.png\",\"width\":6805,\"height\":1554,\"caption\":\"Artecch Consulting\"},\"image\":{\"@id\":\"https:\/\/artech-consulting.de\/#\/schema\/logo\/image\/\"},\"sameAs\":[\"https:\/\/www.facebook.com\/ARTECH-Consulting-GmbH-367676580239744\/\",\"https:\/\/www.linkedin.com\/company\/artech-consulting-gmbh?report_success=8jyhy2niUpAFvknlZbso8OXCShshmpUnzp3NjIJ2m7yhSVK6-d3cj9EZShsc4o_DdpkqGOtZmrfmVAwicnuvayqF\"]}]}<\/script>\n<!-- \/ Yoast SEO plugin. -->","yoast_head_json":{"title":"Sri Lanka: Projekt \u201eVorschule f\u00fcr Heimkehrer\u201c auf der Zielgeraden -","description":"Das gemeinsame Projekt \u201eVorschule f\u00fcr Heimkehrer\u201c, der ARTECH Consulting GmbH und der GCA, soll Fl\u00fcchtlingskindern in Sri Lanka eine Bildung erm\u00f6glichen.","robots":{"index":"index","follow":"follow","max-snippet":"max-snippet:-1","max-image-preview":"max-image-preview:large","max-video-preview":"max-video-preview:-1"},"canonical":"https:\/\/artech-consulting.de\/unternehmen\/soziale-projekte\/projekt-vorschule-fuer-heimkehrer-in-sri-lanka\/projekt-auf-der-zielgeraden\/","og_locale":"en_US","og_type":"article","og_title":"Projekt \u201eVorschule f\u00fcr Heimkehrer\u201c auf der Zielgeraden","og_description":"Im Herbst 2017 haben wir \u00fcber den Startschuss f\u00fcr den Bau des Projektes \u201eVorschule f\u00fcr Heimkehrer\u201c berichtet. Nun erfahren Sie im folgenden Beitrag alle wichtigen Informationen \u00fcber die weiteren Fortschritte des Projektes!","og_url":"https:\/\/artech-consulting.de\/unternehmen\/soziale-projekte\/projekt-vorschule-fuer-heimkehrer-in-sri-lanka\/projekt-auf-der-zielgeraden\/","article_publisher":"https:\/\/www.facebook.com\/ARTECH-Consulting-GmbH-367676580239744\/","article_modified_time":"2018-11-26T11:02:15+00:00","twitter_card":"summary_large_image","twitter_image":"https:\/\/artech-consulting.de\/wp-content\/uploads\/2018\/09\/IMG-20180908-WA0001.jpg","twitter_misc":{"Est. reading time":"2 minutes"},"schema":{"@context":"https:\/\/schema.org","@graph":[{"@type":"WebPage","@id":"https:\/\/artech-consulting.de\/unternehmen\/soziale-projekte\/projekt-vorschule-fuer-heimkehrer-in-sri-lanka\/projekt-auf-der-zielgeraden\/","url":"https:\/\/artech-consulting.de\/unternehmen\/soziale-projekte\/projekt-vorschule-fuer-heimkehrer-in-sri-lanka\/projekt-auf-der-zielgeraden\/","name":"Sri Lanka: Projekt \u201eVorschule f\u00fcr Heimkehrer\u201c auf der Zielgeraden -","isPartOf":{"@id":"https:\/\/artech-consulting.de\/#website"},"primaryImageOfPage":{"@id":"https:\/\/artech-consulting.de\/unternehmen\/soziale-projekte\/projekt-vorschule-fuer-heimkehrer-in-sri-lanka\/projekt-auf-der-zielgeraden\/#primaryimage"},"image":{"@id":"https:\/\/artech-consulting.de\/unternehmen\/soziale-projekte\/projekt-vorschule-fuer-heimkehrer-in-sri-lanka\/projekt-auf-der-zielgeraden\/#primaryimage"},"thumbnailUrl":"https:\/\/artech-consulting.de\/wp-content\/uploads\/2018\/09\/IMG-20180908-WA0001.jpg","datePublished":"2018-09-14T09:31:03+00:00","dateModified":"2018-11-26T11:02:15+00:00","description":"{:de}Das gemeinsame Projekt \u201eVorschule f\u00fcr Heimkehrer\u201c, der ARTECH Consulting GmbH und der GCA, soll Fl\u00fcchtlingskindern in Sri Lanka eine Bildung erm\u00f6glichen.{:}{:en}Das gemeinsame Projekt \u201eVorschule f\u00fcr Heimkehrer\u201c, der ARTECH Consulting GmbH und der GCA, soll Fl\u00fcchtlingskindern in Sri Lanka eine Bildung erm\u00f6glichen.{:}","breadcrumb":{"@id":"https:\/\/artech-consulting.de\/unternehmen\/soziale-projekte\/projekt-vorschule-fuer-heimkehrer-in-sri-lanka\/projekt-auf-der-zielgeraden\/#breadcrumb"},"inLanguage":"en-US","potentialAction":[{"@type":"ReadAction","target":["https:\/\/artech-consulting.de\/unternehmen\/soziale-projekte\/projekt-vorschule-fuer-heimkehrer-in-sri-lanka\/projekt-auf-der-zielgeraden\/"]}]},{"@type":"ImageObject","inLanguage":"en-US","@id":"https:\/\/artech-consulting.de\/unternehmen\/soziale-projekte\/projekt-vorschule-fuer-heimkehrer-in-sri-lanka\/projekt-auf-der-zielgeraden\/#primaryimage","url":"https:\/\/artech-consulting.de\/wp-content\/uploads\/2018\/09\/IMG-20180908-WA0001.jpg","contentUrl":"https:\/\/artech-consulting.de\/wp-content\/uploads\/2018\/09\/IMG-20180908-WA0001.jpg"},{"@type":"BreadcrumbList","@id":"https:\/\/artech-consulting.de\/unternehmen\/soziale-projekte\/projekt-vorschule-fuer-heimkehrer-in-sri-lanka\/projekt-auf-der-zielgeraden\/#breadcrumb","itemListElement":[{"@type":"ListItem","position":1,"name":"Home","item":"https:\/\/artech-consulting.de\/"},{"@type":"ListItem","position":2,"name":"Unternehmen","item":"https:\/\/artech-consulting.de\/unternehmen\/"},{"@type":"ListItem","position":3,"name":"Soziale Projekte","item":"https:\/\/artech-consulting.de\/unternehmen\/soziale-projekte\/"},{"@type":"ListItem","position":4,"name":"Projekt \u201eVorschule f\u00fcr Heimkehrer\u201c in Sri Lanka","item":"https:\/\/artech-consulting.de\/unternehmen\/soziale-projekte\/projekt-vorschule-fuer-heimkehrer-in-sri-lanka\/"},{"@type":"ListItem","position":5,"name":"Projekt auf der Zielgeraden"}]},{"@type":"WebSite","@id":"https:\/\/artech-consulting.de\/#website","url":"https:\/\/artech-consulting.de\/","name":"","description":"","publisher":{"@id":"https:\/\/artech-consulting.de\/#organization"},"potentialAction":[{"@type":"SearchAction","target":{"@type":"EntryPoint","urlTemplate":"https:\/\/artech-consulting.de\/?s={search_term_string}"},"query-input":{"@type":"PropertyValueSpecification","valueRequired":true,"valueName":"search_term_string"}}],"inLanguage":"en-US"},{"@type":"Organization","@id":"https:\/\/artech-consulting.de\/#organization","name":"Artecch Consulting","url":"https:\/\/artech-consulting.de\/","logo":{"@type":"ImageObject","inLanguage":"en-US","@id":"https:\/\/artech-consulting.de\/#\/schema\/logo\/image\/","url":"https:\/\/artech-consulting.de\/wp-content\/uploads\/2015\/06\/cropped-ARTech_Logo_rgb_600frei.png","contentUrl":"https:\/\/artech-consulting.de\/wp-content\/uploads\/2015\/06\/cropped-ARTech_Logo_rgb_600frei.png","width":6805,"height":1554,"caption":"Artecch Consulting"},"image":{"@id":"https:\/\/artech-consulting.de\/#\/schema\/logo\/image\/"},"sameAs":["https:\/\/www.facebook.com\/ARTECH-Consulting-GmbH-367676580239744\/","https:\/\/www.linkedin.com\/company\/artech-consulting-gmbh?report_success=8jyhy2niUpAFvknlZbso8OXCShshmpUnzp3NjIJ2m7yhSVK6-d3cj9EZShsc4o_DdpkqGOtZmrfmVAwicnuvayqF"]}]}},"_links":{"self":[{"href":"https:\/\/artech-consulting.de\/en\/wp-json\/wp\/v2\/pages\/3676"}],"collection":[{"href":"https:\/\/artech-consulting.de\/en\/wp-json\/wp\/v2\/pages"}],"about":[{"href":"https:\/\/artech-consulting.de\/en\/wp-json\/wp\/v2\/types\/page"}],"author":[{"embeddable":true,"href":"https:\/\/artech-consulting.de\/en\/wp-json\/wp\/v2\/users\/1"}],"replies":[{"embeddable":true,"href":"https:\/\/artech-consulting.de\/en\/wp-json\/wp\/v2\/comments?post=3676"}],"version-history":[{"count":8,"href":"https:\/\/artech-consulting.de\/en\/wp-json\/wp\/v2\/pages\/3676\/revisions"}],"predecessor-version":[{"id":3686,"href":"https:\/\/artech-consulting.de\/en\/wp-json\/wp\/v2\/pages\/3676\/revisions\/3686"}],"up":[{"embeddable":true,"href":"https:\/\/artech-consulting.de\/en\/wp-json\/wp\/v2\/pages\/2916"}],"wp:attachment":[{"href":"https:\/\/artech-consulting.de\/en\/wp-json\/wp\/v2\/media?parent=3676"}],"curies":[{"name":"wp","href":"https:\/\/api.w.org\/{rel}","templated":true}]}}