{"id":3694,"date":"2018-10-11T11:11:21","date_gmt":"2018-10-11T09:11:21","guid":{"rendered":"https:\/\/artech-consulting.de\/?page_id=3694"},"modified":"2019-10-01T11:45:18","modified_gmt":"2019-10-01T09:45:18","slug":"klausurtagung-im-beschaulichen-westerwald","status":"publish","type":"page","link":"https:\/\/artech-consulting.de\/en\/aktuelles\/inside-artech\/klausurtagung-im-beschaulichen-westerwald\/","title":{"rendered":"Klausurtagung im beschaulichen Westerwald"},"content":{"rendered":"<p><strong>Klausurtagung im beschaulichen Westerwald<\/strong><br \/>\n<a href=\"https:\/\/artech-consulting.de\/wp-content\/uploads\/2018\/10\/Westerwald.jpg\"><img loading=\"lazy\" decoding=\"async\" class=\" size-medium wp-image-2566 alignright\" style=\"margin-left: 40px; margin-bottom: 20px;\" src=\"https:\/\/artech-consulting.de\/wp-content\/uploads\/2018\/10\/Westerwald.jpg\" alt=\"IMG_0492\" width=\"300\" height=\"225\"><\/a><\/p>\n<p>Am letzten Wochenende im September stand wieder die allj\u00e4hrliche Klausurtagung der ARTECH Consulting GmbH auf dem Programm. Dieses Mal ging es f\u00fcr die Mitarbeiter ins Landhaus Fernblick im beschaulichen Westerwald.<\/p>\n<p>Von ihren Projektorten aus startend, checkten am sp\u00e4ten Freitagnachmittag gegen 17 Uhr die ersten Kolleginnen und Kollegen f\u00fcr den dreit\u00e4gigen Aufenthalt im Hotel ein. Die diesj\u00e4hrige Klausurtagung stand unter dem Zeichen der Mitarbeiterzufriedenheit. Nach dem Check-In versammelten sich die Mitarbeiter im Tagungsraum, wo ihnen Gesch\u00e4ftsf\u00fchrer Amaniyel Arslan die Agenda vorstellte und die Bilanz f\u00fcr das abgelaufene Gesch\u00e4ftsjahr pr\u00e4sentierte. Im Anschluss an den Vortrag begab man sich zum gemeinsamen Abendessen in das Hotelrestaurant. Abgerundet wurde der Abend bei einem gem\u00fctlichen Ambiente an der Kegelbahn des Hotels.<\/p>\n<p>Der Samstag begann mit einem gemeinsamen Fr\u00fchst\u00fcck. Gegen 9 Uhr ging es dann mit dem zweiten Teil der Tagung weiter. Nach einem lockeren Warm-Up-Spiel mit Musik und Bewegung setzten sich die Mitarbeiter der ARTECH Consulting GmbH zusammen und diskutierten \u00fcber Strukturen und Prozesse im Unternehmen. Nach vielen lebhaften und konstruktiven Diskussionen endete die Sitzung am fr\u00fchen Abend. Nach dem anschlie\u00dfenden Essen lie\u00dfen die Kolleginnen und Kollegen den langen und intensiven Tag gemeinsam an der Hotelbar ausklingen.<\/p>\n<p>Am n\u00e4chsten Morgen wurde zum Abschluss der dreit\u00e4tigen Klausurtagung zusammen gefr\u00fchst\u00fcckt und danach machte sich das A-Team auf den Heimweg. Zur\u00fcckschauend war es eine intensive Klausurtagung mit vielen offenen Diskussionen. Dabei ist festzuhalten, dass insbesondere bei der ARTECH Consulting GmbH offen und in gro\u00dfer Runde verschiedene Themen kritisch angesprochen werden k\u00f6nnen und die Mitarbeiter am Ende des Tages weiterhin ein gutes Miteinander pflegen \u2013 ein Mehrwert, der die ARTECH Consulting GmbH auszeichnet.<\/p>","protected":false},"excerpt":{"rendered":"<p>Klausurtagung im beschaulichen Westerwald Am letzten Wochenende im September stand wieder die allj\u00e4hrliche Klausurtagung der ARTECH Consulting GmbH auf dem Programm. Dieses Mal ging es f\u00fcr die Mitarbeiter ins Landhaus Fernblick im beschaulichen Westerwald. Von ihren Projektorten aus startend, checkten <a href=\"https:\/\/artech-consulting.de\/en\/aktuelles\/inside-artech\/klausurtagung-im-beschaulichen-westerwald\/\" class=\"read-more\">Read More<\/a><\/p>\n","protected":false},"author":1,"featured_media":0,"parent":4397,"menu_order":0,"comment_status":"closed","ping_status":"closed","template":"","meta":{"footnotes":""},"yoast_head":"<!-- This site is optimized with the Yoast SEO plugin v23.5 - https:\/\/yoast.com\/wordpress\/plugins\/seo\/ -->\n<title>Klausurtagung im beschaulichen Westerwald -<\/title>\n<meta name=\"description\" content=\"Ende September 2018 fand die j\u00e4hrliche Klausurtagung der ARTECH Consulting GmbH statt. In diesem Jahr ging es f\u00fcr drei Tage in den beschaulichen Westerwald.\" \/>\n<meta name=\"robots\" content=\"index, follow, max-snippet:-1, max-image-preview:large, max-video-preview:-1\" \/>\n<link rel=\"canonical\" href=\"https:\/\/artech-consulting.de\/aktuelles\/inside-artech\/klausurtagung-im-beschaulichen-westerwald\/\" \/>\n<meta property=\"og:locale\" content=\"en_US\" \/>\n<meta property=\"og:type\" content=\"article\" \/>\n<meta property=\"og:title\" content=\"Klausurtagung im beschaulichen Westerwald\" \/>\n<meta property=\"og:description\" content=\"Ende September 2018 fand die j\u00e4hrliche Klausurtagung der ARTECH Consulting GmbH statt. In diesem Jahr ging es f\u00fcr drei Tage in den beschaulichen Westerwald.\" \/>\n<meta property=\"og:url\" content=\"https:\/\/artech-consulting.de\/aktuelles\/inside-artech\/klausurtagung-im-beschaulichen-westerwald\/\" \/>\n<meta property=\"article:publisher\" content=\"https:\/\/www.facebook.com\/ARTECH-Consulting-GmbH-367676580239744\/\" \/>\n<meta property=\"article:modified_time\" content=\"2019-10-01T09:45:18+00:00\" \/>\n<meta property=\"og:image\" content=\"https:\/\/artech-consulting.de\/wp-content\/uploads\/2018\/10\/Westerwald-1024x381.jpg\" \/>\n\t<meta property=\"og:image:width\" content=\"1024\" \/>\n\t<meta property=\"og:image:height\" content=\"381\" \/>\n\t<meta property=\"og:image:type\" content=\"image\/jpeg\" \/>\n<meta name=\"twitter:card\" content=\"summary_large_image\" \/>\n<meta name=\"twitter:label1\" content=\"Est. reading time\" \/>\n\t<meta name=\"twitter:data1\" content=\"3 minutes\" \/>\n<script type=\"application\/ld+json\" class=\"yoast-schema-graph\">{\"@context\":\"https:\/\/schema.org\",\"@graph\":[{\"@type\":\"WebPage\",\"@id\":\"https:\/\/artech-consulting.de\/aktuelles\/inside-artech\/klausurtagung-im-beschaulichen-westerwald\/\",\"url\":\"https:\/\/artech-consulting.de\/aktuelles\/inside-artech\/klausurtagung-im-beschaulichen-westerwald\/\",\"name\":\"Klausurtagung im beschaulichen Westerwald -\",\"isPartOf\":{\"@id\":\"https:\/\/artech-consulting.de\/#website\"},\"primaryImageOfPage\":{\"@id\":\"https:\/\/artech-consulting.de\/aktuelles\/inside-artech\/klausurtagung-im-beschaulichen-westerwald\/#primaryimage\"},\"image\":{\"@id\":\"https:\/\/artech-consulting.de\/aktuelles\/inside-artech\/klausurtagung-im-beschaulichen-westerwald\/#primaryimage\"},\"thumbnailUrl\":\"https:\/\/artech-consulting.de\/wp-content\/uploads\/2018\/10\/Westerwald.jpg\",\"datePublished\":\"2018-10-11T09:11:21+00:00\",\"dateModified\":\"2019-10-01T09:45:18+00:00\",\"description\":\"Ende September 2018 fand die j\u00e4hrliche Klausurtagung der ARTECH Consulting GmbH statt. In diesem Jahr ging es f\u00fcr drei Tage in den beschaulichen Westerwald.\",\"breadcrumb\":{\"@id\":\"https:\/\/artech-consulting.de\/aktuelles\/inside-artech\/klausurtagung-im-beschaulichen-westerwald\/#breadcrumb\"},\"inLanguage\":\"en-US\",\"potentialAction\":[{\"@type\":\"ReadAction\",\"target\":[\"https:\/\/artech-consulting.de\/aktuelles\/inside-artech\/klausurtagung-im-beschaulichen-westerwald\/\"]}]},{\"@type\":\"ImageObject\",\"inLanguage\":\"en-US\",\"@id\":\"https:\/\/artech-consulting.de\/aktuelles\/inside-artech\/klausurtagung-im-beschaulichen-westerwald\/#primaryimage\",\"url\":\"https:\/\/artech-consulting.de\/wp-content\/uploads\/2018\/10\/Westerwald.jpg\",\"contentUrl\":\"https:\/\/artech-consulting.de\/wp-content\/uploads\/2018\/10\/Westerwald.jpg\"},{\"@type\":\"BreadcrumbList\",\"@id\":\"https:\/\/artech-consulting.de\/aktuelles\/inside-artech\/klausurtagung-im-beschaulichen-westerwald\/#breadcrumb\",\"itemListElement\":[{\"@type\":\"ListItem\",\"position\":1,\"name\":\"Home\",\"item\":\"https:\/\/artech-consulting.de\/\"},{\"@type\":\"ListItem\",\"position\":2,\"name\":\"Aktuelles\",\"item\":\"https:\/\/artech-consulting.de\/aktuelles\/\"},{\"@type\":\"ListItem\",\"position\":3,\"name\":\"Inside ARTECH\",\"item\":\"https:\/\/artech-consulting.de\/aktuelles\/inside-artech\/\"},{\"@type\":\"ListItem\",\"position\":4,\"name\":\"Klausurtagung im beschaulichen Westerwald\"}]},{\"@type\":\"WebSite\",\"@id\":\"https:\/\/artech-consulting.de\/#website\",\"url\":\"https:\/\/artech-consulting.de\/\",\"name\":\"\",\"description\":\"\",\"publisher\":{\"@id\":\"https:\/\/artech-consulting.de\/#organization\"},\"potentialAction\":[{\"@type\":\"SearchAction\",\"target\":{\"@type\":\"EntryPoint\",\"urlTemplate\":\"https:\/\/artech-consulting.de\/?s={search_term_string}\"},\"query-input\":{\"@type\":\"PropertyValueSpecification\",\"valueRequired\":true,\"valueName\":\"search_term_string\"}}],\"inLanguage\":\"en-US\"},{\"@type\":\"Organization\",\"@id\":\"https:\/\/artech-consulting.de\/#organization\",\"name\":\"Artecch Consulting\",\"url\":\"https:\/\/artech-consulting.de\/\",\"logo\":{\"@type\":\"ImageObject\",\"inLanguage\":\"en-US\",\"@id\":\"https:\/\/artech-consulting.de\/#\/schema\/logo\/image\/\",\"url\":\"https:\/\/artech-consulting.de\/wp-content\/uploads\/2015\/06\/cropped-ARTech_Logo_rgb_600frei.png\",\"contentUrl\":\"https:\/\/artech-consulting.de\/wp-content\/uploads\/2015\/06\/cropped-ARTech_Logo_rgb_600frei.png\",\"width\":6805,\"height\":1554,\"caption\":\"Artecch Consulting\"},\"image\":{\"@id\":\"https:\/\/artech-consulting.de\/#\/schema\/logo\/image\/\"},\"sameAs\":[\"https:\/\/www.facebook.com\/ARTECH-Consulting-GmbH-367676580239744\/\",\"https:\/\/www.linkedin.com\/company\/artech-consulting-gmbh?report_success=8jyhy2niUpAFvknlZbso8OXCShshmpUnzp3NjIJ2m7yhSVK6-d3cj9EZShsc4o_DdpkqGOtZmrfmVAwicnuvayqF\"]}]}<\/script>\n<!-- \/ Yoast SEO plugin. -->","yoast_head_json":{"title":"Klausurtagung im beschaulichen Westerwald -","description":"Ende September 2018 fand die j\u00e4hrliche Klausurtagung der ARTECH Consulting GmbH statt. In diesem Jahr ging es f\u00fcr drei Tage in den beschaulichen Westerwald.","robots":{"index":"index","follow":"follow","max-snippet":"max-snippet:-1","max-image-preview":"max-image-preview:large","max-video-preview":"max-video-preview:-1"},"canonical":"https:\/\/artech-consulting.de\/aktuelles\/inside-artech\/klausurtagung-im-beschaulichen-westerwald\/","og_locale":"en_US","og_type":"article","og_title":"Klausurtagung im beschaulichen Westerwald","og_description":"Ende September 2018 fand die j\u00e4hrliche Klausurtagung der ARTECH Consulting GmbH statt. In diesem Jahr ging es f\u00fcr drei Tage in den beschaulichen Westerwald.","og_url":"https:\/\/artech-consulting.de\/aktuelles\/inside-artech\/klausurtagung-im-beschaulichen-westerwald\/","article_publisher":"https:\/\/www.facebook.com\/ARTECH-Consulting-GmbH-367676580239744\/","article_modified_time":"2019-10-01T09:45:18+00:00","og_image":[{"width":1024,"height":381,"url":"https:\/\/artech-consulting.de\/wp-content\/uploads\/2018\/10\/Westerwald-1024x381.jpg","type":"image\/jpeg"}],"twitter_card":"summary_large_image","twitter_misc":{"Est. reading time":"3 minutes"},"schema":{"@context":"https:\/\/schema.org","@graph":[{"@type":"WebPage","@id":"https:\/\/artech-consulting.de\/aktuelles\/inside-artech\/klausurtagung-im-beschaulichen-westerwald\/","url":"https:\/\/artech-consulting.de\/aktuelles\/inside-artech\/klausurtagung-im-beschaulichen-westerwald\/","name":"Klausurtagung im beschaulichen Westerwald -","isPartOf":{"@id":"https:\/\/artech-consulting.de\/#website"},"primaryImageOfPage":{"@id":"https:\/\/artech-consulting.de\/aktuelles\/inside-artech\/klausurtagung-im-beschaulichen-westerwald\/#primaryimage"},"image":{"@id":"https:\/\/artech-consulting.de\/aktuelles\/inside-artech\/klausurtagung-im-beschaulichen-westerwald\/#primaryimage"},"thumbnailUrl":"https:\/\/artech-consulting.de\/wp-content\/uploads\/2018\/10\/Westerwald.jpg","datePublished":"2018-10-11T09:11:21+00:00","dateModified":"2019-10-01T09:45:18+00:00","description":"Ende September 2018 fand die j\u00e4hrliche Klausurtagung der ARTECH Consulting GmbH statt. In diesem Jahr ging es f\u00fcr drei Tage in den beschaulichen Westerwald.","breadcrumb":{"@id":"https:\/\/artech-consulting.de\/aktuelles\/inside-artech\/klausurtagung-im-beschaulichen-westerwald\/#breadcrumb"},"inLanguage":"en-US","potentialAction":[{"@type":"ReadAction","target":["https:\/\/artech-consulting.de\/aktuelles\/inside-artech\/klausurtagung-im-beschaulichen-westerwald\/"]}]},{"@type":"ImageObject","inLanguage":"en-US","@id":"https:\/\/artech-consulting.de\/aktuelles\/inside-artech\/klausurtagung-im-beschaulichen-westerwald\/#primaryimage","url":"https:\/\/artech-consulting.de\/wp-content\/uploads\/2018\/10\/Westerwald.jpg","contentUrl":"https:\/\/artech-consulting.de\/wp-content\/uploads\/2018\/10\/Westerwald.jpg"},{"@type":"BreadcrumbList","@id":"https:\/\/artech-consulting.de\/aktuelles\/inside-artech\/klausurtagung-im-beschaulichen-westerwald\/#breadcrumb","itemListElement":[{"@type":"ListItem","position":1,"name":"Home","item":"https:\/\/artech-consulting.de\/"},{"@type":"ListItem","position":2,"name":"Aktuelles","item":"https:\/\/artech-consulting.de\/aktuelles\/"},{"@type":"ListItem","position":3,"name":"Inside ARTECH","item":"https:\/\/artech-consulting.de\/aktuelles\/inside-artech\/"},{"@type":"ListItem","position":4,"name":"Klausurtagung im beschaulichen Westerwald"}]},{"@type":"WebSite","@id":"https:\/\/artech-consulting.de\/#website","url":"https:\/\/artech-consulting.de\/","name":"","description":"","publisher":{"@id":"https:\/\/artech-consulting.de\/#organization"},"potentialAction":[{"@type":"SearchAction","target":{"@type":"EntryPoint","urlTemplate":"https:\/\/artech-consulting.de\/?s={search_term_string}"},"query-input":{"@type":"PropertyValueSpecification","valueRequired":true,"valueName":"search_term_string"}}],"inLanguage":"en-US"},{"@type":"Organization","@id":"https:\/\/artech-consulting.de\/#organization","name":"Artecch Consulting","url":"https:\/\/artech-consulting.de\/","logo":{"@type":"ImageObject","inLanguage":"en-US","@id":"https:\/\/artech-consulting.de\/#\/schema\/logo\/image\/","url":"https:\/\/artech-consulting.de\/wp-content\/uploads\/2015\/06\/cropped-ARTech_Logo_rgb_600frei.png","contentUrl":"https:\/\/artech-consulting.de\/wp-content\/uploads\/2015\/06\/cropped-ARTech_Logo_rgb_600frei.png","width":6805,"height":1554,"caption":"Artecch Consulting"},"image":{"@id":"https:\/\/artech-consulting.de\/#\/schema\/logo\/image\/"},"sameAs":["https:\/\/www.facebook.com\/ARTECH-Consulting-GmbH-367676580239744\/","https:\/\/www.linkedin.com\/company\/artech-consulting-gmbh?report_success=8jyhy2niUpAFvknlZbso8OXCShshmpUnzp3NjIJ2m7yhSVK6-d3cj9EZShsc4o_DdpkqGOtZmrfmVAwicnuvayqF"]}]}},"_links":{"self":[{"href":"https:\/\/artech-consulting.de\/en\/wp-json\/wp\/v2\/pages\/3694"}],"collection":[{"href":"https:\/\/artech-consulting.de\/en\/wp-json\/wp\/v2\/pages"}],"about":[{"href":"https:\/\/artech-consulting.de\/en\/wp-json\/wp\/v2\/types\/page"}],"author":[{"embeddable":true,"href":"https:\/\/artech-consulting.de\/en\/wp-json\/wp\/v2\/users\/1"}],"replies":[{"embeddable":true,"href":"https:\/\/artech-consulting.de\/en\/wp-json\/wp\/v2\/comments?post=3694"}],"version-history":[{"count":10,"href":"https:\/\/artech-consulting.de\/en\/wp-json\/wp\/v2\/pages\/3694\/revisions"}],"predecessor-version":[{"id":5561,"href":"https:\/\/artech-consulting.de\/en\/wp-json\/wp\/v2\/pages\/3694\/revisions\/5561"}],"up":[{"embeddable":true,"href":"https:\/\/artech-consulting.de\/en\/wp-json\/wp\/v2\/pages\/4397"}],"wp:attachment":[{"href":"https:\/\/artech-consulting.de\/en\/wp-json\/wp\/v2\/media?parent=3694"}],"curies":[{"name":"wp","href":"https:\/\/api.w.org\/{rel}","templated":true}]}}