{"id":3769,"date":"2018-10-19T12:50:29","date_gmt":"2018-10-19T10:50:29","guid":{"rendered":"https:\/\/artech-consulting.de\/?page_id=3769"},"modified":"2018-11-26T11:55:51","modified_gmt":"2018-11-26T10:55:51","slug":"schulmoebel-fuer-das-projekt-vorschule-fuer-heimkehrer","status":"publish","type":"page","link":"https:\/\/artech-consulting.de\/en\/unternehmen\/soziale-projekte\/projekt-vorschule-fuer-heimkehrer-in-sri-lanka\/schulmoebel-fuer-das-projekt-vorschule-fuer-heimkehrer\/","title":{"rendered":"Schulm\u00f6bel f\u00fcr das Projekt &#8220;Vorschule f\u00fcr Heimkehrer&#8221;"},"content":{"rendered":"<p><\/p>\n<p><strong>Schulm\u00f6bel f\u00fcr das Projekt &#8220;Vorschule f\u00fcr Heimkehrer&#8221;<\/strong><\/p>\n<\/p>\n<p>&nbsp;<br \/>\nMitte September hatten wir dar\u00fcber berichtet, dass sich das Projekt <a href=\"https:\/\/artech-consulting.de\/unternehmen\/soziale-projekte\/projekt-vorschule-fuer-heimkehrer-in-sri-lanka\/\" rel=\"noopener\" target=\"_blank\">\u201eVorschule f\u00fcr Heimkehrer\u201c<\/a>, wo es um die Errichtung einer Vorschule f\u00fcr Fl\u00fcchtlingskindern in der Nordprovinz von Sri Lanka geht, kurz vor dem Ziel befindet. Nach der im Oktober 2017 gestarteten Spendenaktion, wurde mit dem Bau begonnen. Im Laufe der Zeit hielten wir mit <a href=\"https:\/\/artech-consulting.de\/unternehmen\/soziale-projekte\/projekt-vorschule-fuer-heimkehrer-in-sri-lanka\/bildimpressionen-projekt-vorschule-fuer-heimkehrer\/\" rel=\"noopener\" target=\"_blank\">Bildimpressionen<\/a> die Grundsteinlegung sowie den Fortschritt des Projektes fest. Zuletzt fehlten nur noch die Schulm\u00f6bel und die Sanit\u00e4ranlagen. Inzwischen konnten auch die Schulm\u00f6bel angeschafft werden und es fehlt noch ein kleiner Kraftakt, um das Projekt endlich mit Leben zu f\u00fcllen. <br \/>\n&nbsp;<br \/>\nIm Folgenden zeigen wir einige Bildimpressionen, um den aktuellsten Stand des Projektes vorzustellen.<br \/>\n&nbsp;<br \/>\n<div id='gallery-4' class='gallery galleryid-3769 gallery-columns-3 gallery-size-thumbnail'><figure class='gallery-item'>\n\t\t\t<div class='gallery-icon landscape'>\n\t\t\t\t<a href='https:\/\/artech-consulting.de\/wp-content\/uploads\/2018\/10\/IMG-20181013-WA0002.jpg'><img loading=\"lazy\" decoding=\"async\" width=\"150\" height=\"150\" src=\"https:\/\/artech-consulting.de\/wp-content\/uploads\/2018\/10\/IMG-20181013-WA0002-150x150.jpg\" class=\"attachment-thumbnail size-thumbnail\" alt=\"\" \/><\/a>\n\t\t\t<\/div><\/figure><figure class='gallery-item'>\n\t\t\t<div class='gallery-icon landscape'>\n\t\t\t\t<a href='https:\/\/artech-consulting.de\/wp-content\/uploads\/2018\/10\/IMG-20181013-WA0004.jpg'><img loading=\"lazy\" decoding=\"async\" width=\"150\" height=\"150\" src=\"https:\/\/artech-consulting.de\/wp-content\/uploads\/2018\/10\/IMG-20181013-WA0004-150x150.jpg\" class=\"attachment-thumbnail size-thumbnail\" alt=\"\" \/><\/a>\n\t\t\t<\/div><\/figure><figure class='gallery-item'>\n\t\t\t<div class='gallery-icon landscape'>\n\t\t\t\t<a href='https:\/\/artech-consulting.de\/wp-content\/uploads\/2018\/10\/IMG-20181013-WA0005.jpg'><img loading=\"lazy\" decoding=\"async\" width=\"150\" height=\"150\" src=\"https:\/\/artech-consulting.de\/wp-content\/uploads\/2018\/10\/IMG-20181013-WA0005-150x150.jpg\" class=\"attachment-thumbnail size-thumbnail\" alt=\"\" \/><\/a>\n\t\t\t<\/div><\/figure><figure class='gallery-item'>\n\t\t\t<div class='gallery-icon landscape'>\n\t\t\t\t<a href='https:\/\/artech-consulting.de\/wp-content\/uploads\/2018\/10\/IMG-20181013-WA0001.jpg'><img loading=\"lazy\" decoding=\"async\" width=\"150\" height=\"150\" src=\"https:\/\/artech-consulting.de\/wp-content\/uploads\/2018\/10\/IMG-20181013-WA0001-150x150.jpg\" class=\"attachment-thumbnail size-thumbnail\" alt=\"\" \/><\/a>\n\t\t\t<\/div><\/figure><figure class='gallery-item'>\n\t\t\t<div class='gallery-icon landscape'>\n\t\t\t\t<a href='https:\/\/artech-consulting.de\/wp-content\/uploads\/2018\/10\/IMG-20181013-WA0003.jpg'><img loading=\"lazy\" decoding=\"async\" width=\"150\" height=\"150\" src=\"https:\/\/artech-consulting.de\/wp-content\/uploads\/2018\/10\/IMG-20181013-WA0003-150x150.jpg\" class=\"attachment-thumbnail size-thumbnail\" alt=\"\" \/><\/a>\n\t\t\t<\/div><\/figure><figure class='gallery-item'>\n\t\t\t<div class='gallery-icon landscape'>\n\t\t\t\t<a href='https:\/\/artech-consulting.de\/wp-content\/uploads\/2018\/10\/IMG-20181013-WA0000.jpg'><img loading=\"lazy\" decoding=\"async\" width=\"150\" height=\"150\" src=\"https:\/\/artech-consulting.de\/wp-content\/uploads\/2018\/10\/IMG-20181013-WA0000-150x150.jpg\" class=\"attachment-thumbnail size-thumbnail\" alt=\"\" \/><\/a>\n\t\t\t<\/div><\/figure>\n\t\t<\/div>\n\n<p><\/p>","protected":false},"excerpt":{"rendered":"<p>Schulm\u00f6bel f\u00fcr das Projekt &#8220;Vorschule f\u00fcr Heimkehrer&#8221; &nbsp; Mitte September hatten wir dar\u00fcber berichtet, dass sich das Projekt \u201eVorschule f\u00fcr Heimkehrer\u201c, wo es um die Errichtung einer Vorschule f\u00fcr Fl\u00fcchtlingskindern in der Nordprovinz von Sri Lanka geht, kurz vor dem <a href=\"https:\/\/artech-consulting.de\/en\/unternehmen\/soziale-projekte\/projekt-vorschule-fuer-heimkehrer-in-sri-lanka\/schulmoebel-fuer-das-projekt-vorschule-fuer-heimkehrer\/\" class=\"read-more\">Read More<\/a><\/p>\n","protected":false},"author":1,"featured_media":0,"parent":2916,"menu_order":0,"comment_status":"closed","ping_status":"closed","template":"","meta":{"footnotes":""},"yoast_head":"<!-- This site is optimized with the Yoast SEO plugin v23.5 - https:\/\/yoast.com\/wordpress\/plugins\/seo\/ -->\n<title>Schulm\u00f6bel f\u00fcr das Projekt &quot;Vorschule f\u00fcr Heimkehrer&quot; -<\/title>\n<meta name=\"description\" content=\"Neue Bildimpressionen zum Projekt &quot;Vorschule f\u00fcr Heimkehrer&quot; f\u00fcr Fl\u00fcchtlingskinder im Norden von Sri Lanka. Das Projekt steht kurz vor der Realisierung.\" \/>\n<meta name=\"robots\" content=\"index, follow, max-snippet:-1, max-image-preview:large, max-video-preview:-1\" \/>\n<link rel=\"canonical\" href=\"https:\/\/artech-consulting.de\/unternehmen\/soziale-projekte\/projekt-vorschule-fuer-heimkehrer-in-sri-lanka\/schulmoebel-fuer-das-projekt-vorschule-fuer-heimkehrer\/\" \/>\n<meta property=\"og:locale\" content=\"en_US\" \/>\n<meta property=\"og:type\" content=\"article\" \/>\n<meta property=\"og:title\" content=\"Schulm\u00f6bel f\u00fcr das Projekt &quot;Vorschule f\u00fcr Heimkehrer&quot;\" \/>\n<meta property=\"og:description\" content=\"Mitte September hatten wir dar\u00fcber berichtet, dass sich das Projekt \u201eVorschule f\u00fcr Heimkehrer\u201c kurz vor dem Ziel befindet. Im Folgenden zeigen wir einige Bildimpressionen, um den aktuellsten Stand des Projektes vorzustellen.\" \/>\n<meta property=\"og:url\" content=\"https:\/\/artech-consulting.de\/unternehmen\/soziale-projekte\/projekt-vorschule-fuer-heimkehrer-in-sri-lanka\/schulmoebel-fuer-das-projekt-vorschule-fuer-heimkehrer\/\" \/>\n<meta property=\"article:publisher\" content=\"https:\/\/www.facebook.com\/ARTECH-Consulting-GmbH-367676580239744\/\" \/>\n<meta property=\"article:modified_time\" content=\"2018-11-26T10:55:51+00:00\" \/>\n<meta name=\"twitter:card\" content=\"summary_large_image\" \/>\n<meta name=\"twitter:image\" content=\"https:\/\/artech-consulting.de\/wp-content\/uploads\/2018\/10\/IMG-20181013-WA0002-150x150.jpg\" \/>\n<meta name=\"twitter:label1\" content=\"Est. reading time\" \/>\n\t<meta name=\"twitter:data1\" content=\"1 minute\" \/>\n<script type=\"application\/ld+json\" class=\"yoast-schema-graph\">{\"@context\":\"https:\/\/schema.org\",\"@graph\":[{\"@type\":\"WebPage\",\"@id\":\"https:\/\/artech-consulting.de\/unternehmen\/soziale-projekte\/projekt-vorschule-fuer-heimkehrer-in-sri-lanka\/schulmoebel-fuer-das-projekt-vorschule-fuer-heimkehrer\/\",\"url\":\"https:\/\/artech-consulting.de\/unternehmen\/soziale-projekte\/projekt-vorschule-fuer-heimkehrer-in-sri-lanka\/schulmoebel-fuer-das-projekt-vorschule-fuer-heimkehrer\/\",\"name\":\"Schulm\u00f6bel f\u00fcr das Projekt \\\"Vorschule f\u00fcr Heimkehrer\\\" -\",\"isPartOf\":{\"@id\":\"https:\/\/artech-consulting.de\/#website\"},\"datePublished\":\"2018-10-19T10:50:29+00:00\",\"dateModified\":\"2018-11-26T10:55:51+00:00\",\"description\":\"Neue Bildimpressionen zum Projekt \\\"Vorschule f\u00fcr Heimkehrer\\\" f\u00fcr Fl\u00fcchtlingskinder im Norden von Sri Lanka. Das Projekt steht kurz vor der Realisierung.\",\"breadcrumb\":{\"@id\":\"https:\/\/artech-consulting.de\/unternehmen\/soziale-projekte\/projekt-vorschule-fuer-heimkehrer-in-sri-lanka\/schulmoebel-fuer-das-projekt-vorschule-fuer-heimkehrer\/#breadcrumb\"},\"inLanguage\":\"en-US\",\"potentialAction\":[{\"@type\":\"ReadAction\",\"target\":[\"https:\/\/artech-consulting.de\/unternehmen\/soziale-projekte\/projekt-vorschule-fuer-heimkehrer-in-sri-lanka\/schulmoebel-fuer-das-projekt-vorschule-fuer-heimkehrer\/\"]}]},{\"@type\":\"BreadcrumbList\",\"@id\":\"https:\/\/artech-consulting.de\/unternehmen\/soziale-projekte\/projekt-vorschule-fuer-heimkehrer-in-sri-lanka\/schulmoebel-fuer-das-projekt-vorschule-fuer-heimkehrer\/#breadcrumb\",\"itemListElement\":[{\"@type\":\"ListItem\",\"position\":1,\"name\":\"Home\",\"item\":\"https:\/\/artech-consulting.de\/\"},{\"@type\":\"ListItem\",\"position\":2,\"name\":\"Unternehmen\",\"item\":\"https:\/\/artech-consulting.de\/unternehmen\/\"},{\"@type\":\"ListItem\",\"position\":3,\"name\":\"Soziale Projekte\",\"item\":\"https:\/\/artech-consulting.de\/unternehmen\/soziale-projekte\/\"},{\"@type\":\"ListItem\",\"position\":4,\"name\":\"Projekt \u201eVorschule f\u00fcr Heimkehrer\u201c in Sri Lanka\",\"item\":\"https:\/\/artech-consulting.de\/unternehmen\/soziale-projekte\/projekt-vorschule-fuer-heimkehrer-in-sri-lanka\/\"},{\"@type\":\"ListItem\",\"position\":5,\"name\":\"Schulm\u00f6bel f\u00fcr das Projekt &#8220;Vorschule f\u00fcr Heimkehrer&#8221;\"}]},{\"@type\":\"WebSite\",\"@id\":\"https:\/\/artech-consulting.de\/#website\",\"url\":\"https:\/\/artech-consulting.de\/\",\"name\":\"\",\"description\":\"\",\"publisher\":{\"@id\":\"https:\/\/artech-consulting.de\/#organization\"},\"potentialAction\":[{\"@type\":\"SearchAction\",\"target\":{\"@type\":\"EntryPoint\",\"urlTemplate\":\"https:\/\/artech-consulting.de\/?s={search_term_string}\"},\"query-input\":{\"@type\":\"PropertyValueSpecification\",\"valueRequired\":true,\"valueName\":\"search_term_string\"}}],\"inLanguage\":\"en-US\"},{\"@type\":\"Organization\",\"@id\":\"https:\/\/artech-consulting.de\/#organization\",\"name\":\"Artecch Consulting\",\"url\":\"https:\/\/artech-consulting.de\/\",\"logo\":{\"@type\":\"ImageObject\",\"inLanguage\":\"en-US\",\"@id\":\"https:\/\/artech-consulting.de\/#\/schema\/logo\/image\/\",\"url\":\"https:\/\/artech-consulting.de\/wp-content\/uploads\/2015\/06\/cropped-ARTech_Logo_rgb_600frei.png\",\"contentUrl\":\"https:\/\/artech-consulting.de\/wp-content\/uploads\/2015\/06\/cropped-ARTech_Logo_rgb_600frei.png\",\"width\":6805,\"height\":1554,\"caption\":\"Artecch Consulting\"},\"image\":{\"@id\":\"https:\/\/artech-consulting.de\/#\/schema\/logo\/image\/\"},\"sameAs\":[\"https:\/\/www.facebook.com\/ARTECH-Consulting-GmbH-367676580239744\/\",\"https:\/\/www.linkedin.com\/company\/artech-consulting-gmbh?report_success=8jyhy2niUpAFvknlZbso8OXCShshmpUnzp3NjIJ2m7yhSVK6-d3cj9EZShsc4o_DdpkqGOtZmrfmVAwicnuvayqF\"]}]}<\/script>\n<!-- \/ Yoast SEO plugin. -->","yoast_head_json":{"title":"Schulm\u00f6bel f\u00fcr das Projekt \"Vorschule f\u00fcr Heimkehrer\" -","description":"Neue Bildimpressionen zum Projekt \"Vorschule f\u00fcr Heimkehrer\" f\u00fcr Fl\u00fcchtlingskinder im Norden von Sri Lanka. Das Projekt steht kurz vor der Realisierung.","robots":{"index":"index","follow":"follow","max-snippet":"max-snippet:-1","max-image-preview":"max-image-preview:large","max-video-preview":"max-video-preview:-1"},"canonical":"https:\/\/artech-consulting.de\/unternehmen\/soziale-projekte\/projekt-vorschule-fuer-heimkehrer-in-sri-lanka\/schulmoebel-fuer-das-projekt-vorschule-fuer-heimkehrer\/","og_locale":"en_US","og_type":"article","og_title":"Schulm\u00f6bel f\u00fcr das Projekt \"Vorschule f\u00fcr Heimkehrer\"","og_description":"Mitte September hatten wir dar\u00fcber berichtet, dass sich das Projekt \u201eVorschule f\u00fcr Heimkehrer\u201c kurz vor dem Ziel befindet. Im Folgenden zeigen wir einige Bildimpressionen, um den aktuellsten Stand des Projektes vorzustellen.","og_url":"https:\/\/artech-consulting.de\/unternehmen\/soziale-projekte\/projekt-vorschule-fuer-heimkehrer-in-sri-lanka\/schulmoebel-fuer-das-projekt-vorschule-fuer-heimkehrer\/","article_publisher":"https:\/\/www.facebook.com\/ARTECH-Consulting-GmbH-367676580239744\/","article_modified_time":"2018-11-26T10:55:51+00:00","twitter_card":"summary_large_image","twitter_image":"https:\/\/artech-consulting.de\/wp-content\/uploads\/2018\/10\/IMG-20181013-WA0002-150x150.jpg","twitter_misc":{"Est. reading time":"1 minute"},"schema":{"@context":"https:\/\/schema.org","@graph":[{"@type":"WebPage","@id":"https:\/\/artech-consulting.de\/unternehmen\/soziale-projekte\/projekt-vorschule-fuer-heimkehrer-in-sri-lanka\/schulmoebel-fuer-das-projekt-vorschule-fuer-heimkehrer\/","url":"https:\/\/artech-consulting.de\/unternehmen\/soziale-projekte\/projekt-vorschule-fuer-heimkehrer-in-sri-lanka\/schulmoebel-fuer-das-projekt-vorschule-fuer-heimkehrer\/","name":"Schulm\u00f6bel f\u00fcr das Projekt \"Vorschule f\u00fcr Heimkehrer\" -","isPartOf":{"@id":"https:\/\/artech-consulting.de\/#website"},"datePublished":"2018-10-19T10:50:29+00:00","dateModified":"2018-11-26T10:55:51+00:00","description":"Neue Bildimpressionen zum Projekt \"Vorschule f\u00fcr Heimkehrer\" f\u00fcr Fl\u00fcchtlingskinder im Norden von Sri Lanka. Das Projekt steht kurz vor der Realisierung.","breadcrumb":{"@id":"https:\/\/artech-consulting.de\/unternehmen\/soziale-projekte\/projekt-vorschule-fuer-heimkehrer-in-sri-lanka\/schulmoebel-fuer-das-projekt-vorschule-fuer-heimkehrer\/#breadcrumb"},"inLanguage":"en-US","potentialAction":[{"@type":"ReadAction","target":["https:\/\/artech-consulting.de\/unternehmen\/soziale-projekte\/projekt-vorschule-fuer-heimkehrer-in-sri-lanka\/schulmoebel-fuer-das-projekt-vorschule-fuer-heimkehrer\/"]}]},{"@type":"BreadcrumbList","@id":"https:\/\/artech-consulting.de\/unternehmen\/soziale-projekte\/projekt-vorschule-fuer-heimkehrer-in-sri-lanka\/schulmoebel-fuer-das-projekt-vorschule-fuer-heimkehrer\/#breadcrumb","itemListElement":[{"@type":"ListItem","position":1,"name":"Home","item":"https:\/\/artech-consulting.de\/"},{"@type":"ListItem","position":2,"name":"Unternehmen","item":"https:\/\/artech-consulting.de\/unternehmen\/"},{"@type":"ListItem","position":3,"name":"Soziale Projekte","item":"https:\/\/artech-consulting.de\/unternehmen\/soziale-projekte\/"},{"@type":"ListItem","position":4,"name":"Projekt \u201eVorschule f\u00fcr Heimkehrer\u201c in Sri Lanka","item":"https:\/\/artech-consulting.de\/unternehmen\/soziale-projekte\/projekt-vorschule-fuer-heimkehrer-in-sri-lanka\/"},{"@type":"ListItem","position":5,"name":"Schulm\u00f6bel f\u00fcr das Projekt &#8220;Vorschule f\u00fcr Heimkehrer&#8221;"}]},{"@type":"WebSite","@id":"https:\/\/artech-consulting.de\/#website","url":"https:\/\/artech-consulting.de\/","name":"","description":"","publisher":{"@id":"https:\/\/artech-consulting.de\/#organization"},"potentialAction":[{"@type":"SearchAction","target":{"@type":"EntryPoint","urlTemplate":"https:\/\/artech-consulting.de\/?s={search_term_string}"},"query-input":{"@type":"PropertyValueSpecification","valueRequired":true,"valueName":"search_term_string"}}],"inLanguage":"en-US"},{"@type":"Organization","@id":"https:\/\/artech-consulting.de\/#organization","name":"Artecch Consulting","url":"https:\/\/artech-consulting.de\/","logo":{"@type":"ImageObject","inLanguage":"en-US","@id":"https:\/\/artech-consulting.de\/#\/schema\/logo\/image\/","url":"https:\/\/artech-consulting.de\/wp-content\/uploads\/2015\/06\/cropped-ARTech_Logo_rgb_600frei.png","contentUrl":"https:\/\/artech-consulting.de\/wp-content\/uploads\/2015\/06\/cropped-ARTech_Logo_rgb_600frei.png","width":6805,"height":1554,"caption":"Artecch Consulting"},"image":{"@id":"https:\/\/artech-consulting.de\/#\/schema\/logo\/image\/"},"sameAs":["https:\/\/www.facebook.com\/ARTECH-Consulting-GmbH-367676580239744\/","https:\/\/www.linkedin.com\/company\/artech-consulting-gmbh?report_success=8jyhy2niUpAFvknlZbso8OXCShshmpUnzp3NjIJ2m7yhSVK6-d3cj9EZShsc4o_DdpkqGOtZmrfmVAwicnuvayqF"]}]}},"_links":{"self":[{"href":"https:\/\/artech-consulting.de\/en\/wp-json\/wp\/v2\/pages\/3769"}],"collection":[{"href":"https:\/\/artech-consulting.de\/en\/wp-json\/wp\/v2\/pages"}],"about":[{"href":"https:\/\/artech-consulting.de\/en\/wp-json\/wp\/v2\/types\/page"}],"author":[{"embeddable":true,"href":"https:\/\/artech-consulting.de\/en\/wp-json\/wp\/v2\/users\/1"}],"replies":[{"embeddable":true,"href":"https:\/\/artech-consulting.de\/en\/wp-json\/wp\/v2\/comments?post=3769"}],"version-history":[{"count":10,"href":"https:\/\/artech-consulting.de\/en\/wp-json\/wp\/v2\/pages\/3769\/revisions"}],"predecessor-version":[{"id":4567,"href":"https:\/\/artech-consulting.de\/en\/wp-json\/wp\/v2\/pages\/3769\/revisions\/4567"}],"up":[{"embeddable":true,"href":"https:\/\/artech-consulting.de\/en\/wp-json\/wp\/v2\/pages\/2916"}],"wp:attachment":[{"href":"https:\/\/artech-consulting.de\/en\/wp-json\/wp\/v2\/media?parent=3769"}],"curies":[{"name":"wp","href":"https:\/\/api.w.org\/{rel}","templated":true}]}}