{"id":4397,"date":"2018-11-21T10:52:36","date_gmt":"2018-11-21T09:52:36","guid":{"rendered":"https:\/\/artech-consulting.de\/?page_id=4397"},"modified":"2025-09-17T12:35:26","modified_gmt":"2025-09-17T10:35:26","slug":"inside-artech","status":"publish","type":"page","link":"https:\/\/artech-consulting.de\/en\/aktuelles\/inside-artech\/","title":{"rendered":"Inside ARTECH"},"content":{"rendered":"<div id=\"pl-4397\"  class=\"panel-layout\" ><div id=\"pg-4397-0\"  class=\"panel-grid panel-no-style\" ><div id=\"pgc-4397-0-0\"  class=\"panel-grid-cell\" ><div id=\"panel-4397-0-0-0\" class=\"so-panel widget widget_text panel-first-child panel-last-child\" data-index=\"0\" >\t\t\t<div class=\"textwidget\"><p>&gt;&gt;&gt; Hier werden Sie regelm\u00e4\u00dfig \u00fcber aktuelle Veranstaltungen und Ereignisse informiert &lt;&lt;&lt;<\/p>\n<\/div>\n\t\t<\/div><\/div><\/div><div id=\"pg-4397-1\"  class=\"panel-grid panel-has-style\" ><div class=\"panel-row-style panel-row-style-for-4397-1\" ><div id=\"pgc-4397-1-0\"  class=\"panel-grid-cell\" ><div id=\"panel-4397-1-0-0\" class=\"so-panel widget widget_media_image panel-first-child panel-last-child\" data-index=\"1\" ><div class=\"panel-widget-style panel-widget-style-for-4397-1-0-0\" ><a href=\"https:\/\/artech-consulting.de\/aktuelles\/inside-artech\/artech-consulting-gmbh-auf-konferenz-in-malta-e-learning-plm\/\"><img loading=\"lazy\" decoding=\"async\" width=\"300\" height=\"198\" src=\"https:\/\/artech-consulting.de\/wp-content\/uploads\/2025\/09\/EDPE_Malta11-300x198.jpeg\" class=\"image wp-image-6578  attachment-medium size-medium\" alt=\"\" style=\"max-width: 100%; height: auto;\" srcset=\"https:\/\/artech-consulting.de\/wp-content\/uploads\/2025\/09\/EDPE_Malta11-300x198.jpeg 300w, https:\/\/artech-consulting.de\/wp-content\/uploads\/2025\/09\/EDPE_Malta11-1024x675.jpeg 1024w, https:\/\/artech-consulting.de\/wp-content\/uploads\/2025\/09\/EDPE_Malta11-768x506.jpeg 768w, https:\/\/artech-consulting.de\/wp-content\/uploads\/2025\/09\/EDPE_Malta11-360x237.jpeg 360w, https:\/\/artech-consulting.de\/wp-content\/uploads\/2025\/09\/EDPE_Malta11.jpeg 1200w\" sizes=\"(max-width: 300px) 100vw, 300px\" \/><\/a><\/div><\/div><\/div><div id=\"pgc-4397-1-1\"  class=\"panel-grid-cell\" ><div id=\"panel-4397-1-1-0\" class=\"so-panel widget widget_text panel-first-child panel-last-child\" data-index=\"2\" ><div class=\"panel-widget-style panel-widget-style-for-4397-1-1-0\" ><h3 class=\"widget-title\">ARTECH Consulting GmbH auf internationaler Konferenz in Malta<\/h3>\t\t\t<div class=\"textwidget\"><p>Vom 10.\u201312. September 2025 nahm die ARTECH Consulting GmbH an der 27. Internationalen Konferenz f\u00fcr Ingenieurwesen und Ausbildung im Fach Produktdesign in Malta teil und pr\u00e4sentierte einen innovativen Ansatz zu E-Learning &amp; CAD-\/PLM-Systemwechsel. <a href=\"https:\/\/artech-consulting.de\/aktuelles\/inside-artech\/artech-consulting-gmbh-auf-konferenz-in-malta-e-learning-plm\/\">Weiterlesen&#8230;<\/a><\/p>\n<\/div>\n\t\t<\/div><\/div><\/div><\/div><\/div><div id=\"pg-4397-2\"  class=\"panel-grid panel-no-style\" ><div id=\"pgc-4397-2-0\"  class=\"panel-grid-cell\" ><div id=\"panel-4397-2-0-0\" class=\"so-panel widget widget_media_image panel-first-child panel-last-child\" data-index=\"3\" ><div class=\"panel-widget-style panel-widget-style-for-4397-2-0-0\" ><a href=\"https:\/\/artech-consulting.de\/klausurtagung-der-artech-consulting-gmbh\/\"><img loading=\"lazy\" decoding=\"async\" width=\"300\" height=\"225\" src=\"https:\/\/artech-consulting.de\/wp-content\/uploads\/2019\/10\/IMG-20190929-WA0013-e1569922410472-300x225.jpg\" class=\"image wp-image-5544  attachment-medium size-medium\" alt=\"\" style=\"max-width: 100%; height: auto;\" srcset=\"https:\/\/artech-consulting.de\/wp-content\/uploads\/2019\/10\/IMG-20190929-WA0013-e1569922410472-300x225.jpg 300w, https:\/\/artech-consulting.de\/wp-content\/uploads\/2019\/10\/IMG-20190929-WA0013-e1569922410472-768x576.jpg 768w, https:\/\/artech-consulting.de\/wp-content\/uploads\/2019\/10\/IMG-20190929-WA0013-e1569922410472-1024x768.jpg 1024w, https:\/\/artech-consulting.de\/wp-content\/uploads\/2019\/10\/IMG-20190929-WA0013-e1569922410472-360x270.jpg 360w, https:\/\/artech-consulting.de\/wp-content\/uploads\/2019\/10\/IMG-20190929-WA0013-e1569922410472.jpg 1600w\" sizes=\"(max-width: 300px) 100vw, 300px\" \/><\/a><\/div><\/div><\/div><div id=\"pgc-4397-2-1\"  class=\"panel-grid-cell\" ><div id=\"panel-4397-2-1-0\" class=\"so-panel widget widget_text panel-first-child panel-last-child\" data-index=\"4\" ><div class=\"panel-widget-style panel-widget-style-for-4397-2-1-0\" ><h3 class=\"widget-title\">Klausurtagung im Bergischen Land<\/h3>\t\t\t<div class=\"textwidget\"><p>Vom 27. bis zum 29. September 2019 fand die j\u00e4hrliche Klausurtagung der ARTECH Consulting GmbH unter dem Motto \u201eGemeinsam neue Wege gehen\u201c statt. So ging es am letzten Septemberwochenende f\u00fcr drei Tage ins Bergische Land nach Wermelskirchen. <a href=\"https:\/\/artech-consulting.de\/klausurtagung-der-artech-consulting-gmbh\/\">Weiterlesen&#8230;<\/a><\/p>\n<\/div>\n\t\t<\/div><\/div><\/div><\/div><div id=\"pg-4397-3\"  class=\"panel-grid panel-has-style\" ><div class=\"panel-row-style panel-row-style-for-4397-3\" ><div id=\"pgc-4397-3-0\"  class=\"panel-grid-cell\" ><div id=\"panel-4397-3-0-0\" class=\"so-panel widget widget_media_image panel-first-child panel-last-child\" data-index=\"5\" ><div class=\"panel-widget-style panel-widget-style-for-4397-3-0-0\" ><a href=\"https:\/\/artech-consulting.de\/aktuelles\/inside-artech\/klausurtagung-im-beschaulichen-westerwald\/\"><img loading=\"lazy\" decoding=\"async\" width=\"300\" height=\"112\" src=\"https:\/\/artech-consulting.de\/wp-content\/uploads\/2018\/10\/Westerwald-300x112.jpg\" class=\"image wp-image-3695  attachment-medium size-medium\" alt=\"\" style=\"max-width: 100%; height: auto;\" srcset=\"https:\/\/artech-consulting.de\/wp-content\/uploads\/2018\/10\/Westerwald-300x112.jpg 300w, https:\/\/artech-consulting.de\/wp-content\/uploads\/2018\/10\/Westerwald-768x286.jpg 768w, https:\/\/artech-consulting.de\/wp-content\/uploads\/2018\/10\/Westerwald-1024x381.jpg 1024w, https:\/\/artech-consulting.de\/wp-content\/uploads\/2018\/10\/Westerwald-360x134.jpg 360w\" sizes=\"(max-width: 300px) 100vw, 300px\" \/><\/a><\/div><\/div><\/div><div id=\"pgc-4397-3-1\"  class=\"panel-grid-cell\" ><div id=\"panel-4397-3-1-0\" class=\"so-panel widget widget_text panel-first-child panel-last-child\" data-index=\"6\" ><div class=\"panel-widget-style panel-widget-style-for-4397-3-1-0\" ><h3 class=\"widget-title\">Klausurtagung im beschaulichen Westerwald<\/h3>\t\t\t<div class=\"textwidget\"><p>Ende September 2018 fand die j\u00e4hrliche Klausurtagung der ARTECH Consulting GmbH statt. In diesem Jahr ging es f\u00fcr drei Tage in den beschaulichen Westerwald. <a href=\"https:\/\/artech-consulting.de\/aktuelles\/inside-artech\/klausurtagung-im-beschaulichen-westerwald\/\">Weiterlesen&#8230;<\/a><\/p>\n<\/div>\n\t\t<\/div><\/div><\/div><\/div><\/div><div id=\"pg-4397-4\"  class=\"panel-grid panel-no-style\" ><div id=\"pgc-4397-4-0\"  class=\"panel-grid-cell\" ><div id=\"panel-4397-4-0-0\" class=\"so-panel widget widget_text panel-first-child panel-last-child\" data-index=\"7\" ><div class=\"panel-widget-style panel-widget-style-for-4397-4-0-0\" ><h3 class=\"widget-title\">Artikel \u00fcber die ARTECH Consulting GmbH aus dem Magazin \u2018Discover Germany\u2019<\/h3>\t\t\t<div class=\"textwidget\"><p>Im Magazin \u2018Discover Germany\u2019 wurde zum Themenbereich \u2018Germany\u2019s Business Coaches and Consulting Experts\u2019 in der Mai-Ausgabe in einem Beitrag die ARTECH Consulting GmbH vorgestellt. <a href=\"https:\/\/artech-consulting.de\/aktuelles\/inside-artech\/beitrag-ueber-die-artech-consulting-gmbh-im-magazin-discover-germany\/\">Weiterlesen&#8230;<\/a><\/p>\n<\/div>\n\t\t<\/div><\/div><\/div><\/div><div id=\"pg-4397-5\"  class=\"panel-grid panel-has-style\" ><div class=\"panel-row-style panel-row-style-for-4397-5\" ><div id=\"pgc-4397-5-0\"  class=\"panel-grid-cell\" ><div id=\"panel-4397-5-0-0\" class=\"so-panel widget widget_text panel-first-child panel-last-child\" data-index=\"8\" ><div class=\"panel-widget-style panel-widget-style-for-4397-5-0-0\" ><h3 class=\"widget-title\">\u201aARTECH Coaching\u2018 \u2013 Besuch von B\u00fcrgermeister Zimmermann aus Monheim a.R.<\/h3>\t\t\t<div class=\"textwidget\"><p>Am 24. April 2018 empfing die ARTECH Consulting GmbH Monheims B\u00fcrgermeister Daniel Zimmermann im K\u00f6lner Office. Anlass war das vor sechs Wochen gestartete Pilotprojekt \u2018ARTECH Coaching\u2019. <a href=\"https:\/\/artech-consulting.de\/aktuelles\/inside-artech\/artech-coaching-besuch-von-buergermeister-zimmermann\/\">Weiterlesen&#8230;<\/a><\/p>\n<\/div>\n\t\t<\/div><\/div><\/div><\/div><\/div><div id=\"pg-4397-6\"  class=\"panel-grid panel-no-style\" ><div id=\"pgc-4397-6-0\"  class=\"panel-grid-cell\" ><div id=\"panel-4397-6-0-0\" class=\"so-panel widget widget_text panel-first-child panel-last-child\" data-index=\"9\" ><div class=\"panel-widget-style panel-widget-style-for-4397-6-0-0\" ><h3 class=\"widget-title\">Treffen mit Vertretern des Jobcenters K\u00f6ln<\/h3>\t\t\t<div class=\"textwidget\"><p>Die ARTECH Consulting hatte am 16. Januar 2018 Vetreter des Jobcenters K\u00f6ln zu Gast. Bei dem Treffen ging es vorrangig, um die Vorstellung des Pilotprojektes \u2018ARTECH Coaching\u2019. <a href=\"https:\/\/artech-consulting.de\/aktuelles\/inside-artech\/treffen-mit-vertretern-des-jobcenters-koeln\/\">Weiterlesen&#8230;<\/a><\/p>\n<\/div>\n\t\t<\/div><\/div><\/div><\/div><div id=\"pg-4397-7\"  class=\"panel-grid panel-has-style\" ><div class=\"panel-row-style panel-row-style-for-4397-7\" ><div id=\"pgc-4397-7-0\"  class=\"panel-grid-cell\" ><div id=\"panel-4397-7-0-0\" class=\"so-panel widget widget_text panel-first-child panel-last-child\" data-index=\"10\" ><div class=\"panel-widget-style panel-widget-style-for-4397-7-0-0\" ><h3 class=\"widget-title\">Klausurtagung in Bergneustadt<\/h3>\t\t\t<div class=\"textwidget\"><p>Vom 29. September bis zum 01. Oktober 2017 fand die j\u00e4hrliche Klausurtagung der ARTECH Consulting GmbH unter dem Motto \u201eCorporate Identity ARTECH (CIA)\u201c statt. In diesem Jahr ging es f\u00fcr drei Tage ins malerische Bergneustadt. <a href=\"https:\/\/artech-consulting.de\/aktuelles\/inside-artech\/klausurtagung-in-bergneustadt\/\">Weiterlesen&#8230;<\/a><\/p>\n<\/div>\n\t\t<\/div><\/div><\/div><\/div><\/div><div id=\"pg-4397-8\"  class=\"panel-grid panel-no-style\" ><div id=\"pgc-4397-8-0\"  class=\"panel-grid-cell\" ><div id=\"panel-4397-8-0-0\" class=\"so-panel widget widget_text panel-first-child panel-last-child\" data-index=\"11\" ><div class=\"panel-widget-style panel-widget-style-for-4397-8-0-0\" ><h3 class=\"widget-title\">Dr. Rolf M\u00fctzenich und Dr. Witich Rossmann zu Gast bei ARTECH Consulting<\/h3>\t\t\t<div class=\"textwidget\"><p>Die ARTECH Consulting hatte am 30. August 2017 Dr. Rolf M\u00fctzenich (Mitglied des deutschen Bundestages), Dr. Witich Rossmann (DGB-Vorsitzender Region K\u00f6ln-Bonn) sowie Dr. Walter Schulz (OV-K\u00f6ln-Nippes) zu Gast. Bei dem vereinbarten Treffen stellte sich das Unternehmen in einer gro\u00dfen Runde vor und pr\u00e4sentierte im Anschluss unter anderem das Pilotprojekt \u201cARTECH Coaching\u201d. <a href=\"https:\/\/artech-consulting.de\/aktuelles\/inside-artech\/treffen-mit-rolf-muetzenich-und-witich-rossmann\/\">Weiterlesen&#8230;<\/a><\/p>\n<\/div>\n\t\t<\/div><\/div><\/div><\/div><div id=\"pg-4397-9\"  class=\"panel-grid panel-has-style\" ><div class=\"panel-row-style panel-row-style-for-4397-9\" ><div id=\"pgc-4397-9-0\"  class=\"panel-grid-cell\" ><div id=\"panel-4397-9-0-0\" class=\"so-panel widget widget_text panel-first-child panel-last-child\" data-index=\"12\" ><div class=\"panel-widget-style panel-widget-style-for-4397-9-0-0\" ><h3 class=\"widget-title\">Sch\u00fclerbesuch bei ARTECH Consulting<\/h3>\t\t\t<div class=\"textwidget\"><p>Sch\u00fcler des K\u00f6lner Dreik\u00f6nigsgymnasiums waren \u00fcber drei Tage in den Firmenr\u00e4umlichkeiten von ARTECH Consulting zu Besuch und konnten sich einen ersten Einblick in die Arbeitswelt verschaffen. <a href=\"https:\/\/artech-consulting.de\/aktuelles\/inside-artech\/schuelerbesuch\/\">Weiterlesen&#8230;<\/a><\/p>\n<\/div>\n\t\t<\/div><\/div><\/div><\/div><\/div><div id=\"pg-4397-10\"  class=\"panel-grid panel-no-style\" ><div id=\"pgc-4397-10-0\"  class=\"panel-grid-cell\" ><div id=\"panel-4397-10-0-0\" class=\"so-panel widget widget_text panel-first-child panel-last-child\" data-index=\"13\" ><div class=\"panel-widget-style panel-widget-style-for-4397-10-0-0\" ><h3 class=\"widget-title\">ARTECH Consulting trifft Bundestagsabgeordneten Prof. Dr. Karl Wilhelm Lauterbach<\/h3>\t\t\t<div class=\"textwidget\"><p>Bundestagsabgeordneter Prof. Dr. Karl Wilhelm Lauterbach (SPD K\u00f6ln\/Leverkusen) war am 02. M\u00e4rz 2017 zu Gast bei ARTECH Consulting. Bei diesem Gespr\u00e4ch stellte sich das Unternehmen vor und pr\u00e4sentierte vor allem die Kernkompetenzen Training, Consulting und Engineering f\u00fcr CAD- und PLM-Systeme. Dar\u00fcber hinaus wurde \u00fcber weitere M\u00f6glichkeiten der Kooperation und Unterst\u00fctzung gesprochen. <a href=\"https:\/\/artech-consulting.de\/aktuelles\/inside-artech\/treffen-mit-karl-lauterbach-spd\/\">Weiterlesen&#8230;<\/a><\/p>\n<\/div>\n\t\t<\/div><\/div><\/div><\/div><div id=\"pg-4397-11\"  class=\"panel-grid panel-has-style\" ><div class=\"panel-row-style panel-row-style-for-4397-11\" ><div id=\"pgc-4397-11-0\"  class=\"panel-grid-cell\" ><div id=\"panel-4397-11-0-0\" class=\"so-panel widget widget_text panel-first-child panel-last-child\" data-index=\"14\" ><div class=\"panel-widget-style panel-widget-style-for-4397-11-0-0\" ><h3 class=\"widget-title\">Dr. Walter Schulz (SPD K\u00f6ln) zu Gast bei ARTECH Consulting<\/h3>\t\t\t<div class=\"textwidget\"><p>ARTECH Consulting traf sich am 16. Februar 2017 mit Dr. Walter Schulz. Bei diesem ersten Treffen wurden vom Unternehmen geplante soziale Projekte vorgestellt und \u00fcber die Realisierung sowie einer m\u00f6glichen Zusammenarbeit gesprochen. <a href=\"https:\/\/artech-consulting.de\/aktuelles\/inside-artech\/treffen-mit-walter-schulz-spd-koeln\/\">Weiterlesen&#8230;<\/a><\/p>\n<\/div>\n\t\t<\/div><\/div><\/div><\/div><\/div><\/div>","protected":false},"excerpt":{"rendered":"<p>&gt;&gt;&gt; Hier werden Sie regelm\u00e4\u00dfig \u00fcber aktuelle Veranstaltungen und Ereignisse informiert &lt;&lt;&lt; Vom 10.\u201312. September 2025 nahm die ARTECH Consulting GmbH an der 27. Internationalen Konferenz f\u00fcr Ingenieurwesen und Ausbildung im Fach Produktdesign in Malta teil und pr\u00e4sentierte einen innovativen <a href=\"https:\/\/artech-consulting.de\/en\/aktuelles\/inside-artech\/\" class=\"read-more\">Read More<\/a><\/p>\n","protected":false},"author":1,"featured_media":0,"parent":4290,"menu_order":0,"comment_status":"closed","ping_status":"closed","template":"","meta":{"footnotes":""},"yoast_head":"<!-- This site is optimized with the Yoast SEO plugin v23.5 - https:\/\/yoast.com\/wordpress\/plugins\/seo\/ -->\n<title>Inside ARTECH -<\/title>\n<meta name=\"robots\" content=\"index, follow, max-snippet:-1, max-image-preview:large, max-video-preview:-1\" \/>\n<link rel=\"canonical\" href=\"https:\/\/artech-consulting.de\/aktuelles\/inside-artech\/\" \/>\n<meta property=\"og:locale\" content=\"en_US\" \/>\n<meta property=\"og:type\" content=\"article\" \/>\n<meta property=\"og:title\" content=\"Inside ARTECH -\" \/>\n<meta property=\"og:description\" content=\"&gt;&gt;&gt; Hier werden Sie regelm\u00e4\u00dfig \u00fcber aktuelle Veranstaltungen und Ereignisse informiert &lt;&lt;&lt; Vom 10.\u201312. September 2025 nahm die ARTECH Consulting GmbH an der 27. Internationalen Konferenz f\u00fcr Ingenieurwesen und Ausbildung im Fach Produktdesign in Malta teil und pr\u00e4sentierte einen innovativen Read More\" \/>\n<meta property=\"og:url\" content=\"https:\/\/artech-consulting.de\/aktuelles\/inside-artech\/\" \/>\n<meta property=\"article:publisher\" content=\"https:\/\/www.facebook.com\/ARTECH-Consulting-GmbH-367676580239744\/\" \/>\n<meta property=\"article:modified_time\" content=\"2025-09-17T10:35:26+00:00\" \/>\n<meta name=\"twitter:card\" content=\"summary_large_image\" \/>\n<meta name=\"twitter:label1\" content=\"Est. reading time\" \/>\n\t<meta name=\"twitter:data1\" content=\"4 minutes\" \/>\n<script type=\"application\/ld+json\" class=\"yoast-schema-graph\">{\"@context\":\"https:\/\/schema.org\",\"@graph\":[{\"@type\":\"WebPage\",\"@id\":\"https:\/\/artech-consulting.de\/aktuelles\/inside-artech\/\",\"url\":\"https:\/\/artech-consulting.de\/aktuelles\/inside-artech\/\",\"name\":\"Inside ARTECH -\",\"isPartOf\":{\"@id\":\"https:\/\/artech-consulting.de\/#website\"},\"datePublished\":\"2018-11-21T09:52:36+00:00\",\"dateModified\":\"2025-09-17T10:35:26+00:00\",\"breadcrumb\":{\"@id\":\"https:\/\/artech-consulting.de\/aktuelles\/inside-artech\/#breadcrumb\"},\"inLanguage\":\"en-US\",\"potentialAction\":[{\"@type\":\"ReadAction\",\"target\":[\"https:\/\/artech-consulting.de\/aktuelles\/inside-artech\/\"]}]},{\"@type\":\"BreadcrumbList\",\"@id\":\"https:\/\/artech-consulting.de\/aktuelles\/inside-artech\/#breadcrumb\",\"itemListElement\":[{\"@type\":\"ListItem\",\"position\":1,\"name\":\"Home\",\"item\":\"https:\/\/artech-consulting.de\/\"},{\"@type\":\"ListItem\",\"position\":2,\"name\":\"Aktuelles\",\"item\":\"https:\/\/artech-consulting.de\/aktuelles\/\"},{\"@type\":\"ListItem\",\"position\":3,\"name\":\"Inside ARTECH\"}]},{\"@type\":\"WebSite\",\"@id\":\"https:\/\/artech-consulting.de\/#website\",\"url\":\"https:\/\/artech-consulting.de\/\",\"name\":\"\",\"description\":\"\",\"publisher\":{\"@id\":\"https:\/\/artech-consulting.de\/#organization\"},\"potentialAction\":[{\"@type\":\"SearchAction\",\"target\":{\"@type\":\"EntryPoint\",\"urlTemplate\":\"https:\/\/artech-consulting.de\/?s={search_term_string}\"},\"query-input\":{\"@type\":\"PropertyValueSpecification\",\"valueRequired\":true,\"valueName\":\"search_term_string\"}}],\"inLanguage\":\"en-US\"},{\"@type\":\"Organization\",\"@id\":\"https:\/\/artech-consulting.de\/#organization\",\"name\":\"Artecch Consulting\",\"url\":\"https:\/\/artech-consulting.de\/\",\"logo\":{\"@type\":\"ImageObject\",\"inLanguage\":\"en-US\",\"@id\":\"https:\/\/artech-consulting.de\/#\/schema\/logo\/image\/\",\"url\":\"https:\/\/artech-consulting.de\/wp-content\/uploads\/2015\/06\/cropped-ARTech_Logo_rgb_600frei.png\",\"contentUrl\":\"https:\/\/artech-consulting.de\/wp-content\/uploads\/2015\/06\/cropped-ARTech_Logo_rgb_600frei.png\",\"width\":6805,\"height\":1554,\"caption\":\"Artecch Consulting\"},\"image\":{\"@id\":\"https:\/\/artech-consulting.de\/#\/schema\/logo\/image\/\"},\"sameAs\":[\"https:\/\/www.facebook.com\/ARTECH-Consulting-GmbH-367676580239744\/\",\"https:\/\/www.linkedin.com\/company\/artech-consulting-gmbh?report_success=8jyhy2niUpAFvknlZbso8OXCShshmpUnzp3NjIJ2m7yhSVK6-d3cj9EZShsc4o_DdpkqGOtZmrfmVAwicnuvayqF\"]}]}<\/script>\n<!-- \/ Yoast SEO plugin. -->","yoast_head_json":{"title":"Inside ARTECH -","robots":{"index":"index","follow":"follow","max-snippet":"max-snippet:-1","max-image-preview":"max-image-preview:large","max-video-preview":"max-video-preview:-1"},"canonical":"https:\/\/artech-consulting.de\/aktuelles\/inside-artech\/","og_locale":"en_US","og_type":"article","og_title":"Inside ARTECH -","og_description":"&gt;&gt;&gt; Hier werden Sie regelm\u00e4\u00dfig \u00fcber aktuelle Veranstaltungen und Ereignisse informiert &lt;&lt;&lt; Vom 10.\u201312. September 2025 nahm die ARTECH Consulting GmbH an der 27. Internationalen Konferenz f\u00fcr Ingenieurwesen und Ausbildung im Fach Produktdesign in Malta teil und pr\u00e4sentierte einen innovativen Read More","og_url":"https:\/\/artech-consulting.de\/aktuelles\/inside-artech\/","article_publisher":"https:\/\/www.facebook.com\/ARTECH-Consulting-GmbH-367676580239744\/","article_modified_time":"2025-09-17T10:35:26+00:00","twitter_card":"summary_large_image","twitter_misc":{"Est. reading time":"4 minutes"},"schema":{"@context":"https:\/\/schema.org","@graph":[{"@type":"WebPage","@id":"https:\/\/artech-consulting.de\/aktuelles\/inside-artech\/","url":"https:\/\/artech-consulting.de\/aktuelles\/inside-artech\/","name":"Inside ARTECH -","isPartOf":{"@id":"https:\/\/artech-consulting.de\/#website"},"datePublished":"2018-11-21T09:52:36+00:00","dateModified":"2025-09-17T10:35:26+00:00","breadcrumb":{"@id":"https:\/\/artech-consulting.de\/aktuelles\/inside-artech\/#breadcrumb"},"inLanguage":"en-US","potentialAction":[{"@type":"ReadAction","target":["https:\/\/artech-consulting.de\/aktuelles\/inside-artech\/"]}]},{"@type":"BreadcrumbList","@id":"https:\/\/artech-consulting.de\/aktuelles\/inside-artech\/#breadcrumb","itemListElement":[{"@type":"ListItem","position":1,"name":"Home","item":"https:\/\/artech-consulting.de\/"},{"@type":"ListItem","position":2,"name":"Aktuelles","item":"https:\/\/artech-consulting.de\/aktuelles\/"},{"@type":"ListItem","position":3,"name":"Inside ARTECH"}]},{"@type":"WebSite","@id":"https:\/\/artech-consulting.de\/#website","url":"https:\/\/artech-consulting.de\/","name":"","description":"","publisher":{"@id":"https:\/\/artech-consulting.de\/#organization"},"potentialAction":[{"@type":"SearchAction","target":{"@type":"EntryPoint","urlTemplate":"https:\/\/artech-consulting.de\/?s={search_term_string}"},"query-input":{"@type":"PropertyValueSpecification","valueRequired":true,"valueName":"search_term_string"}}],"inLanguage":"en-US"},{"@type":"Organization","@id":"https:\/\/artech-consulting.de\/#organization","name":"Artecch Consulting","url":"https:\/\/artech-consulting.de\/","logo":{"@type":"ImageObject","inLanguage":"en-US","@id":"https:\/\/artech-consulting.de\/#\/schema\/logo\/image\/","url":"https:\/\/artech-consulting.de\/wp-content\/uploads\/2015\/06\/cropped-ARTech_Logo_rgb_600frei.png","contentUrl":"https:\/\/artech-consulting.de\/wp-content\/uploads\/2015\/06\/cropped-ARTech_Logo_rgb_600frei.png","width":6805,"height":1554,"caption":"Artecch Consulting"},"image":{"@id":"https:\/\/artech-consulting.de\/#\/schema\/logo\/image\/"},"sameAs":["https:\/\/www.facebook.com\/ARTECH-Consulting-GmbH-367676580239744\/","https:\/\/www.linkedin.com\/company\/artech-consulting-gmbh?report_success=8jyhy2niUpAFvknlZbso8OXCShshmpUnzp3NjIJ2m7yhSVK6-d3cj9EZShsc4o_DdpkqGOtZmrfmVAwicnuvayqF"]}]}},"_links":{"self":[{"href":"https:\/\/artech-consulting.de\/en\/wp-json\/wp\/v2\/pages\/4397"}],"collection":[{"href":"https:\/\/artech-consulting.de\/en\/wp-json\/wp\/v2\/pages"}],"about":[{"href":"https:\/\/artech-consulting.de\/en\/wp-json\/wp\/v2\/types\/page"}],"author":[{"embeddable":true,"href":"https:\/\/artech-consulting.de\/en\/wp-json\/wp\/v2\/users\/1"}],"replies":[{"embeddable":true,"href":"https:\/\/artech-consulting.de\/en\/wp-json\/wp\/v2\/comments?post=4397"}],"version-history":[{"count":41,"href":"https:\/\/artech-consulting.de\/en\/wp-json\/wp\/v2\/pages\/4397\/revisions"}],"predecessor-version":[{"id":6594,"href":"https:\/\/artech-consulting.de\/en\/wp-json\/wp\/v2\/pages\/4397\/revisions\/6594"}],"up":[{"embeddable":true,"href":"https:\/\/artech-consulting.de\/en\/wp-json\/wp\/v2\/pages\/4290"}],"wp:attachment":[{"href":"https:\/\/artech-consulting.de\/en\/wp-json\/wp\/v2\/media?parent=4397"}],"curies":[{"name":"wp","href":"https:\/\/api.w.org\/{rel}","templated":true}]}}