{"id":6192,"date":"2021-05-10T11:30:18","date_gmt":"2021-05-10T09:30:18","guid":{"rendered":"https:\/\/artech-consulting.de\/?page_id=6192"},"modified":"2025-12-18T13:33:21","modified_gmt":"2025-12-18T12:33:21","slug":"e-learning-beispielkurse-nx","status":"publish","type":"page","link":"https:\/\/artech-consulting.de\/en\/leistungen\/e-learning\/e-learning-beispielkurse-nx\/","title":{"rendered":"Sample courses NX (Version 1926)"},"content":{"rendered":"<div id=\"pl-gb6192-69e3ae0bb978c\"  class=\"panel-layout wp-block-siteorigin-panels-layout-block\" ><div id=\"pg-gb6192-69e3ae0bb978c-0\"  class=\"panel-grid panel-no-style\" ><div id=\"pgc-gb6192-69e3ae0bb978c-0-0\"  class=\"panel-grid-cell\" ><div id=\"panel-gb6192-69e3ae0bb978c-0-0-0\" class=\"so-panel widget widget_siteorigin-panels-builder panel-first-child panel-last-child\" data-index=\"0\" ><div id=\"pl-w6943f48cbdfc8\"  class=\"panel-layout wp-block-siteorigin-panels-layout-block\" ><div id=\"pg-w6943f48cbdfc8-0\"  class=\"panel-grid panel-no-style\" ><div id=\"pgc-w6943f48cbdfc8-0-0\"  class=\"panel-grid-cell\" ><div id=\"panel-w6943f48cbdfc8-0-0-0\" class=\"so-panel widget widget_text panel-first-child panel-last-child\" data-index=\"0\" ><div class=\"panel-widget-style panel-widget-style-for-w6943f48cbdfc8-0-0-0\" ><h3 class=\"widget-title\">Sample courses NX (Version 1926)<\/h3>\t\t\t<div class=\"textwidget\"><\/div>\n\t\t<\/div><\/div><\/div><\/div><div id=\"pg-w6943f48cbdfc8-1\"  class=\"panel-grid panel-no-style\" ><div id=\"pgc-w6943f48cbdfc8-1-0\"  class=\"panel-grid-cell\" ><div id=\"panel-w6943f48cbdfc8-1-0-0\" class=\"so-panel widget widget_text panel-first-child panel-last-child\" data-index=\"1\" >\t\t\t<div class=\"textwidget\"><p>With the following links you will find courses on the topics of reference elements as well as patterns &amp; mirrors and you can start the desired modes:<\/p>\n<\/div>\n\t\t<\/div><\/div><\/div><div id=\"pg-w6943f48cbdfc8-2\"  class=\"panel-grid panel-no-style\" ><div id=\"pgc-w6943f48cbdfc8-2-0\"  class=\"panel-grid-cell\" ><div id=\"panel-w6943f48cbdfc8-2-0-0\" class=\"so-panel widget widget_text panel-first-child panel-last-child\" data-index=\"2\" ><h3 class=\"widget-title\">Reference Elements<\/h3>\t\t\t<div class=\"textwidget\"><\/li>\n<\/ul>\n<p>&nbsp;<\/p>\n<ul>\n<li><a href=\"https:\/\/artech-consulting.de\/wp-content\/uploads\/2021\/05\/NX-Bezugselemente_HTML5\/demo.html\" target=\"_blank\" rel=\"noopener\">Demo<\/a> (demonstration without interactivity)<\/li>\n<li><a href=\"https:\/\/artech-consulting.de\/wp-content\/uploads\/2021\/05\/NX-Bezugselemente_HTML5\/tutorial.html\" target=\"_blank\" rel=\"noopener\">Tutorial<\/a> (instructions that show you how to click and interactively ask you to click again)<\/li>\n<li><a href=\"https:\/\/artech-consulting.de\/wp-content\/uploads\/2021\/05\/NX-Bezugselemente_HTML5\/practice.html\" target=\"_blank\" rel=\"noopener\">Practice<\/a> (exercise that interactively prompts you to click without showing the click)<\/li>\n<\/ul>\n<\/div>\n\t\t<\/div><\/div><div id=\"pgc-w6943f48cbdfc8-2-1\"  class=\"panel-grid-cell\" ><div id=\"panel-w6943f48cbdfc8-2-1-0\" class=\"so-panel widget widget_text panel-first-child panel-last-child\" data-index=\"3\" ><h3 class=\"widget-title\">Pattern &#038; Mirroring<\/h3>\t\t\t<div class=\"textwidget\"><ul>\n<li><a href=\"https:\/\/artech-consulting.de\/wp-content\/uploads\/2021\/05\/NX-Mustern und Spiegeln_HTML5\/demo.html\" target=\"_blank\" rel=\"noopener\">Demo<\/a> (demonstration without interactivity)<\/li>\n<li><a href=\"https:\/\/artech-consulting.de\/wp-content\/uploads\/2021\/05\/NX-Mustern und Spiegeln_HTML5\/tutorial.html\" target=\"_blank\" rel=\"noopener\">Tutorial<\/a> (instructions that show you how to click and interactively ask you to click again)<\/li>\n<li><a href=\"https:\/\/artech-consulting.de\/wp-content\/uploads\/2021\/05\/NX-Mustern und Spiegeln_HTML5\/practice.html\" target=\"_blank\" rel=\"noopener\">Practice<\/a> (exercise that interactively prompts you to click without showing the click)<\/li>\n<\/ul>\n<\/div>\n\t\t<\/div><\/div><\/div><div id=\"pg-w6943f48cbdfc8-3\"  class=\"panel-grid panel-no-style\" ><div id=\"pgc-w6943f48cbdfc8-3-0\"  class=\"panel-grid-cell\" ><div id=\"panel-w6943f48cbdfc8-3-0-0\" class=\"so-panel widget widget_text panel-first-child panel-last-child\" data-index=\"4\" >\t\t\t<div class=\"textwidget\"><p><em><\/em><\/p>\n<p><em><span class=\"VIiyi\" lang=\"en\"><span class=\"JLqJ4b ChMk0b\" data-language-for-alternatives=\"en\" data-language-to-translate-into=\"de\" data-phrase-index=\"0\">* Note: The courses are muted depending on the browser and it may be necessary to unmute them in the control bar!<\/span><\/span><\/em><\/p>\n<\/div>\n\t\t<\/div><\/div><\/div><\/div><\/div><\/div><\/div><\/div>","protected":false},"excerpt":{"rendered":"","protected":false},"author":1,"featured_media":0,"parent":1326,"menu_order":0,"comment_status":"closed","ping_status":"closed","template":"","meta":{"footnotes":""},"yoast_head":"<!-- This site is optimized with the Yoast SEO plugin v23.5 - https:\/\/yoast.com\/wordpress\/plugins\/seo\/ -->\n<title>Sample courses NX (Version 1926) -<\/title>\n<meta name=\"description\" content=\"(Deutsch) E-Learning: Beispielkurse f\u00fcr NX (Version 1926) zu den Themen Bezugselemente sowie Mustern &amp; Spiegeln. Modis k\u00f6nnen einzeln ausgew\u00e4hlt und gestartet werden.\" \/>\n<meta name=\"robots\" content=\"index, follow, max-snippet:-1, max-image-preview:large, max-video-preview:-1\" \/>\n<link rel=\"canonical\" href=\"https:\/\/artech-consulting.de\/leistungen\/e-learning\/e-learning-beispielkurse-nx\/\" \/>\n<meta property=\"og:locale\" content=\"en_US\" \/>\n<meta property=\"og:type\" content=\"article\" \/>\n<meta property=\"og:title\" content=\"Sample courses NX (Version 1926) -\" \/>\n<meta property=\"og:description\" content=\"{:de}E-Learning: Beispielkurse f\u00fcr NX (Version 1926) zu den Themen Bezugselemente sowie Mustern &amp; Spiegeln. Modis k\u00f6nnen einzeln ausgew\u00e4hlt und gestartet werden.{:}\" \/>\n<meta property=\"og:url\" content=\"https:\/\/artech-consulting.de\/leistungen\/e-learning\/e-learning-beispielkurse-nx\/\" \/>\n<meta property=\"article:publisher\" content=\"https:\/\/www.facebook.com\/ARTECH-Consulting-GmbH-367676580239744\/\" \/>\n<meta property=\"article:modified_time\" content=\"2025-12-18T12:33:21+00:00\" \/>\n<meta name=\"twitter:card\" content=\"summary_large_image\" \/>\n<meta name=\"twitter:label1\" content=\"Est. reading time\" \/>\n\t<meta name=\"twitter:data1\" content=\"2 minutes\" \/>\n<script type=\"application\/ld+json\" class=\"yoast-schema-graph\">{\"@context\":\"https:\/\/schema.org\",\"@graph\":[{\"@type\":\"WebPage\",\"@id\":\"https:\/\/artech-consulting.de\/leistungen\/e-learning\/e-learning-beispielkurse-nx\/\",\"url\":\"https:\/\/artech-consulting.de\/leistungen\/e-learning\/e-learning-beispielkurse-nx\/\",\"name\":\"Sample courses NX (Version 1926) -\",\"isPartOf\":{\"@id\":\"https:\/\/artech-consulting.de\/#website\"},\"datePublished\":\"2021-05-10T09:30:18+00:00\",\"dateModified\":\"2025-12-18T12:33:21+00:00\",\"description\":\"{:de}E-Learning: Beispielkurse f\u00fcr NX (Version 1926) zu den Themen Bezugselemente sowie Mustern & Spiegeln. Modis k\u00f6nnen einzeln ausgew\u00e4hlt und gestartet werden.{:}\",\"breadcrumb\":{\"@id\":\"https:\/\/artech-consulting.de\/leistungen\/e-learning\/e-learning-beispielkurse-nx\/#breadcrumb\"},\"inLanguage\":\"en-US\",\"potentialAction\":[{\"@type\":\"ReadAction\",\"target\":[\"https:\/\/artech-consulting.de\/leistungen\/e-learning\/e-learning-beispielkurse-nx\/\"]}]},{\"@type\":\"BreadcrumbList\",\"@id\":\"https:\/\/artech-consulting.de\/leistungen\/e-learning\/e-learning-beispielkurse-nx\/#breadcrumb\",\"itemListElement\":[{\"@type\":\"ListItem\",\"position\":1,\"name\":\"Home\",\"item\":\"https:\/\/artech-consulting.de\/\"},{\"@type\":\"ListItem\",\"position\":2,\"name\":\"Leistungen\",\"item\":\"https:\/\/artech-consulting.de\/leistungen\/\"},{\"@type\":\"ListItem\",\"position\":3,\"name\":\"E-Learning\",\"item\":\"https:\/\/artech-consulting.de\/leistungen\/e-learning\/\"},{\"@type\":\"ListItem\",\"position\":4,\"name\":\"Beispielkurse NX (Version 1926)\"}]},{\"@type\":\"WebSite\",\"@id\":\"https:\/\/artech-consulting.de\/#website\",\"url\":\"https:\/\/artech-consulting.de\/\",\"name\":\"\",\"description\":\"\",\"publisher\":{\"@id\":\"https:\/\/artech-consulting.de\/#organization\"},\"potentialAction\":[{\"@type\":\"SearchAction\",\"target\":{\"@type\":\"EntryPoint\",\"urlTemplate\":\"https:\/\/artech-consulting.de\/?s={search_term_string}\"},\"query-input\":{\"@type\":\"PropertyValueSpecification\",\"valueRequired\":true,\"valueName\":\"search_term_string\"}}],\"inLanguage\":\"en-US\"},{\"@type\":\"Organization\",\"@id\":\"https:\/\/artech-consulting.de\/#organization\",\"name\":\"Artecch Consulting\",\"url\":\"https:\/\/artech-consulting.de\/\",\"logo\":{\"@type\":\"ImageObject\",\"inLanguage\":\"en-US\",\"@id\":\"https:\/\/artech-consulting.de\/#\/schema\/logo\/image\/\",\"url\":\"https:\/\/artech-consulting.de\/wp-content\/uploads\/2015\/06\/cropped-ARTech_Logo_rgb_600frei.png\",\"contentUrl\":\"https:\/\/artech-consulting.de\/wp-content\/uploads\/2015\/06\/cropped-ARTech_Logo_rgb_600frei.png\",\"width\":6805,\"height\":1554,\"caption\":\"Artecch Consulting\"},\"image\":{\"@id\":\"https:\/\/artech-consulting.de\/#\/schema\/logo\/image\/\"},\"sameAs\":[\"https:\/\/www.facebook.com\/ARTECH-Consulting-GmbH-367676580239744\/\",\"https:\/\/www.linkedin.com\/company\/artech-consulting-gmbh?report_success=8jyhy2niUpAFvknlZbso8OXCShshmpUnzp3NjIJ2m7yhSVK6-d3cj9EZShsc4o_DdpkqGOtZmrfmVAwicnuvayqF\"]}]}<\/script>\n<!-- \/ Yoast SEO plugin. -->","yoast_head_json":{"title":"Sample courses NX (Version 1926) -","description":"(Deutsch) E-Learning: Beispielkurse f\u00fcr NX (Version 1926) zu den Themen Bezugselemente sowie Mustern & Spiegeln. Modis k\u00f6nnen einzeln ausgew\u00e4hlt und gestartet werden.","robots":{"index":"index","follow":"follow","max-snippet":"max-snippet:-1","max-image-preview":"max-image-preview:large","max-video-preview":"max-video-preview:-1"},"canonical":"https:\/\/artech-consulting.de\/leistungen\/e-learning\/e-learning-beispielkurse-nx\/","og_locale":"en_US","og_type":"article","og_title":"Sample courses NX (Version 1926) -","og_description":"{:de}E-Learning: Beispielkurse f\u00fcr NX (Version 1926) zu den Themen Bezugselemente sowie Mustern & Spiegeln. Modis k\u00f6nnen einzeln ausgew\u00e4hlt und gestartet werden.{:}","og_url":"https:\/\/artech-consulting.de\/leistungen\/e-learning\/e-learning-beispielkurse-nx\/","article_publisher":"https:\/\/www.facebook.com\/ARTECH-Consulting-GmbH-367676580239744\/","article_modified_time":"2025-12-18T12:33:21+00:00","twitter_card":"summary_large_image","twitter_misc":{"Est. reading time":"2 minutes"},"schema":{"@context":"https:\/\/schema.org","@graph":[{"@type":"WebPage","@id":"https:\/\/artech-consulting.de\/leistungen\/e-learning\/e-learning-beispielkurse-nx\/","url":"https:\/\/artech-consulting.de\/leistungen\/e-learning\/e-learning-beispielkurse-nx\/","name":"Sample courses NX (Version 1926) -","isPartOf":{"@id":"https:\/\/artech-consulting.de\/#website"},"datePublished":"2021-05-10T09:30:18+00:00","dateModified":"2025-12-18T12:33:21+00:00","description":"{:de}E-Learning: Beispielkurse f\u00fcr NX (Version 1926) zu den Themen Bezugselemente sowie Mustern & Spiegeln. Modis k\u00f6nnen einzeln ausgew\u00e4hlt und gestartet werden.{:}","breadcrumb":{"@id":"https:\/\/artech-consulting.de\/leistungen\/e-learning\/e-learning-beispielkurse-nx\/#breadcrumb"},"inLanguage":"en-US","potentialAction":[{"@type":"ReadAction","target":["https:\/\/artech-consulting.de\/leistungen\/e-learning\/e-learning-beispielkurse-nx\/"]}]},{"@type":"BreadcrumbList","@id":"https:\/\/artech-consulting.de\/leistungen\/e-learning\/e-learning-beispielkurse-nx\/#breadcrumb","itemListElement":[{"@type":"ListItem","position":1,"name":"Home","item":"https:\/\/artech-consulting.de\/"},{"@type":"ListItem","position":2,"name":"Leistungen","item":"https:\/\/artech-consulting.de\/leistungen\/"},{"@type":"ListItem","position":3,"name":"E-Learning","item":"https:\/\/artech-consulting.de\/leistungen\/e-learning\/"},{"@type":"ListItem","position":4,"name":"Beispielkurse NX (Version 1926)"}]},{"@type":"WebSite","@id":"https:\/\/artech-consulting.de\/#website","url":"https:\/\/artech-consulting.de\/","name":"","description":"","publisher":{"@id":"https:\/\/artech-consulting.de\/#organization"},"potentialAction":[{"@type":"SearchAction","target":{"@type":"EntryPoint","urlTemplate":"https:\/\/artech-consulting.de\/?s={search_term_string}"},"query-input":{"@type":"PropertyValueSpecification","valueRequired":true,"valueName":"search_term_string"}}],"inLanguage":"en-US"},{"@type":"Organization","@id":"https:\/\/artech-consulting.de\/#organization","name":"Artecch Consulting","url":"https:\/\/artech-consulting.de\/","logo":{"@type":"ImageObject","inLanguage":"en-US","@id":"https:\/\/artech-consulting.de\/#\/schema\/logo\/image\/","url":"https:\/\/artech-consulting.de\/wp-content\/uploads\/2015\/06\/cropped-ARTech_Logo_rgb_600frei.png","contentUrl":"https:\/\/artech-consulting.de\/wp-content\/uploads\/2015\/06\/cropped-ARTech_Logo_rgb_600frei.png","width":6805,"height":1554,"caption":"Artecch Consulting"},"image":{"@id":"https:\/\/artech-consulting.de\/#\/schema\/logo\/image\/"},"sameAs":["https:\/\/www.facebook.com\/ARTECH-Consulting-GmbH-367676580239744\/","https:\/\/www.linkedin.com\/company\/artech-consulting-gmbh?report_success=8jyhy2niUpAFvknlZbso8OXCShshmpUnzp3NjIJ2m7yhSVK6-d3cj9EZShsc4o_DdpkqGOtZmrfmVAwicnuvayqF"]}]}},"_links":{"self":[{"href":"https:\/\/artech-consulting.de\/en\/wp-json\/wp\/v2\/pages\/6192"}],"collection":[{"href":"https:\/\/artech-consulting.de\/en\/wp-json\/wp\/v2\/pages"}],"about":[{"href":"https:\/\/artech-consulting.de\/en\/wp-json\/wp\/v2\/types\/page"}],"author":[{"embeddable":true,"href":"https:\/\/artech-consulting.de\/en\/wp-json\/wp\/v2\/users\/1"}],"replies":[{"embeddable":true,"href":"https:\/\/artech-consulting.de\/en\/wp-json\/wp\/v2\/comments?post=6192"}],"version-history":[{"count":56,"href":"https:\/\/artech-consulting.de\/en\/wp-json\/wp\/v2\/pages\/6192\/revisions"}],"predecessor-version":[{"id":6755,"href":"https:\/\/artech-consulting.de\/en\/wp-json\/wp\/v2\/pages\/6192\/revisions\/6755"}],"up":[{"embeddable":true,"href":"https:\/\/artech-consulting.de\/en\/wp-json\/wp\/v2\/pages\/1326"}],"wp:attachment":[{"href":"https:\/\/artech-consulting.de\/en\/wp-json\/wp\/v2\/media?parent=6192"}],"curies":[{"name":"wp","href":"https:\/\/api.w.org\/{rel}","templated":true}]}}