{"id":6329,"date":"2022-03-22T10:50:01","date_gmt":"2022-03-22T09:50:01","guid":{"rendered":"https:\/\/artech-consulting.de\/?page_id=6329"},"modified":"2023-05-26T12:23:43","modified_gmt":"2023-05-26T10:23:43","slug":"cad-plm-berater","status":"publish","type":"page","link":"https:\/\/artech-consulting.de\/en\/kariere\/cad-plm-berater\/","title":{"rendered":"(Deutsch) CAD- und PLM-Berater*in (m\/w\/d)"},"content":{"rendered":"<div id=\"pl-6329\"  class=\"panel-layout\" ><div id=\"pg-6329-0\"  class=\"panel-grid panel-no-style\" ><div id=\"pgc-6329-0-0\"  class=\"panel-grid-cell\" ><div id=\"panel-6329-0-0-0\" class=\"so-panel widget widget_text panel-first-child\" data-index=\"0\" >\t\t\t<div class=\"textwidget\"><p>Zur Verst\u00e4rkung unseres Teams suchen wir zum n\u00e4chstm\u00f6glichen Zeitpunkt eine*n Mitarbeiter*in in Vollzeit als CAD- und PLM-Berater*in.<\/p>\n<\/div>\n\t\t<\/div><div id=\"panel-6329-0-0-1\" class=\"so-panel widget widget_text\" data-index=\"1\" ><h3 class=\"widget-title\">Aufgaben<\/h3>\t\t\t<div class=\"textwidget\"><ul>\n<li>Unterst\u00fctzung unseres Engineering Teams<\/li>\n<li>Organisation und Durchf\u00fchrung von Kunden- und Partnerberatungen<\/li>\n<\/ul>\n<\/div>\n\t\t<\/div><div id=\"panel-6329-0-0-2\" class=\"so-panel widget widget_text\" data-index=\"2\" ><h3 class=\"widget-title\">Profil \/ Anforderungen<\/h3>\t\t\t<div class=\"textwidget\"><ul>\n<li>Abgeschlossenes Studium im Fachbereich Maschinenbau oder in einem verwandten technischen Studiengang oder eine Ausbildung mit entsprechenden Kenntnissen mit IT-Umfeld oder eine Technikerausbildung<\/li>\n<li>Praktische Erfahrung im Einsatz von Softwareprogrammen, idealerweise im Umfeld von CAD und PLM als Anwender\/in oder Entwickler\/in<\/li>\n<li>Gutes Verst\u00e4ndnis f\u00fcr technische Zusammenh\u00e4nge und\u00a0eine schnelle Auffassungsgabe<\/li>\n<li>Ausgezeichnete Pr\u00e4sentations- und Kommunikationsf\u00e4higkeiten, idealerweise Berufserfahrung im Bereich Consulting<\/li>\n<li>Freude an kollaborativer\u00a0Zusammenarbeit im Team verbunden mit\u00a0einer selbst\u00e4ndigen, strukturierten und zielorientierten Arbeitsweise bei hoher Eigenverantwortlichkeit<\/li>\n<li>Methodisch-didaktisches Geschick in der Vermittlung von Inhalten<\/li>\n<li>Sehr gute Ausdrucksf\u00e4higkeit in deutscher und englischer Sprache\u00a0in Wort und Schrift<\/li>\n<li>Hohe Reisebereitschaft<\/li>\n<\/ul>\n<\/div>\n\t\t<\/div><div id=\"panel-6329-0-0-3\" class=\"so-panel widget widget_text\" data-index=\"3\" ><h3 class=\"widget-title\">Wir bieten<\/h3>\t\t\t<div class=\"textwidget\"><ul>\n<li>Ein unbefristetes Arbeitsverh\u00e4ltnis in einem stetig wachsenden Unternehmen<\/li>\n<li>Eine angemessene Verg\u00fctung<\/li>\n<li>Umfangreiche Weiterbildungsm\u00f6glichkeiten<\/li>\n<li>Hohen Teamgedanken<\/li>\n<li>Flache Hierarchien<\/li>\n<li><span class=\"css-smaipe e1wnkr790\" role=\"document\">Zum Teil im Homeoffice<\/span><\/li>\n<\/ul>\n<\/div>\n\t\t<\/div><div id=\"panel-6329-0-0-4\" class=\"so-panel widget widget_text panel-last-child\" data-index=\"4\" >\t\t\t<div class=\"textwidget\"><p><center><strong>Interesse?<\/strong><br \/>\nDann sende deine vollst\u00e4ndigen Bewerbungsunterlagen per Email an: info[at]artech-consulting.de<\/center><\/p>\n<\/div>\n\t\t<\/div><\/div><\/div><\/div>","protected":false},"excerpt":{"rendered":"<p>Zur Verst\u00e4rkung unseres Teams suchen wir zum n\u00e4chstm\u00f6glichen Zeitpunkt eine*n Mitarbeiter*in in Vollzeit als CAD- und PLM-Berater*in. Unterst\u00fctzung unseres Engineering Teams Organisation und Durchf\u00fchrung von Kunden- und Partnerberatungen Abgeschlossenes Studium im Fachbereich Maschinenbau oder in einem verwandten technischen Studiengang oder <a href=\"https:\/\/artech-consulting.de\/en\/kariere\/cad-plm-berater\/\" class=\"read-more\">Read More<\/a><\/p>\n","protected":false},"author":1,"featured_media":0,"parent":154,"menu_order":0,"comment_status":"closed","ping_status":"closed","template":"","meta":{"footnotes":""},"yoast_head":"<!-- This site is optimized with the Yoast SEO plugin v23.5 - https:\/\/yoast.com\/wordpress\/plugins\/seo\/ -->\n<title>(Deutsch) CAD- und PLM-Berater*in (m\/w\/d) -<\/title>\n<meta name=\"robots\" content=\"index, follow, max-snippet:-1, max-image-preview:large, max-video-preview:-1\" \/>\n<link rel=\"canonical\" href=\"https:\/\/artech-consulting.de\/kariere\/cad-plm-berater\/\" \/>\n<meta property=\"og:locale\" content=\"en_US\" \/>\n<meta property=\"og:type\" content=\"article\" \/>\n<meta property=\"og:title\" content=\"Wir suchen eine*n CAD- und PLM-Berater*in (m\/w\/d)\" \/>\n<meta property=\"og:description\" content=\"Zur Verst\u00e4rkung unseres Teams suchen wir zum n\u00e4chstm\u00f6glichen Zeitpunkt eine*n Mitarbeiter*in in Vollzeit als CAD- und PLM-Berater*in (m\/w\/d).\" \/>\n<meta property=\"og:url\" content=\"https:\/\/artech-consulting.de\/kariere\/cad-plm-berater\/\" \/>\n<meta property=\"article:publisher\" content=\"https:\/\/www.facebook.com\/ARTECH-Consulting-GmbH-367676580239744\/\" \/>\n<meta property=\"article:modified_time\" content=\"2023-05-26T10:23:43+00:00\" \/>\n<meta property=\"og:image\" content=\"https:\/\/artech-consulting.de\/wp-content\/uploads\/2018\/11\/Consulting.png\" \/>\n\t<meta property=\"og:image:width\" content=\"1637\" \/>\n\t<meta property=\"og:image:height\" content=\"1125\" \/>\n\t<meta property=\"og:image:type\" content=\"image\/png\" \/>\n<meta name=\"twitter:card\" content=\"summary_large_image\" \/>\n<meta name=\"twitter:label1\" content=\"Est. reading time\" \/>\n\t<meta name=\"twitter:data1\" content=\"1 minute\" \/>\n<script type=\"application\/ld+json\" class=\"yoast-schema-graph\">{\"@context\":\"https:\/\/schema.org\",\"@graph\":[{\"@type\":\"WebPage\",\"@id\":\"https:\/\/artech-consulting.de\/kariere\/cad-plm-berater\/\",\"url\":\"https:\/\/artech-consulting.de\/kariere\/cad-plm-berater\/\",\"name\":\"(Deutsch) CAD- und PLM-Berater*in (m\/w\/d) -\",\"isPartOf\":{\"@id\":\"https:\/\/artech-consulting.de\/#website\"},\"datePublished\":\"2022-03-22T09:50:01+00:00\",\"dateModified\":\"2023-05-26T10:23:43+00:00\",\"breadcrumb\":{\"@id\":\"https:\/\/artech-consulting.de\/kariere\/cad-plm-berater\/#breadcrumb\"},\"inLanguage\":\"en-US\",\"potentialAction\":[{\"@type\":\"ReadAction\",\"target\":[\"https:\/\/artech-consulting.de\/kariere\/cad-plm-berater\/\"]}]},{\"@type\":\"BreadcrumbList\",\"@id\":\"https:\/\/artech-consulting.de\/kariere\/cad-plm-berater\/#breadcrumb\",\"itemListElement\":[{\"@type\":\"ListItem\",\"position\":1,\"name\":\"Home\",\"item\":\"https:\/\/artech-consulting.de\/\"},{\"@type\":\"ListItem\",\"position\":2,\"name\":\"Karriere\",\"item\":\"https:\/\/artech-consulting.de\/kariere\/\"},{\"@type\":\"ListItem\",\"position\":3,\"name\":\"CAD- und PLM-Berater*in (m\/w\/d)\"}]},{\"@type\":\"WebSite\",\"@id\":\"https:\/\/artech-consulting.de\/#website\",\"url\":\"https:\/\/artech-consulting.de\/\",\"name\":\"\",\"description\":\"\",\"publisher\":{\"@id\":\"https:\/\/artech-consulting.de\/#organization\"},\"potentialAction\":[{\"@type\":\"SearchAction\",\"target\":{\"@type\":\"EntryPoint\",\"urlTemplate\":\"https:\/\/artech-consulting.de\/?s={search_term_string}\"},\"query-input\":{\"@type\":\"PropertyValueSpecification\",\"valueRequired\":true,\"valueName\":\"search_term_string\"}}],\"inLanguage\":\"en-US\"},{\"@type\":\"Organization\",\"@id\":\"https:\/\/artech-consulting.de\/#organization\",\"name\":\"Artecch Consulting\",\"url\":\"https:\/\/artech-consulting.de\/\",\"logo\":{\"@type\":\"ImageObject\",\"inLanguage\":\"en-US\",\"@id\":\"https:\/\/artech-consulting.de\/#\/schema\/logo\/image\/\",\"url\":\"https:\/\/artech-consulting.de\/wp-content\/uploads\/2015\/06\/cropped-ARTech_Logo_rgb_600frei.png\",\"contentUrl\":\"https:\/\/artech-consulting.de\/wp-content\/uploads\/2015\/06\/cropped-ARTech_Logo_rgb_600frei.png\",\"width\":6805,\"height\":1554,\"caption\":\"Artecch Consulting\"},\"image\":{\"@id\":\"https:\/\/artech-consulting.de\/#\/schema\/logo\/image\/\"},\"sameAs\":[\"https:\/\/www.facebook.com\/ARTECH-Consulting-GmbH-367676580239744\/\",\"https:\/\/www.linkedin.com\/company\/artech-consulting-gmbh?report_success=8jyhy2niUpAFvknlZbso8OXCShshmpUnzp3NjIJ2m7yhSVK6-d3cj9EZShsc4o_DdpkqGOtZmrfmVAwicnuvayqF\"]}]}<\/script>\n<!-- \/ Yoast SEO plugin. -->","yoast_head_json":{"title":"(Deutsch) CAD- und PLM-Berater*in (m\/w\/d) -","robots":{"index":"index","follow":"follow","max-snippet":"max-snippet:-1","max-image-preview":"max-image-preview:large","max-video-preview":"max-video-preview:-1"},"canonical":"https:\/\/artech-consulting.de\/kariere\/cad-plm-berater\/","og_locale":"en_US","og_type":"article","og_title":"Wir suchen eine*n CAD- und PLM-Berater*in (m\/w\/d)","og_description":"Zur Verst\u00e4rkung unseres Teams suchen wir zum n\u00e4chstm\u00f6glichen Zeitpunkt eine*n Mitarbeiter*in in Vollzeit als CAD- und PLM-Berater*in (m\/w\/d).","og_url":"https:\/\/artech-consulting.de\/kariere\/cad-plm-berater\/","article_publisher":"https:\/\/www.facebook.com\/ARTECH-Consulting-GmbH-367676580239744\/","article_modified_time":"2023-05-26T10:23:43+00:00","og_image":[{"width":1637,"height":1125,"url":"https:\/\/artech-consulting.de\/wp-content\/uploads\/2018\/11\/Consulting.png","type":"image\/png"}],"twitter_card":"summary_large_image","twitter_misc":{"Est. reading time":"1 minute"},"schema":{"@context":"https:\/\/schema.org","@graph":[{"@type":"WebPage","@id":"https:\/\/artech-consulting.de\/kariere\/cad-plm-berater\/","url":"https:\/\/artech-consulting.de\/kariere\/cad-plm-berater\/","name":"(Deutsch) CAD- und PLM-Berater*in (m\/w\/d) -","isPartOf":{"@id":"https:\/\/artech-consulting.de\/#website"},"datePublished":"2022-03-22T09:50:01+00:00","dateModified":"2023-05-26T10:23:43+00:00","breadcrumb":{"@id":"https:\/\/artech-consulting.de\/kariere\/cad-plm-berater\/#breadcrumb"},"inLanguage":"en-US","potentialAction":[{"@type":"ReadAction","target":["https:\/\/artech-consulting.de\/kariere\/cad-plm-berater\/"]}]},{"@type":"BreadcrumbList","@id":"https:\/\/artech-consulting.de\/kariere\/cad-plm-berater\/#breadcrumb","itemListElement":[{"@type":"ListItem","position":1,"name":"Home","item":"https:\/\/artech-consulting.de\/"},{"@type":"ListItem","position":2,"name":"Karriere","item":"https:\/\/artech-consulting.de\/kariere\/"},{"@type":"ListItem","position":3,"name":"CAD- und PLM-Berater*in (m\/w\/d)"}]},{"@type":"WebSite","@id":"https:\/\/artech-consulting.de\/#website","url":"https:\/\/artech-consulting.de\/","name":"","description":"","publisher":{"@id":"https:\/\/artech-consulting.de\/#organization"},"potentialAction":[{"@type":"SearchAction","target":{"@type":"EntryPoint","urlTemplate":"https:\/\/artech-consulting.de\/?s={search_term_string}"},"query-input":{"@type":"PropertyValueSpecification","valueRequired":true,"valueName":"search_term_string"}}],"inLanguage":"en-US"},{"@type":"Organization","@id":"https:\/\/artech-consulting.de\/#organization","name":"Artecch Consulting","url":"https:\/\/artech-consulting.de\/","logo":{"@type":"ImageObject","inLanguage":"en-US","@id":"https:\/\/artech-consulting.de\/#\/schema\/logo\/image\/","url":"https:\/\/artech-consulting.de\/wp-content\/uploads\/2015\/06\/cropped-ARTech_Logo_rgb_600frei.png","contentUrl":"https:\/\/artech-consulting.de\/wp-content\/uploads\/2015\/06\/cropped-ARTech_Logo_rgb_600frei.png","width":6805,"height":1554,"caption":"Artecch Consulting"},"image":{"@id":"https:\/\/artech-consulting.de\/#\/schema\/logo\/image\/"},"sameAs":["https:\/\/www.facebook.com\/ARTECH-Consulting-GmbH-367676580239744\/","https:\/\/www.linkedin.com\/company\/artech-consulting-gmbh?report_success=8jyhy2niUpAFvknlZbso8OXCShshmpUnzp3NjIJ2m7yhSVK6-d3cj9EZShsc4o_DdpkqGOtZmrfmVAwicnuvayqF"]}]}},"_links":{"self":[{"href":"https:\/\/artech-consulting.de\/en\/wp-json\/wp\/v2\/pages\/6329"}],"collection":[{"href":"https:\/\/artech-consulting.de\/en\/wp-json\/wp\/v2\/pages"}],"about":[{"href":"https:\/\/artech-consulting.de\/en\/wp-json\/wp\/v2\/types\/page"}],"author":[{"embeddable":true,"href":"https:\/\/artech-consulting.de\/en\/wp-json\/wp\/v2\/users\/1"}],"replies":[{"embeddable":true,"href":"https:\/\/artech-consulting.de\/en\/wp-json\/wp\/v2\/comments?post=6329"}],"version-history":[{"count":8,"href":"https:\/\/artech-consulting.de\/en\/wp-json\/wp\/v2\/pages\/6329\/revisions"}],"predecessor-version":[{"id":6413,"href":"https:\/\/artech-consulting.de\/en\/wp-json\/wp\/v2\/pages\/6329\/revisions\/6413"}],"up":[{"embeddable":true,"href":"https:\/\/artech-consulting.de\/en\/wp-json\/wp\/v2\/pages\/154"}],"wp:attachment":[{"href":"https:\/\/artech-consulting.de\/en\/wp-json\/wp\/v2\/media?parent=6329"}],"curies":[{"name":"wp","href":"https:\/\/api.w.org\/{rel}","templated":true}]}}