{"id":6474,"date":"2025-07-17T14:44:59","date_gmt":"2025-07-17T12:44:59","guid":{"rendered":"https:\/\/artech-consulting.de\/?page_id=6474"},"modified":"2025-12-18T13:35:59","modified_gmt":"2025-12-18T12:35:59","slug":"online-redaktion","status":"publish","type":"page","link":"https:\/\/artech-consulting.de\/en\/leistungen\/online-redaktion\/","title":{"rendered":"Online editorial team"},"content":{"rendered":"<div id=\"pl-6474\"  class=\"panel-layout\" ><div id=\"pg-6474-0\"  class=\"panel-grid panel-no-style\" ><div id=\"pgc-6474-0-0\"  class=\"panel-grid-cell\" ><div id=\"panel-6474-0-0-0\" class=\"so-panel widget widget_text panel-first-child\" data-index=\"0\" ><h3 class=\"widget-title\">Online editorial team for technology and communication<\/h3>\t\t\t<div class=\"textwidget\"><p><strong data-start=\"182\" data-end=\"242\">ARTECH Consulting GmbH expands its portfolio:<\/strong><br data-start=\"242\" data-end=\"245\" \/>With over 15 years of experience in technical training and consulting, we now offer professional online editing \u2013 tailored to content that requires explaining, technical topics and digital formats. We combine technical expertise with journalistic writing skills to develop content perfectly suited to your website, social media or specialist publications. Whether blog articles, LinkedIn posts or e-learning modules \u2013 we provide editorial support exactly where you need it: competently, flexibly and reliably.<\/p>\n<p>Technical topics require editorial expertise \u2013 not only in terms of language, but also in terms of content. That\u2019s why we support companies in the fields of CAD, PLM, engineering, IT and industrial communication with well-thought-out text services \u2013 from the initial idea to publication. But our range of services goes beyond technology:<br \/>\nWe are also your partner for non-technical content. Whether magazine articles, campaign texts, profiles or social media formats, ARTECH Consulting GmbH develops content that reaches your target group, builds trust and boosts your communication to a new level.<\/p>\n<\/div>\n\t\t<\/div><div id=\"panel-6474-0-0-1\" class=\"so-panel widget widget_text panel-last-child\" data-index=\"1\" >\t\t\t<div class=\"textwidget\"><h2 style=\"text-align: center;\"><strong>An overview of our services!<\/strong><\/h2>\n<\/div>\n\t\t<\/div><\/div><\/div><div id=\"pg-6474-1\"  class=\"panel-grid panel-no-style\" ><div id=\"pgc-6474-1-0\"  class=\"panel-grid-cell\" ><div id=\"panel-6474-1-0-0\" class=\"so-panel widget widget_text panel-first-child panel-last-child\" data-index=\"2\" ><div class=\"panel-widget-style panel-widget-style-for-6474-1-0-0\" ><h3 class=\"widget-title\">What we offer<\/h3>\t\t\t<div class=\"textwidget\"><ul>\n<li> Technical articles, blog posts<\/li>\n<li>White papers<\/li>\n<li>Use Cases<\/li>\n<li>Product texts<\/li>\n<li>Content for websites &#038; CMS<\/li>\n<li>Social media posts &#038; snippets<\/li>\n<li>E-learning content (WBT\/CBT)<\/li>\n<li>Editorial planning<\/li>\n<li>Topic management<\/li>\n<\/ul>\n<\/div>\n\t\t<\/div><\/div><\/div><div id=\"pgc-6474-1-1\"  class=\"panel-grid-cell\" ><div id=\"panel-6474-1-1-0\" class=\"so-panel widget widget_text panel-first-child panel-last-child\" data-index=\"3\" ><div class=\"panel-widget-style panel-widget-style-for-6474-1-1-0\" ><h3 class=\"widget-title\">Who we write for<\/h3>\t\t\t<div class=\"textwidget\"><ul>\n<li>Technology companies<\/li>\n<li>Engineering firms<\/li>\n<li>Providers of CAD\/PLM systems and technical solutions<\/li>\n<li>Training and consulting companies<\/li>\n<li>Industry, IT and technical service providers<\/li>\n<li>Marketing departments and agencies<\/li>\n<li>Specialist portals, platforms and educational institutions<\/li>\n<\/ul>\n<\/div>\n\t\t<\/div><\/div><\/div><div id=\"pgc-6474-1-2\"  class=\"panel-grid-cell\" ><div id=\"panel-6474-1-2-0\" class=\"so-panel widget widget_text panel-first-child panel-last-child\" data-index=\"4\" ><div class=\"panel-widget-style panel-widget-style-for-6474-1-2-0\" ><h3 class=\"widget-title\">Your added value<\/h3>\t\t\t<div class=\"textwidget\"><ul>\n<li>Strong content for a professional public image<\/li>\n<li>Target group-oriented style \u2013 for specialist audiences or the general public<\/li>\n<li>Greater visibility on the web and social media<\/li>\n<li>Technical expertise and editorial quality<\/li>\n<li>Content from a single source<\/li>\n<li>Flexible, project-based collaboration<\/li>\n<\/ul>\n<\/div>\n\t\t<\/div><\/div><\/div><\/div><div id=\"pg-6474-2\"  class=\"panel-grid panel-no-style\" ><div id=\"pgc-6474-2-0\"  class=\"panel-grid-cell\" ><div id=\"panel-6474-2-0-0\" class=\"so-panel widget widget_text panel-first-child panel-last-child\" data-index=\"5\" ><h3 class=\"widget-title\">You need strong content \u2013 we deliver it.<\/h3>\t\t\t<div class=\"textwidget\"><p>Whether you need technology-focused content or professional corporate communications, we provide reliable support without you having to set up your own editorial team. Fast, flexible and tailor-made \u2013 we craft your individual content package.<\/p>\n<p>Get in <a class=\"btn btn-primary\" href=\"https:\/\/artech-consulting.de\/en\/kontakt\/\">contact<\/a> with us and arrange a free initial consultation!<\/p>\n<\/div>\n\t\t<\/div><\/div><\/div><\/div>","protected":false},"excerpt":{"rendered":"<p>ARTECH Consulting GmbH expands its portfolio:With over 15 years of experience in technical training and consulting, we now offer professional online editing \u2013 tailored to content that requires explaining, technical topics and digital formats. We combine technical expertise with journalistic <a href=\"https:\/\/artech-consulting.de\/en\/leistungen\/online-redaktion\/\" class=\"read-more\">Read More<\/a><\/p>\n","protected":false},"author":1,"featured_media":0,"parent":148,"menu_order":5,"comment_status":"closed","ping_status":"closed","template":"","meta":{"footnotes":""},"yoast_head":"<!-- This site is optimized with the Yoast SEO plugin v23.5 - https:\/\/yoast.com\/wordpress\/plugins\/seo\/ -->\n<title>Online editorial team -<\/title>\n<meta name=\"description\" content=\"Professionelle Online-Redaktion f\u00fcr technische Inhalte &amp; Fachkommunikation. SEO-Texte &amp; Content f\u00fcr CAD, PLM &amp; Digitalisierung.\" \/>\n<meta name=\"robots\" content=\"index, follow, max-snippet:-1, max-image-preview:large, max-video-preview:-1\" \/>\n<link rel=\"canonical\" href=\"https:\/\/artech-consulting.de\/leistungen\/online-redaktion\/\" \/>\n<meta property=\"og:locale\" content=\"en_US\" \/>\n<meta property=\"og:type\" content=\"article\" \/>\n<meta property=\"og:title\" content=\"NEU bei ARTECH: Online-Redaktion f\u00fcr Technik &amp; Kommunikation\" \/>\n<meta property=\"og:description\" content=\"Mit \u00fcber 15 Jahren Erfahrung in der technischen Schulung und Beratung unterst\u00fctzen wir sie ab sofort auch mit passgenauem Content.\" \/>\n<meta property=\"og:url\" content=\"https:\/\/artech-consulting.de\/leistungen\/online-redaktion\/\" \/>\n<meta property=\"article:publisher\" content=\"https:\/\/www.facebook.com\/ARTECH-Consulting-GmbH-367676580239744\/\" \/>\n<meta property=\"article:modified_time\" content=\"2025-12-18T12:35:59+00:00\" \/>\n<meta property=\"og:image\" content=\"https:\/\/artech-consulting.de\/wp-content\/uploads\/2025\/07\/dan-counsell-UFrd8csYr1w-unsplash1-scaled.jpg\" \/>\n\t<meta property=\"og:image:width\" content=\"2560\" \/>\n\t<meta property=\"og:image:height\" content=\"1707\" \/>\n\t<meta property=\"og:image:type\" content=\"image\/jpeg\" \/>\n<meta name=\"twitter:card\" content=\"summary_large_image\" \/>\n<meta name=\"twitter:label1\" content=\"Est. reading time\" \/>\n\t<meta name=\"twitter:data1\" content=\"4 minutes\" \/>\n<script type=\"application\/ld+json\" class=\"yoast-schema-graph\">{\"@context\":\"https:\/\/schema.org\",\"@graph\":[{\"@type\":\"WebPage\",\"@id\":\"https:\/\/artech-consulting.de\/leistungen\/online-redaktion\/\",\"url\":\"https:\/\/artech-consulting.de\/leistungen\/online-redaktion\/\",\"name\":\"Online editorial team -\",\"isPartOf\":{\"@id\":\"https:\/\/artech-consulting.de\/#website\"},\"datePublished\":\"2025-07-17T12:44:59+00:00\",\"dateModified\":\"2025-12-18T12:35:59+00:00\",\"description\":\"Professionelle Online-Redaktion f\u00fcr technische Inhalte & Fachkommunikation. SEO-Texte & Content f\u00fcr CAD, PLM & Digitalisierung.\",\"breadcrumb\":{\"@id\":\"https:\/\/artech-consulting.de\/leistungen\/online-redaktion\/#breadcrumb\"},\"inLanguage\":\"en-US\",\"potentialAction\":[{\"@type\":\"ReadAction\",\"target\":[\"https:\/\/artech-consulting.de\/leistungen\/online-redaktion\/\"]}]},{\"@type\":\"BreadcrumbList\",\"@id\":\"https:\/\/artech-consulting.de\/leistungen\/online-redaktion\/#breadcrumb\",\"itemListElement\":[{\"@type\":\"ListItem\",\"position\":1,\"name\":\"Home\",\"item\":\"https:\/\/artech-consulting.de\/\"},{\"@type\":\"ListItem\",\"position\":2,\"name\":\"Leistungen\",\"item\":\"https:\/\/artech-consulting.de\/leistungen\/\"},{\"@type\":\"ListItem\",\"position\":3,\"name\":\"Online-Redaktion\"}]},{\"@type\":\"WebSite\",\"@id\":\"https:\/\/artech-consulting.de\/#website\",\"url\":\"https:\/\/artech-consulting.de\/\",\"name\":\"\",\"description\":\"\",\"publisher\":{\"@id\":\"https:\/\/artech-consulting.de\/#organization\"},\"potentialAction\":[{\"@type\":\"SearchAction\",\"target\":{\"@type\":\"EntryPoint\",\"urlTemplate\":\"https:\/\/artech-consulting.de\/?s={search_term_string}\"},\"query-input\":{\"@type\":\"PropertyValueSpecification\",\"valueRequired\":true,\"valueName\":\"search_term_string\"}}],\"inLanguage\":\"en-US\"},{\"@type\":\"Organization\",\"@id\":\"https:\/\/artech-consulting.de\/#organization\",\"name\":\"Artecch Consulting\",\"url\":\"https:\/\/artech-consulting.de\/\",\"logo\":{\"@type\":\"ImageObject\",\"inLanguage\":\"en-US\",\"@id\":\"https:\/\/artech-consulting.de\/#\/schema\/logo\/image\/\",\"url\":\"https:\/\/artech-consulting.de\/wp-content\/uploads\/2015\/06\/cropped-ARTech_Logo_rgb_600frei.png\",\"contentUrl\":\"https:\/\/artech-consulting.de\/wp-content\/uploads\/2015\/06\/cropped-ARTech_Logo_rgb_600frei.png\",\"width\":6805,\"height\":1554,\"caption\":\"Artecch Consulting\"},\"image\":{\"@id\":\"https:\/\/artech-consulting.de\/#\/schema\/logo\/image\/\"},\"sameAs\":[\"https:\/\/www.facebook.com\/ARTECH-Consulting-GmbH-367676580239744\/\",\"https:\/\/www.linkedin.com\/company\/artech-consulting-gmbh?report_success=8jyhy2niUpAFvknlZbso8OXCShshmpUnzp3NjIJ2m7yhSVK6-d3cj9EZShsc4o_DdpkqGOtZmrfmVAwicnuvayqF\"]}]}<\/script>\n<!-- \/ Yoast SEO plugin. -->","yoast_head_json":{"title":"Online editorial team -","description":"Professionelle Online-Redaktion f\u00fcr technische Inhalte & Fachkommunikation. SEO-Texte & Content f\u00fcr CAD, PLM & Digitalisierung.","robots":{"index":"index","follow":"follow","max-snippet":"max-snippet:-1","max-image-preview":"max-image-preview:large","max-video-preview":"max-video-preview:-1"},"canonical":"https:\/\/artech-consulting.de\/leistungen\/online-redaktion\/","og_locale":"en_US","og_type":"article","og_title":"NEU bei ARTECH: Online-Redaktion f\u00fcr Technik & Kommunikation","og_description":"Mit \u00fcber 15 Jahren Erfahrung in der technischen Schulung und Beratung unterst\u00fctzen wir sie ab sofort auch mit passgenauem Content.","og_url":"https:\/\/artech-consulting.de\/leistungen\/online-redaktion\/","article_publisher":"https:\/\/www.facebook.com\/ARTECH-Consulting-GmbH-367676580239744\/","article_modified_time":"2025-12-18T12:35:59+00:00","og_image":[{"width":2560,"height":1707,"url":"https:\/\/artech-consulting.de\/wp-content\/uploads\/2025\/07\/dan-counsell-UFrd8csYr1w-unsplash1-scaled.jpg","type":"image\/jpeg"}],"twitter_card":"summary_large_image","twitter_misc":{"Est. reading time":"4 minutes"},"schema":{"@context":"https:\/\/schema.org","@graph":[{"@type":"WebPage","@id":"https:\/\/artech-consulting.de\/leistungen\/online-redaktion\/","url":"https:\/\/artech-consulting.de\/leistungen\/online-redaktion\/","name":"Online editorial team -","isPartOf":{"@id":"https:\/\/artech-consulting.de\/#website"},"datePublished":"2025-07-17T12:44:59+00:00","dateModified":"2025-12-18T12:35:59+00:00","description":"Professionelle Online-Redaktion f\u00fcr technische Inhalte & Fachkommunikation. SEO-Texte & Content f\u00fcr CAD, PLM & Digitalisierung.","breadcrumb":{"@id":"https:\/\/artech-consulting.de\/leistungen\/online-redaktion\/#breadcrumb"},"inLanguage":"en-US","potentialAction":[{"@type":"ReadAction","target":["https:\/\/artech-consulting.de\/leistungen\/online-redaktion\/"]}]},{"@type":"BreadcrumbList","@id":"https:\/\/artech-consulting.de\/leistungen\/online-redaktion\/#breadcrumb","itemListElement":[{"@type":"ListItem","position":1,"name":"Home","item":"https:\/\/artech-consulting.de\/"},{"@type":"ListItem","position":2,"name":"Leistungen","item":"https:\/\/artech-consulting.de\/leistungen\/"},{"@type":"ListItem","position":3,"name":"Online-Redaktion"}]},{"@type":"WebSite","@id":"https:\/\/artech-consulting.de\/#website","url":"https:\/\/artech-consulting.de\/","name":"","description":"","publisher":{"@id":"https:\/\/artech-consulting.de\/#organization"},"potentialAction":[{"@type":"SearchAction","target":{"@type":"EntryPoint","urlTemplate":"https:\/\/artech-consulting.de\/?s={search_term_string}"},"query-input":{"@type":"PropertyValueSpecification","valueRequired":true,"valueName":"search_term_string"}}],"inLanguage":"en-US"},{"@type":"Organization","@id":"https:\/\/artech-consulting.de\/#organization","name":"Artecch Consulting","url":"https:\/\/artech-consulting.de\/","logo":{"@type":"ImageObject","inLanguage":"en-US","@id":"https:\/\/artech-consulting.de\/#\/schema\/logo\/image\/","url":"https:\/\/artech-consulting.de\/wp-content\/uploads\/2015\/06\/cropped-ARTech_Logo_rgb_600frei.png","contentUrl":"https:\/\/artech-consulting.de\/wp-content\/uploads\/2015\/06\/cropped-ARTech_Logo_rgb_600frei.png","width":6805,"height":1554,"caption":"Artecch Consulting"},"image":{"@id":"https:\/\/artech-consulting.de\/#\/schema\/logo\/image\/"},"sameAs":["https:\/\/www.facebook.com\/ARTECH-Consulting-GmbH-367676580239744\/","https:\/\/www.linkedin.com\/company\/artech-consulting-gmbh?report_success=8jyhy2niUpAFvknlZbso8OXCShshmpUnzp3NjIJ2m7yhSVK6-d3cj9EZShsc4o_DdpkqGOtZmrfmVAwicnuvayqF"]}]}},"_links":{"self":[{"href":"https:\/\/artech-consulting.de\/en\/wp-json\/wp\/v2\/pages\/6474"}],"collection":[{"href":"https:\/\/artech-consulting.de\/en\/wp-json\/wp\/v2\/pages"}],"about":[{"href":"https:\/\/artech-consulting.de\/en\/wp-json\/wp\/v2\/types\/page"}],"author":[{"embeddable":true,"href":"https:\/\/artech-consulting.de\/en\/wp-json\/wp\/v2\/users\/1"}],"replies":[{"embeddable":true,"href":"https:\/\/artech-consulting.de\/en\/wp-json\/wp\/v2\/comments?post=6474"}],"version-history":[{"count":70,"href":"https:\/\/artech-consulting.de\/en\/wp-json\/wp\/v2\/pages\/6474\/revisions"}],"predecessor-version":[{"id":6756,"href":"https:\/\/artech-consulting.de\/en\/wp-json\/wp\/v2\/pages\/6474\/revisions\/6756"}],"up":[{"embeddable":true,"href":"https:\/\/artech-consulting.de\/en\/wp-json\/wp\/v2\/pages\/148"}],"wp:attachment":[{"href":"https:\/\/artech-consulting.de\/en\/wp-json\/wp\/v2\/media?parent=6474"}],"curies":[{"name":"wp","href":"https:\/\/api.w.org\/{rel}","templated":true}]}}